{"id":1352,"date":"2019-02-25T18:24:41","date_gmt":"2019-02-25T17:24:41","guid":{"rendered":"http:\/\/www.darmbakterien-buch.de\/?page_id=1352"},"modified":"2019-02-25T18:28:29","modified_gmt":"2019-02-25T17:28:29","slug":"vortrag-harmonie-in-der-natur-und-die-gesundheit-des-menschen-moegliche-antworten-auf-dringliche-fragen-dieser-zeit","status":"publish","type":"page","link":"http:\/\/www.darmbakterien-buch.de\/en\/vortrag-harmonie-in-der-natur-und-die-gesundheit-des-menschen-moegliche-antworten-auf-dringliche-fragen-dieser-zeit\/","title":{"rendered":"Vortrag: Harmonie in der Natur und die Gesundheit des Menschen"},"content":{"rendered":"<h2>M\u00f6gliche Antworten auf dringliche Fragen dieser Zeit<\/h2>\n<p>Donnerstag, 4. April 2019, 19:30 Uhr, 50743 Erftstadt<\/p>\n<p>Wenn wir krank werden ist etwas mit uns nicht \u201ein Ordnung\u201c. Von welcher Ordnung reden\u00a0wir da? Das griechischen Wort f\u00fcr Ordnung lautet K\u00f3smos. Das ist das Weltall, in dem wir\u00a0alle leben. Bei aller Freiheit sind wir Menschen unvermeidbar in gr\u00f6\u00dfere Zusammenh\u00e4nge\u00a0eingebettet. Der Kosmos pr\u00e4gt uns: von den Planeten \u00fcber die Wochentage bis hin zu\u00a0Nahrungspflanzen oder dem Mikrokosmos unserer K\u00f6rperorgane. Einklang mit dieser\u00a0Ordnung ist gesund und macht gl\u00fccklich. Es l\u00e4\u00dft sich tiefe Geborgenheit darin finden.<br \/>\nTrennung und Chaos machen ungl\u00fccklich und krank. Zellen, die ganz aus der Ordnung\u00a0fallen, verselbst\u00e4ndigen sich und werden zu Krebszellen.<\/p>\n<ul>\n<li>Wie k\u00f6nnen wir in einer Welt voller Negativit\u00e4ten, Spaltungen, Angst und Zerst\u00f6rung eine\u00a0gesunde Ordnung in K\u00f6rper und Seele bewahren, die uns Frieden, Freude und Harmonie\u00a0schenkt ?<\/li>\n<li>Wie findet man als einzigartige Person zum Einklang mit Kosmos und Welt?<\/li>\n<li>Was hilft uns, gesund zu bleiben und bei Krankheiten wieder \u201ein Ordnung\u201c zu kommen?<\/li>\n<\/ul>\n<p><strong>Ort<\/strong>: Seminarraum im Umweltzentrum Friesheimer Busch, 50743 Erftstadt,\u00a0<a href=\"http:\/\/www.umweltzentrum-erftstadt.de\">www.umweltzentrum-erftstadt.de<\/a><br \/>\n<strong>Kontakt<\/strong>: Horst Neumann, <a href=\"mailto:horstneu@web.de\">horstneu@web.de<\/a><br \/>\n<strong>Beitrag<\/strong>: 12 \u20ac<\/p>\n<p>Das Gel\u00e4nde ist ab 18 Uhr ge\u00f6ffnet.<br \/>\nAb 18.30 erkl\u00e4ren die Sternfreunde Erftstadt anhand eines Planeten-Modells die Kr\u00e4fte in\u00a0unserem Sonnensystem, die die Harmonie der Planeten-Uml\u00e4ufe erzeugen, und erl\u00e4utern\u00a0die Wirkung der Mond-Phasen auf unser Leben. Bei gutem Wetter kann durch moderne\u00a0Teleskope die Leben-spendende Sonne betrachtet werden.\u00a0Treffpunkt: Sternenhaus auf dem Gel\u00e4nde des Umweltzentrums<\/p>\n","protected":false},"excerpt":{"rendered":"<p>M\u00f6gliche Antworten auf dringliche Fragen dieser Zeit Donnerstag, 4. April 2019, 19:30 Uhr, 50743 Erftstadt [&hellip;]<\/p>\n","protected":false},"author":2,"featured_media":0,"parent":0,"menu_order":0,"comment_status":"closed","ping_status":"closed","template":"","meta":{"footnotes":""},"class_list":["post-1352","page","type-page","status-publish","hentry"],"yoast_head":"<!-- This site is optimized with the Yoast SEO plugin v27.5 - https:\/\/yoast.com\/product\/yoast-seo-wordpress\/ -->\n<title>Vortrag: Harmonie in der Natur und die Gesundheit des Menschen - Darmbakterien als Schl\u00fcssel zur Gesundheit, Dr. Zschocke<\/title>\n<meta name=\"robots\" content=\"index, follow, max-snippet:-1, max-image-preview:large, max-video-preview:-1\" \/>\n<link rel=\"canonical\" href=\"http:\/\/www.darmbakterien-buch.de\/vortrag-harmonie-in-der-natur-und-die-gesundheit-des-menschen-moegliche-antworten-auf-dringliche-fragen-dieser-zeit\/\" \/>\n<meta property=\"og:locale\" content=\"en_US\" \/>\n<meta property=\"og:type\" content=\"article\" \/>\n<meta property=\"og:title\" content=\"Vortrag: Harmonie in der Natur und die Gesundheit des Menschen - Darmbakterien als Schl\u00fcssel zur Gesundheit, Dr. Zschocke\" \/>\n<meta property=\"og:description\" content=\"M\u00f6gliche Antworten auf dringliche Fragen dieser Zeit Donnerstag, 4. April 2019, 19:30 Uhr, 50743 Erftstadt [&hellip;]\" \/>\n<meta property=\"og:url\" content=\"http:\/\/www.darmbakterien-buch.de\/vortrag-harmonie-in-der-natur-und-die-gesundheit-des-menschen-moegliche-antworten-auf-dringliche-fragen-dieser-zeit\/\" \/>\n<meta property=\"og:site_name\" content=\"Darmbakterien als Schl\u00fcssel zur Gesundheit\" \/>\n<meta property=\"article:modified_time\" content=\"2019-02-25T17:28:29+00:00\" \/>\n<meta name=\"twitter:label1\" content=\"Est. reading time\" \/>\n\t<meta name=\"twitter:data1\" content=\"1 minute\" \/>\n<script type=\"application\/ld+json\" class=\"yoast-schema-graph\">{\"@context\":\"https:\\\/\\\/schema.org\",\"@graph\":[{\"@type\":\"WebPage\",\"@id\":\"http:\\\/\\\/www.darmbakterien-buch.de\\\/vortrag-harmonie-in-der-natur-und-die-gesundheit-des-menschen-moegliche-antworten-auf-dringliche-fragen-dieser-zeit\\\/\",\"url\":\"http:\\\/\\\/www.darmbakterien-buch.de\\\/vortrag-harmonie-in-der-natur-und-die-gesundheit-des-menschen-moegliche-antworten-auf-dringliche-fragen-dieser-zeit\\\/\",\"name\":\"Vortrag: Harmonie in der Natur und die Gesundheit des Menschen - Darmbakterien als Schl\u00fcssel zur Gesundheit, Dr. Zschocke\",\"isPartOf\":{\"@id\":\"http:\\\/\\\/www.darmbakterien-buch.de\\\/pl\\\/#website\"},\"datePublished\":\"2019-02-25T17:24:41+00:00\",\"dateModified\":\"2019-02-25T17:28:29+00:00\",\"breadcrumb\":{\"@id\":\"http:\\\/\\\/www.darmbakterien-buch.de\\\/vortrag-harmonie-in-der-natur-und-die-gesundheit-des-menschen-moegliche-antworten-auf-dringliche-fragen-dieser-zeit\\\/#breadcrumb\"},\"inLanguage\":\"en-US\",\"potentialAction\":[{\"@type\":\"ReadAction\",\"target\":[\"http:\\\/\\\/www.darmbakterien-buch.de\\\/vortrag-harmonie-in-der-natur-und-die-gesundheit-des-menschen-moegliche-antworten-auf-dringliche-fragen-dieser-zeit\\\/\"]}]},{\"@type\":\"BreadcrumbList\",\"@id\":\"http:\\\/\\\/www.darmbakterien-buch.de\\\/vortrag-harmonie-in-der-natur-und-die-gesundheit-des-menschen-moegliche-antworten-auf-dringliche-fragen-dieser-zeit\\\/#breadcrumb\",\"itemListElement\":[{\"@type\":\"ListItem\",\"position\":1,\"name\":\"Home\",\"item\":\"http:\\\/\\\/www.darmbakterien-buch.de\\\/en\\\/\"},{\"@type\":\"ListItem\",\"position\":2,\"name\":\"Vortrag: Harmonie in der Natur und die Gesundheit des Menschen\"}]},{\"@type\":\"WebSite\",\"@id\":\"http:\\\/\\\/www.darmbakterien-buch.de\\\/pl\\\/#website\",\"url\":\"http:\\\/\\\/www.darmbakterien-buch.de\\\/pl\\\/\",\"name\":\"Darmbakterien als Schl\u00fcssel zur Gesundheit\",\"description\":\"Buch von Dr. Anne Katharina Zschocke\",\"potentialAction\":[{\"@type\":\"SearchAction\",\"target\":{\"@type\":\"EntryPoint\",\"urlTemplate\":\"http:\\\/\\\/www.darmbakterien-buch.de\\\/pl\\\/?s={search_term_string}\"},\"query-input\":{\"@type\":\"PropertyValueSpecification\",\"valueRequired\":true,\"valueName\":\"search_term_string\"}}],\"inLanguage\":\"en-US\"}]}<\/script>\n<!-- \/ Yoast SEO plugin. -->","yoast_head_json":{"title":"Vortrag: Harmonie in der Natur und die Gesundheit des Menschen - Darmbakterien als Schl\u00fcssel zur Gesundheit, Dr. Zschocke","robots":{"index":"index","follow":"follow","max-snippet":"max-snippet:-1","max-image-preview":"max-image-preview:large","max-video-preview":"max-video-preview:-1"},"canonical":"http:\/\/www.darmbakterien-buch.de\/vortrag-harmonie-in-der-natur-und-die-gesundheit-des-menschen-moegliche-antworten-auf-dringliche-fragen-dieser-zeit\/","og_locale":"en_US","og_type":"article","og_title":"Vortrag: Harmonie in der Natur und die Gesundheit des Menschen - Darmbakterien als Schl\u00fcssel zur Gesundheit, Dr. Zschocke","og_description":"M\u00f6gliche Antworten auf dringliche Fragen dieser Zeit Donnerstag, 4. April 2019, 19:30 Uhr, 50743 Erftstadt [&hellip;]","og_url":"http:\/\/www.darmbakterien-buch.de\/vortrag-harmonie-in-der-natur-und-die-gesundheit-des-menschen-moegliche-antworten-auf-dringliche-fragen-dieser-zeit\/","og_site_name":"Darmbakterien als Schl\u00fcssel zur Gesundheit","article_modified_time":"2019-02-25T17:28:29+00:00","twitter_misc":{"Est. reading time":"1 minute"},"schema":{"@context":"https:\/\/schema.org","@graph":[{"@type":"WebPage","@id":"http:\/\/www.darmbakterien-buch.de\/vortrag-harmonie-in-der-natur-und-die-gesundheit-des-menschen-moegliche-antworten-auf-dringliche-fragen-dieser-zeit\/","url":"http:\/\/www.darmbakterien-buch.de\/vortrag-harmonie-in-der-natur-und-die-gesundheit-des-menschen-moegliche-antworten-auf-dringliche-fragen-dieser-zeit\/","name":"Vortrag: Harmonie in der Natur und die Gesundheit des Menschen - Darmbakterien als Schl\u00fcssel zur Gesundheit, Dr. Zschocke","isPartOf":{"@id":"http:\/\/www.darmbakterien-buch.de\/pl\/#website"},"datePublished":"2019-02-25T17:24:41+00:00","dateModified":"2019-02-25T17:28:29+00:00","breadcrumb":{"@id":"http:\/\/www.darmbakterien-buch.de\/vortrag-harmonie-in-der-natur-und-die-gesundheit-des-menschen-moegliche-antworten-auf-dringliche-fragen-dieser-zeit\/#breadcrumb"},"inLanguage":"en-US","potentialAction":[{"@type":"ReadAction","target":["http:\/\/www.darmbakterien-buch.de\/vortrag-harmonie-in-der-natur-und-die-gesundheit-des-menschen-moegliche-antworten-auf-dringliche-fragen-dieser-zeit\/"]}]},{"@type":"BreadcrumbList","@id":"http:\/\/www.darmbakterien-buch.de\/vortrag-harmonie-in-der-natur-und-die-gesundheit-des-menschen-moegliche-antworten-auf-dringliche-fragen-dieser-zeit\/#breadcrumb","itemListElement":[{"@type":"ListItem","position":1,"name":"Home","item":"http:\/\/www.darmbakterien-buch.de\/en\/"},{"@type":"ListItem","position":2,"name":"Vortrag: Harmonie in der Natur und die Gesundheit des Menschen"}]},{"@type":"WebSite","@id":"http:\/\/www.darmbakterien-buch.de\/pl\/#website","url":"http:\/\/www.darmbakterien-buch.de\/pl\/","name":"Darmbakterien als Schl\u00fcssel zur Gesundheit","description":"Buch von Dr. Anne Katharina Zschocke","potentialAction":[{"@type":"SearchAction","target":{"@type":"EntryPoint","urlTemplate":"http:\/\/www.darmbakterien-buch.de\/pl\/?s={search_term_string}"},"query-input":{"@type":"PropertyValueSpecification","valueRequired":true,"valueName":"search_term_string"}}],"inLanguage":"en-US"}]}},"_links":{"self":[{"href":"http:\/\/www.darmbakterien-buch.de\/en\/wp-json\/wp\/v2\/pages\/1352","targetHints":{"allow":["GET"]}}],"collection":[{"href":"http:\/\/www.darmbakterien-buch.de\/en\/wp-json\/wp\/v2\/pages"}],"about":[{"href":"http:\/\/www.darmbakterien-buch.de\/en\/wp-json\/wp\/v2\/types\/page"}],"author":[{"embeddable":true,"href":"http:\/\/www.darmbakterien-buch.de\/en\/wp-json\/wp\/v2\/users\/2"}],"replies":[{"embeddable":true,"href":"http:\/\/www.darmbakterien-buch.de\/en\/wp-json\/wp\/v2\/comments?post=1352"}],"version-history":[{"count":3,"href":"http:\/\/www.darmbakterien-buch.de\/en\/wp-json\/wp\/v2\/pages\/1352\/revisions"}],"predecessor-version":[{"id":1357,"href":"http:\/\/www.darmbakterien-buch.de\/en\/wp-json\/wp\/v2\/pages\/1352\/revisions\/1357"}],"wp:attachment":[{"href":"http:\/\/www.darmbakterien-buch.de\/en\/wp-json\/wp\/v2\/media?parent=1352"}],"curies":[{"name":"wp","href":"https:\/\/api.w.org\/{rel}","templated":true}]}}