{"id":1405,"date":"2018-06-01T00:12:50","date_gmt":"2018-05-31T22:12:50","guid":{"rendered":"http:\/\/www.darmbakterien-buch.de\/the-author-dr-zschocke\/"},"modified":"2022-02-21T18:54:27","modified_gmt":"2022-02-21T17:54:27","slug":"sobre-o-autora","status":"publish","type":"page","link":"http:\/\/www.darmbakterien-buch.de\/en\/sobre-o-autora\/","title":{"rendered":"Sobre o Autora"},"content":{"rendered":"<h2>Vita<\/h2>\n<p>A Dra. Anne Katharina Zschocke de Nettersheim, na regi\u00e3o de Eifel na Alemanha, estudou medicina, homeopatia e cura natural em Friburgo\/Br e Londres, onde a sua pr\u00e1tica de investiga\u00e7\u00e3o teve lugar com o Prof. Roitt no Instituto de Imunologia do Hospital de Middlesex, em Londres.<\/p>\n<p>Mais estudos foram realizados no Semin\u00e1rio para M\u00e9dicos da Filderklinik em Stuttgart. Depois de ganhar experi\u00eancia em trabalho cl\u00ednico, a autora mudou a \u00eanfase da sua carreira e seguindo a sua voca\u00e7\u00e3o procurou experi\u00eancia em jardinagem pr\u00e1tica. A partir da\u00ed, dedicou os seus estudos a temas relacionados com a hist\u00f3ria da civiliza\u00e7\u00e3o, o estudo do mundo natural e o conhecimento da cura, envolvendo a partir de 1999 uma mudan\u00e7a paradigm\u00e1tica para novos desenvolvimentos para uma microbiologia harmoniosa e hol\u00edstica.<\/p>\n<p><img loading=\"lazy\" decoding=\"async\" class=\"alignright size-medium wp-image-20\" src=\"http:\/\/www.darmbakterien-buch.de\/wp-content\/uploads\/2014\/12\/dr-zschocke-wasser-vortrag-225x300.jpg\" alt=\"Dr. Anne Katharina Zschocke - Freie Fachdozentin \" width=\"225\" height=\"300\" srcset=\"http:\/\/www.darmbakterien-buch.de\/wp-content\/uploads\/2014\/12\/dr-zschocke-wasser-vortrag-225x300.jpg 225w, http:\/\/www.darmbakterien-buch.de\/wp-content\/uploads\/2014\/12\/dr-zschocke-wasser-vortrag-768x1024.jpg 768w, http:\/\/www.darmbakterien-buch.de\/wp-content\/uploads\/2014\/12\/dr-zschocke-wasser-vortrag.jpg 1200w\" sizes=\"auto, (max-width: 225px) 100vw, 225px\" \/><\/p>\n<p>Desde ent\u00e3o, o Dr. Zschocke tornou-se internacionalmente activo como professor freelancer. Juntamente com Adolf Daenecke (+), mestre em agricultura e cultivo, apresentaram no ano 2000 os primeiros semin\u00e1rios na Europa sobre microrganismos eficazes. Dr. Zschocke tornou-se o mais conhecido conferencista e autor de livros sobre Microorganismos Eficazes no mundo de l\u00edngua alem\u00e3, sendo o autor dos tr\u00eas trabalhos padr\u00e3o sobre este tema. Ela tamb\u00e9m viajou para a Am\u00e9rica do Sul e \u00c1frica para aprofundar seus conhecimentos.<\/p>\n<p>Em seu livro &#8220;EM-Die Effektiven Mikroorganismen. Bakterien als Ursprung und Wegweiser alles Lebendigen&#8221; (publicado em AT-Verlag 2012), a Dra. Zschocke escreveu uma hist\u00f3ria da microbiologia a partir de uma perspectiva completamente nova.<\/p>\n<p>&nbsp;<\/p>\n<p>Outros temas tamb\u00e9m pertencem aos autores, como por exemplo \u00e1gua, \u00e1rvores, nutri\u00e7\u00e3o, bem como a hist\u00f3ria da civiliza\u00e7\u00e3o ocidental. Ela se desenvolveu a partir de um ponto de vista espiritual hol\u00edstico, edificando excurs\u00f5es na natureza, e oferece visitas guiadas em locais de import\u00e2ncia para o culto celta e romano em suas regi\u00f5es locais.<\/p>\n<p>A Dra. Anne Katharina Zschocke tamb\u00e9m se tornou conhecida atrav\u00e9s de entrevistas na r\u00e1dio e na televis\u00e3o e desempenha o papel principal no filme &#8220;Wildes Wasser Eifel&#8221; da ARD Television.<\/p>\n<p>&nbsp;<\/p>\n<p><img loading=\"lazy\" decoding=\"async\" class=\"alignright size-full wp-image-85\" src=\"http:\/\/www.darmbakterien-buch.de\/wp-content\/uploads\/2014\/12\/fridenstaube-welt.png\" alt=\"Friedenstaube\" width=\"239\" height=\"292\" \/><\/p>\n<p>A Dra. Anne Katharina Zschocke tem sido capaz, atrav\u00e9s dos seus 18 anos de pesquisa em biologia humana e da sua experi\u00eancia pr\u00e1tica com Microorganismos Eficazes, de obter uma vis\u00e3o \u00fanica sobre a correspond\u00eancia profunda entre micr\u00f3bios e humanos. Nesta &#8220;uni\u00e3o&#8221; ela v\u00ea uma mensagem de harmonia, que pode servir para a cura da humanidade e da sua vida na terra. Atrav\u00e9s de suas palestras, semin\u00e1rios e livros, a Dra. Anne Katharina Zschocke tem o prazer de dar seu extenso conhecimento a outros.<\/p>\n<p>Mais informa\u00e7\u00f5es em alem\u00e3o podem ser encontradas em:<br \/>\n<a title=\"Internetseite - Dr. Anne Katharina Zschocke\" href=\"http:\/\/www.Dr-Zschocke.de\">www.Dr-Zschocke.de<\/a><\/p>\n<p>&nbsp;<\/p>\n<h3>Desde 2011 foram publicados os seguintes livros<\/h3>\n<ol>\n<li>Die erstaunlichen Kr\u00e4fte der Effektiven Mikroorganismen EM (As for\u00e7as surpreendentes dos micro-organismos eficazes EM); KnaurMensSana; 2011<\/li>\n<li>EM Die Effektiven Mikroorganismen. Bakterien als Ursprung und Wegweiser alles Lebendigen (EM Os microrganismos eficazes. Bact\u00e9rias como origem e sinal de todos os seres vivos); AT Verlag; 2012<\/li>\n<li>EM kompakt (EM compacto); KnaurMensSana, 2014<\/li>\n<li>Darmbakterien als Schl\u00fcssel zur Gesundheit (Bact\u00e9rias intestinais como chave para a sa\u00fade); KnaurMensSana; 2015<\/li>\n<li>Nat\u00fcrlich heilen mit Bakterien (Cura natural com bact\u00e9rias); AT Verlag; 2016<\/li>\n<\/ol>\n<p>Al\u00e9m disso, dois livros foram traduzidos para italiano\u00a0(<a href=\"http:\/\/www.darmbakterien-buch.de\/libro-i-batteri-intestinali-dott-ssa-anne-katharina-zschocke\/\">Gruppo Macro<\/a>, Cesena)<br \/>\n\u201cI Batteri Intestinali \u2013 La chiave per guarire e vivere in salute\u201c (2017), (Darmbakterien als Schl\u00fcssel zur Gesundheit) ISBN 9788862298520<br \/>\n\u201cLa Rivoluzione dei Microrganismi Effettivi (Efficaci)\u201c (2018), (EMkompakt) ISBN 9788893198431<\/p>\n<p>O livro &#8220;Cura natural com bact\u00e9rias&#8221; foi traduzido para o polon\u00eas<br \/>\n&#8220;Mikrobiom sposob na pokonanie chorob&#8221;(2018),\u00a0<a href=\"https:\/\/wydawnictwovital.pl\/wydawnictwo\/ksiazki\/zdrowie\/choroby\/mikrobiom-sposob-pokonanie-chorob-zdrowe-bakterie-jako-medycyna-przyszlosci-anne-katharina-zschocke\/\">Vital<\/a>, ISBN 9788365846464<\/p>\n<p>O livro &#8220;<a href=\"https:\/\/natuerlich-heilen-mit-bakterien.de\/\">Nat\u00fcrlich heilen mit Bakterien<\/a>&#8221; ser\u00e1 publicado na Fran\u00e7a e na Espanha.<\/p>\n<p>~<br \/>\n<img loading=\"lazy\" decoding=\"async\" src=\"https:\/\/vg07.met.vgwort.de\/na\/342bb87b0d1146b494800b1fc7d85eac\" width=\"1\" height=\"1\" alt=\"\"><\/p>\n","protected":false},"excerpt":{"rendered":"<p>Vita A Dra. Anne Katharina Zschocke de Nettersheim, na regi\u00e3o de Eifel na Alemanha, estudou [&hellip;]<\/p>\n","protected":false},"author":2,"featured_media":0,"parent":0,"menu_order":0,"comment_status":"closed","ping_status":"closed","template":"","meta":{"footnotes":""},"class_list":["post-1405","page","type-page","status-publish","hentry"],"yoast_head":"<!-- This site is optimized with the Yoast SEO plugin v27.4 - https:\/\/yoast.com\/product\/yoast-seo-wordpress\/ -->\n<title>Sobre o Autora - Darmbakterien als Schl\u00fcssel zur Gesundheit, Dr. Zschocke<\/title>\n<meta name=\"robots\" content=\"index, follow, max-snippet:-1, max-image-preview:large, max-video-preview:-1\" \/>\n<link rel=\"canonical\" href=\"http:\/\/www.darmbakterien-buch.de\/sobre-o-autora\/\" \/>\n<meta property=\"og:locale\" content=\"en_US\" \/>\n<meta property=\"og:type\" content=\"article\" \/>\n<meta property=\"og:title\" content=\"Sobre o Autora - Darmbakterien als Schl\u00fcssel zur Gesundheit, Dr. Zschocke\" \/>\n<meta property=\"og:description\" content=\"Vita A Dra. Anne Katharina Zschocke de Nettersheim, na regi\u00e3o de Eifel na Alemanha, estudou [&hellip;]\" \/>\n<meta property=\"og:url\" content=\"http:\/\/www.darmbakterien-buch.de\/sobre-o-autora\/\" \/>\n<meta property=\"og:site_name\" content=\"Darmbakterien als Schl\u00fcssel zur Gesundheit\" \/>\n<meta property=\"article:modified_time\" content=\"2022-02-21T17:54:27+00:00\" \/>\n<meta property=\"og:image\" content=\"http:\/\/www.darmbakterien-buch.de\/wp-content\/uploads\/2014\/12\/dr-zschocke-wasser-vortrag-225x300.jpg\" \/>\n<meta name=\"twitter:label1\" content=\"Est. reading time\" \/>\n\t<meta name=\"twitter:data1\" content=\"3 minutes\" \/>\n<script type=\"application\/ld+json\" class=\"yoast-schema-graph\">{\"@context\":\"https:\\\/\\\/schema.org\",\"@graph\":[{\"@type\":\"WebPage\",\"@id\":\"http:\\\/\\\/www.darmbakterien-buch.de\\\/sobre-o-autora\\\/\",\"url\":\"http:\\\/\\\/www.darmbakterien-buch.de\\\/sobre-o-autora\\\/\",\"name\":\"Sobre o Autora - Darmbakterien als Schl\u00fcssel zur Gesundheit, Dr. Zschocke\",\"isPartOf\":{\"@id\":\"http:\\\/\\\/www.darmbakterien-buch.de\\\/#website\"},\"primaryImageOfPage\":{\"@id\":\"http:\\\/\\\/www.darmbakterien-buch.de\\\/sobre-o-autora\\\/#primaryimage\"},\"image\":{\"@id\":\"http:\\\/\\\/www.darmbakterien-buch.de\\\/sobre-o-autora\\\/#primaryimage\"},\"thumbnailUrl\":\"http:\\\/\\\/www.darmbakterien-buch.de\\\/wp-content\\\/uploads\\\/2014\\\/12\\\/dr-zschocke-wasser-vortrag-225x300.jpg\",\"datePublished\":\"2018-05-31T22:12:50+00:00\",\"dateModified\":\"2022-02-21T17:54:27+00:00\",\"breadcrumb\":{\"@id\":\"http:\\\/\\\/www.darmbakterien-buch.de\\\/sobre-o-autora\\\/#breadcrumb\"},\"inLanguage\":\"en-US\",\"potentialAction\":[{\"@type\":\"ReadAction\",\"target\":[\"http:\\\/\\\/www.darmbakterien-buch.de\\\/sobre-o-autora\\\/\"]}]},{\"@type\":\"ImageObject\",\"inLanguage\":\"en-US\",\"@id\":\"http:\\\/\\\/www.darmbakterien-buch.de\\\/sobre-o-autora\\\/#primaryimage\",\"url\":\"http:\\\/\\\/www.darmbakterien-buch.de\\\/wp-content\\\/uploads\\\/2014\\\/12\\\/dr-zschocke-wasser-vortrag-225x300.jpg\",\"contentUrl\":\"http:\\\/\\\/www.darmbakterien-buch.de\\\/wp-content\\\/uploads\\\/2014\\\/12\\\/dr-zschocke-wasser-vortrag-225x300.jpg\"},{\"@type\":\"BreadcrumbList\",\"@id\":\"http:\\\/\\\/www.darmbakterien-buch.de\\\/sobre-o-autora\\\/#breadcrumb\",\"itemListElement\":[{\"@type\":\"ListItem\",\"position\":1,\"name\":\"Home\",\"item\":\"https:\\\/\\\/www.darmbakterien-buch.de\\\/en\\\/\"},{\"@type\":\"ListItem\",\"position\":2,\"name\":\"Sobre o Autora\"}]},{\"@type\":\"WebSite\",\"@id\":\"http:\\\/\\\/www.darmbakterien-buch.de\\\/#website\",\"url\":\"http:\\\/\\\/www.darmbakterien-buch.de\\\/\",\"name\":\"Darmbakterien als Schl\u00fcssel zur Gesundheit\",\"description\":\"Buch von Dr. Anne Katharina Zschocke\",\"potentialAction\":[{\"@type\":\"SearchAction\",\"target\":{\"@type\":\"EntryPoint\",\"urlTemplate\":\"http:\\\/\\\/www.darmbakterien-buch.de\\\/?s={search_term_string}\"},\"query-input\":{\"@type\":\"PropertyValueSpecification\",\"valueRequired\":true,\"valueName\":\"search_term_string\"}}],\"inLanguage\":\"en-US\"}]}<\/script>\n<!-- \/ Yoast SEO plugin. -->","yoast_head_json":{"title":"Sobre o Autora - Darmbakterien als Schl\u00fcssel zur Gesundheit, Dr. Zschocke","robots":{"index":"index","follow":"follow","max-snippet":"max-snippet:-1","max-image-preview":"max-image-preview:large","max-video-preview":"max-video-preview:-1"},"canonical":"http:\/\/www.darmbakterien-buch.de\/sobre-o-autora\/","og_locale":"en_US","og_type":"article","og_title":"Sobre o Autora - Darmbakterien als Schl\u00fcssel zur Gesundheit, Dr. Zschocke","og_description":"Vita A Dra. Anne Katharina Zschocke de Nettersheim, na regi\u00e3o de Eifel na Alemanha, estudou [&hellip;]","og_url":"http:\/\/www.darmbakterien-buch.de\/sobre-o-autora\/","og_site_name":"Darmbakterien als Schl\u00fcssel zur Gesundheit","article_modified_time":"2022-02-21T17:54:27+00:00","og_image":[{"url":"http:\/\/www.darmbakterien-buch.de\/wp-content\/uploads\/2014\/12\/dr-zschocke-wasser-vortrag-225x300.jpg","type":"","width":"","height":""}],"twitter_misc":{"Est. reading time":"3 minutes"},"schema":{"@context":"https:\/\/schema.org","@graph":[{"@type":"WebPage","@id":"http:\/\/www.darmbakterien-buch.de\/sobre-o-autora\/","url":"http:\/\/www.darmbakterien-buch.de\/sobre-o-autora\/","name":"Sobre o Autora - Darmbakterien als Schl\u00fcssel zur Gesundheit, Dr. Zschocke","isPartOf":{"@id":"http:\/\/www.darmbakterien-buch.de\/#website"},"primaryImageOfPage":{"@id":"http:\/\/www.darmbakterien-buch.de\/sobre-o-autora\/#primaryimage"},"image":{"@id":"http:\/\/www.darmbakterien-buch.de\/sobre-o-autora\/#primaryimage"},"thumbnailUrl":"http:\/\/www.darmbakterien-buch.de\/wp-content\/uploads\/2014\/12\/dr-zschocke-wasser-vortrag-225x300.jpg","datePublished":"2018-05-31T22:12:50+00:00","dateModified":"2022-02-21T17:54:27+00:00","breadcrumb":{"@id":"http:\/\/www.darmbakterien-buch.de\/sobre-o-autora\/#breadcrumb"},"inLanguage":"en-US","potentialAction":[{"@type":"ReadAction","target":["http:\/\/www.darmbakterien-buch.de\/sobre-o-autora\/"]}]},{"@type":"ImageObject","inLanguage":"en-US","@id":"http:\/\/www.darmbakterien-buch.de\/sobre-o-autora\/#primaryimage","url":"http:\/\/www.darmbakterien-buch.de\/wp-content\/uploads\/2014\/12\/dr-zschocke-wasser-vortrag-225x300.jpg","contentUrl":"http:\/\/www.darmbakterien-buch.de\/wp-content\/uploads\/2014\/12\/dr-zschocke-wasser-vortrag-225x300.jpg"},{"@type":"BreadcrumbList","@id":"http:\/\/www.darmbakterien-buch.de\/sobre-o-autora\/#breadcrumb","itemListElement":[{"@type":"ListItem","position":1,"name":"Home","item":"https:\/\/www.darmbakterien-buch.de\/en\/"},{"@type":"ListItem","position":2,"name":"Sobre o Autora"}]},{"@type":"WebSite","@id":"http:\/\/www.darmbakterien-buch.de\/#website","url":"http:\/\/www.darmbakterien-buch.de\/","name":"Darmbakterien als Schl\u00fcssel zur Gesundheit","description":"Buch von Dr. Anne Katharina Zschocke","potentialAction":[{"@type":"SearchAction","target":{"@type":"EntryPoint","urlTemplate":"http:\/\/www.darmbakterien-buch.de\/?s={search_term_string}"},"query-input":{"@type":"PropertyValueSpecification","valueRequired":true,"valueName":"search_term_string"}}],"inLanguage":"en-US"}]}},"_links":{"self":[{"href":"http:\/\/www.darmbakterien-buch.de\/en\/wp-json\/wp\/v2\/pages\/1405","targetHints":{"allow":["GET"]}}],"collection":[{"href":"http:\/\/www.darmbakterien-buch.de\/en\/wp-json\/wp\/v2\/pages"}],"about":[{"href":"http:\/\/www.darmbakterien-buch.de\/en\/wp-json\/wp\/v2\/types\/page"}],"author":[{"embeddable":true,"href":"http:\/\/www.darmbakterien-buch.de\/en\/wp-json\/wp\/v2\/users\/2"}],"replies":[{"embeddable":true,"href":"http:\/\/www.darmbakterien-buch.de\/en\/wp-json\/wp\/v2\/comments?post=1405"}],"version-history":[{"count":4,"href":"http:\/\/www.darmbakterien-buch.de\/en\/wp-json\/wp\/v2\/pages\/1405\/revisions"}],"predecessor-version":[{"id":2224,"href":"http:\/\/www.darmbakterien-buch.de\/en\/wp-json\/wp\/v2\/pages\/1405\/revisions\/2224"}],"wp:attachment":[{"href":"http:\/\/www.darmbakterien-buch.de\/en\/wp-json\/wp\/v2\/media?parent=1405"}],"curies":[{"name":"wp","href":"https:\/\/api.w.org\/{rel}","templated":true}]}}