{"id":1436,"date":"2014-12-15T15:23:40","date_gmt":"2014-12-15T15:23:40","guid":{"rendered":"http:\/\/www.darmbakterien-buch.de\/buch\/gesund-durch-bakterienvielfalt\/"},"modified":"2021-03-06T17:26:53","modified_gmt":"2021-03-06T16:26:53","slug":"saludable-a-traves-de-la-diversidad-bacteriana","status":"publish","type":"page","link":"http:\/\/www.darmbakterien-buch.de\/en\/buch\/saludable-a-traves-de-la-diversidad-bacteriana\/","title":{"rendered":"Saludable a trav\u00e9s de la diversidad bacteriana"},"content":{"rendered":"<p>&nbsp;<\/p>\n<p>Hasta ahora, la mayor\u00eda de la gente consideraba a las bacterias como pat\u00f3genas, pero recientemente ha habido un descubrimiento revolucionario en la investigaci\u00f3n: las bacterias son la base de nuestras vidas. Su composici\u00f3n, actividad y di\u00e1logo con las c\u00e9lulas de nuestro cuerpo determinan la salud y la enfermedad.<\/p>\n<p>Desde el siglo XIX, la gente cre\u00eda que ten\u00edamos que luchar contra las bacterias, pero ahora est\u00e1n descubriendo que sin ellas nos enfermamos de verdad. Esto cambia completamente nuestra comprensi\u00f3n previa de las conexiones en el cuerpo humano.<\/p>\n<p>Una colonizaci\u00f3n bacteriana perturbada de repente resulta ser la causa de numerosas enfermedades que antes se consideraban incurables. Numerosos estudios han demostrado cient\u00edficamente lo que antes s\u00f3lo se pod\u00eda experimentar en la pr\u00e1ctica: las bacterias intestinales son la clave para la salud.<\/p>\n<p>Las bacterias son la base de toda vida, unidad y salud. Incluso se pueden utilizar para aprender nuevas formas de uni\u00f3n. Son el puente viviente entre el mundo visible y el invisible.<\/p>\n<p>Con ellos, la medicina desarrolla una nueva esperanza para el futuro.<br \/>\nLo que ya era conocimiento de la experiencia, es puesto cient\u00edficamente bajo una luz completamente nueva en este libro b\u00e1sico sobre la base de numerosos estudios.<\/p>\n<p>Un libro que concierne a todo el mundo, que puede ayudar a muchas personas y que tambi\u00e9n da consejos valiosos e impulsos \u00fatiles a los expertos.<\/p>\n<p>Es f\u00e1cil de leer y comprender para todos y contiene explicaciones detalladas, as\u00ed como numerosas sugerencias e instrucciones pr\u00e1cticas para la promoci\u00f3n y recuperaci\u00f3n de la salud intestinal.<\/p>\n<p>(Abril 2019,\u00a0<a href=\"https:\/\/www.macroediciones.com\/productos\/nuestras-amigas-las-bacterias\">ISBN 9788417080334<\/a>, Macro)<\/p>\n","protected":false},"excerpt":{"rendered":"<p>&nbsp; Hasta ahora, la mayor\u00eda de la gente consideraba a las bacterias como pat\u00f3genas, pero [&hellip;]<\/p>\n","protected":false},"author":2,"featured_media":0,"parent":1429,"menu_order":0,"comment_status":"closed","ping_status":"closed","template":"","meta":{"footnotes":""},"class_list":["post-1436","page","type-page","status-publish","hentry"],"yoast_head":"<!-- This site is optimized with the Yoast SEO plugin v27.4 - https:\/\/yoast.com\/product\/yoast-seo-wordpress\/ -->\n<title>Saludable a trav\u00e9s de la diversidad bacteriana - Darmbakterien als Schl\u00fcssel zur Gesundheit, Dr. Zschocke<\/title>\n<meta name=\"robots\" content=\"index, follow, max-snippet:-1, max-image-preview:large, max-video-preview:-1\" \/>\n<link rel=\"canonical\" href=\"https:\/\/www.darmbakterien-buch.de\/en\/buch\/saludable-a-traves-de-la-diversidad-bacteriana\/\" \/>\n<meta property=\"og:locale\" content=\"en_US\" \/>\n<meta property=\"og:type\" content=\"article\" \/>\n<meta property=\"og:title\" content=\"Saludable a trav\u00e9s de la diversidad bacteriana - Darmbakterien als Schl\u00fcssel zur Gesundheit, Dr. Zschocke\" \/>\n<meta property=\"og:description\" content=\"&nbsp; Hasta ahora, la mayor\u00eda de la gente consideraba a las bacterias como pat\u00f3genas, pero [&hellip;]\" \/>\n<meta property=\"og:url\" content=\"https:\/\/www.darmbakterien-buch.de\/en\/buch\/saludable-a-traves-de-la-diversidad-bacteriana\/\" \/>\n<meta property=\"og:site_name\" content=\"Darmbakterien als Schl\u00fcssel zur Gesundheit\" \/>\n<meta property=\"article:modified_time\" content=\"2021-03-06T16:26:53+00:00\" \/>\n<meta name=\"twitter:label1\" content=\"Est. reading time\" \/>\n\t<meta name=\"twitter:data1\" content=\"2 minutes\" \/>\n<script type=\"application\/ld+json\" class=\"yoast-schema-graph\">{\"@context\":\"https:\\\/\\\/schema.org\",\"@graph\":[{\"@type\":\"WebPage\",\"@id\":\"https:\\\/\\\/www.darmbakterien-buch.de\\\/en\\\/buch\\\/saludable-a-traves-de-la-diversidad-bacteriana\\\/\",\"url\":\"https:\\\/\\\/www.darmbakterien-buch.de\\\/en\\\/buch\\\/saludable-a-traves-de-la-diversidad-bacteriana\\\/\",\"name\":\"Saludable a trav\u00e9s de la diversidad bacteriana - Darmbakterien als Schl\u00fcssel zur Gesundheit, Dr. Zschocke\",\"isPartOf\":{\"@id\":\"http:\\\/\\\/www.darmbakterien-buch.de\\\/en\\\/#website\"},\"datePublished\":\"2014-12-15T15:23:40+00:00\",\"dateModified\":\"2021-03-06T16:26:53+00:00\",\"breadcrumb\":{\"@id\":\"https:\\\/\\\/www.darmbakterien-buch.de\\\/en\\\/buch\\\/saludable-a-traves-de-la-diversidad-bacteriana\\\/#breadcrumb\"},\"inLanguage\":\"en-US\",\"potentialAction\":[{\"@type\":\"ReadAction\",\"target\":[\"https:\\\/\\\/www.darmbakterien-buch.de\\\/en\\\/buch\\\/saludable-a-traves-de-la-diversidad-bacteriana\\\/\"]}]},{\"@type\":\"BreadcrumbList\",\"@id\":\"https:\\\/\\\/www.darmbakterien-buch.de\\\/en\\\/buch\\\/saludable-a-traves-de-la-diversidad-bacteriana\\\/#breadcrumb\",\"itemListElement\":[{\"@type\":\"ListItem\",\"position\":1,\"name\":\"Home\",\"item\":\"http:\\\/\\\/www.darmbakterien-buch.de\\\/en\\\/\"},{\"@type\":\"ListItem\",\"position\":2,\"name\":\"Nuestras Amigas las Bacterias\",\"item\":\"http:\\\/\\\/www.darmbakterien-buch.de\\\/es\\\/\"},{\"@type\":\"ListItem\",\"position\":3,\"name\":\"Saludable a trav\u00e9s de la diversidad bacteriana\"}]},{\"@type\":\"WebSite\",\"@id\":\"http:\\\/\\\/www.darmbakterien-buch.de\\\/en\\\/#website\",\"url\":\"http:\\\/\\\/www.darmbakterien-buch.de\\\/en\\\/\",\"name\":\"Darmbakterien als Schl\u00fcssel zur Gesundheit\",\"description\":\"Buch von Dr. Anne Katharina Zschocke\",\"potentialAction\":[{\"@type\":\"SearchAction\",\"target\":{\"@type\":\"EntryPoint\",\"urlTemplate\":\"http:\\\/\\\/www.darmbakterien-buch.de\\\/en\\\/?s={search_term_string}\"},\"query-input\":{\"@type\":\"PropertyValueSpecification\",\"valueRequired\":true,\"valueName\":\"search_term_string\"}}],\"inLanguage\":\"en-US\"}]}<\/script>\n<!-- \/ Yoast SEO plugin. -->","yoast_head_json":{"title":"Saludable a trav\u00e9s de la diversidad bacteriana - Darmbakterien als Schl\u00fcssel zur Gesundheit, Dr. Zschocke","robots":{"index":"index","follow":"follow","max-snippet":"max-snippet:-1","max-image-preview":"max-image-preview:large","max-video-preview":"max-video-preview:-1"},"canonical":"https:\/\/www.darmbakterien-buch.de\/en\/buch\/saludable-a-traves-de-la-diversidad-bacteriana\/","og_locale":"en_US","og_type":"article","og_title":"Saludable a trav\u00e9s de la diversidad bacteriana - Darmbakterien als Schl\u00fcssel zur Gesundheit, Dr. Zschocke","og_description":"&nbsp; Hasta ahora, la mayor\u00eda de la gente consideraba a las bacterias como pat\u00f3genas, pero [&hellip;]","og_url":"https:\/\/www.darmbakterien-buch.de\/en\/buch\/saludable-a-traves-de-la-diversidad-bacteriana\/","og_site_name":"Darmbakterien als Schl\u00fcssel zur Gesundheit","article_modified_time":"2021-03-06T16:26:53+00:00","twitter_misc":{"Est. reading time":"2 minutes"},"schema":{"@context":"https:\/\/schema.org","@graph":[{"@type":"WebPage","@id":"https:\/\/www.darmbakterien-buch.de\/en\/buch\/saludable-a-traves-de-la-diversidad-bacteriana\/","url":"https:\/\/www.darmbakterien-buch.de\/en\/buch\/saludable-a-traves-de-la-diversidad-bacteriana\/","name":"Saludable a trav\u00e9s de la diversidad bacteriana - Darmbakterien als Schl\u00fcssel zur Gesundheit, Dr. Zschocke","isPartOf":{"@id":"http:\/\/www.darmbakterien-buch.de\/en\/#website"},"datePublished":"2014-12-15T15:23:40+00:00","dateModified":"2021-03-06T16:26:53+00:00","breadcrumb":{"@id":"https:\/\/www.darmbakterien-buch.de\/en\/buch\/saludable-a-traves-de-la-diversidad-bacteriana\/#breadcrumb"},"inLanguage":"en-US","potentialAction":[{"@type":"ReadAction","target":["https:\/\/www.darmbakterien-buch.de\/en\/buch\/saludable-a-traves-de-la-diversidad-bacteriana\/"]}]},{"@type":"BreadcrumbList","@id":"https:\/\/www.darmbakterien-buch.de\/en\/buch\/saludable-a-traves-de-la-diversidad-bacteriana\/#breadcrumb","itemListElement":[{"@type":"ListItem","position":1,"name":"Home","item":"http:\/\/www.darmbakterien-buch.de\/en\/"},{"@type":"ListItem","position":2,"name":"Nuestras Amigas las Bacterias","item":"http:\/\/www.darmbakterien-buch.de\/es\/"},{"@type":"ListItem","position":3,"name":"Saludable a trav\u00e9s de la diversidad bacteriana"}]},{"@type":"WebSite","@id":"http:\/\/www.darmbakterien-buch.de\/en\/#website","url":"http:\/\/www.darmbakterien-buch.de\/en\/","name":"Darmbakterien als Schl\u00fcssel zur Gesundheit","description":"Buch von Dr. Anne Katharina Zschocke","potentialAction":[{"@type":"SearchAction","target":{"@type":"EntryPoint","urlTemplate":"http:\/\/www.darmbakterien-buch.de\/en\/?s={search_term_string}"},"query-input":{"@type":"PropertyValueSpecification","valueRequired":true,"valueName":"search_term_string"}}],"inLanguage":"en-US"}]}},"_links":{"self":[{"href":"http:\/\/www.darmbakterien-buch.de\/en\/wp-json\/wp\/v2\/pages\/1436","targetHints":{"allow":["GET"]}}],"collection":[{"href":"http:\/\/www.darmbakterien-buch.de\/en\/wp-json\/wp\/v2\/pages"}],"about":[{"href":"http:\/\/www.darmbakterien-buch.de\/en\/wp-json\/wp\/v2\/types\/page"}],"author":[{"embeddable":true,"href":"http:\/\/www.darmbakterien-buch.de\/en\/wp-json\/wp\/v2\/users\/2"}],"replies":[{"embeddable":true,"href":"http:\/\/www.darmbakterien-buch.de\/en\/wp-json\/wp\/v2\/comments?post=1436"}],"version-history":[{"count":2,"href":"http:\/\/www.darmbakterien-buch.de\/en\/wp-json\/wp\/v2\/pages\/1436\/revisions"}],"predecessor-version":[{"id":1972,"href":"http:\/\/www.darmbakterien-buch.de\/en\/wp-json\/wp\/v2\/pages\/1436\/revisions\/1972"}],"up":[{"embeddable":true,"href":"http:\/\/www.darmbakterien-buch.de\/en\/wp-json\/wp\/v2\/pages\/1429"}],"wp:attachment":[{"href":"http:\/\/www.darmbakterien-buch.de\/en\/wp-json\/wp\/v2\/media?parent=1436"}],"curies":[{"name":"wp","href":"https:\/\/api.w.org\/{rel}","templated":true}]}}