{"id":1450,"date":"2014-12-12T23:41:44","date_gmt":"2014-12-12T23:41:44","guid":{"rendered":"http:\/\/www.darmbakterien-buch.de\/dr-anne-katharina-zschocke\/"},"modified":"2022-02-21T18:55:55","modified_gmt":"2022-02-21T17:55:55","slug":"dr-anne-katharina-zschocke","status":"publish","type":"page","link":"http:\/\/www.darmbakterien-buch.de\/en\/dr-anne-katharina-zschocke\/","title":{"rendered":"La autora"},"content":{"rendered":"<h2>Vita<\/h2>\n<p>La Dra. Anne Katharina Zschocke, Nettersheim \/ Eifel, estudi\u00f3 medicina humana, homeopat\u00eda y naturopat\u00eda en Freiburg im Breisgau y Londres. Pr\u00e1cticas de investigaci\u00f3n con el Prof. Roitt en el Instituto de Inmunolog\u00eda del Hospital Middlesex de Londres. Perfeccionamiento en el seminario de medicina en la Filderklinik Stuttgart.<\/p>\n<p>Despu\u00e9s de su trabajo cl\u00ednico, cambi\u00f3 su enfoque profesional, se dedic\u00f3 a la horticultura pr\u00e1ctica y se dedic\u00f3 a temas de historia cultural, historia natural, conocimiento de la curaci\u00f3n y el cambio de paradigma, incluyendo el desarrollo de una nueva microbiolog\u00eda pac\u00edfica y hol\u00edstica a partir de 1999.<\/p>\n<p><img loading=\"lazy\" decoding=\"async\" class=\"alignright size-medium wp-image-20\" src=\"http:\/\/www.darmbakterien-buch.de\/wp-content\/uploads\/2014\/12\/dr-zschocke-wasser-vortrag-225x300.jpg\" alt=\"Dr. Anne Katharina Zschocke - Freie Fachdozentin \" width=\"225\" height=\"300\" srcset=\"http:\/\/www.darmbakterien-buch.de\/wp-content\/uploads\/2014\/12\/dr-zschocke-wasser-vortrag-225x300.jpg 225w, http:\/\/www.darmbakterien-buch.de\/wp-content\/uploads\/2014\/12\/dr-zschocke-wasser-vortrag-768x1024.jpg 768w, http:\/\/www.darmbakterien-buch.de\/wp-content\/uploads\/2014\/12\/dr-zschocke-wasser-vortrag.jpg 1200w\" sizes=\"auto, (max-width: 225px) 100vw, 225px\" \/><\/p>\n<p>Desde entonces ha trabajado internacionalmente como profesora independiente.<br \/>\nJunto con el maestro agricultor Adolf Daenecke (+) imparti\u00f3 los primeros seminarios sobre Microorganismos Efectivos en Europa en el a\u00f1o 2000. Es la conferencista y autora de libros m\u00e1s renombrada sobre Microorganismos Efectivos en Alemania, autora de los tres trabajos est\u00e1ndar sobre el tema, y tambi\u00e9n ha estado activa en Sudam\u00e9rica y \u00c1frica.<\/p>\n<p>En su libro &#8220;EM &#8211; The Effective Microorganisms. Bakterien als Ursprung und Wegweiser alles lebendigen&#8221; (AT-Verlag 2012), reescribi\u00f3 la historia de la microbiolog\u00eda.<\/p>\n<p>Desde 2011 los libros &#8220;Die erstaunlichen Kr\u00e4fte der Effektiven Mikroorganismen&#8221; (Knaur-Verlag), y &#8220;EM kompakt. Effective Microorganisms and their Practical Application&#8221; (Knaur-Verlag 2014). Adem\u00e1s, &#8220;Naturally cure with bacteria and Polish &#8220;<a href=\"http:\/\/www.darmbakterien-buch.de\/wolumin-mikrobiom-sposob-na-pokonanie-chorob\/\">Mikrobiom sposob na pokonanie chorob<\/a>&#8221; (2018), (Vital 2018) I. Gesund mit Leib und Seele&#8221; (AT-Verlag 2016) y en italiano &#8220;Darmbakterien als Schl\u00fcssel zur Gesundheit&#8221;: &#8220;I Batteri Intestinali&#8221; (Gruppo Macro, Cesena, abril de 2017) y &#8220;EM kompakt&#8221;: &#8220;<a href=\"http:\/\/www.darmbakterien-buch.de\/libro-la-rivoluzione-dei-microrganismi-effettivi-anne-katharina-zschocke\/\">La Rivoluzione dei Microorganismi Effettivi<\/a>&#8221; (Gruppo Macro, Cesena, abril de 2018).<\/p>\n<p>Sus temas de conferencia tambi\u00e9n incluyen el agua, los \u00e1rboles, la nutrici\u00f3n y la historia cultural e intelectual de Occidente. Desde un punto de vista hol\u00edstico, ha desarrollado caminatas de historia natural espiritual y ofrece visitas guiadas a antiguos lugares de culto de la \u00e9poca celta y romana, como los templos de las matronas en el Eifel y el Kakush\u00f6hle.<\/p>\n<p>Tambi\u00e9n se hizo famosa a trav\u00e9s de las emisiones de radio en WDR, Saarl\u00e4ndischer Rundfunk y domradio K\u00f6ln, as\u00ed como a trav\u00e9s de la televisi\u00f3n WDR y el papel principal en la pel\u00edcula de televisi\u00f3n de ARD &#8220;Wildes Wasser Eifel&#8221;.<\/p>\n<p><img loading=\"lazy\" decoding=\"async\" class=\"alignright size-full wp-image-85\" src=\"http:\/\/www.darmbakterien-buch.de\/wp-content\/uploads\/2014\/12\/fridenstaube-welt.png\" alt=\"Friedenstaube\" width=\"239\" height=\"292\" \/><\/p>\n<p>Los conocimientos adquiridos en 17 a\u00f1os de investigaci\u00f3n sobre el microbioma humano y la experiencia pr\u00e1ctica con Microorganismos Efectivos proporcionan a Anne Katharina Zschocke una visi\u00f3n \u00fanica de las profundas relaciones entre los microbios y los seres humanos. Ella ve en esta comunidad un mensaje de paz, que sirve a la sanaci\u00f3n del hombre y a la vida de la tierra.<br \/>\nLa Dra. Zschocke transmite sus amplios conocimientos en conferencias, seminarios y libros.<\/p>\n<p>Puede encontrar m\u00e1s informaci\u00f3n en<br \/>\n<a title=\"Internetseite - Dr. Anne Katharina Zschocke\" href=\"http:\/\/www.Dr-Zschocke.de\">www.Dr-Zschocke.de<\/a> (solo en Aleman)<\/p>\n<p>~<br \/>\n<img loading=\"lazy\" decoding=\"async\" src=\"https:\/\/vg07.met.vgwort.de\/na\/b565249a9b6e44beb70cc4c0b79057e8\" width=\"1\" height=\"1\" alt=\"\"><\/p>\n","protected":false},"excerpt":{"rendered":"<p>Vita La Dra. Anne Katharina Zschocke, Nettersheim \/ Eifel, estudi\u00f3 medicina humana, homeopat\u00eda y naturopat\u00eda [&hellip;]<\/p>\n","protected":false},"author":2,"featured_media":0,"parent":0,"menu_order":0,"comment_status":"closed","ping_status":"closed","template":"","meta":{"footnotes":""},"class_list":["post-1450","page","type-page","status-publish","hentry"],"yoast_head":"<!-- This site is optimized with the Yoast SEO plugin v27.4 - https:\/\/yoast.com\/product\/yoast-seo-wordpress\/ -->\n<title>La autora - Darmbakterien als Schl\u00fcssel zur Gesundheit, Dr. Zschocke<\/title>\n<meta name=\"robots\" content=\"index, follow, max-snippet:-1, max-image-preview:large, max-video-preview:-1\" \/>\n<link rel=\"canonical\" href=\"http:\/\/www.darmbakterien-buch.de\/dr-anne-katharina-zschocke\/\" \/>\n<meta property=\"og:locale\" content=\"en_US\" \/>\n<meta property=\"og:type\" content=\"article\" \/>\n<meta property=\"og:title\" content=\"La autora - Darmbakterien als Schl\u00fcssel zur Gesundheit, Dr. Zschocke\" \/>\n<meta property=\"og:description\" content=\"Vita La Dra. Anne Katharina Zschocke, Nettersheim \/ Eifel, estudi\u00f3 medicina humana, homeopat\u00eda y naturopat\u00eda [&hellip;]\" \/>\n<meta property=\"og:url\" content=\"http:\/\/www.darmbakterien-buch.de\/dr-anne-katharina-zschocke\/\" \/>\n<meta property=\"og:site_name\" content=\"Darmbakterien als Schl\u00fcssel zur Gesundheit\" \/>\n<meta property=\"article:modified_time\" content=\"2022-02-21T17:55:55+00:00\" \/>\n<meta property=\"og:image\" content=\"http:\/\/www.darmbakterien-buch.de\/wp-content\/uploads\/2014\/12\/dr-zschocke-wasser-vortrag-225x300.jpg\" \/>\n<meta name=\"twitter:label1\" content=\"Est. reading time\" \/>\n\t<meta name=\"twitter:data1\" content=\"2 minutes\" \/>\n<script type=\"application\/ld+json\" class=\"yoast-schema-graph\">{\"@context\":\"https:\\\/\\\/schema.org\",\"@graph\":[{\"@type\":\"WebPage\",\"@id\":\"http:\\\/\\\/www.darmbakterien-buch.de\\\/dr-anne-katharina-zschocke\\\/\",\"url\":\"http:\\\/\\\/www.darmbakterien-buch.de\\\/dr-anne-katharina-zschocke\\\/\",\"name\":\"La autora - Darmbakterien als Schl\u00fcssel zur Gesundheit, Dr. Zschocke\",\"isPartOf\":{\"@id\":\"http:\\\/\\\/www.darmbakterien-buch.de\\\/#website\"},\"primaryImageOfPage\":{\"@id\":\"http:\\\/\\\/www.darmbakterien-buch.de\\\/dr-anne-katharina-zschocke\\\/#primaryimage\"},\"image\":{\"@id\":\"http:\\\/\\\/www.darmbakterien-buch.de\\\/dr-anne-katharina-zschocke\\\/#primaryimage\"},\"thumbnailUrl\":\"http:\\\/\\\/www.darmbakterien-buch.de\\\/wp-content\\\/uploads\\\/2014\\\/12\\\/dr-zschocke-wasser-vortrag-225x300.jpg\",\"datePublished\":\"2014-12-12T23:41:44+00:00\",\"dateModified\":\"2022-02-21T17:55:55+00:00\",\"breadcrumb\":{\"@id\":\"http:\\\/\\\/www.darmbakterien-buch.de\\\/dr-anne-katharina-zschocke\\\/#breadcrumb\"},\"inLanguage\":\"en-US\",\"potentialAction\":[{\"@type\":\"ReadAction\",\"target\":[\"http:\\\/\\\/www.darmbakterien-buch.de\\\/dr-anne-katharina-zschocke\\\/\"]}]},{\"@type\":\"ImageObject\",\"inLanguage\":\"en-US\",\"@id\":\"http:\\\/\\\/www.darmbakterien-buch.de\\\/dr-anne-katharina-zschocke\\\/#primaryimage\",\"url\":\"http:\\\/\\\/www.darmbakterien-buch.de\\\/wp-content\\\/uploads\\\/2014\\\/12\\\/dr-zschocke-wasser-vortrag-225x300.jpg\",\"contentUrl\":\"http:\\\/\\\/www.darmbakterien-buch.de\\\/wp-content\\\/uploads\\\/2014\\\/12\\\/dr-zschocke-wasser-vortrag-225x300.jpg\"},{\"@type\":\"BreadcrumbList\",\"@id\":\"http:\\\/\\\/www.darmbakterien-buch.de\\\/dr-anne-katharina-zschocke\\\/#breadcrumb\",\"itemListElement\":[{\"@type\":\"ListItem\",\"position\":1,\"name\":\"Home\",\"item\":\"https:\\\/\\\/www.darmbakterien-buch.de\\\/en\\\/\"},{\"@type\":\"ListItem\",\"position\":2,\"name\":\"La autora\"}]},{\"@type\":\"WebSite\",\"@id\":\"http:\\\/\\\/www.darmbakterien-buch.de\\\/#website\",\"url\":\"http:\\\/\\\/www.darmbakterien-buch.de\\\/\",\"name\":\"Darmbakterien als Schl\u00fcssel zur Gesundheit\",\"description\":\"Buch von Dr. Anne Katharina Zschocke\",\"potentialAction\":[{\"@type\":\"SearchAction\",\"target\":{\"@type\":\"EntryPoint\",\"urlTemplate\":\"http:\\\/\\\/www.darmbakterien-buch.de\\\/?s={search_term_string}\"},\"query-input\":{\"@type\":\"PropertyValueSpecification\",\"valueRequired\":true,\"valueName\":\"search_term_string\"}}],\"inLanguage\":\"en-US\"}]}<\/script>\n<!-- \/ Yoast SEO plugin. -->","yoast_head_json":{"title":"La autora - Darmbakterien als Schl\u00fcssel zur Gesundheit, Dr. Zschocke","robots":{"index":"index","follow":"follow","max-snippet":"max-snippet:-1","max-image-preview":"max-image-preview:large","max-video-preview":"max-video-preview:-1"},"canonical":"http:\/\/www.darmbakterien-buch.de\/dr-anne-katharina-zschocke\/","og_locale":"en_US","og_type":"article","og_title":"La autora - Darmbakterien als Schl\u00fcssel zur Gesundheit, Dr. Zschocke","og_description":"Vita La Dra. Anne Katharina Zschocke, Nettersheim \/ Eifel, estudi\u00f3 medicina humana, homeopat\u00eda y naturopat\u00eda [&hellip;]","og_url":"http:\/\/www.darmbakterien-buch.de\/dr-anne-katharina-zschocke\/","og_site_name":"Darmbakterien als Schl\u00fcssel zur Gesundheit","article_modified_time":"2022-02-21T17:55:55+00:00","og_image":[{"url":"http:\/\/www.darmbakterien-buch.de\/wp-content\/uploads\/2014\/12\/dr-zschocke-wasser-vortrag-225x300.jpg","type":"","width":"","height":""}],"twitter_misc":{"Est. reading time":"2 minutes"},"schema":{"@context":"https:\/\/schema.org","@graph":[{"@type":"WebPage","@id":"http:\/\/www.darmbakterien-buch.de\/dr-anne-katharina-zschocke\/","url":"http:\/\/www.darmbakterien-buch.de\/dr-anne-katharina-zschocke\/","name":"La autora - Darmbakterien als Schl\u00fcssel zur Gesundheit, Dr. Zschocke","isPartOf":{"@id":"http:\/\/www.darmbakterien-buch.de\/#website"},"primaryImageOfPage":{"@id":"http:\/\/www.darmbakterien-buch.de\/dr-anne-katharina-zschocke\/#primaryimage"},"image":{"@id":"http:\/\/www.darmbakterien-buch.de\/dr-anne-katharina-zschocke\/#primaryimage"},"thumbnailUrl":"http:\/\/www.darmbakterien-buch.de\/wp-content\/uploads\/2014\/12\/dr-zschocke-wasser-vortrag-225x300.jpg","datePublished":"2014-12-12T23:41:44+00:00","dateModified":"2022-02-21T17:55:55+00:00","breadcrumb":{"@id":"http:\/\/www.darmbakterien-buch.de\/dr-anne-katharina-zschocke\/#breadcrumb"},"inLanguage":"en-US","potentialAction":[{"@type":"ReadAction","target":["http:\/\/www.darmbakterien-buch.de\/dr-anne-katharina-zschocke\/"]}]},{"@type":"ImageObject","inLanguage":"en-US","@id":"http:\/\/www.darmbakterien-buch.de\/dr-anne-katharina-zschocke\/#primaryimage","url":"http:\/\/www.darmbakterien-buch.de\/wp-content\/uploads\/2014\/12\/dr-zschocke-wasser-vortrag-225x300.jpg","contentUrl":"http:\/\/www.darmbakterien-buch.de\/wp-content\/uploads\/2014\/12\/dr-zschocke-wasser-vortrag-225x300.jpg"},{"@type":"BreadcrumbList","@id":"http:\/\/www.darmbakterien-buch.de\/dr-anne-katharina-zschocke\/#breadcrumb","itemListElement":[{"@type":"ListItem","position":1,"name":"Home","item":"https:\/\/www.darmbakterien-buch.de\/en\/"},{"@type":"ListItem","position":2,"name":"La autora"}]},{"@type":"WebSite","@id":"http:\/\/www.darmbakterien-buch.de\/#website","url":"http:\/\/www.darmbakterien-buch.de\/","name":"Darmbakterien als Schl\u00fcssel zur Gesundheit","description":"Buch von Dr. Anne Katharina Zschocke","potentialAction":[{"@type":"SearchAction","target":{"@type":"EntryPoint","urlTemplate":"http:\/\/www.darmbakterien-buch.de\/?s={search_term_string}"},"query-input":{"@type":"PropertyValueSpecification","valueRequired":true,"valueName":"search_term_string"}}],"inLanguage":"en-US"}]}},"_links":{"self":[{"href":"http:\/\/www.darmbakterien-buch.de\/en\/wp-json\/wp\/v2\/pages\/1450","targetHints":{"allow":["GET"]}}],"collection":[{"href":"http:\/\/www.darmbakterien-buch.de\/en\/wp-json\/wp\/v2\/pages"}],"about":[{"href":"http:\/\/www.darmbakterien-buch.de\/en\/wp-json\/wp\/v2\/types\/page"}],"author":[{"embeddable":true,"href":"http:\/\/www.darmbakterien-buch.de\/en\/wp-json\/wp\/v2\/users\/2"}],"replies":[{"embeddable":true,"href":"http:\/\/www.darmbakterien-buch.de\/en\/wp-json\/wp\/v2\/comments?post=1450"}],"version-history":[{"count":3,"href":"http:\/\/www.darmbakterien-buch.de\/en\/wp-json\/wp\/v2\/pages\/1450\/revisions"}],"predecessor-version":[{"id":2225,"href":"http:\/\/www.darmbakterien-buch.de\/en\/wp-json\/wp\/v2\/pages\/1450\/revisions\/2225"}],"wp:attachment":[{"href":"http:\/\/www.darmbakterien-buch.de\/en\/wp-json\/wp\/v2\/media?parent=1450"}],"curies":[{"name":"wp","href":"https:\/\/api.w.org\/{rel}","templated":true}]}}