{"id":1478,"date":"2014-12-12T23:41:44","date_gmt":"2014-12-12T23:41:44","guid":{"rendered":"http:\/\/www.darmbakterien-buch.de\/dr-anne-katharina-zschocke\/"},"modified":"2022-02-21T18:58:22","modified_gmt":"2022-02-21T17:58:22","slug":"dott-ssa-anne-katharina-zschocke","status":"publish","type":"page","link":"http:\/\/www.darmbakterien-buch.de\/en\/dott-ssa-anne-katharina-zschocke\/","title":{"rendered":"L&#8217;autrice"},"content":{"rendered":"<h2>Vita<\/h2>\n<p>Dott.ssa Anne Katharina Zschocke, Nettersheim \/ Eifel,<\/p>\n<p>ha studiato medicina umana, omeopatia e naturopatia a Friburgo in Brisgovia e a Londra. Stage di ricerca con il Prof. Roitt presso l&#8217;Institute of Immunology, Middlesex Hospital London. Perfezionamento nel seminario medico presso il Filderklinik Stuttgart.<\/p>\n<p>Dopo il lavoro clinico ha cambiato il suo orientamento professionale, si \u00e8 dedicata all&#8217;orticoltura pratica e si \u00e8 dedicata ai temi della storia culturale, della storia naturale, delle conoscenze sulla guarigione e del cambiamento di paradigma, compreso lo sviluppo di una nuova microbiologia pacifica e olistica a partire dal 1999.<\/p>\n<p><img loading=\"lazy\" decoding=\"async\" class=\"alignright size-medium wp-image-20\" src=\"http:\/\/www.darmbakterien-buch.de\/wp-content\/uploads\/2014\/12\/dr-zschocke-wasser-vortrag-225x300.jpg\" alt=\"Dr. Anne Katharina Zschocke - Freie Fachdozentin \" width=\"225\" height=\"300\" srcset=\"http:\/\/www.darmbakterien-buch.de\/wp-content\/uploads\/2014\/12\/dr-zschocke-wasser-vortrag-225x300.jpg 225w, http:\/\/www.darmbakterien-buch.de\/wp-content\/uploads\/2014\/12\/dr-zschocke-wasser-vortrag-768x1024.jpg 768w, http:\/\/www.darmbakterien-buch.de\/wp-content\/uploads\/2014\/12\/dr-zschocke-wasser-vortrag.jpg 1200w\" sizes=\"auto, (max-width: 225px) 100vw, 225px\" \/><\/p>\n<p>Da allora lavora a livello internazionale come docente freelance.<br \/>\nInsieme al maestro agricoltore Adolf Daenecke (+) ha tenuto i primi seminari sui Microrganismi Effettivi in Europa nel 2000. \u00c8 l&#8217;oratore e autrice di libri sui Microrganismi Effettivi in Germania, autrice dei tre lavori standard sull&#8217;argomento, ed \u00e8 stata attiva anche in Sud America e Africa.<\/p>\n<p>Nel suo libro &#8220;EM &#8211; I Microrganismi Effettivi. Bakterien als Ursprung und Wegweiser alles lebendigen&#8221; (AT-Verlag 2012), ha riscritto la storia della microbiologia.<\/p>\n<p>&nbsp;<\/p>\n<p>Dal 2011 i libri &#8220;Die erstaunlichen Kr\u00e4fte der Effektiven Mikroorganismen&#8221; (Knaur-Verlag), e &#8220;EM kompakt. Microrganismi Effettivi e la loro applicazione pratica&#8221; (Knaur-Verlag 2014). Inoltre &#8220;Naturalmente curare con i batteri e polacco &#8220;<a href=\"http:\/\/www.darmbakterien-buch.de\/wolumin-mikrobiom-sposob-na-pokonanie-chorob\/\">Mikrobiom sposob na pokonanie chorob<\/a>&#8221; (2018), (Vital 2018) I. Gesund mit Leib und Seele&#8221; (AT-Verlag 2016) e in italiano &#8220;Darmbakterien als Schl\u00fcssel zur Gesundheit&#8221;: &#8220;<a href=\"http:\/\/www.darmbakterien-buch.de\/it\/\">I Batteri Intestinali<\/a>&#8221; (Gruppo Macro, Cesena, aprile 2017) e &#8220;EM kompakt&#8221;: &#8220;<a href=\"http:\/\/www.darmbakterien-buch.de\/it\/libro-la-rivoluzione-dei-microrganismi-effettivi-anne-katharina-zschocke\/\">La Rivoluzione dei Microorganismi Effettivi<\/a>&#8221; (Gruppo Macro, Cesena, aprile 2018).<\/p>\n<p>I suoi temi di lezione includono anche l&#8217;acqua, gli alberi, la nutrizione e la storia culturale e intellettuale dell&#8217;Occidente. Da un punto di vista olistico ha sviluppato escursioni di storia naturale spirituale e offre visite guidate ad antichi luoghi di culto dell&#8217;epoca celtica e romana, come i templi delle matrona dell&#8217;Eifel e della Kakush\u00f6hle.<\/p>\n<p>E&#8217; diventata famosa anche per le trasmissioni radiofoniche su WDR, Saarl\u00e4ndischer Rundfunk e domradio K\u00f6ln, cos\u00ec come per la televisione WDR e per il ruolo di protagonista nel film televisivo ARD &#8220;Wildes Wasser Eifel&#8221;.<\/p>\n<p>&nbsp;<\/p>\n<p><img loading=\"lazy\" decoding=\"async\" class=\"alignright size-full wp-image-85\" src=\"http:\/\/www.darmbakterien-buch.de\/wp-content\/uploads\/2014\/12\/fridenstaube-welt.png\" alt=\"Friedenstaube\" width=\"239\" height=\"292\" \/><\/p>\n<p>Le conoscenze acquisite in 17 anni di ricerca sul microbioma umano e l&#8217;esperienza pratica con i Microrganismi Effettivi forniscono ad Anne Katharina Zschocke una visione unica delle profonde relazioni tra i microbi e l&#8217;uomo. Vede in questa comunit\u00e0 un messaggio di pace, che serve alla guarigione dell&#8217;uomo e alla vita della terra.<br \/>\nLa dottoressa Zschocke trasmette le sue conoscenze approfondite in conferenze, seminari e libri.<\/p>\n<p>Ulteriori informazioni sono disponibili al seguente indirizzo<br \/>\n<a title=\"Internetseite - Dr. Anne Katharina Zschocke\" href=\"http:\/\/www.Dr-Zschocke.de\">www.Dr-Zschocke.de<\/a> (in tedesco)<\/p>\n<p>~<br \/>\n<img loading=\"lazy\" decoding=\"async\" src=\"https:\/\/vg07.met.vgwort.de\/na\/05d19cb3e49e4b4fb5b8022cce8dba7f\" width=\"1\" height=\"1\" alt=\"\"><\/p>\n","protected":false},"excerpt":{"rendered":"<p>Vita Dott.ssa Anne Katharina Zschocke, Nettersheim \/ Eifel, ha studiato medicina umana, omeopatia e naturopatia [&hellip;]<\/p>\n","protected":false},"author":2,"featured_media":0,"parent":0,"menu_order":0,"comment_status":"closed","ping_status":"closed","template":"","meta":{"footnotes":""},"class_list":["post-1478","page","type-page","status-publish","hentry"],"yoast_head":"<!-- This site is optimized with the Yoast SEO plugin v27.4 - https:\/\/yoast.com\/product\/yoast-seo-wordpress\/ -->\n<title>L&#039;autrice - Darmbakterien als Schl\u00fcssel zur Gesundheit, Dr. Zschocke<\/title>\n<meta name=\"robots\" content=\"index, follow, max-snippet:-1, max-image-preview:large, max-video-preview:-1\" \/>\n<link rel=\"canonical\" href=\"http:\/\/www.darmbakterien-buch.de\/it\/dott-ssa-anne-katharina-zschocke\/\" \/>\n<meta property=\"og:locale\" content=\"en_US\" \/>\n<meta property=\"og:type\" content=\"article\" \/>\n<meta property=\"og:title\" content=\"L&#039;autrice - Darmbakterien als Schl\u00fcssel zur Gesundheit, Dr. Zschocke\" \/>\n<meta property=\"og:description\" content=\"Vita Dott.ssa Anne Katharina Zschocke, Nettersheim \/ Eifel, ha studiato medicina umana, omeopatia e naturopatia [&hellip;]\" \/>\n<meta property=\"og:url\" content=\"http:\/\/www.darmbakterien-buch.de\/it\/dott-ssa-anne-katharina-zschocke\/\" \/>\n<meta property=\"og:site_name\" content=\"Darmbakterien als Schl\u00fcssel zur Gesundheit\" \/>\n<meta property=\"article:modified_time\" content=\"2022-02-21T17:58:22+00:00\" \/>\n<meta property=\"og:image\" content=\"http:\/\/www.darmbakterien-buch.de\/wp-content\/uploads\/2014\/12\/dr-zschocke-wasser-vortrag-225x300.jpg\" \/>\n<meta name=\"twitter:label1\" content=\"Est. reading time\" \/>\n\t<meta name=\"twitter:data1\" content=\"2 minutes\" \/>\n<script type=\"application\/ld+json\" class=\"yoast-schema-graph\">{\"@context\":\"https:\\\/\\\/schema.org\",\"@graph\":[{\"@type\":\"WebPage\",\"@id\":\"http:\\\/\\\/www.darmbakterien-buch.de\\\/it\\\/dott-ssa-anne-katharina-zschocke\\\/\",\"url\":\"http:\\\/\\\/www.darmbakterien-buch.de\\\/it\\\/dott-ssa-anne-katharina-zschocke\\\/\",\"name\":\"L'autrice - Darmbakterien als Schl\u00fcssel zur Gesundheit, Dr. Zschocke\",\"isPartOf\":{\"@id\":\"http:\\\/\\\/www.darmbakterien-buch.de\\\/#website\"},\"primaryImageOfPage\":{\"@id\":\"http:\\\/\\\/www.darmbakterien-buch.de\\\/it\\\/dott-ssa-anne-katharina-zschocke\\\/#primaryimage\"},\"image\":{\"@id\":\"http:\\\/\\\/www.darmbakterien-buch.de\\\/it\\\/dott-ssa-anne-katharina-zschocke\\\/#primaryimage\"},\"thumbnailUrl\":\"http:\\\/\\\/www.darmbakterien-buch.de\\\/wp-content\\\/uploads\\\/2014\\\/12\\\/dr-zschocke-wasser-vortrag-225x300.jpg\",\"datePublished\":\"2014-12-12T23:41:44+00:00\",\"dateModified\":\"2022-02-21T17:58:22+00:00\",\"breadcrumb\":{\"@id\":\"http:\\\/\\\/www.darmbakterien-buch.de\\\/it\\\/dott-ssa-anne-katharina-zschocke\\\/#breadcrumb\"},\"inLanguage\":\"en-US\",\"potentialAction\":[{\"@type\":\"ReadAction\",\"target\":[\"http:\\\/\\\/www.darmbakterien-buch.de\\\/it\\\/dott-ssa-anne-katharina-zschocke\\\/\"]}]},{\"@type\":\"ImageObject\",\"inLanguage\":\"en-US\",\"@id\":\"http:\\\/\\\/www.darmbakterien-buch.de\\\/it\\\/dott-ssa-anne-katharina-zschocke\\\/#primaryimage\",\"url\":\"http:\\\/\\\/www.darmbakterien-buch.de\\\/wp-content\\\/uploads\\\/2014\\\/12\\\/dr-zschocke-wasser-vortrag-225x300.jpg\",\"contentUrl\":\"http:\\\/\\\/www.darmbakterien-buch.de\\\/wp-content\\\/uploads\\\/2014\\\/12\\\/dr-zschocke-wasser-vortrag-225x300.jpg\"},{\"@type\":\"BreadcrumbList\",\"@id\":\"http:\\\/\\\/www.darmbakterien-buch.de\\\/it\\\/dott-ssa-anne-katharina-zschocke\\\/#breadcrumb\",\"itemListElement\":[{\"@type\":\"ListItem\",\"position\":1,\"name\":\"Home\",\"item\":\"https:\\\/\\\/www.darmbakterien-buch.de\\\/en\\\/\"},{\"@type\":\"ListItem\",\"position\":2,\"name\":\"L&#8217;autrice\"}]},{\"@type\":\"WebSite\",\"@id\":\"http:\\\/\\\/www.darmbakterien-buch.de\\\/#website\",\"url\":\"http:\\\/\\\/www.darmbakterien-buch.de\\\/\",\"name\":\"Darmbakterien als Schl\u00fcssel zur Gesundheit\",\"description\":\"Buch von Dr. Anne Katharina Zschocke\",\"potentialAction\":[{\"@type\":\"SearchAction\",\"target\":{\"@type\":\"EntryPoint\",\"urlTemplate\":\"http:\\\/\\\/www.darmbakterien-buch.de\\\/?s={search_term_string}\"},\"query-input\":{\"@type\":\"PropertyValueSpecification\",\"valueRequired\":true,\"valueName\":\"search_term_string\"}}],\"inLanguage\":\"en-US\"}]}<\/script>\n<!-- \/ Yoast SEO plugin. -->","yoast_head_json":{"title":"L'autrice - Darmbakterien als Schl\u00fcssel zur Gesundheit, Dr. Zschocke","robots":{"index":"index","follow":"follow","max-snippet":"max-snippet:-1","max-image-preview":"max-image-preview:large","max-video-preview":"max-video-preview:-1"},"canonical":"http:\/\/www.darmbakterien-buch.de\/it\/dott-ssa-anne-katharina-zschocke\/","og_locale":"en_US","og_type":"article","og_title":"L'autrice - Darmbakterien als Schl\u00fcssel zur Gesundheit, Dr. Zschocke","og_description":"Vita Dott.ssa Anne Katharina Zschocke, Nettersheim \/ Eifel, ha studiato medicina umana, omeopatia e naturopatia [&hellip;]","og_url":"http:\/\/www.darmbakterien-buch.de\/it\/dott-ssa-anne-katharina-zschocke\/","og_site_name":"Darmbakterien als Schl\u00fcssel zur Gesundheit","article_modified_time":"2022-02-21T17:58:22+00:00","og_image":[{"url":"http:\/\/www.darmbakterien-buch.de\/wp-content\/uploads\/2014\/12\/dr-zschocke-wasser-vortrag-225x300.jpg","type":"","width":"","height":""}],"twitter_misc":{"Est. reading time":"2 minutes"},"schema":{"@context":"https:\/\/schema.org","@graph":[{"@type":"WebPage","@id":"http:\/\/www.darmbakterien-buch.de\/it\/dott-ssa-anne-katharina-zschocke\/","url":"http:\/\/www.darmbakterien-buch.de\/it\/dott-ssa-anne-katharina-zschocke\/","name":"L'autrice - Darmbakterien als Schl\u00fcssel zur Gesundheit, Dr. Zschocke","isPartOf":{"@id":"http:\/\/www.darmbakterien-buch.de\/#website"},"primaryImageOfPage":{"@id":"http:\/\/www.darmbakterien-buch.de\/it\/dott-ssa-anne-katharina-zschocke\/#primaryimage"},"image":{"@id":"http:\/\/www.darmbakterien-buch.de\/it\/dott-ssa-anne-katharina-zschocke\/#primaryimage"},"thumbnailUrl":"http:\/\/www.darmbakterien-buch.de\/wp-content\/uploads\/2014\/12\/dr-zschocke-wasser-vortrag-225x300.jpg","datePublished":"2014-12-12T23:41:44+00:00","dateModified":"2022-02-21T17:58:22+00:00","breadcrumb":{"@id":"http:\/\/www.darmbakterien-buch.de\/it\/dott-ssa-anne-katharina-zschocke\/#breadcrumb"},"inLanguage":"en-US","potentialAction":[{"@type":"ReadAction","target":["http:\/\/www.darmbakterien-buch.de\/it\/dott-ssa-anne-katharina-zschocke\/"]}]},{"@type":"ImageObject","inLanguage":"en-US","@id":"http:\/\/www.darmbakterien-buch.de\/it\/dott-ssa-anne-katharina-zschocke\/#primaryimage","url":"http:\/\/www.darmbakterien-buch.de\/wp-content\/uploads\/2014\/12\/dr-zschocke-wasser-vortrag-225x300.jpg","contentUrl":"http:\/\/www.darmbakterien-buch.de\/wp-content\/uploads\/2014\/12\/dr-zschocke-wasser-vortrag-225x300.jpg"},{"@type":"BreadcrumbList","@id":"http:\/\/www.darmbakterien-buch.de\/it\/dott-ssa-anne-katharina-zschocke\/#breadcrumb","itemListElement":[{"@type":"ListItem","position":1,"name":"Home","item":"https:\/\/www.darmbakterien-buch.de\/en\/"},{"@type":"ListItem","position":2,"name":"L&#8217;autrice"}]},{"@type":"WebSite","@id":"http:\/\/www.darmbakterien-buch.de\/#website","url":"http:\/\/www.darmbakterien-buch.de\/","name":"Darmbakterien als Schl\u00fcssel zur Gesundheit","description":"Buch von Dr. Anne Katharina Zschocke","potentialAction":[{"@type":"SearchAction","target":{"@type":"EntryPoint","urlTemplate":"http:\/\/www.darmbakterien-buch.de\/?s={search_term_string}"},"query-input":{"@type":"PropertyValueSpecification","valueRequired":true,"valueName":"search_term_string"}}],"inLanguage":"en-US"}]}},"_links":{"self":[{"href":"http:\/\/www.darmbakterien-buch.de\/en\/wp-json\/wp\/v2\/pages\/1478","targetHints":{"allow":["GET"]}}],"collection":[{"href":"http:\/\/www.darmbakterien-buch.de\/en\/wp-json\/wp\/v2\/pages"}],"about":[{"href":"http:\/\/www.darmbakterien-buch.de\/en\/wp-json\/wp\/v2\/types\/page"}],"author":[{"embeddable":true,"href":"http:\/\/www.darmbakterien-buch.de\/en\/wp-json\/wp\/v2\/users\/2"}],"replies":[{"embeddable":true,"href":"http:\/\/www.darmbakterien-buch.de\/en\/wp-json\/wp\/v2\/comments?post=1478"}],"version-history":[{"count":5,"href":"http:\/\/www.darmbakterien-buch.de\/en\/wp-json\/wp\/v2\/pages\/1478\/revisions"}],"predecessor-version":[{"id":2226,"href":"http:\/\/www.darmbakterien-buch.de\/en\/wp-json\/wp\/v2\/pages\/1478\/revisions\/2226"}],"wp:attachment":[{"href":"http:\/\/www.darmbakterien-buch.de\/en\/wp-json\/wp\/v2\/media?parent=1478"}],"curies":[{"name":"wp","href":"https:\/\/api.w.org\/{rel}","templated":true}]}}