{"id":1539,"date":"2019-08-20T22:51:00","date_gmt":"2019-08-20T20:51:00","guid":{"rendered":"http:\/\/www.darmbakterien-buch.de\/?page_id=1539"},"modified":"2019-08-20T22:52:15","modified_gmt":"2019-08-20T20:52:15","slug":"vortrag-2019-trier-heilen-mit-bakterien","status":"publish","type":"page","link":"http:\/\/www.darmbakterien-buch.de\/en\/vortrag-2019-trier-heilen-mit-bakterien\/","title":{"rendered":"Vortrag Trier: Heilen mit Bakterien"},"content":{"rendered":"<h2>Ein revolution\u00e4rer Ansatz in Medizin und \u00d6kologie<\/h2>\n<p><strong>Mittwoch, 27. November 2019 19.30 Uhr, 54292 Trier<\/strong><\/p>\n<p>Bakterien sind die fr\u00fchesten Lebewesen auf dem Planeten Erde und seither wesentlich an der Entwicklung von Boden, Pflanzen, Tier und Mensch beteiligt. Rund 120 Jahre lang<br \/>\nhielt man sie f\u00fcr gef\u00e4hrliche Krankheitserreger, die den Menschen bedrohen. Doch in Wirklichkeit sind sie lebensnotwendig, und viele bisherige Meinungen zu Bakterien<br \/>\nentpuppen sich jetzt als Irrt\u00fcmer. Indem sie mit anderen Zellen kommunizieren, vernetzen sie sich zu funktionellen Organsystemen, sogenannten \u201eMikrobiomen\u201c, die das Lebendige<br \/>\ntragen.<\/p>\n<p>Bakterien sind beispielsweise Partner in Verdauung und Stoffwechsel, regulieren Immunsystem und Hormonzyklen und geben Impulse in Nervensystem und Gehirn. Im<br \/>\nBoden bilden sie Netzwerke, die Wurzel- und Pflanzenwachstum f\u00f6rdern. Sie sind \u00fcberall die Voraussetzung f\u00fcr Leben und bilden lebendige Br\u00fccken, auch zwischen unsichtbarer<br \/>\nund der sichtbaren Welt.<br \/>\n\u00dcber Gesundheit oder Krankheit, auch im Menschen, entscheidet die Zusammensetzung und Aktivit\u00e4t innerhalb der jeweiligen Bakteriengemeinschaft. Diese kann der Mensch<br \/>\ndurch sein Leben selbst gestalten und dadurch Krankheiten heilen.<br \/>\nWenn man wei\u00df, wie man mit Bakterien gesund \u201ezusammenarbeitet\u201c und wie man Bakterien aktiv mit einsetzt, lassen sich viele \u00fcberw\u00e4ltigend erscheinende Probleme in der<br \/>\nMedizin wie der \u00d6kologie preiswert und mit Leichtigkeit l\u00f6sen.<\/p>\n<p><strong>Kontakt<\/strong>: <a href=\"http:\/\/www.zonta-trier.de\">www.zonta-trier.de<\/a><br \/>\n<strong>Ort<\/strong>: Albertus-Magnus-Saal im Tagungshaus am Krankenhaus der Barmherzigen Br\u00fcder Trier, Nordallee 1, 54292 Trier<br \/>\n<strong>Eintritt<\/strong>: frei, um Spenden wird gebeten<\/p>\n","protected":false},"excerpt":{"rendered":"<p>Ein revolution\u00e4rer Ansatz in Medizin und \u00d6kologie Mittwoch, 27. November 2019 19.30 Uhr, 54292 Trier [&hellip;]<\/p>\n","protected":false},"author":2,"featured_media":0,"parent":0,"menu_order":0,"comment_status":"closed","ping_status":"closed","template":"","meta":{"footnotes":""},"class_list":["post-1539","page","type-page","status-publish","hentry"],"yoast_head":"<!-- This site is optimized with the Yoast SEO plugin v27.4 - https:\/\/yoast.com\/product\/yoast-seo-wordpress\/ -->\n<title>Vortrag Trier: Heilen mit Bakterien - Darmbakterien als Schl\u00fcssel zur Gesundheit, Dr. Zschocke<\/title>\n<meta name=\"robots\" content=\"index, follow, max-snippet:-1, max-image-preview:large, max-video-preview:-1\" \/>\n<link rel=\"canonical\" href=\"http:\/\/www.darmbakterien-buch.de\/vortrag-2019-trier-heilen-mit-bakterien\/\" \/>\n<meta property=\"og:locale\" content=\"en_US\" \/>\n<meta property=\"og:type\" content=\"article\" \/>\n<meta property=\"og:title\" content=\"Vortrag Trier: Heilen mit Bakterien - Darmbakterien als Schl\u00fcssel zur Gesundheit, Dr. Zschocke\" \/>\n<meta property=\"og:description\" content=\"Ein revolution\u00e4rer Ansatz in Medizin und \u00d6kologie Mittwoch, 27. November 2019 19.30 Uhr, 54292 Trier [&hellip;]\" \/>\n<meta property=\"og:url\" content=\"http:\/\/www.darmbakterien-buch.de\/vortrag-2019-trier-heilen-mit-bakterien\/\" \/>\n<meta property=\"og:site_name\" content=\"Darmbakterien als Schl\u00fcssel zur Gesundheit\" \/>\n<meta property=\"article:modified_time\" content=\"2019-08-20T20:52:15+00:00\" \/>\n<meta name=\"twitter:label1\" content=\"Est. reading time\" \/>\n\t<meta name=\"twitter:data1\" content=\"1 minute\" \/>\n<script type=\"application\/ld+json\" class=\"yoast-schema-graph\">{\"@context\":\"https:\\\/\\\/schema.org\",\"@graph\":[{\"@type\":\"WebPage\",\"@id\":\"http:\\\/\\\/www.darmbakterien-buch.de\\\/vortrag-2019-trier-heilen-mit-bakterien\\\/\",\"url\":\"http:\\\/\\\/www.darmbakterien-buch.de\\\/vortrag-2019-trier-heilen-mit-bakterien\\\/\",\"name\":\"Vortrag Trier: Heilen mit Bakterien - Darmbakterien als Schl\u00fcssel zur Gesundheit, Dr. Zschocke\",\"isPartOf\":{\"@id\":\"http:\\\/\\\/www.darmbakterien-buch.de\\\/#website\"},\"datePublished\":\"2019-08-20T20:51:00+00:00\",\"dateModified\":\"2019-08-20T20:52:15+00:00\",\"breadcrumb\":{\"@id\":\"http:\\\/\\\/www.darmbakterien-buch.de\\\/vortrag-2019-trier-heilen-mit-bakterien\\\/#breadcrumb\"},\"inLanguage\":\"en-US\",\"potentialAction\":[{\"@type\":\"ReadAction\",\"target\":[\"http:\\\/\\\/www.darmbakterien-buch.de\\\/vortrag-2019-trier-heilen-mit-bakterien\\\/\"]}]},{\"@type\":\"BreadcrumbList\",\"@id\":\"http:\\\/\\\/www.darmbakterien-buch.de\\\/vortrag-2019-trier-heilen-mit-bakterien\\\/#breadcrumb\",\"itemListElement\":[{\"@type\":\"ListItem\",\"position\":1,\"name\":\"Home\",\"item\":\"https:\\\/\\\/www.darmbakterien-buch.de\\\/en\\\/\"},{\"@type\":\"ListItem\",\"position\":2,\"name\":\"Vortrag Trier: Heilen mit Bakterien\"}]},{\"@type\":\"WebSite\",\"@id\":\"http:\\\/\\\/www.darmbakterien-buch.de\\\/#website\",\"url\":\"http:\\\/\\\/www.darmbakterien-buch.de\\\/\",\"name\":\"Darmbakterien als Schl\u00fcssel zur Gesundheit\",\"description\":\"Buch von Dr. Anne Katharina Zschocke\",\"potentialAction\":[{\"@type\":\"SearchAction\",\"target\":{\"@type\":\"EntryPoint\",\"urlTemplate\":\"http:\\\/\\\/www.darmbakterien-buch.de\\\/?s={search_term_string}\"},\"query-input\":{\"@type\":\"PropertyValueSpecification\",\"valueRequired\":true,\"valueName\":\"search_term_string\"}}],\"inLanguage\":\"en-US\"}]}<\/script>\n<!-- \/ Yoast SEO plugin. -->","yoast_head_json":{"title":"Vortrag Trier: Heilen mit Bakterien - Darmbakterien als Schl\u00fcssel zur Gesundheit, Dr. Zschocke","robots":{"index":"index","follow":"follow","max-snippet":"max-snippet:-1","max-image-preview":"max-image-preview:large","max-video-preview":"max-video-preview:-1"},"canonical":"http:\/\/www.darmbakterien-buch.de\/vortrag-2019-trier-heilen-mit-bakterien\/","og_locale":"en_US","og_type":"article","og_title":"Vortrag Trier: Heilen mit Bakterien - Darmbakterien als Schl\u00fcssel zur Gesundheit, Dr. Zschocke","og_description":"Ein revolution\u00e4rer Ansatz in Medizin und \u00d6kologie Mittwoch, 27. November 2019 19.30 Uhr, 54292 Trier [&hellip;]","og_url":"http:\/\/www.darmbakterien-buch.de\/vortrag-2019-trier-heilen-mit-bakterien\/","og_site_name":"Darmbakterien als Schl\u00fcssel zur Gesundheit","article_modified_time":"2019-08-20T20:52:15+00:00","twitter_misc":{"Est. reading time":"1 minute"},"schema":{"@context":"https:\/\/schema.org","@graph":[{"@type":"WebPage","@id":"http:\/\/www.darmbakterien-buch.de\/vortrag-2019-trier-heilen-mit-bakterien\/","url":"http:\/\/www.darmbakterien-buch.de\/vortrag-2019-trier-heilen-mit-bakterien\/","name":"Vortrag Trier: Heilen mit Bakterien - Darmbakterien als Schl\u00fcssel zur Gesundheit, Dr. Zschocke","isPartOf":{"@id":"http:\/\/www.darmbakterien-buch.de\/#website"},"datePublished":"2019-08-20T20:51:00+00:00","dateModified":"2019-08-20T20:52:15+00:00","breadcrumb":{"@id":"http:\/\/www.darmbakterien-buch.de\/vortrag-2019-trier-heilen-mit-bakterien\/#breadcrumb"},"inLanguage":"en-US","potentialAction":[{"@type":"ReadAction","target":["http:\/\/www.darmbakterien-buch.de\/vortrag-2019-trier-heilen-mit-bakterien\/"]}]},{"@type":"BreadcrumbList","@id":"http:\/\/www.darmbakterien-buch.de\/vortrag-2019-trier-heilen-mit-bakterien\/#breadcrumb","itemListElement":[{"@type":"ListItem","position":1,"name":"Home","item":"https:\/\/www.darmbakterien-buch.de\/en\/"},{"@type":"ListItem","position":2,"name":"Vortrag Trier: Heilen mit Bakterien"}]},{"@type":"WebSite","@id":"http:\/\/www.darmbakterien-buch.de\/#website","url":"http:\/\/www.darmbakterien-buch.de\/","name":"Darmbakterien als Schl\u00fcssel zur Gesundheit","description":"Buch von Dr. Anne Katharina Zschocke","potentialAction":[{"@type":"SearchAction","target":{"@type":"EntryPoint","urlTemplate":"http:\/\/www.darmbakterien-buch.de\/?s={search_term_string}"},"query-input":{"@type":"PropertyValueSpecification","valueRequired":true,"valueName":"search_term_string"}}],"inLanguage":"en-US"}]}},"_links":{"self":[{"href":"http:\/\/www.darmbakterien-buch.de\/en\/wp-json\/wp\/v2\/pages\/1539","targetHints":{"allow":["GET"]}}],"collection":[{"href":"http:\/\/www.darmbakterien-buch.de\/en\/wp-json\/wp\/v2\/pages"}],"about":[{"href":"http:\/\/www.darmbakterien-buch.de\/en\/wp-json\/wp\/v2\/types\/page"}],"author":[{"embeddable":true,"href":"http:\/\/www.darmbakterien-buch.de\/en\/wp-json\/wp\/v2\/users\/2"}],"replies":[{"embeddable":true,"href":"http:\/\/www.darmbakterien-buch.de\/en\/wp-json\/wp\/v2\/comments?post=1539"}],"version-history":[{"count":1,"href":"http:\/\/www.darmbakterien-buch.de\/en\/wp-json\/wp\/v2\/pages\/1539\/revisions"}],"predecessor-version":[{"id":1540,"href":"http:\/\/www.darmbakterien-buch.de\/en\/wp-json\/wp\/v2\/pages\/1539\/revisions\/1540"}],"wp:attachment":[{"href":"http:\/\/www.darmbakterien-buch.de\/en\/wp-json\/wp\/v2\/media?parent=1539"}],"curies":[{"name":"wp","href":"https:\/\/api.w.org\/{rel}","templated":true}]}}