{"id":1578,"date":"2019-12-11T22:30:35","date_gmt":"2019-12-11T21:30:35","guid":{"rendered":"http:\/\/www.darmbakterien-buch.de\/?page_id=1578"},"modified":"2019-12-14T02:24:00","modified_gmt":"2019-12-14T01:24:00","slug":"lesung-und-seminar-in-cottbus-sowie-eine-naturkundliche-wanderung-am-sonntag","status":"publish","type":"page","link":"http:\/\/www.darmbakterien-buch.de\/en\/lesung-und-seminar-in-cottbus-sowie-eine-naturkundliche-wanderung-am-sonntag\/","title":{"rendered":"Lesung und Seminar in Cottbus sowie eine naturkundliche Wanderung (am Sonntag)"},"content":{"rendered":"<p>&nbsp;<\/p>\n<h2>Frieden mit Bakterien zur Heilung von Mensch und Erde<\/h2>\n<p><strong>Vortrag, Lesung, Gespr\u00e4ch<\/strong><\/p>\n<p><strong>Donnerstag, den 23. April 2020 19.30 Uhr, 03046 Cottbus<\/strong><\/p>\n<p>Frieden f\u00e4ngt im Kleinen an: mit den Bakterien. Bakterienbek\u00e4mpfung ist ein \u00fcberfl\u00fcssiger\u00a0Krieg gegen (\u201eanti\u201c) das Leben (\u201eb\u00edos\u201c), der zu den gr\u00f6\u00dften Problemen gef\u00fchrt hat, unter<br \/>\nanderem zu den dramatischen Resistenzen. Bakterien sorgen mit feinen Signalen f\u00fcr\u00a0Harmonie und Gleichgewicht \u00fcberall auf der Erde, und Bakterienmangel verursacht, wie\u00a0moderne Forschung beweist, die bei uns g\u00e4ngigsten Krankheiten. Durch friedliche\u00a0Kooperation mit Bakterien k\u00f6nnen akute und chronische Krankheiten heilen, und mit\u00a0praktischem Einsatz von Effektiven Mikroorganismen lassen sich viele Alltagsprobleme\u00a0leicht l\u00f6sen.<\/p>\n<p><strong>Beitrag<\/strong>: 10 \u20ac \/8 \u20ac erm\u00e4\u00dfigt<br \/>\n<strong>Ticketreservierung<\/strong>: Tel. 0355-38060-24 oder <a href=\"https:\/\/www.lernzentrum-cottbus.de\/de\/stadt-und-regionalbibliothek.html\">lernzentrum-cottbus.de<\/a><br \/>\n<strong>Info<\/strong>: Im Rahmen des 28. Cottbuser B\u00fccherfr\u00fchling<br \/>\n<strong>Info<\/strong>: <a href=\"http:\/\/www.nettersheim.de\/bildung-kultur\/literaturhaus-mit-buecherei.html\">www.bibliothek-cottbus.de www.lernzentrum-cottbus.de\/de\/stadt-und-<\/a>regionalbibliothek.html<\/p>\n<p>&nbsp;<\/p>\n<h2>Darmbakterien und Gesundheit<br \/>\nWie man mit Hilfe von Bakterien fit bleibt und gesund wird.<\/h2>\n<p><strong>Seminar<\/strong><\/p>\n<p><strong>Freitag, den 24. April 2020 14.30 \u2013 18 Uhr, 03046 Cottbus<\/strong><\/p>\n<p>Darmbakterien wirken auf den ganzen Menschen, und neueste Forschung findet dabei unerwartete Zusammenh\u00e4nge. Die Gesundheit aller Organe, des Nervensystems, von Stoffwechsel, Atmung und Haut h\u00e4ngen von der Bakterienzusammensetzung ab. Diese entsteht mit den Lebensumst\u00e4nden, insbesondere durch die Ern\u00e4hrung. Bakterien regulieren das Immunsystem und den Hormonhaushalt, erm\u00f6glichen eine geregelte Verdauung und wirken pr\u00e4gend auf das Gehirn. Zahlreiche Krankheiten, wie Unvertr\u00e4glichkeiten und Allergien, Diabetes, Entz\u00fcndungen, Burnout, Depressionen, Zahn- und Hautkrankheiten entstehen durch Bakterienmangel. Sie lassen sich oft durch bakterienfreundliche Lebensf\u00fchrung und praktische Anwendung von Bakterien heilen.<\/p>\n<p>Wie man einem Bakterienmangel vorbeugt und wie Bakterien helfen k\u00f6nnen, wenn man erkrankt ist, wird im Seminar erkl\u00e4rt. Es gibt f\u00fcr die Teilnehmenden die M\u00f6glichkeit, eigene<br \/>\nFragen zu stellen.<\/p>\n<p><strong>Ort<\/strong>: <a href=\"http:\/\/praxis-utethomas.de\/?page_id=156\">Konferenzraum im \u00c4rztehaus<\/a> Uhlandstr. 53 in 03050 Cottbus,<br \/>\n<strong>Beitrag<\/strong>: 50 \u20ac , Anmeldung erforderlich<br \/>\n<strong>Info und Kontakt<\/strong>: Praxis Ute Thomas, \u00c4rztehaus s.o., <a href=\"mailto:mail@praxis-utethomas.de\">mail@praxis-utethomas.de<\/a><\/p>\n<p>&nbsp;<\/p>\n<h2>Naturkundlicher Gang durch den Branitzer Park mit Betrachtungen von Pflanzen und Landschaft<\/h2>\n<p><strong>Vom Frieden in der Natur<\/strong><br \/>\n<strong>Sonntag, 26. April 2020 14 bis circa 16 Uhr, 03042 Cottbus<\/strong><\/p>\n<p>Um uns zu erholen gehen wir vorzugsweise in die Natur. Warum tut uns das gut? Was\u00a0geschieht, wenn wir &#8211; vielleicht sogar m\u00fcde oder traurig &#8211; einfach durch einen Park\u00a0spazieren?<br \/>\nIm Lebendigen dr\u00fccken sich Harmonien und Proportionen aus, die heilsam auf den\u00a0Menschen wirken. Unsichtbare Kr\u00e4fte, kosmische Ma\u00dfe und Planetenbeziehungen\u00a0spiegeln sich wieder in Farben und Formen von Pflanzen, Tieren und in der Landschaft\u00a0und binden den Menschen ein in gr\u00f6\u00dfere Zusammenh\u00e4nge: in das Empfinden, im\u00a0Kreislauf des Lebens zwischen Himmel und Erde geborgen zu sein.<\/p>\n<p><strong>Ort<\/strong>: im Branitzer Park, Treffpunkt Schlosskasse<br \/>\n<strong>Anmeldung:<\/strong> notwendig unter 0355-7515-0 oder <a href=\"mailto:service@pueckler-museum.de\">service@pueckler-museum.de<\/a><br \/>\n<strong>Info<\/strong>: <a href=\"http:\/\/www.darmbakterien-buch.de\/wp-content\/uploads\/2019\/03\/Buecherfruehling-Dr-Zschocke-Effektive-Mikroorganismen-Cottbus.pdf\">Buecherfruehling-Cottbus.pdf<\/a>, <a href=\"http:\/\/www.pueckler-museum.de\">www.pueckler-museum.de<\/a><br \/>\n<strong>Beitrag<\/strong>: 6 \u20ac<\/p>\n","protected":false},"excerpt":{"rendered":"<p>&nbsp; Frieden mit Bakterien zur Heilung von Mensch und Erde Vortrag, Lesung, Gespr\u00e4ch Donnerstag, den [&hellip;]<\/p>\n","protected":false},"author":2,"featured_media":0,"parent":0,"menu_order":0,"comment_status":"closed","ping_status":"closed","template":"","meta":{"footnotes":""},"class_list":["post-1578","page","type-page","status-publish","hentry"],"yoast_head":"<!-- This site is optimized with the Yoast SEO plugin v27.4 - https:\/\/yoast.com\/product\/yoast-seo-wordpress\/ -->\n<title>Lesung und Seminar in Cottbus sowie eine naturkundliche Wanderung (am Sonntag) - Darmbakterien als Schl\u00fcssel zur Gesundheit, Dr. Zschocke<\/title>\n<meta name=\"robots\" content=\"index, follow, max-snippet:-1, max-image-preview:large, max-video-preview:-1\" \/>\n<link rel=\"canonical\" href=\"http:\/\/www.darmbakterien-buch.de\/lesung-und-seminar-in-cottbus-sowie-eine-naturkundliche-wanderung-am-sonntag\/\" \/>\n<meta property=\"og:locale\" content=\"en_US\" \/>\n<meta property=\"og:type\" content=\"article\" \/>\n<meta property=\"og:title\" content=\"Lesung und Seminar in Cottbus sowie eine naturkundliche Wanderung (am Sonntag) - Darmbakterien als Schl\u00fcssel zur Gesundheit, Dr. Zschocke\" \/>\n<meta property=\"og:description\" content=\"&nbsp; Frieden mit Bakterien zur Heilung von Mensch und Erde Vortrag, Lesung, Gespr\u00e4ch Donnerstag, den [&hellip;]\" \/>\n<meta property=\"og:url\" content=\"http:\/\/www.darmbakterien-buch.de\/lesung-und-seminar-in-cottbus-sowie-eine-naturkundliche-wanderung-am-sonntag\/\" \/>\n<meta property=\"og:site_name\" content=\"Darmbakterien als Schl\u00fcssel zur Gesundheit\" \/>\n<meta property=\"article:modified_time\" content=\"2019-12-14T01:24:00+00:00\" \/>\n<meta name=\"twitter:label1\" content=\"Est. reading time\" \/>\n\t<meta name=\"twitter:data1\" content=\"2 minutes\" \/>\n<script type=\"application\/ld+json\" class=\"yoast-schema-graph\">{\"@context\":\"https:\\\/\\\/schema.org\",\"@graph\":[{\"@type\":\"WebPage\",\"@id\":\"http:\\\/\\\/www.darmbakterien-buch.de\\\/lesung-und-seminar-in-cottbus-sowie-eine-naturkundliche-wanderung-am-sonntag\\\/\",\"url\":\"http:\\\/\\\/www.darmbakterien-buch.de\\\/lesung-und-seminar-in-cottbus-sowie-eine-naturkundliche-wanderung-am-sonntag\\\/\",\"name\":\"Lesung und Seminar in Cottbus sowie eine naturkundliche Wanderung (am Sonntag) - Darmbakterien als Schl\u00fcssel zur Gesundheit, Dr. Zschocke\",\"isPartOf\":{\"@id\":\"http:\\\/\\\/www.darmbakterien-buch.de\\\/#website\"},\"datePublished\":\"2019-12-11T21:30:35+00:00\",\"dateModified\":\"2019-12-14T01:24:00+00:00\",\"breadcrumb\":{\"@id\":\"http:\\\/\\\/www.darmbakterien-buch.de\\\/lesung-und-seminar-in-cottbus-sowie-eine-naturkundliche-wanderung-am-sonntag\\\/#breadcrumb\"},\"inLanguage\":\"en-US\",\"potentialAction\":[{\"@type\":\"ReadAction\",\"target\":[\"http:\\\/\\\/www.darmbakterien-buch.de\\\/lesung-und-seminar-in-cottbus-sowie-eine-naturkundliche-wanderung-am-sonntag\\\/\"]}]},{\"@type\":\"BreadcrumbList\",\"@id\":\"http:\\\/\\\/www.darmbakterien-buch.de\\\/lesung-und-seminar-in-cottbus-sowie-eine-naturkundliche-wanderung-am-sonntag\\\/#breadcrumb\",\"itemListElement\":[{\"@type\":\"ListItem\",\"position\":1,\"name\":\"Home\",\"item\":\"https:\\\/\\\/www.darmbakterien-buch.de\\\/en\\\/\"},{\"@type\":\"ListItem\",\"position\":2,\"name\":\"Lesung und Seminar in Cottbus sowie eine naturkundliche Wanderung (am Sonntag)\"}]},{\"@type\":\"WebSite\",\"@id\":\"http:\\\/\\\/www.darmbakterien-buch.de\\\/#website\",\"url\":\"http:\\\/\\\/www.darmbakterien-buch.de\\\/\",\"name\":\"Darmbakterien als Schl\u00fcssel zur Gesundheit\",\"description\":\"Buch von Dr. Anne Katharina Zschocke\",\"potentialAction\":[{\"@type\":\"SearchAction\",\"target\":{\"@type\":\"EntryPoint\",\"urlTemplate\":\"http:\\\/\\\/www.darmbakterien-buch.de\\\/?s={search_term_string}\"},\"query-input\":{\"@type\":\"PropertyValueSpecification\",\"valueRequired\":true,\"valueName\":\"search_term_string\"}}],\"inLanguage\":\"en-US\"}]}<\/script>\n<!-- \/ Yoast SEO plugin. -->","yoast_head_json":{"title":"Lesung und Seminar in Cottbus sowie eine naturkundliche Wanderung (am Sonntag) - Darmbakterien als Schl\u00fcssel zur Gesundheit, Dr. Zschocke","robots":{"index":"index","follow":"follow","max-snippet":"max-snippet:-1","max-image-preview":"max-image-preview:large","max-video-preview":"max-video-preview:-1"},"canonical":"http:\/\/www.darmbakterien-buch.de\/lesung-und-seminar-in-cottbus-sowie-eine-naturkundliche-wanderung-am-sonntag\/","og_locale":"en_US","og_type":"article","og_title":"Lesung und Seminar in Cottbus sowie eine naturkundliche Wanderung (am Sonntag) - Darmbakterien als Schl\u00fcssel zur Gesundheit, Dr. Zschocke","og_description":"&nbsp; Frieden mit Bakterien zur Heilung von Mensch und Erde Vortrag, Lesung, Gespr\u00e4ch Donnerstag, den [&hellip;]","og_url":"http:\/\/www.darmbakterien-buch.de\/lesung-und-seminar-in-cottbus-sowie-eine-naturkundliche-wanderung-am-sonntag\/","og_site_name":"Darmbakterien als Schl\u00fcssel zur Gesundheit","article_modified_time":"2019-12-14T01:24:00+00:00","twitter_misc":{"Est. reading time":"2 minutes"},"schema":{"@context":"https:\/\/schema.org","@graph":[{"@type":"WebPage","@id":"http:\/\/www.darmbakterien-buch.de\/lesung-und-seminar-in-cottbus-sowie-eine-naturkundliche-wanderung-am-sonntag\/","url":"http:\/\/www.darmbakterien-buch.de\/lesung-und-seminar-in-cottbus-sowie-eine-naturkundliche-wanderung-am-sonntag\/","name":"Lesung und Seminar in Cottbus sowie eine naturkundliche Wanderung (am Sonntag) - Darmbakterien als Schl\u00fcssel zur Gesundheit, Dr. Zschocke","isPartOf":{"@id":"http:\/\/www.darmbakterien-buch.de\/#website"},"datePublished":"2019-12-11T21:30:35+00:00","dateModified":"2019-12-14T01:24:00+00:00","breadcrumb":{"@id":"http:\/\/www.darmbakterien-buch.de\/lesung-und-seminar-in-cottbus-sowie-eine-naturkundliche-wanderung-am-sonntag\/#breadcrumb"},"inLanguage":"en-US","potentialAction":[{"@type":"ReadAction","target":["http:\/\/www.darmbakterien-buch.de\/lesung-und-seminar-in-cottbus-sowie-eine-naturkundliche-wanderung-am-sonntag\/"]}]},{"@type":"BreadcrumbList","@id":"http:\/\/www.darmbakterien-buch.de\/lesung-und-seminar-in-cottbus-sowie-eine-naturkundliche-wanderung-am-sonntag\/#breadcrumb","itemListElement":[{"@type":"ListItem","position":1,"name":"Home","item":"https:\/\/www.darmbakterien-buch.de\/en\/"},{"@type":"ListItem","position":2,"name":"Lesung und Seminar in Cottbus sowie eine naturkundliche Wanderung (am Sonntag)"}]},{"@type":"WebSite","@id":"http:\/\/www.darmbakterien-buch.de\/#website","url":"http:\/\/www.darmbakterien-buch.de\/","name":"Darmbakterien als Schl\u00fcssel zur Gesundheit","description":"Buch von Dr. Anne Katharina Zschocke","potentialAction":[{"@type":"SearchAction","target":{"@type":"EntryPoint","urlTemplate":"http:\/\/www.darmbakterien-buch.de\/?s={search_term_string}"},"query-input":{"@type":"PropertyValueSpecification","valueRequired":true,"valueName":"search_term_string"}}],"inLanguage":"en-US"}]}},"_links":{"self":[{"href":"http:\/\/www.darmbakterien-buch.de\/en\/wp-json\/wp\/v2\/pages\/1578","targetHints":{"allow":["GET"]}}],"collection":[{"href":"http:\/\/www.darmbakterien-buch.de\/en\/wp-json\/wp\/v2\/pages"}],"about":[{"href":"http:\/\/www.darmbakterien-buch.de\/en\/wp-json\/wp\/v2\/types\/page"}],"author":[{"embeddable":true,"href":"http:\/\/www.darmbakterien-buch.de\/en\/wp-json\/wp\/v2\/users\/2"}],"replies":[{"embeddable":true,"href":"http:\/\/www.darmbakterien-buch.de\/en\/wp-json\/wp\/v2\/comments?post=1578"}],"version-history":[{"count":5,"href":"http:\/\/www.darmbakterien-buch.de\/en\/wp-json\/wp\/v2\/pages\/1578\/revisions"}],"predecessor-version":[{"id":1626,"href":"http:\/\/www.darmbakterien-buch.de\/en\/wp-json\/wp\/v2\/pages\/1578\/revisions\/1626"}],"wp:attachment":[{"href":"http:\/\/www.darmbakterien-buch.de\/en\/wp-json\/wp\/v2\/media?parent=1578"}],"curies":[{"name":"wp","href":"https:\/\/api.w.org\/{rel}","templated":true}]}}