{"id":1640,"date":"2020-01-19T06:44:53","date_gmt":"2020-01-19T05:44:53","guid":{"rendered":"http:\/\/www.darmbakterien-buch.de\/?page_id=1640"},"modified":"2020-01-19T06:52:20","modified_gmt":"2020-01-19T05:52:20","slug":"vortrag-effektive-mikroorganismen-wie-bakterien-auf-unser-klima-und-unsere-gesundheit-wirken","status":"publish","type":"page","link":"http:\/\/www.darmbakterien-buch.de\/en\/vortrag-effektive-mikroorganismen-wie-bakterien-auf-unser-klima-und-unsere-gesundheit-wirken\/","title":{"rendered":"Vortrag \u201eEffektive Mikroorganismen &#8211; Wie Bakterien auf unser Klima und unsere Gesundheit wirken.\u201c"},"content":{"rendered":"<p>&nbsp;<\/p>\n<p><strong>2. April 2020, 19 Uhr, 50374 Erftstadt-Friesheim<\/strong><\/p>\n<p>Bakterien sind die fr\u00fchesten Lebewesen auf dem Planeten Erde und leben seither \u00fcberall. Sie sind tats\u00e4chlich die Voraussetzung f\u00fcr Leben in Boden, Luft und Wasser, und an fast allen<br \/>\nVorg\u00e4ngen beteiligt. Aus ihnen heraus entwickelten sich gr\u00f6\u00dfere Lebensformen wie Pflanzen, Tiere und Menschen.<\/p>\n<p>Dabei sind sie zu Gemeinschaften vernetzt, \u201eMikrobiome\u201c genannt, und bilden Gruppen aus, welche die Qualit\u00e4t von Lebensr\u00e4umen pr\u00e4gen. Bakterien sind an Regenbildung und<br \/>\nWetterentstehung beteiligt und haben f\u00fcr das Klima im Kleinen wie im Gro\u00dfen eine entscheidende Bedeutung. Gesundheit und Krankheit, in der Umwelt wie im Menschen sind<br \/>\ngrundlegend von Zusammensetzung und Aktivit\u00e4t der Bakterien abh\u00e4ngig. Sobald man wei\u00df, wie man am besten mit Bakterien praktisch umgeht und mit ihnen \u201ezusammenarbeitet\u201c, lassen sich viele \u00fcberw\u00e4ltigend erscheinende Probleme auf einmal mit Leichtigkeit l\u00f6sen.<\/p>\n<p>Mit der Hilfe von \u201aEffektiven Mikroorganismen\u2018, einer Mikrobenmischung, kann jeder Mensch zuhause sowohl f\u00fcr die eigene Gesundheit als auch f\u00fcr Umwelt und Klima heilsam t\u00e4tig sein.<\/p>\n<p>Kommen Sie und lassen Sie sich von den Neuigkeiten \u00fcber Bakterien \u00fcberraschen!<\/p>\n<p><strong>Ort<\/strong>: Seminarraum im Umweltzentrum Friesheimer Busch <a href=\"http:\/\/www.umweltzentrum-erftstadt.de\">www.umweltzentrum-erftstadt.de<\/a><br \/>\n<strong>Beitrag<\/strong>: 12 \u20ac<br \/>\n<strong>Veranstalter<\/strong>: Umweltnetzwerk Erftstadt<br \/>\n<strong>Kontakt<\/strong>: Dr. Wolfgang Mett, <a href=\"mailto:wolfgang.mett@outlook.de\">wolfgang.mett@outlook.de<\/a><\/p>\n<p>&nbsp;<\/p>\n<p><a href=\"http:\/\/www.darmbakterien-buch.de\/veranstaltungen-seminare\/\">&lt; zur\u00fcck zu allen Veranstaltungen<\/a><\/p>\n","protected":false},"excerpt":{"rendered":"<p>&nbsp; 2. April 2020, 19 Uhr, 50374 Erftstadt-Friesheim Bakterien sind die fr\u00fchesten Lebewesen auf dem [&hellip;]<\/p>\n","protected":false},"author":2,"featured_media":0,"parent":0,"menu_order":0,"comment_status":"closed","ping_status":"closed","template":"","meta":{"footnotes":""},"class_list":["post-1640","page","type-page","status-publish","hentry"],"yoast_head":"<!-- This site is optimized with the Yoast SEO plugin v27.4 - https:\/\/yoast.com\/product\/yoast-seo-wordpress\/ -->\n<title>Vortrag \u201eEffektive Mikroorganismen - Wie Bakterien auf unser Klima und unsere Gesundheit wirken.\u201c - Darmbakterien als Schl\u00fcssel zur Gesundheit, Dr. Zschocke<\/title>\n<meta name=\"robots\" content=\"index, follow, max-snippet:-1, max-image-preview:large, max-video-preview:-1\" \/>\n<link rel=\"canonical\" href=\"http:\/\/www.darmbakterien-buch.de\/en\/vortrag-effektive-mikroorganismen-wie-bakterien-auf-unser-klima-und-unsere-gesundheit-wirken\/\" \/>\n<meta property=\"og:locale\" content=\"en_US\" \/>\n<meta property=\"og:type\" content=\"article\" \/>\n<meta property=\"og:title\" content=\"Vortrag \u201eEffektive Mikroorganismen - Wie Bakterien auf unser Klima und unsere Gesundheit wirken.\u201c - Darmbakterien als Schl\u00fcssel zur Gesundheit, Dr. Zschocke\" \/>\n<meta property=\"og:description\" content=\"&nbsp; 2. April 2020, 19 Uhr, 50374 Erftstadt-Friesheim Bakterien sind die fr\u00fchesten Lebewesen auf dem [&hellip;]\" \/>\n<meta property=\"og:url\" content=\"http:\/\/www.darmbakterien-buch.de\/en\/vortrag-effektive-mikroorganismen-wie-bakterien-auf-unser-klima-und-unsere-gesundheit-wirken\/\" \/>\n<meta property=\"og:site_name\" content=\"Darmbakterien als Schl\u00fcssel zur Gesundheit\" \/>\n<meta property=\"article:modified_time\" content=\"2020-01-19T05:52:20+00:00\" \/>\n<meta name=\"twitter:label1\" content=\"Est. reading time\" \/>\n\t<meta name=\"twitter:data1\" content=\"1 minute\" \/>\n<script type=\"application\/ld+json\" class=\"yoast-schema-graph\">{\"@context\":\"https:\\\/\\\/schema.org\",\"@graph\":[{\"@type\":\"WebPage\",\"@id\":\"http:\\\/\\\/www.darmbakterien-buch.de\\\/en\\\/vortrag-effektive-mikroorganismen-wie-bakterien-auf-unser-klima-und-unsere-gesundheit-wirken\\\/\",\"url\":\"http:\\\/\\\/www.darmbakterien-buch.de\\\/en\\\/vortrag-effektive-mikroorganismen-wie-bakterien-auf-unser-klima-und-unsere-gesundheit-wirken\\\/\",\"name\":\"Vortrag \u201eEffektive Mikroorganismen - Wie Bakterien auf unser Klima und unsere Gesundheit wirken.\u201c - Darmbakterien als Schl\u00fcssel zur Gesundheit, Dr. Zschocke\",\"isPartOf\":{\"@id\":\"http:\\\/\\\/www.darmbakterien-buch.de\\\/#website\"},\"datePublished\":\"2020-01-19T05:44:53+00:00\",\"dateModified\":\"2020-01-19T05:52:20+00:00\",\"breadcrumb\":{\"@id\":\"http:\\\/\\\/www.darmbakterien-buch.de\\\/en\\\/vortrag-effektive-mikroorganismen-wie-bakterien-auf-unser-klima-und-unsere-gesundheit-wirken\\\/#breadcrumb\"},\"inLanguage\":\"en-US\",\"potentialAction\":[{\"@type\":\"ReadAction\",\"target\":[\"http:\\\/\\\/www.darmbakterien-buch.de\\\/en\\\/vortrag-effektive-mikroorganismen-wie-bakterien-auf-unser-klima-und-unsere-gesundheit-wirken\\\/\"]}]},{\"@type\":\"BreadcrumbList\",\"@id\":\"http:\\\/\\\/www.darmbakterien-buch.de\\\/en\\\/vortrag-effektive-mikroorganismen-wie-bakterien-auf-unser-klima-und-unsere-gesundheit-wirken\\\/#breadcrumb\",\"itemListElement\":[{\"@type\":\"ListItem\",\"position\":1,\"name\":\"Home\",\"item\":\"https:\\\/\\\/www.darmbakterien-buch.de\\\/en\\\/\"},{\"@type\":\"ListItem\",\"position\":2,\"name\":\"Vortrag \u201eEffektive Mikroorganismen &#8211; Wie Bakterien auf unser Klima und unsere Gesundheit wirken.\u201c\"}]},{\"@type\":\"WebSite\",\"@id\":\"http:\\\/\\\/www.darmbakterien-buch.de\\\/#website\",\"url\":\"http:\\\/\\\/www.darmbakterien-buch.de\\\/\",\"name\":\"Darmbakterien als Schl\u00fcssel zur Gesundheit\",\"description\":\"Buch von Dr. Anne Katharina Zschocke\",\"potentialAction\":[{\"@type\":\"SearchAction\",\"target\":{\"@type\":\"EntryPoint\",\"urlTemplate\":\"http:\\\/\\\/www.darmbakterien-buch.de\\\/?s={search_term_string}\"},\"query-input\":{\"@type\":\"PropertyValueSpecification\",\"valueRequired\":true,\"valueName\":\"search_term_string\"}}],\"inLanguage\":\"en-US\"}]}<\/script>\n<!-- \/ Yoast SEO plugin. -->","yoast_head_json":{"title":"Vortrag \u201eEffektive Mikroorganismen - Wie Bakterien auf unser Klima und unsere Gesundheit wirken.\u201c - Darmbakterien als Schl\u00fcssel zur Gesundheit, Dr. Zschocke","robots":{"index":"index","follow":"follow","max-snippet":"max-snippet:-1","max-image-preview":"max-image-preview:large","max-video-preview":"max-video-preview:-1"},"canonical":"http:\/\/www.darmbakterien-buch.de\/en\/vortrag-effektive-mikroorganismen-wie-bakterien-auf-unser-klima-und-unsere-gesundheit-wirken\/","og_locale":"en_US","og_type":"article","og_title":"Vortrag \u201eEffektive Mikroorganismen - Wie Bakterien auf unser Klima und unsere Gesundheit wirken.\u201c - Darmbakterien als Schl\u00fcssel zur Gesundheit, Dr. Zschocke","og_description":"&nbsp; 2. April 2020, 19 Uhr, 50374 Erftstadt-Friesheim Bakterien sind die fr\u00fchesten Lebewesen auf dem [&hellip;]","og_url":"http:\/\/www.darmbakterien-buch.de\/en\/vortrag-effektive-mikroorganismen-wie-bakterien-auf-unser-klima-und-unsere-gesundheit-wirken\/","og_site_name":"Darmbakterien als Schl\u00fcssel zur Gesundheit","article_modified_time":"2020-01-19T05:52:20+00:00","twitter_misc":{"Est. reading time":"1 minute"},"schema":{"@context":"https:\/\/schema.org","@graph":[{"@type":"WebPage","@id":"http:\/\/www.darmbakterien-buch.de\/en\/vortrag-effektive-mikroorganismen-wie-bakterien-auf-unser-klima-und-unsere-gesundheit-wirken\/","url":"http:\/\/www.darmbakterien-buch.de\/en\/vortrag-effektive-mikroorganismen-wie-bakterien-auf-unser-klima-und-unsere-gesundheit-wirken\/","name":"Vortrag \u201eEffektive Mikroorganismen - Wie Bakterien auf unser Klima und unsere Gesundheit wirken.\u201c - Darmbakterien als Schl\u00fcssel zur Gesundheit, Dr. Zschocke","isPartOf":{"@id":"http:\/\/www.darmbakterien-buch.de\/#website"},"datePublished":"2020-01-19T05:44:53+00:00","dateModified":"2020-01-19T05:52:20+00:00","breadcrumb":{"@id":"http:\/\/www.darmbakterien-buch.de\/en\/vortrag-effektive-mikroorganismen-wie-bakterien-auf-unser-klima-und-unsere-gesundheit-wirken\/#breadcrumb"},"inLanguage":"en-US","potentialAction":[{"@type":"ReadAction","target":["http:\/\/www.darmbakterien-buch.de\/en\/vortrag-effektive-mikroorganismen-wie-bakterien-auf-unser-klima-und-unsere-gesundheit-wirken\/"]}]},{"@type":"BreadcrumbList","@id":"http:\/\/www.darmbakterien-buch.de\/en\/vortrag-effektive-mikroorganismen-wie-bakterien-auf-unser-klima-und-unsere-gesundheit-wirken\/#breadcrumb","itemListElement":[{"@type":"ListItem","position":1,"name":"Home","item":"https:\/\/www.darmbakterien-buch.de\/en\/"},{"@type":"ListItem","position":2,"name":"Vortrag \u201eEffektive Mikroorganismen &#8211; Wie Bakterien auf unser Klima und unsere Gesundheit wirken.\u201c"}]},{"@type":"WebSite","@id":"http:\/\/www.darmbakterien-buch.de\/#website","url":"http:\/\/www.darmbakterien-buch.de\/","name":"Darmbakterien als Schl\u00fcssel zur Gesundheit","description":"Buch von Dr. Anne Katharina Zschocke","potentialAction":[{"@type":"SearchAction","target":{"@type":"EntryPoint","urlTemplate":"http:\/\/www.darmbakterien-buch.de\/?s={search_term_string}"},"query-input":{"@type":"PropertyValueSpecification","valueRequired":true,"valueName":"search_term_string"}}],"inLanguage":"en-US"}]}},"_links":{"self":[{"href":"http:\/\/www.darmbakterien-buch.de\/en\/wp-json\/wp\/v2\/pages\/1640","targetHints":{"allow":["GET"]}}],"collection":[{"href":"http:\/\/www.darmbakterien-buch.de\/en\/wp-json\/wp\/v2\/pages"}],"about":[{"href":"http:\/\/www.darmbakterien-buch.de\/en\/wp-json\/wp\/v2\/types\/page"}],"author":[{"embeddable":true,"href":"http:\/\/www.darmbakterien-buch.de\/en\/wp-json\/wp\/v2\/users\/2"}],"replies":[{"embeddable":true,"href":"http:\/\/www.darmbakterien-buch.de\/en\/wp-json\/wp\/v2\/comments?post=1640"}],"version-history":[{"count":2,"href":"http:\/\/www.darmbakterien-buch.de\/en\/wp-json\/wp\/v2\/pages\/1640\/revisions"}],"predecessor-version":[{"id":1648,"href":"http:\/\/www.darmbakterien-buch.de\/en\/wp-json\/wp\/v2\/pages\/1640\/revisions\/1648"}],"wp:attachment":[{"href":"http:\/\/www.darmbakterien-buch.de\/en\/wp-json\/wp\/v2\/media?parent=1640"}],"curies":[{"name":"wp","href":"https:\/\/api.w.org\/{rel}","templated":true}]}}