{"id":1655,"date":"2020-03-13T01:07:37","date_gmt":"2020-03-13T00:07:37","guid":{"rendered":"http:\/\/www.darmbakterien-buch.de\/?page_id=1655"},"modified":"2020-03-13T01:09:54","modified_gmt":"2020-03-13T00:09:54","slug":"vortrag-effektive-mikroorganismen-wie-bakterien-auf-unser-klima-und-unsere-gesundheit-wirken-2020","status":"publish","type":"page","link":"http:\/\/www.darmbakterien-buch.de\/en\/vortrag-effektive-mikroorganismen-wie-bakterien-auf-unser-klima-und-unsere-gesundheit-wirken-2020\/","title":{"rendered":"Vortrag: Effektive Mikroorganismen &#8211; Wie Bakterien auf unser Klima und unsere Gesundheit wirken"},"content":{"rendered":"<p>&nbsp;<\/p>\n<p><strong>Dienstag, 21. April 2020 18 Uhr, 06526 Sangerhausen<\/strong><br \/>\nBakterien sind die fr\u00fchesten Lebewesen auf dem Planeten Erde und leben seither \u00fcberall.<br \/>\nSie sind tats\u00e4chlich die Voraussetzung f\u00fcr Leben in Boden, Luft und Wasser, und an fast\u00a0allen Vorg\u00e4ngen beteiligt. Aus ihnen heraus entwickelten sich gr\u00f6\u00dfere Lebensformen wie<br \/>\nPflanzen, Tiere und Menschen.<\/p>\n<p>Dabei sind sie zu Gemeinschaften vernetzt, \u201eMikrobiome\u201c genannt, und bilden Gruppen aus, welche die Qualit\u00e4t von Lebensr\u00e4umen pr\u00e4gen. Bakterien sind an Regenbildung und<br \/>\nWetterentstehung beteiligt und haben f\u00fcr das Klima im Kleinen wie im Gro\u00dfen eine entscheidende Bedeutung.<br \/>\nGesundheit und Krankheit, in der Umwelt wie im Menschen sind grundlegend von der Zusammensetzung und Aktivit\u00e4t von Mikroorganismen abh\u00e4ngig. Sobald man wei\u00df, wie<br \/>\nman am besten mit Bakterien praktisch umgeht und mit ihnen \u201ezusammenarbeitet\u201c, lassen sich viele \u00fcberw\u00e4ltigend erscheinende Probleme auf einmal mit Leichtigkeit l\u00f6sen. Sie<br \/>\nregulieren auch Viren.<br \/>\nMit der Hilfe von Effektiven Mikroorganismen, einer Mikrobenmischung, kann jeder Mensch zuhause sowohl f\u00fcr die eigene Gesundheit als auch f\u00fcr Umwelt und Klima<br \/>\nheilsam t\u00e4tig sein.<\/p>\n<p>Kommen Sie und lassen Sie sich von revolution\u00e4ren Neuigkeiten \u00fcber Bakterien \u00fcberraschen, die das Leben erleichtern.<br \/>\nDr. Anne Katharina Zschocke, Nettersheim\/Eifel, ist international renommierte Expertin f\u00fcr Bakterienheilkunde, f\u00fcnffache Buchautorin und beliebter Gast in Podcasts, Radio und<br \/>\nFernsehen.<\/p>\n<p><strong>Ort<\/strong>: Speisehalle der Freien Schule Riestedt, Schulstrasse 53, 06526 Sangerhausen OT Riestedt (Abfahrt A38 Sangerhausen S\u00fcd)<br \/>\n<strong>Beitrag<\/strong>: 12 \u20ac<br \/>\n<strong>Veranstalter<\/strong>: Landfrauen der Jahreszeiten e.V.<br \/>\n<strong>Info und Kontakt<\/strong>: <a href=\"mailto:lfv.jahreszeiten@gmail.com\">lfv.jahreszeiten@gmail.com<\/a> oder <a href=\"mailto:dorotheasuess@freenet.de\">dorotheasuess@freenet.de<\/a><\/p>\n","protected":false},"excerpt":{"rendered":"<p>&nbsp; Dienstag, 21. April 2020 18 Uhr, 06526 Sangerhausen Bakterien sind die fr\u00fchesten Lebewesen auf [&hellip;]<\/p>\n","protected":false},"author":2,"featured_media":0,"parent":0,"menu_order":0,"comment_status":"closed","ping_status":"closed","template":"","meta":{"footnotes":""},"class_list":["post-1655","page","type-page","status-publish","hentry"],"yoast_head":"<!-- This site is optimized with the Yoast SEO plugin v27.4 - https:\/\/yoast.com\/product\/yoast-seo-wordpress\/ -->\n<title>Vortrag: Effektive Mikroorganismen - Wie Bakterien auf unser Klima und unsere Gesundheit wirken - Darmbakterien als Schl\u00fcssel zur Gesundheit, Dr. Zschocke<\/title>\n<meta name=\"robots\" content=\"index, follow, max-snippet:-1, max-image-preview:large, max-video-preview:-1\" \/>\n<link rel=\"canonical\" href=\"http:\/\/www.darmbakterien-buch.de\/vortrag-effektive-mikroorganismen-wie-bakterien-auf-unser-klima-und-unsere-gesundheit-wirken-2020\/\" \/>\n<meta property=\"og:locale\" content=\"en_US\" \/>\n<meta property=\"og:type\" content=\"article\" \/>\n<meta property=\"og:title\" content=\"Vortrag: Effektive Mikroorganismen - Wie Bakterien auf unser Klima und unsere Gesundheit wirken - Darmbakterien als Schl\u00fcssel zur Gesundheit, Dr. Zschocke\" \/>\n<meta property=\"og:description\" content=\"&nbsp; Dienstag, 21. April 2020 18 Uhr, 06526 Sangerhausen Bakterien sind die fr\u00fchesten Lebewesen auf [&hellip;]\" \/>\n<meta property=\"og:url\" content=\"http:\/\/www.darmbakterien-buch.de\/vortrag-effektive-mikroorganismen-wie-bakterien-auf-unser-klima-und-unsere-gesundheit-wirken-2020\/\" \/>\n<meta property=\"og:site_name\" content=\"Darmbakterien als Schl\u00fcssel zur Gesundheit\" \/>\n<meta property=\"article:modified_time\" content=\"2020-03-13T00:09:54+00:00\" \/>\n<meta name=\"twitter:label1\" content=\"Est. reading time\" \/>\n\t<meta name=\"twitter:data1\" content=\"1 minute\" \/>\n<script type=\"application\/ld+json\" class=\"yoast-schema-graph\">{\"@context\":\"https:\\\/\\\/schema.org\",\"@graph\":[{\"@type\":\"WebPage\",\"@id\":\"http:\\\/\\\/www.darmbakterien-buch.de\\\/vortrag-effektive-mikroorganismen-wie-bakterien-auf-unser-klima-und-unsere-gesundheit-wirken-2020\\\/\",\"url\":\"http:\\\/\\\/www.darmbakterien-buch.de\\\/vortrag-effektive-mikroorganismen-wie-bakterien-auf-unser-klima-und-unsere-gesundheit-wirken-2020\\\/\",\"name\":\"Vortrag: Effektive Mikroorganismen - Wie Bakterien auf unser Klima und unsere Gesundheit wirken - Darmbakterien als Schl\u00fcssel zur Gesundheit, Dr. Zschocke\",\"isPartOf\":{\"@id\":\"http:\\\/\\\/www.darmbakterien-buch.de\\\/#website\"},\"datePublished\":\"2020-03-13T00:07:37+00:00\",\"dateModified\":\"2020-03-13T00:09:54+00:00\",\"breadcrumb\":{\"@id\":\"http:\\\/\\\/www.darmbakterien-buch.de\\\/vortrag-effektive-mikroorganismen-wie-bakterien-auf-unser-klima-und-unsere-gesundheit-wirken-2020\\\/#breadcrumb\"},\"inLanguage\":\"en-US\",\"potentialAction\":[{\"@type\":\"ReadAction\",\"target\":[\"http:\\\/\\\/www.darmbakterien-buch.de\\\/vortrag-effektive-mikroorganismen-wie-bakterien-auf-unser-klima-und-unsere-gesundheit-wirken-2020\\\/\"]}]},{\"@type\":\"BreadcrumbList\",\"@id\":\"http:\\\/\\\/www.darmbakterien-buch.de\\\/vortrag-effektive-mikroorganismen-wie-bakterien-auf-unser-klima-und-unsere-gesundheit-wirken-2020\\\/#breadcrumb\",\"itemListElement\":[{\"@type\":\"ListItem\",\"position\":1,\"name\":\"Home\",\"item\":\"https:\\\/\\\/www.darmbakterien-buch.de\\\/en\\\/\"},{\"@type\":\"ListItem\",\"position\":2,\"name\":\"Vortrag: Effektive Mikroorganismen &#8211; Wie Bakterien auf unser Klima und unsere Gesundheit wirken\"}]},{\"@type\":\"WebSite\",\"@id\":\"http:\\\/\\\/www.darmbakterien-buch.de\\\/#website\",\"url\":\"http:\\\/\\\/www.darmbakterien-buch.de\\\/\",\"name\":\"Darmbakterien als Schl\u00fcssel zur Gesundheit\",\"description\":\"Buch von Dr. Anne Katharina Zschocke\",\"potentialAction\":[{\"@type\":\"SearchAction\",\"target\":{\"@type\":\"EntryPoint\",\"urlTemplate\":\"http:\\\/\\\/www.darmbakterien-buch.de\\\/?s={search_term_string}\"},\"query-input\":{\"@type\":\"PropertyValueSpecification\",\"valueRequired\":true,\"valueName\":\"search_term_string\"}}],\"inLanguage\":\"en-US\"}]}<\/script>\n<!-- \/ Yoast SEO plugin. -->","yoast_head_json":{"title":"Vortrag: Effektive Mikroorganismen - Wie Bakterien auf unser Klima und unsere Gesundheit wirken - Darmbakterien als Schl\u00fcssel zur Gesundheit, Dr. Zschocke","robots":{"index":"index","follow":"follow","max-snippet":"max-snippet:-1","max-image-preview":"max-image-preview:large","max-video-preview":"max-video-preview:-1"},"canonical":"http:\/\/www.darmbakterien-buch.de\/vortrag-effektive-mikroorganismen-wie-bakterien-auf-unser-klima-und-unsere-gesundheit-wirken-2020\/","og_locale":"en_US","og_type":"article","og_title":"Vortrag: Effektive Mikroorganismen - Wie Bakterien auf unser Klima und unsere Gesundheit wirken - Darmbakterien als Schl\u00fcssel zur Gesundheit, Dr. Zschocke","og_description":"&nbsp; Dienstag, 21. April 2020 18 Uhr, 06526 Sangerhausen Bakterien sind die fr\u00fchesten Lebewesen auf [&hellip;]","og_url":"http:\/\/www.darmbakterien-buch.de\/vortrag-effektive-mikroorganismen-wie-bakterien-auf-unser-klima-und-unsere-gesundheit-wirken-2020\/","og_site_name":"Darmbakterien als Schl\u00fcssel zur Gesundheit","article_modified_time":"2020-03-13T00:09:54+00:00","twitter_misc":{"Est. reading time":"1 minute"},"schema":{"@context":"https:\/\/schema.org","@graph":[{"@type":"WebPage","@id":"http:\/\/www.darmbakterien-buch.de\/vortrag-effektive-mikroorganismen-wie-bakterien-auf-unser-klima-und-unsere-gesundheit-wirken-2020\/","url":"http:\/\/www.darmbakterien-buch.de\/vortrag-effektive-mikroorganismen-wie-bakterien-auf-unser-klima-und-unsere-gesundheit-wirken-2020\/","name":"Vortrag: Effektive Mikroorganismen - Wie Bakterien auf unser Klima und unsere Gesundheit wirken - Darmbakterien als Schl\u00fcssel zur Gesundheit, Dr. Zschocke","isPartOf":{"@id":"http:\/\/www.darmbakterien-buch.de\/#website"},"datePublished":"2020-03-13T00:07:37+00:00","dateModified":"2020-03-13T00:09:54+00:00","breadcrumb":{"@id":"http:\/\/www.darmbakterien-buch.de\/vortrag-effektive-mikroorganismen-wie-bakterien-auf-unser-klima-und-unsere-gesundheit-wirken-2020\/#breadcrumb"},"inLanguage":"en-US","potentialAction":[{"@type":"ReadAction","target":["http:\/\/www.darmbakterien-buch.de\/vortrag-effektive-mikroorganismen-wie-bakterien-auf-unser-klima-und-unsere-gesundheit-wirken-2020\/"]}]},{"@type":"BreadcrumbList","@id":"http:\/\/www.darmbakterien-buch.de\/vortrag-effektive-mikroorganismen-wie-bakterien-auf-unser-klima-und-unsere-gesundheit-wirken-2020\/#breadcrumb","itemListElement":[{"@type":"ListItem","position":1,"name":"Home","item":"https:\/\/www.darmbakterien-buch.de\/en\/"},{"@type":"ListItem","position":2,"name":"Vortrag: Effektive Mikroorganismen &#8211; Wie Bakterien auf unser Klima und unsere Gesundheit wirken"}]},{"@type":"WebSite","@id":"http:\/\/www.darmbakterien-buch.de\/#website","url":"http:\/\/www.darmbakterien-buch.de\/","name":"Darmbakterien als Schl\u00fcssel zur Gesundheit","description":"Buch von Dr. Anne Katharina Zschocke","potentialAction":[{"@type":"SearchAction","target":{"@type":"EntryPoint","urlTemplate":"http:\/\/www.darmbakterien-buch.de\/?s={search_term_string}"},"query-input":{"@type":"PropertyValueSpecification","valueRequired":true,"valueName":"search_term_string"}}],"inLanguage":"en-US"}]}},"_links":{"self":[{"href":"http:\/\/www.darmbakterien-buch.de\/en\/wp-json\/wp\/v2\/pages\/1655","targetHints":{"allow":["GET"]}}],"collection":[{"href":"http:\/\/www.darmbakterien-buch.de\/en\/wp-json\/wp\/v2\/pages"}],"about":[{"href":"http:\/\/www.darmbakterien-buch.de\/en\/wp-json\/wp\/v2\/types\/page"}],"author":[{"embeddable":true,"href":"http:\/\/www.darmbakterien-buch.de\/en\/wp-json\/wp\/v2\/users\/2"}],"replies":[{"embeddable":true,"href":"http:\/\/www.darmbakterien-buch.de\/en\/wp-json\/wp\/v2\/comments?post=1655"}],"version-history":[{"count":5,"href":"http:\/\/www.darmbakterien-buch.de\/en\/wp-json\/wp\/v2\/pages\/1655\/revisions"}],"predecessor-version":[{"id":1660,"href":"http:\/\/www.darmbakterien-buch.de\/en\/wp-json\/wp\/v2\/pages\/1655\/revisions\/1660"}],"wp:attachment":[{"href":"http:\/\/www.darmbakterien-buch.de\/en\/wp-json\/wp\/v2\/media?parent=1655"}],"curies":[{"name":"wp","href":"https:\/\/api.w.org\/{rel}","templated":true}]}}