{"id":1807,"date":"2020-05-05T21:16:06","date_gmt":"2020-05-05T19:16:06","guid":{"rendered":"http:\/\/www.darmbakterien-buch.de\/?page_id=1807"},"modified":"2022-02-21T19:00:39","modified_gmt":"2022-02-21T18:00:39","slug":"do-ksiazki","status":"publish","type":"page","link":"http:\/\/www.darmbakterien-buch.de\/en\/mikrobiom-sposob-na-pokonanie-chorob\/do-ksiazki\/","title":{"rendered":"Czy bakteriami mo\u017cna leczy\u0107?"},"content":{"rendered":"<h3><\/h3>\n<p>O tym, \u017ce jest to mo\u017cliwe wiedziano, odk\u0105d istnieje sztuka medyczna. Jako \u017ce dzisiaj tradycyjne mieszaniny mikrob\u00f3w nigdzie ju\u017c nie s\u0105 zdrowe ani dost\u0119pne w nieska\u017conej przyrodzie, leczenie bakteriami wymaga innego podej\u015bcia. Powinni\u015bmy jednak mie\u0107 przy tym na uwadze, \u017ce jest ono r\u00f3wnie przydatne dla ziemi, ro\u015blin i zwierz\u0105t. Gdyby tylko zbiorowiska bakterii zn\u00f3w odzyska\u0142y dawn\u0105 r\u00f3wnowag\u0119, tak\u017ce nam \u0142atwiej by\u0142oby odzyska\u0107 zdrowie.<\/p>\n<h2>Co to jest EM?<\/h2>\n<p>Efektywne Mikroorganizmy, znane w \u015bwiecie jako EM, to mieszana kultura mikrobiologiczna oko\u0142o pi\u0119\u0107dziesi\u0119ciu szczep\u00f3w bakterii mlekowych, dro\u017cd\u017cy i bakterii fotosyntetyzuj\u0105cych wyhodowanych razem w kwa\u015bnym roztworze. Ta mieszanka mikrob\u00f3w znakomicie nadaje si\u0119 do leczenia, poniewa\u017c jest \u017cyw\u0105 wyhodowan\u0105 spo\u0142eczno\u015bci\u0105 drobnoustroj\u00f3w nale\u017c\u0105cych do wielu naturalnych odmian zwi\u0105zanych z mikrobiomem ziemi.<\/p>\n<h3>Terapia mikrobiomu<\/h3>\n<p>Dzi\u0119ki tej ksi\u0105\u017cce poznasz pierwsz\u0105 kompleksow\u0105 terapi\u0119 mikrobiomu. Dowiesz si\u0119 jakie s\u0105 jej zasady i przy jakich dolegliwo\u015bciach nale\u017cy j\u0105 stosowa\u0107. Aby przywr\u00f3ci\u0107 r\u00f3wnowag\u0119 zaburzonej mikroflory i wyleczy\u0107 zwi\u0105zane z tym choroby, potrzebne jest mi\u0119dzy innymi dostarczenie bakterii oraz po\u017cywki dla nich, jak r\u00f3wnie\u017c \u015bwiadome kszta\u0142towanie korzystnych dla nich warunk\u00f3w naszego \u017cycia.<br \/>\nPoznasz praktyczne zastosowanie zewn\u0119trzne i wewn\u0119trzne mieszanek bakterii w r\u00f3\u017cnych chorobach, \u0142\u0105cznie z dok\u0142adnym dawkowaniem i opisami przyk\u0142adowych przypadk\u00f3w. Gruntowne wyleczenie mo\u017ce te\u017c wymaga\u0107 r\u00f3wnowagi bakteryjnej otoczenia.<\/p>\n<h4>Wskazania do zastosowania terapii bakteriami:<\/h4>\n<ul>\n<li>na nienaruszonej sk\u00f3rze \u2013 krwiaki, uderzenia, naci\u0105gni\u0119cia, dolegliwo\u015bci staw\u00f3w, skr\u0119cenia, plamy sk\u00f3rne, \u015bwi\u0105d albo profilaktycznie,<\/li>\n<li>na podra\u017cnion\u0105 sk\u00f3r\u0119 \u2013 uk\u0142ucia owad\u00f3w, lekkie oparzenia, zamkni\u0119te ropnie, oparzenia s\u0142oneczne, odle\u017cyny, zamkni\u0119te p\u0119cherze na stopach, tr\u0105dzik, zapalenie \u0142o\u017cyska paznokcia, pieluszkowe zapalenie sk\u00f3ry, \u0142uszczenie si\u0119 sk\u00f3ry ow\u0142osionej g\u0142owy,<\/li>\n<li>na chor\u0105 sk\u00f3r\u0119 \u2013 grzybica, neurodermitis, egzema, sw\u0119dz\u0105ca wysypka, p\u00f3\u0142pasiec, tr\u0105dzik, \u0142uszczyca, p\u0119cherzyki opryszczki, brodawki, pryszcze,<\/li>\n<li>w zranieniach \u2013otwarte i ropiej\u0105ce rany, otarcia, t\u0119pe urazy, st\u0142uczenia, skr\u0119cenia, zwichni\u0119cia, oparzenia s\u0142oneczne, odle\u017cyny, owrzodzenie \u017cylakowate, otwarte wrzody, operacje, profilaktyka MRSA,<\/li>\n<li>na inne dolegliwo\u015bci \u2013 sepsa, zapalenia oczu i spoj\u00f3wek, katar sienny, hemoroidy, schorzenia narz\u0105d\u00f3w p\u0142ciowych, zapalenie p\u0119cherza, choroby weneryczne, grzybica pochwy.<\/li>\n<\/ul>\n<p><strong>Leczenie chor\u00f3b za pomoc\u0105 bakterii<\/strong><\/p>\n<p>pobierz fragment ksi\u0105\u017cki:\u00a0<a href=\"http:\/\/www.darmbakterien-buch.de\/wp-content\/uploads\/2018\/06\/wolumin-Mikrobiom-sposob-na-pokonanie-chorob-Zschocke.pdf\">Wolumin-Mikrobiom-sposob-na-pokonanie-chorob-Zschocke.pdf<\/a><\/p>\n<p>(<span lang=\"pl-PL\">Wydawnictw<\/span>:\u00a0<a href=\"https:\/\/wydawnictwovital.pl\/wydawnictwo\/ksiazki\/zdrowie\/choroby\/mikrobiom-sposob-pokonanie-chorob-zdrowe-bakterie-jako-medycyna-przyszlosci-anne-katharina-zschocke\/\" rel=\"nofollow\">Vital<\/a>, 2018)<\/p>\n<p>~<br \/>\n<img loading=\"lazy\" decoding=\"async\" src=\"https:\/\/vg07.met.vgwort.de\/na\/734ee77246db4d92ace658cc54a201b7\" width=\"1\" height=\"1\" alt=\"\"><\/p>\n","protected":false},"excerpt":{"rendered":"<p>O tym, \u017ce jest to mo\u017cliwe wiedziano, odk\u0105d istnieje sztuka medyczna. Jako \u017ce dzisiaj tradycyjne [&hellip;]<\/p>\n","protected":false},"author":2,"featured_media":0,"parent":1793,"menu_order":0,"comment_status":"closed","ping_status":"closed","template":"","meta":{"footnotes":""},"class_list":["post-1807","page","type-page","status-publish","hentry"],"yoast_head":"<!-- This site is optimized with the Yoast SEO plugin v27.4 - https:\/\/yoast.com\/product\/yoast-seo-wordpress\/ -->\n<title>Czy bakteriami mo\u017cna leczy\u0107? - Darmbakterien als Schl\u00fcssel zur Gesundheit, Dr. Zschocke<\/title>\n<meta name=\"robots\" content=\"index, follow, max-snippet:-1, max-image-preview:large, max-video-preview:-1\" \/>\n<link rel=\"canonical\" href=\"http:\/\/www.darmbakterien-buch.de\/pl\/mikrobiom-sposob-na-pokonanie-chorob\/do-ksiazki\/\" \/>\n<meta property=\"og:locale\" content=\"en_US\" \/>\n<meta property=\"og:type\" content=\"article\" \/>\n<meta property=\"og:title\" content=\"Czy bakteriami mo\u017cna leczy\u0107? - Darmbakterien als Schl\u00fcssel zur Gesundheit, Dr. Zschocke\" \/>\n<meta property=\"og:description\" content=\"O tym, \u017ce jest to mo\u017cliwe wiedziano, odk\u0105d istnieje sztuka medyczna. Jako \u017ce dzisiaj tradycyjne [&hellip;]\" \/>\n<meta property=\"og:url\" content=\"http:\/\/www.darmbakterien-buch.de\/pl\/mikrobiom-sposob-na-pokonanie-chorob\/do-ksiazki\/\" \/>\n<meta property=\"og:site_name\" content=\"Darmbakterien als Schl\u00fcssel zur Gesundheit\" \/>\n<meta property=\"article:modified_time\" content=\"2022-02-21T18:00:39+00:00\" \/>\n<meta property=\"og:image\" content=\"https:\/\/vg07.met.vgwort.de\/na\/734ee77246db4d92ace658cc54a201b7\" \/>\n<meta name=\"twitter:label1\" content=\"Est. reading time\" \/>\n\t<meta name=\"twitter:data1\" content=\"2 minutes\" \/>\n<script type=\"application\/ld+json\" class=\"yoast-schema-graph\">{\"@context\":\"https:\\\/\\\/schema.org\",\"@graph\":[{\"@type\":\"WebPage\",\"@id\":\"http:\\\/\\\/www.darmbakterien-buch.de\\\/pl\\\/mikrobiom-sposob-na-pokonanie-chorob\\\/do-ksiazki\\\/\",\"url\":\"http:\\\/\\\/www.darmbakterien-buch.de\\\/pl\\\/mikrobiom-sposob-na-pokonanie-chorob\\\/do-ksiazki\\\/\",\"name\":\"Czy bakteriami mo\u017cna leczy\u0107? - Darmbakterien als Schl\u00fcssel zur Gesundheit, Dr. Zschocke\",\"isPartOf\":{\"@id\":\"http:\\\/\\\/www.darmbakterien-buch.de\\\/#website\"},\"primaryImageOfPage\":{\"@id\":\"http:\\\/\\\/www.darmbakterien-buch.de\\\/pl\\\/mikrobiom-sposob-na-pokonanie-chorob\\\/do-ksiazki\\\/#primaryimage\"},\"image\":{\"@id\":\"http:\\\/\\\/www.darmbakterien-buch.de\\\/pl\\\/mikrobiom-sposob-na-pokonanie-chorob\\\/do-ksiazki\\\/#primaryimage\"},\"thumbnailUrl\":\"https:\\\/\\\/vg07.met.vgwort.de\\\/na\\\/734ee77246db4d92ace658cc54a201b7\",\"datePublished\":\"2020-05-05T19:16:06+00:00\",\"dateModified\":\"2022-02-21T18:00:39+00:00\",\"breadcrumb\":{\"@id\":\"http:\\\/\\\/www.darmbakterien-buch.de\\\/pl\\\/mikrobiom-sposob-na-pokonanie-chorob\\\/do-ksiazki\\\/#breadcrumb\"},\"inLanguage\":\"en-US\",\"potentialAction\":[{\"@type\":\"ReadAction\",\"target\":[\"http:\\\/\\\/www.darmbakterien-buch.de\\\/pl\\\/mikrobiom-sposob-na-pokonanie-chorob\\\/do-ksiazki\\\/\"]}]},{\"@type\":\"ImageObject\",\"inLanguage\":\"en-US\",\"@id\":\"http:\\\/\\\/www.darmbakterien-buch.de\\\/pl\\\/mikrobiom-sposob-na-pokonanie-chorob\\\/do-ksiazki\\\/#primaryimage\",\"url\":\"https:\\\/\\\/vg07.met.vgwort.de\\\/na\\\/734ee77246db4d92ace658cc54a201b7\",\"contentUrl\":\"https:\\\/\\\/vg07.met.vgwort.de\\\/na\\\/734ee77246db4d92ace658cc54a201b7\"},{\"@type\":\"BreadcrumbList\",\"@id\":\"http:\\\/\\\/www.darmbakterien-buch.de\\\/pl\\\/mikrobiom-sposob-na-pokonanie-chorob\\\/do-ksiazki\\\/#breadcrumb\",\"itemListElement\":[{\"@type\":\"ListItem\",\"position\":1,\"name\":\"Home\",\"item\":\"https:\\\/\\\/www.darmbakterien-buch.de\\\/en\\\/\"},{\"@type\":\"ListItem\",\"position\":2,\"name\":\"Mikrobiom\",\"item\":\"http:\\\/\\\/www.darmbakterien-buch.de\\\/pl\\\/\"},{\"@type\":\"ListItem\",\"position\":3,\"name\":\"Czy bakteriami mo\u017cna leczy\u0107?\"}]},{\"@type\":\"WebSite\",\"@id\":\"http:\\\/\\\/www.darmbakterien-buch.de\\\/#website\",\"url\":\"http:\\\/\\\/www.darmbakterien-buch.de\\\/\",\"name\":\"Darmbakterien als Schl\u00fcssel zur Gesundheit\",\"description\":\"Buch von Dr. Anne Katharina Zschocke\",\"potentialAction\":[{\"@type\":\"SearchAction\",\"target\":{\"@type\":\"EntryPoint\",\"urlTemplate\":\"http:\\\/\\\/www.darmbakterien-buch.de\\\/?s={search_term_string}\"},\"query-input\":{\"@type\":\"PropertyValueSpecification\",\"valueRequired\":true,\"valueName\":\"search_term_string\"}}],\"inLanguage\":\"en-US\"}]}<\/script>\n<!-- \/ Yoast SEO plugin. -->","yoast_head_json":{"title":"Czy bakteriami mo\u017cna leczy\u0107? - Darmbakterien als Schl\u00fcssel zur Gesundheit, Dr. Zschocke","robots":{"index":"index","follow":"follow","max-snippet":"max-snippet:-1","max-image-preview":"max-image-preview:large","max-video-preview":"max-video-preview:-1"},"canonical":"http:\/\/www.darmbakterien-buch.de\/pl\/mikrobiom-sposob-na-pokonanie-chorob\/do-ksiazki\/","og_locale":"en_US","og_type":"article","og_title":"Czy bakteriami mo\u017cna leczy\u0107? - Darmbakterien als Schl\u00fcssel zur Gesundheit, Dr. Zschocke","og_description":"O tym, \u017ce jest to mo\u017cliwe wiedziano, odk\u0105d istnieje sztuka medyczna. Jako \u017ce dzisiaj tradycyjne [&hellip;]","og_url":"http:\/\/www.darmbakterien-buch.de\/pl\/mikrobiom-sposob-na-pokonanie-chorob\/do-ksiazki\/","og_site_name":"Darmbakterien als Schl\u00fcssel zur Gesundheit","article_modified_time":"2022-02-21T18:00:39+00:00","og_image":[{"url":"https:\/\/vg07.met.vgwort.de\/na\/734ee77246db4d92ace658cc54a201b7","type":"","width":"","height":""}],"twitter_misc":{"Est. reading time":"2 minutes"},"schema":{"@context":"https:\/\/schema.org","@graph":[{"@type":"WebPage","@id":"http:\/\/www.darmbakterien-buch.de\/pl\/mikrobiom-sposob-na-pokonanie-chorob\/do-ksiazki\/","url":"http:\/\/www.darmbakterien-buch.de\/pl\/mikrobiom-sposob-na-pokonanie-chorob\/do-ksiazki\/","name":"Czy bakteriami mo\u017cna leczy\u0107? - Darmbakterien als Schl\u00fcssel zur Gesundheit, Dr. Zschocke","isPartOf":{"@id":"http:\/\/www.darmbakterien-buch.de\/#website"},"primaryImageOfPage":{"@id":"http:\/\/www.darmbakterien-buch.de\/pl\/mikrobiom-sposob-na-pokonanie-chorob\/do-ksiazki\/#primaryimage"},"image":{"@id":"http:\/\/www.darmbakterien-buch.de\/pl\/mikrobiom-sposob-na-pokonanie-chorob\/do-ksiazki\/#primaryimage"},"thumbnailUrl":"https:\/\/vg07.met.vgwort.de\/na\/734ee77246db4d92ace658cc54a201b7","datePublished":"2020-05-05T19:16:06+00:00","dateModified":"2022-02-21T18:00:39+00:00","breadcrumb":{"@id":"http:\/\/www.darmbakterien-buch.de\/pl\/mikrobiom-sposob-na-pokonanie-chorob\/do-ksiazki\/#breadcrumb"},"inLanguage":"en-US","potentialAction":[{"@type":"ReadAction","target":["http:\/\/www.darmbakterien-buch.de\/pl\/mikrobiom-sposob-na-pokonanie-chorob\/do-ksiazki\/"]}]},{"@type":"ImageObject","inLanguage":"en-US","@id":"http:\/\/www.darmbakterien-buch.de\/pl\/mikrobiom-sposob-na-pokonanie-chorob\/do-ksiazki\/#primaryimage","url":"https:\/\/vg07.met.vgwort.de\/na\/734ee77246db4d92ace658cc54a201b7","contentUrl":"https:\/\/vg07.met.vgwort.de\/na\/734ee77246db4d92ace658cc54a201b7"},{"@type":"BreadcrumbList","@id":"http:\/\/www.darmbakterien-buch.de\/pl\/mikrobiom-sposob-na-pokonanie-chorob\/do-ksiazki\/#breadcrumb","itemListElement":[{"@type":"ListItem","position":1,"name":"Home","item":"https:\/\/www.darmbakterien-buch.de\/en\/"},{"@type":"ListItem","position":2,"name":"Mikrobiom","item":"http:\/\/www.darmbakterien-buch.de\/pl\/"},{"@type":"ListItem","position":3,"name":"Czy bakteriami mo\u017cna leczy\u0107?"}]},{"@type":"WebSite","@id":"http:\/\/www.darmbakterien-buch.de\/#website","url":"http:\/\/www.darmbakterien-buch.de\/","name":"Darmbakterien als Schl\u00fcssel zur Gesundheit","description":"Buch von Dr. Anne Katharina Zschocke","potentialAction":[{"@type":"SearchAction","target":{"@type":"EntryPoint","urlTemplate":"http:\/\/www.darmbakterien-buch.de\/?s={search_term_string}"},"query-input":{"@type":"PropertyValueSpecification","valueRequired":true,"valueName":"search_term_string"}}],"inLanguage":"en-US"}]}},"_links":{"self":[{"href":"http:\/\/www.darmbakterien-buch.de\/en\/wp-json\/wp\/v2\/pages\/1807","targetHints":{"allow":["GET"]}}],"collection":[{"href":"http:\/\/www.darmbakterien-buch.de\/en\/wp-json\/wp\/v2\/pages"}],"about":[{"href":"http:\/\/www.darmbakterien-buch.de\/en\/wp-json\/wp\/v2\/types\/page"}],"author":[{"embeddable":true,"href":"http:\/\/www.darmbakterien-buch.de\/en\/wp-json\/wp\/v2\/users\/2"}],"replies":[{"embeddable":true,"href":"http:\/\/www.darmbakterien-buch.de\/en\/wp-json\/wp\/v2\/comments?post=1807"}],"version-history":[{"count":5,"href":"http:\/\/www.darmbakterien-buch.de\/en\/wp-json\/wp\/v2\/pages\/1807\/revisions"}],"predecessor-version":[{"id":2227,"href":"http:\/\/www.darmbakterien-buch.de\/en\/wp-json\/wp\/v2\/pages\/1807\/revisions\/2227"}],"up":[{"embeddable":true,"href":"http:\/\/www.darmbakterien-buch.de\/en\/wp-json\/wp\/v2\/pages\/1793"}],"wp:attachment":[{"href":"http:\/\/www.darmbakterien-buch.de\/en\/wp-json\/wp\/v2\/media?parent=1807"}],"curies":[{"name":"wp","href":"https:\/\/api.w.org\/{rel}","templated":true}]}}