{"id":1907,"date":"2020-12-16T01:15:00","date_gmt":"2020-12-16T00:15:00","guid":{"rendered":"http:\/\/www.darmbakterien-buch.de\/?page_id=1907"},"modified":"2022-05-05T12:01:08","modified_gmt":"2022-05-05T10:01:08","slug":"mai-bei-den-matronen","status":"publish","type":"page","link":"http:\/\/www.darmbakterien-buch.de\/en\/mai-bei-den-matronen\/","title":{"rendered":"Muttertag bei den Matronen"},"content":{"rendered":"<p>&nbsp;<\/p>\n<p><strong>Wanderung<\/strong> rund um die Kultur- und Naturgeschichte der Matronenverehrung, ggf. mit Besuch der arch\u00e4ologischen Sammlung des Naturzentrums Nettersheim.<br \/>\nNach einer Einf\u00fchrung, wenn m\u00f6glich in der arch\u00e4ologischen Ausstellung, zu Hintergr\u00fcnden der Matronenverehrung in keltischer und r\u00f6mischer Zeit spazieren wir zum Matronentempel G\u00f6rresburg. Unterwegs betrachten wir den geschichtlichen Werdegang und das Urbild der Mutter, wie es noch immer in der Natur erfahren werden kann und folgen den Spuren der dreifachen G\u00f6ttin bis ins heutige Christentum. Dabei treffen wir auf ein modernes Matronenkunstwerk und entdecken immer wieder spannende Bez\u00fcge zwischen der alten Kultur und den Fragen des modernen Lebens. Auf dem rekonstruierten Tempelplatz mit Matronenweihesteinen l\u00e4sst sich die gegenw\u00e4rtige Qualit\u00e4t eines heiligen Ortes erleben. Abschlie\u00dfender gemeinsamer R\u00fcckweg oder individuelles Picknick und Aufenthalt dort sind m\u00f6glich.<\/p>\n<p><strong>Treffpunkt<\/strong>: <a href=\"http:\/\/www.naturzentrum-eifel.de\">Naturzentrum<\/a>, Urftstra\u00dfe 2, 53947 Nettersheim<br \/>\n<strong>Dauer<\/strong>: circa 3 Stunden. Wegstrecke 5 km, stabiles Schuhprofil angeraten.<br \/>\n<strong>Beitrag<\/strong>: 14,- \u20ac<br \/>\n<strong>Anmeldung<\/strong>: <a href=\"mailto:Naturzentrum@nettersheim.de\">Naturzentrum@nettersheim.de<\/a>, Telefon 02486-1246<\/p>\n<p><a href=\"http:\/\/www.darmbakterien-buch.de\/veranstaltungen-seminare\/\">&lt; zur\u00fcck zu allen Veranstaltungen<\/a><\/p>\n","protected":false},"excerpt":{"rendered":"<p>&nbsp; Wanderung rund um die Kultur- und Naturgeschichte der Matronenverehrung, ggf. mit Besuch der arch\u00e4ologischen [&hellip;]<\/p>\n","protected":false},"author":2,"featured_media":0,"parent":0,"menu_order":0,"comment_status":"closed","ping_status":"closed","template":"","meta":{"footnotes":""},"class_list":["post-1907","page","type-page","status-publish","hentry"],"yoast_head":"<!-- This site is optimized with the Yoast SEO plugin v27.5 - https:\/\/yoast.com\/product\/yoast-seo-wordpress\/ -->\n<title>Muttertag bei den Matronen - Darmbakterien als Schl\u00fcssel zur Gesundheit, Dr. Zschocke<\/title>\n<meta name=\"robots\" content=\"index, follow, max-snippet:-1, max-image-preview:large, max-video-preview:-1\" \/>\n<link rel=\"canonical\" href=\"http:\/\/www.darmbakterien-buch.de\/en\/mai-bei-den-matronen\/\" \/>\n<meta property=\"og:locale\" content=\"en_US\" \/>\n<meta property=\"og:type\" content=\"article\" \/>\n<meta property=\"og:title\" content=\"Muttertag bei den Matronen - Darmbakterien als Schl\u00fcssel zur Gesundheit, Dr. Zschocke\" \/>\n<meta property=\"og:description\" content=\"&nbsp; Wanderung rund um die Kultur- und Naturgeschichte der Matronenverehrung, ggf. mit Besuch der arch\u00e4ologischen [&hellip;]\" \/>\n<meta property=\"og:url\" content=\"http:\/\/www.darmbakterien-buch.de\/en\/mai-bei-den-matronen\/\" \/>\n<meta property=\"og:site_name\" content=\"Darmbakterien als Schl\u00fcssel zur Gesundheit\" \/>\n<meta property=\"article:modified_time\" content=\"2022-05-05T10:01:08+00:00\" \/>\n<meta name=\"twitter:label1\" content=\"Est. reading time\" \/>\n\t<meta name=\"twitter:data1\" content=\"1 minute\" \/>\n<script type=\"application\/ld+json\" class=\"yoast-schema-graph\">{\"@context\":\"https:\\\/\\\/schema.org\",\"@graph\":[{\"@type\":\"WebPage\",\"@id\":\"http:\\\/\\\/www.darmbakterien-buch.de\\\/en\\\/mai-bei-den-matronen\\\/\",\"url\":\"http:\\\/\\\/www.darmbakterien-buch.de\\\/en\\\/mai-bei-den-matronen\\\/\",\"name\":\"Muttertag bei den Matronen - Darmbakterien als Schl\u00fcssel zur Gesundheit, Dr. Zschocke\",\"isPartOf\":{\"@id\":\"http:\\\/\\\/www.darmbakterien-buch.de\\\/pl\\\/#website\"},\"datePublished\":\"2020-12-16T00:15:00+00:00\",\"dateModified\":\"2022-05-05T10:01:08+00:00\",\"breadcrumb\":{\"@id\":\"http:\\\/\\\/www.darmbakterien-buch.de\\\/en\\\/mai-bei-den-matronen\\\/#breadcrumb\"},\"inLanguage\":\"en-US\",\"potentialAction\":[{\"@type\":\"ReadAction\",\"target\":[\"http:\\\/\\\/www.darmbakterien-buch.de\\\/en\\\/mai-bei-den-matronen\\\/\"]}]},{\"@type\":\"BreadcrumbList\",\"@id\":\"http:\\\/\\\/www.darmbakterien-buch.de\\\/en\\\/mai-bei-den-matronen\\\/#breadcrumb\",\"itemListElement\":[{\"@type\":\"ListItem\",\"position\":1,\"name\":\"Home\",\"item\":\"http:\\\/\\\/www.darmbakterien-buch.de\\\/en\\\/\"},{\"@type\":\"ListItem\",\"position\":2,\"name\":\"Muttertag bei den Matronen\"}]},{\"@type\":\"WebSite\",\"@id\":\"http:\\\/\\\/www.darmbakterien-buch.de\\\/pl\\\/#website\",\"url\":\"http:\\\/\\\/www.darmbakterien-buch.de\\\/pl\\\/\",\"name\":\"Darmbakterien als Schl\u00fcssel zur Gesundheit\",\"description\":\"Buch von Dr. Anne Katharina Zschocke\",\"potentialAction\":[{\"@type\":\"SearchAction\",\"target\":{\"@type\":\"EntryPoint\",\"urlTemplate\":\"http:\\\/\\\/www.darmbakterien-buch.de\\\/pl\\\/?s={search_term_string}\"},\"query-input\":{\"@type\":\"PropertyValueSpecification\",\"valueRequired\":true,\"valueName\":\"search_term_string\"}}],\"inLanguage\":\"en-US\"}]}<\/script>\n<!-- \/ Yoast SEO plugin. -->","yoast_head_json":{"title":"Muttertag bei den Matronen - Darmbakterien als Schl\u00fcssel zur Gesundheit, Dr. Zschocke","robots":{"index":"index","follow":"follow","max-snippet":"max-snippet:-1","max-image-preview":"max-image-preview:large","max-video-preview":"max-video-preview:-1"},"canonical":"http:\/\/www.darmbakterien-buch.de\/en\/mai-bei-den-matronen\/","og_locale":"en_US","og_type":"article","og_title":"Muttertag bei den Matronen - Darmbakterien als Schl\u00fcssel zur Gesundheit, Dr. Zschocke","og_description":"&nbsp; Wanderung rund um die Kultur- und Naturgeschichte der Matronenverehrung, ggf. mit Besuch der arch\u00e4ologischen [&hellip;]","og_url":"http:\/\/www.darmbakterien-buch.de\/en\/mai-bei-den-matronen\/","og_site_name":"Darmbakterien als Schl\u00fcssel zur Gesundheit","article_modified_time":"2022-05-05T10:01:08+00:00","twitter_misc":{"Est. reading time":"1 minute"},"schema":{"@context":"https:\/\/schema.org","@graph":[{"@type":"WebPage","@id":"http:\/\/www.darmbakterien-buch.de\/en\/mai-bei-den-matronen\/","url":"http:\/\/www.darmbakterien-buch.de\/en\/mai-bei-den-matronen\/","name":"Muttertag bei den Matronen - Darmbakterien als Schl\u00fcssel zur Gesundheit, Dr. Zschocke","isPartOf":{"@id":"http:\/\/www.darmbakterien-buch.de\/pl\/#website"},"datePublished":"2020-12-16T00:15:00+00:00","dateModified":"2022-05-05T10:01:08+00:00","breadcrumb":{"@id":"http:\/\/www.darmbakterien-buch.de\/en\/mai-bei-den-matronen\/#breadcrumb"},"inLanguage":"en-US","potentialAction":[{"@type":"ReadAction","target":["http:\/\/www.darmbakterien-buch.de\/en\/mai-bei-den-matronen\/"]}]},{"@type":"BreadcrumbList","@id":"http:\/\/www.darmbakterien-buch.de\/en\/mai-bei-den-matronen\/#breadcrumb","itemListElement":[{"@type":"ListItem","position":1,"name":"Home","item":"http:\/\/www.darmbakterien-buch.de\/en\/"},{"@type":"ListItem","position":2,"name":"Muttertag bei den Matronen"}]},{"@type":"WebSite","@id":"http:\/\/www.darmbakterien-buch.de\/pl\/#website","url":"http:\/\/www.darmbakterien-buch.de\/pl\/","name":"Darmbakterien als Schl\u00fcssel zur Gesundheit","description":"Buch von Dr. Anne Katharina Zschocke","potentialAction":[{"@type":"SearchAction","target":{"@type":"EntryPoint","urlTemplate":"http:\/\/www.darmbakterien-buch.de\/pl\/?s={search_term_string}"},"query-input":{"@type":"PropertyValueSpecification","valueRequired":true,"valueName":"search_term_string"}}],"inLanguage":"en-US"}]}},"_links":{"self":[{"href":"http:\/\/www.darmbakterien-buch.de\/en\/wp-json\/wp\/v2\/pages\/1907","targetHints":{"allow":["GET"]}}],"collection":[{"href":"http:\/\/www.darmbakterien-buch.de\/en\/wp-json\/wp\/v2\/pages"}],"about":[{"href":"http:\/\/www.darmbakterien-buch.de\/en\/wp-json\/wp\/v2\/types\/page"}],"author":[{"embeddable":true,"href":"http:\/\/www.darmbakterien-buch.de\/en\/wp-json\/wp\/v2\/users\/2"}],"replies":[{"embeddable":true,"href":"http:\/\/www.darmbakterien-buch.de\/en\/wp-json\/wp\/v2\/comments?post=1907"}],"version-history":[{"count":5,"href":"http:\/\/www.darmbakterien-buch.de\/en\/wp-json\/wp\/v2\/pages\/1907\/revisions"}],"predecessor-version":[{"id":2286,"href":"http:\/\/www.darmbakterien-buch.de\/en\/wp-json\/wp\/v2\/pages\/1907\/revisions\/2286"}],"wp:attachment":[{"href":"http:\/\/www.darmbakterien-buch.de\/en\/wp-json\/wp\/v2\/media?parent=1907"}],"curies":[{"name":"wp","href":"https:\/\/api.w.org\/{rel}","templated":true}]}}