{"id":1911,"date":"2020-12-16T01:32:42","date_gmt":"2020-12-16T00:32:42","guid":{"rendered":"http:\/\/www.darmbakterien-buch.de\/?page_id=1911"},"modified":"2020-12-16T01:32:42","modified_gmt":"2020-12-16T00:32:42","slug":"darmbakterien-und-gesundheit","status":"publish","type":"page","link":"http:\/\/www.darmbakterien-buch.de\/en\/darmbakterien-und-gesundheit\/","title":{"rendered":"Darmbakterien und Gesundheit"},"content":{"rendered":"<p><strong>Wie man mit Hilfe von Bakterien fit bleibt und gesund wird.<\/strong><\/p>\n<p>Seminar<\/p>\n<p><strong>Freitag, den 11. Juni 2021, 14:30 &#8211; 18 Uhr, 03046 Cottbus<\/strong><\/p>\n<p>Darmbakterien wirken auf den ganzen Menschen, und neueste Forschung findet dabei unerwartete Zusammenh\u00e4nge. Die Gesundheit aller Organe, des Nervensystems, von Stoffwechsel, Atmung und Haut h\u00e4ngen von der Bakterienzusammensetzung ab. Diese entsteht mit den Lebensumst\u00e4nden, insbesondere durch die Ern\u00e4hrung. Bakterien regulieren das Immunsystem und den Hormonhaushalt, erm\u00f6glichen eine geregelte Verdauung und wirken pr\u00e4gend auf das Gehirn. Zahlreiche Krankheiten, wie Unvertr\u00e4glichkeiten und Allergien, Diabetes, Entz\u00fcndungen, Burnout, Depressionen, Zahn- und Hautkrankheiten entstehen durch Bakterienmangel. Sie lassen sich oft durch bakterienfreundliche Lebensf\u00fchrung und praktische Anwendung von Bakterien heilen.<\/p>\n<p>Wie man einem Bakterienmangel vorbeugt und wie Bakterien helfen k\u00f6nnen, wenn man erkrankt ist, wird im Seminar erkl\u00e4rt. Es gibt f\u00fcr die Teilnehmenden die M\u00f6glichkeit, eigene Fragen zu stellen.<\/p>\n<p><strong>Beitrag<\/strong>: 55 \u20ac. Anmeldung erforderlich<br \/>\n<strong>Info und Kontakt<\/strong>: Praxis Ute Thomas, \u00c4rztehaus, Uhlandstr. 53, 03050 Cottbus, <a href=\"mailto:mail@praxis-utethomas.de\">mail@praxis-utethomas.de<\/a><\/p>\n","protected":false},"excerpt":{"rendered":"<p>Wie man mit Hilfe von Bakterien fit bleibt und gesund wird. Seminar Freitag, den 11. [&hellip;]<\/p>\n","protected":false},"author":2,"featured_media":0,"parent":0,"menu_order":0,"comment_status":"closed","ping_status":"closed","template":"","meta":{"footnotes":""},"class_list":["post-1911","page","type-page","status-publish","hentry"],"yoast_head":"<!-- This site is optimized with the Yoast SEO plugin v27.4 - https:\/\/yoast.com\/product\/yoast-seo-wordpress\/ -->\n<title>Darmbakterien und Gesundheit - Darmbakterien als Schl\u00fcssel zur Gesundheit, Dr. Zschocke<\/title>\n<meta name=\"robots\" content=\"index, follow, max-snippet:-1, max-image-preview:large, max-video-preview:-1\" \/>\n<link rel=\"canonical\" href=\"http:\/\/www.darmbakterien-buch.de\/darmbakterien-und-gesundheit\/\" \/>\n<meta property=\"og:locale\" content=\"en_US\" \/>\n<meta property=\"og:type\" content=\"article\" \/>\n<meta property=\"og:title\" content=\"Darmbakterien und Gesundheit - Darmbakterien als Schl\u00fcssel zur Gesundheit, Dr. Zschocke\" \/>\n<meta property=\"og:description\" content=\"Wie man mit Hilfe von Bakterien fit bleibt und gesund wird. Seminar Freitag, den 11. [&hellip;]\" \/>\n<meta property=\"og:url\" content=\"http:\/\/www.darmbakterien-buch.de\/darmbakterien-und-gesundheit\/\" \/>\n<meta property=\"og:site_name\" content=\"Darmbakterien als Schl\u00fcssel zur Gesundheit\" \/>\n<meta name=\"twitter:label1\" content=\"Est. reading time\" \/>\n\t<meta name=\"twitter:data1\" content=\"1 minute\" \/>\n<script type=\"application\/ld+json\" class=\"yoast-schema-graph\">{\"@context\":\"https:\\\/\\\/schema.org\",\"@graph\":[{\"@type\":\"WebPage\",\"@id\":\"http:\\\/\\\/www.darmbakterien-buch.de\\\/darmbakterien-und-gesundheit\\\/\",\"url\":\"http:\\\/\\\/www.darmbakterien-buch.de\\\/darmbakterien-und-gesundheit\\\/\",\"name\":\"Darmbakterien und Gesundheit - Darmbakterien als Schl\u00fcssel zur Gesundheit, Dr. Zschocke\",\"isPartOf\":{\"@id\":\"http:\\\/\\\/www.darmbakterien-buch.de\\\/#website\"},\"datePublished\":\"2020-12-16T00:32:42+00:00\",\"breadcrumb\":{\"@id\":\"http:\\\/\\\/www.darmbakterien-buch.de\\\/darmbakterien-und-gesundheit\\\/#breadcrumb\"},\"inLanguage\":\"en-US\",\"potentialAction\":[{\"@type\":\"ReadAction\",\"target\":[\"http:\\\/\\\/www.darmbakterien-buch.de\\\/darmbakterien-und-gesundheit\\\/\"]}]},{\"@type\":\"BreadcrumbList\",\"@id\":\"http:\\\/\\\/www.darmbakterien-buch.de\\\/darmbakterien-und-gesundheit\\\/#breadcrumb\",\"itemListElement\":[{\"@type\":\"ListItem\",\"position\":1,\"name\":\"Home\",\"item\":\"https:\\\/\\\/www.darmbakterien-buch.de\\\/en\\\/\"},{\"@type\":\"ListItem\",\"position\":2,\"name\":\"Darmbakterien und Gesundheit\"}]},{\"@type\":\"WebSite\",\"@id\":\"http:\\\/\\\/www.darmbakterien-buch.de\\\/#website\",\"url\":\"http:\\\/\\\/www.darmbakterien-buch.de\\\/\",\"name\":\"Darmbakterien als Schl\u00fcssel zur Gesundheit\",\"description\":\"Buch von Dr. Anne Katharina Zschocke\",\"potentialAction\":[{\"@type\":\"SearchAction\",\"target\":{\"@type\":\"EntryPoint\",\"urlTemplate\":\"http:\\\/\\\/www.darmbakterien-buch.de\\\/?s={search_term_string}\"},\"query-input\":{\"@type\":\"PropertyValueSpecification\",\"valueRequired\":true,\"valueName\":\"search_term_string\"}}],\"inLanguage\":\"en-US\"}]}<\/script>\n<!-- \/ Yoast SEO plugin. -->","yoast_head_json":{"title":"Darmbakterien und Gesundheit - Darmbakterien als Schl\u00fcssel zur Gesundheit, Dr. Zschocke","robots":{"index":"index","follow":"follow","max-snippet":"max-snippet:-1","max-image-preview":"max-image-preview:large","max-video-preview":"max-video-preview:-1"},"canonical":"http:\/\/www.darmbakterien-buch.de\/darmbakterien-und-gesundheit\/","og_locale":"en_US","og_type":"article","og_title":"Darmbakterien und Gesundheit - Darmbakterien als Schl\u00fcssel zur Gesundheit, Dr. Zschocke","og_description":"Wie man mit Hilfe von Bakterien fit bleibt und gesund wird. Seminar Freitag, den 11. [&hellip;]","og_url":"http:\/\/www.darmbakterien-buch.de\/darmbakterien-und-gesundheit\/","og_site_name":"Darmbakterien als Schl\u00fcssel zur Gesundheit","twitter_misc":{"Est. reading time":"1 minute"},"schema":{"@context":"https:\/\/schema.org","@graph":[{"@type":"WebPage","@id":"http:\/\/www.darmbakterien-buch.de\/darmbakterien-und-gesundheit\/","url":"http:\/\/www.darmbakterien-buch.de\/darmbakterien-und-gesundheit\/","name":"Darmbakterien und Gesundheit - Darmbakterien als Schl\u00fcssel zur Gesundheit, Dr. Zschocke","isPartOf":{"@id":"http:\/\/www.darmbakterien-buch.de\/#website"},"datePublished":"2020-12-16T00:32:42+00:00","breadcrumb":{"@id":"http:\/\/www.darmbakterien-buch.de\/darmbakterien-und-gesundheit\/#breadcrumb"},"inLanguage":"en-US","potentialAction":[{"@type":"ReadAction","target":["http:\/\/www.darmbakterien-buch.de\/darmbakterien-und-gesundheit\/"]}]},{"@type":"BreadcrumbList","@id":"http:\/\/www.darmbakterien-buch.de\/darmbakterien-und-gesundheit\/#breadcrumb","itemListElement":[{"@type":"ListItem","position":1,"name":"Home","item":"https:\/\/www.darmbakterien-buch.de\/en\/"},{"@type":"ListItem","position":2,"name":"Darmbakterien und Gesundheit"}]},{"@type":"WebSite","@id":"http:\/\/www.darmbakterien-buch.de\/#website","url":"http:\/\/www.darmbakterien-buch.de\/","name":"Darmbakterien als Schl\u00fcssel zur Gesundheit","description":"Buch von Dr. Anne Katharina Zschocke","potentialAction":[{"@type":"SearchAction","target":{"@type":"EntryPoint","urlTemplate":"http:\/\/www.darmbakterien-buch.de\/?s={search_term_string}"},"query-input":{"@type":"PropertyValueSpecification","valueRequired":true,"valueName":"search_term_string"}}],"inLanguage":"en-US"}]}},"_links":{"self":[{"href":"http:\/\/www.darmbakterien-buch.de\/en\/wp-json\/wp\/v2\/pages\/1911","targetHints":{"allow":["GET"]}}],"collection":[{"href":"http:\/\/www.darmbakterien-buch.de\/en\/wp-json\/wp\/v2\/pages"}],"about":[{"href":"http:\/\/www.darmbakterien-buch.de\/en\/wp-json\/wp\/v2\/types\/page"}],"author":[{"embeddable":true,"href":"http:\/\/www.darmbakterien-buch.de\/en\/wp-json\/wp\/v2\/users\/2"}],"replies":[{"embeddable":true,"href":"http:\/\/www.darmbakterien-buch.de\/en\/wp-json\/wp\/v2\/comments?post=1911"}],"version-history":[{"count":1,"href":"http:\/\/www.darmbakterien-buch.de\/en\/wp-json\/wp\/v2\/pages\/1911\/revisions"}],"predecessor-version":[{"id":1912,"href":"http:\/\/www.darmbakterien-buch.de\/en\/wp-json\/wp\/v2\/pages\/1911\/revisions\/1912"}],"wp:attachment":[{"href":"http:\/\/www.darmbakterien-buch.de\/en\/wp-json\/wp\/v2\/media?parent=1911"}],"curies":[{"name":"wp","href":"https:\/\/api.w.org\/{rel}","templated":true}]}}