{"id":2138,"date":"2022-01-19T11:14:49","date_gmt":"2022-01-19T10:14:49","guid":{"rendered":"http:\/\/www.darmbakterien-buch.de\/?page_id=2138"},"modified":"2022-01-19T11:16:18","modified_gmt":"2022-01-19T10:16:18","slug":"2021-vortraege-seminare-lesungen-wanderungen-fuehrungen","status":"publish","type":"page","link":"http:\/\/www.darmbakterien-buch.de\/en\/2021-vortraege-seminare-lesungen-wanderungen-fuehrungen\/","title":{"rendered":"2021 Vortr\u00e4ge, Seminare, Lesungen, Wanderungen und F\u00fchrungen"},"content":{"rendered":"<p>&nbsp;<\/p>\n<p><strong>\u00dcbersicht<\/strong><\/p>\n<ul>\n<li><a href=\"#2021-03-07_Bakterien-Zahnmedizin\">7.3.\u00a0Tagesseminar: Bakterielle Gesundheit des Mundraums und M\u00f6glichkeiten der Mikrobiomkorrektur<\/a><\/li>\n<li><a href=\"#2021-03-27_Bakterienkommunikation\">27.3. Vortrag: Bakterienkommunikation und Wurzelwachstum<\/a><\/li>\n<li><a href=\"#2021-03-28_Mikroben-Gesundheit\">28.3. Seminar: Mikroben und Gesundheit<\/a><\/li>\n<li><a href=\"#2021-05-2_Matronen_Eifel\">2.5. Mai bei den Matronen<\/a><\/li>\n<li><a href=\"#2021-06-10_Frieden-Bakterien-Vortrag\">10.6. Vortrag: Frieden mit Bakterien zur Heilung von Mensch und Erde<\/a><\/li>\n<li><a href=\"#2021-06-11_Darmbakterien-Gesundheit\">11.6. Seminar: Darmbakterien und Gesundheit<\/a><\/li>\n<li><a href=\"#2021-06-13_Frieden-Natur\">13.6. F\u00fchrung: Vom Frieden in der Natur<\/a><\/li>\n<li><a href=\"#2021-07-04_Matronentempel\">4.7. Matronenexkursion<\/a><\/li>\n<li><a href=\"#2021-07-09_Fernsehinterviews\">ab 7.9. Fernsehinterviews<\/a><\/li>\n<li><a href=\"#2021-10-01_Mikrobiompflege\">2.10. Seminar: Mikrobiompflege<\/a><\/li>\n<li><a href=\"#2021-10-29_Vortrag-Mikrobiom-Menschenbild\">29.10. Vortrag: Mikrobiom und Menschenbild<\/a><\/li>\n<li><a href=\"#2021-10-30_Heilung-Mikrobiom\">30.10. Vortrag: Heilung durch das Mikrobiom<\/a><\/li>\n<li><a href=\"#2021-10-30_Heilen-mit-Bakterien\">30.10. Seminar: Nat\u00fcrlich heilen mit Bakterien<\/a><\/li>\n<\/ul>\n<p>&nbsp;<\/p>\n<p><span id=\"2021-03-07_Bakterien-Zahnmedizin\">\u00a0<\/span><\/p>\n<h3>Tagesseminar:\u00a0Bakterielle Gesundheit des Mundraums und M\u00f6glichkeiten der Mikrobiomkorrektur<\/h3>\n<p class=\"h2-top\">Effektive Mikroorganismen (EM) im praktischem Einsatz<\/p>\n<p><strong>Sonntag, 7. M\u00e4rz 2021, 9 &#8211; 16 Uhr, 53332 Rheinbach\u00a0<\/strong><\/p>\n<p>Die Gemeinschaft aller Bakterien im Mundraum, sein sogenanntes Mundmikrobiom, wird inzwischen als funktionelles Organ betrachtet. Es erf\u00fcllt wichtige Aufgaben nicht nur f\u00fcr Z\u00e4hne, Zahnfleisch und Schleimh\u00e4ute, sondern auch f\u00fcr alle weiteren Verdauungsorgane und die Atemwege. Das Mikrobiom reguliert Entz\u00fcndungsprozesse.<br \/>\n<strong>Dies revolutioniert das Bild von Mensch und Mikrobe in der Medizin grundlegend.\u00a0<\/strong><a href=\"https:\/\/www.rrzf.de\/fortbildung.php\">mehr&#8230;<\/a><\/p>\n<p><strong> Ort<\/strong>: Waldhotel Rheinbach,\u00a0\u00d6lm\u00fchlenweg 98, 53359 Rheinbach<br \/>\n<strong>Anmeldungen bei<\/strong>: RRzF Tilman Fritz, <a href=\"mailto:info@rrzf.de\">info@rrzf.de<\/a>, <a href=\"https:\/\/www.rrzf.de\/fortbildung.php\">www.rrzf.de<\/a><\/p>\n<p><span id=\"2021-03-27_Bakterienkommunikation\">\u00a0<\/span><\/p>\n<h3>Vortrag: Bakterienkommunikation und Wurzelwachstum<\/h3>\n<p><strong><em>abgesagt<\/em> Samstag, 27. M\u00e4rz <\/strong><strong>2021<\/strong><strong>, 14 Uhr, CH-8376 Kloster Fischingen <\/strong><\/p>\n<p><strong>Ort: <\/strong>Kloster Fischingen, Kanton Thurgau<br \/>\n<strong>Kontakt<\/strong>: EM-Verein Schweiz, Anmeldung bei Martina Schwegler, Telefon <a href=\"tel:+41796232984\">+41 79 623 29 84<\/a>, <a href=\"mailto:martina.schwegler@bluewin.ch\">martina.schwegler@bluewin.ch<\/a><\/p>\n<p><span id=\"2021-03-28_Mikroben-Gesundheit\">\u00a0<\/span><\/p>\n<h3>Seminar: Mikroben und Gesundheit<\/h3>\n<p><strong><em>abgesagt<\/em> Sonntag, 28. M\u00e4rz <\/strong><strong>2021<\/strong><strong>, bis ca. 17 Uhr, CH-8376 Kloster Fischingen<\/strong><\/p>\n<p>Beim Verh\u00e4ltnis Mensch und Mikroben wird gew\u00f6hnlich davon ausgegangen, <a href=\"http:\/\/www.darmbakterien-buch.de\/seminar-mikroben-und-gesundheit-schweiz-2020\/\">mehr\u2026<\/a><\/p>\n<p><strong>Ort: <\/strong>Kloster Fischingen, Kanton Thurgau<br \/>\n<strong>Kontakt<\/strong>: EM-Verein Schweiz, Anmeldung bei Martina Schwegler, Telefon <a href=\"tel:+41796232984\">+41 79 623 29 84<\/a>, <a href=\"mailto:martina.schwegler@bluewin.ch\">martina.schwegler@bluewin.ch<\/a><\/p>\n<p><span id=\"2021-05-2_Matronen_Eifel\">\u00a0<\/span><\/p>\n<h3>Mai bei den Matronen<\/h3>\n<p><strong><em>abgesagt<\/em> Sonntag, 2. Mai 2021, 14 Uhr, 53947 Nettersheim<\/strong><\/p>\n<p><strong>Wanderung<\/strong> rund um die Kultur- und Naturgeschichte der Matronenverehrung mit Besuch der arch\u00e4ologischen Sammlung des Naturzentrums Nettersheim. <a href=\"http:\/\/www.darmbakterien-buch.de\/mai-bei-den-matronen\/\">mehr&#8230;<\/a><\/p>\n<p><span id=\"2021-06-10_Frieden-Bakterien-Vortrag\">\u00a0<\/span><\/p>\n<h3>Frieden mit Bakterien zur Heilung von Mensch und Erde<\/h3>\n<p>Vortrag mit Lesung und Gespr\u00e4ch<\/p>\n<p><strong><em>abgesagt<\/em> Donnerstag, den 10. Juni 2021, 19:30 Uhr, 03046 Cottbus<\/strong><\/p>\n<p>Frieden f\u00e4ngt im Kleinen an: mit den Bakterien. <a href=\"http:\/\/www.darmbakterien-buch.de\/frieden-mit-bakterien-zur-heilung-von-mensch-und-erde\/\">mehr&#8230;<\/a><br \/>\nDurch friedliche Kooperation mit Bakterien k\u00f6nnen akute und chronische Krankheiten heilen, und mit praktischem Einsatz von Effektiven Mikroorganismen lassen sich viele Alltagsprobleme leicht l\u00f6sen.<\/p>\n<p><strong>Beitrag<\/strong>: 10 \u20ac \/8 \u20ac erm\u00e4\u00dfigt<br \/>\n<strong>Ticketreservierung<\/strong>: Telefon 0355-38060-24 oder <a href=\"https:\/\/www.lernzentrum-cottbus.de\">lernzentrum-cottbus.de<\/a><br \/>\n<strong>Info<\/strong>: Im Rahmen des 28. Cottbuser B\u00fccherfr\u00fchling zum Thema \u201eWas ist Frieden?\u201c <a href=\"https:\/\/www.bibliothek-cottbus.de\">www.bibliothek-cottbus.de<\/a>, <a href=\"https:\/\/www.lernzentrum-cottbus.de\/de\/stadt-und-regionalbibliothek.html\">www.lernzentrum-cottbus.de<\/a><\/p>\n<p><span id=\"2021-06-11_Darmbakterien-Gesundheit\">\u00a0<\/span><\/p>\n<h3>Darmbakterien und Gesundheit<\/h3>\n<p><strong>Wie man mit Hilfe von Bakterien fit bleibt und gesund wird.<\/strong><\/p>\n<p>Seminar<\/p>\n<p><strong><em>abgesagt<\/em> Freitag, den 11. Juni 2021, 14:30 &#8211; 18 Uhr, 03046 Cottbus<\/strong><\/p>\n<p>Darmbakterien wirken auf den ganzen Menschen, und neueste Forschung <a href=\"http:\/\/www.darmbakterien-buch.de\/darmbakterien-und-gesundheit\/\">mehr&#8230;<\/a><\/p>\n<p>Wie man einem Bakterienmangel vorbeugt und wie Bakterien helfen k\u00f6nnen, wenn man erkrankt ist, wird im Seminar erkl\u00e4rt. Es gibt f\u00fcr die Teilnehmenden die M\u00f6glichkeit, eigene Fragen zu stellen.<\/p>\n<p><strong>Beitrag<\/strong>: 55 \u20ac. Anmeldung erforderlich<br \/>\n<strong>Info und Kontakt<\/strong>: Praxis Ute Thomas, \u00c4rztehaus, Uhlandstr. 53, 03050 Cottbus, <a href=\"mailto:mail@praxis-utethomas.de\">mail@praxis-utethomas.de<\/a><\/p>\n<p><span id=\"2021-06-13_Frieden-Natur\">\u00a0<\/span><\/p>\n<h3>Vom Frieden in der Natur<\/h3>\n<p><strong><em>abgesagt<\/em> Sonntag, den 13. Juni 2021, 14:00 &#8211; 16 Uhr, 03046 Cottbus<\/strong><\/p>\n<p>Naturkundlicher Gang durch den Branitzer Park mit Betrachtungen von Pflanzen und Landschaft Um uns zu erholen gehen wir vorzugsweise in die Natur. Warum tut uns das gut? Was geschieht, wenn wir &#8211; vielleicht sogar m\u00fcde oder traurig &#8211; einfach durch einen Park spazieren? <a href=\"http:\/\/www.darmbakterien-buch.de\/vom-frieden-in-der-natur\/\">mehr&#8230;<\/a><\/p>\n<p><strong>Ort:<\/strong> im Branitzer Park, Treffpunkt Schlosskasse<br \/>\n<strong>Anmeldung notwendig unter<\/strong>: 0355-7515-0 oder service@pueckler-museum.de<strong><br \/>\nBeitrag<\/strong>: 6 \u20ac<br \/>\n<strong>Info<\/strong>: Im Rahmen des 28. Cottbuser B\u00fccherfr\u00fchling zum Thema \u201eWas ist Frieden?\u201c <a href=\"http:\/\/www.pueckler-museum.de\/\">www.pueckler-museum.de<\/a><\/p>\n<p><span id=\"2021-07-04_Matronentempel\">\u00a0<\/span><\/p>\n<h3>Die dreifache G\u00f6ttin der Urzeit und die Matronentempel der Gegenwart<\/h3>\n<p><strong>Sonntag, 4. Juli 2021, circa 15-18 Uhr, 53947 Nettersheim<\/strong><\/p>\n<p><strong>Wanderung<\/strong> rund um die Kultur- und Naturgeschichte der Matronenverehrung.<\/p>\n<p>Bei einem Spaziergang zum Matronentempel G\u00f6rresburg erfahren wir Hintergr\u00fcnde der Matronenverehrung in keltischer und r\u00f6mischer Zeit und betrachten den geschichtlichen Werdegang eines Urbildes der Mutter, wie es best\u00e4ndig in der Natur erfahren werden kann. Wir folgen den Spuren der dreifachen G\u00f6ttin bis ins heutige Christentum und entdecken dabei immer wieder spannende Bez\u00fcge zwischen der alten Kultur und den Fragen des heutigen Lebens. Dies \u00f6ffnet heilsame Wege in die Zukunft. Auf dem rekonstruierten Tempelplatz mit Matronenweihesteinen l\u00e4sst sich die gegenw\u00e4rtige Qualit\u00e4t eines heiligen Ortes erleben.<\/p>\n<p><strong>Treffpunkt: <\/strong>An den Mammutb\u00e4umen neben dem Fachwerkhaus Urftstr. 10 F<br \/>\n<strong>Dauer<\/strong>: circa 3 Stunden. Wegstrecke 4 km. Stabiles Schuhprofil angeraten.<br \/>\n<strong>Beitrag<\/strong>: 15,- \u20ac<br \/>\nEine Veranstaltung in Kooperation mit der Buchhandlung Backhaus in Nettersheim<\/p>\n<p><strong>Anmeldung an<\/strong>: <a href=\"mailto:nettersheim@backhausbuch.de\">nettersheim@backhausbuch.de<\/a>, Telefon 02486-8019440<\/p>\n<p><span id=\"2021-07-09_Fernsehinterviews\">\u00a0<\/span><\/p>\n<h3>Interviews im Schweizer Gesundheitsfernsehen QS 24<\/h3>\n<p><strong>ab Dienstag, 7. September 2021, 18:00 Uhr: <\/strong><a href=\"http:\/\/www.darmbakterien-buch.de\/videos-buchpremiere\/#Gefaehrliche-Bakterien\">Gef\u00e4hrliche Bakterien? \u2013 Machen Bakterien krank?<\/a><\/p>\n<p><strong>ab Dienstag, 21. September 2021, 11:30 Uhr: <\/strong><a href=\"http:\/\/www.darmbakterien-buch.de\/videos-buchpremiere\/#Menschenbild-Bakteriologie\">Menschenbild in der Bakteriologie<\/a><\/p>\n<p><span id=\"m_90111583352336801422021-10-01_Mikrobiompflege\">Weitere Videos finden Sie fortlaufend unter<\/span><b><span id=\"m_90111583352336801422021-10-01_Mikrobiompflege\"><a href=\"http:\/\/www.darmbakterien-buch.de\/videos-buchpremiere\/\">&gt;&gt; Videos<\/a><\/span><\/b><\/p>\n<p><span id=\"m_90111583352336801422021-10-01_Mikrobiompflege\">Abonnieren Sie zus\u00e4tzlich gerne meinen <strong><a href=\"https:\/\/www.youtube.com\/channel\/UC-oREFUYsySUoPxB4AY6uQA\">YouTube-Kanal hier<\/a><\/strong><\/span><\/p>\n<p><span id=\"2021-10-01_Mikrobiompflege\">\u00a0<\/span><\/p>\n<h3>Tagesseminar: Heilung durch Mikrobiompflege<\/h3>\n<p><strong><em>abgesagt<\/em> Samstag, den 2. Oktober 2021,\u00a0 9-16 Uhr, CH-4600 Olten<\/strong><\/p>\n<p>Man wei\u00df inzwischen, dass die Zusammensetzung und Wechselwirkungen von Bakterien mit den \u00fcbrigen Zellen im Menschen \u00fcber Krankheit oder Gesundheit entscheiden. Das Mikrobiom als lebensnotwendige Gemeinschaft von Bakterien des Menschen gibt dem ganzen K\u00f6rper Anpassungsf\u00e4higkeit und Widerstandskraft. Es ist bei vielen Menschen geschw\u00e4cht und braucht Heilung. Alles was die Wirkf\u00e4higkeit und die Kommunikation der Bakterien st\u00f6rt f\u00fchrt zu erh\u00f6hter Infektanf\u00e4lligkeit und Erkrankungen wie Unvertr\u00e4glichkeiten, Entz\u00fcndungen, Diabetes, \u00dcbergewicht und hat auch psychische Auswirkungen. Damit tritt zur Heilung nicht die Beseitigung eines \u201eErregers\u201c in den Vordergrund, sondern die Wiederherstellung von Vielfalt, F\u00fclle und gesunde Dynamik der Bakterien sowie ihre freie Verst\u00e4ndigung untereinander und mit Gewebezellen. Das ist mit einer ganzheitlichen Mikrobiompflege m\u00f6glich.<\/p>\n<p><b>Beitrag: <\/b>Fr. 130.00 f\u00fcr Mitglieder, Nicht-Mitglieder Fr. 150.00 (inkl. Verpflegung)<\/p>\n<p><b>Anmeldung<\/b>: Gesch\u00e4ftsstelle EM-Verein, c\/o Anouk B\u00fcrgler, Am B\u00e4chli 6, 5632 Buttwil,<\/p>\n<p><a href=\"mailto:sekretariat@em-verein.ch\">sekretariat@em-verein.ch<\/a><\/p>\n<p><span id=\"2021-10-29_Vortrag-Mikrobiom-Menschenbild\">\u00a0<\/span><\/p>\n<h3>Vortrag: \u201eMikrobiom und Menschenbild\u201c<\/h3>\n<p><strong><em>abgesagt<\/em> Freitag, den 29. Oktober 2021, 16 Uhr, 76530 Baden-Baden<\/strong><\/p>\n<p>im Rahmen der Tagung F.X. Mayr\u00a0 <a href=\"http:\/\/www.darmbakterien-buch.de\/vortrag-mikrobiom-und-menschenbild-2021\/\">mehr&#8230; <\/a><span id=\"2021-10-30_Heilung-Mikrobiom\"><\/span><\/p>\n<p><span id=\"2021-10-30_Heilung-Mikrobiom\">[F\u00fcr die entt\u00e4uschten Betroffenen: Der Vortrag wurde kurzfristig von den Veranstaltern abgesagt und von mir wurde nie, wie f\u00e4lschlicherweise behauptet, ein Online-Ersatz daf\u00fcr ins Programm gesetzt.]<br \/>\n<\/span><\/p>\n<h3>Vortrag: \u201eHeilung durch das Mikrobiom\u201c<\/h3>\n<p><strong>\u00a0<em>abgesagt <\/em>Samstag, den 30. Oktober 2021, 9:30 Uhr, 76530 Baden-Baden<\/strong><\/p>\n<p>f\u00fcr die Internationale Gesellschaft f\u00fcr Ganzheitliche ZahnMedizin e.V<br \/>\n<span id=\"2021-10-30_Heilen-mit-Bakterien\">\u00a0<\/span><\/p>\n<h3>Seminar: Nat\u00fcrlich heilen mit Bakterien<\/h3>\n<p><strong><em>abgesagt<\/em> Samstag, 30. Oktober 2021, 14:30 &#8211; 18:30 Uhr, 76530 Baden-Baden<\/strong><\/p>\n<p>Das Mikrobiom des Menschen gibt dem ganzen K\u00f6rper Flexibilit\u00e4t, Stabilit\u00e4t und <a href=\"http:\/\/www.darmbakterien-buch.de\/seminar-natuerlich-heilen-mit-bakterien-2021\/\">mehr&#8230;<\/a><\/p>\n<p><strong>Ort:<\/strong> f\u00fcr alle drei Veranstaltungen Kongresshaus Baden-Baden, Augustaplatz 10, Im Rahmen der Medizinischen Woche 2021 <a href=\"http:\/\/www.medwoche.de\/index.htm\">www.medwoche.de<\/a><\/p>\n<p>&nbsp;<\/p>\n<hr \/>\n<p>&nbsp;<\/p>\n<p><a href=\"http:\/\/www.darmbakterien-buch.de\/veranstaltungen-seminare\/\"><strong>&lt;&lt; Aktuelle Termine<\/strong><\/a><\/p>\n","protected":false},"excerpt":{"rendered":"<p>&nbsp; \u00dcbersicht 7.3.\u00a0Tagesseminar: Bakterielle Gesundheit des Mundraums und M\u00f6glichkeiten der Mikrobiomkorrektur 27.3. Vortrag: Bakterienkommunikation und [&hellip;]<\/p>\n","protected":false},"author":2,"featured_media":0,"parent":0,"menu_order":0,"comment_status":"closed","ping_status":"closed","template":"","meta":{"footnotes":""},"class_list":["post-2138","page","type-page","status-publish","hentry"],"yoast_head":"<!-- This site is optimized with the Yoast SEO plugin v27.4 - https:\/\/yoast.com\/product\/yoast-seo-wordpress\/ -->\n<title>2021 Vortr\u00e4ge, Seminare, Lesungen, Wanderungen und F\u00fchrungen - Darmbakterien als Schl\u00fcssel zur Gesundheit, Dr. Zschocke<\/title>\n<meta name=\"robots\" content=\"index, follow, max-snippet:-1, max-image-preview:large, max-video-preview:-1\" \/>\n<link rel=\"canonical\" href=\"http:\/\/www.darmbakterien-buch.de\/en\/2021-vortraege-seminare-lesungen-wanderungen-fuehrungen\/\" \/>\n<meta property=\"og:locale\" content=\"en_US\" \/>\n<meta property=\"og:type\" content=\"article\" \/>\n<meta property=\"og:title\" content=\"2021 Vortr\u00e4ge, Seminare, Lesungen, Wanderungen und F\u00fchrungen - Darmbakterien als Schl\u00fcssel zur Gesundheit, Dr. Zschocke\" \/>\n<meta property=\"og:description\" content=\"&nbsp; \u00dcbersicht 7.3.\u00a0Tagesseminar: Bakterielle Gesundheit des Mundraums und M\u00f6glichkeiten der Mikrobiomkorrektur 27.3. Vortrag: Bakterienkommunikation und [&hellip;]\" \/>\n<meta property=\"og:url\" content=\"http:\/\/www.darmbakterien-buch.de\/en\/2021-vortraege-seminare-lesungen-wanderungen-fuehrungen\/\" \/>\n<meta property=\"og:site_name\" content=\"Darmbakterien als Schl\u00fcssel zur Gesundheit\" \/>\n<meta property=\"article:modified_time\" content=\"2022-01-19T10:16:18+00:00\" \/>\n<meta name=\"twitter:label1\" content=\"Est. reading time\" \/>\n\t<meta name=\"twitter:data1\" content=\"5 minutes\" \/>\n<script type=\"application\/ld+json\" class=\"yoast-schema-graph\">{\"@context\":\"https:\\\/\\\/schema.org\",\"@graph\":[{\"@type\":\"WebPage\",\"@id\":\"http:\\\/\\\/www.darmbakterien-buch.de\\\/en\\\/2021-vortraege-seminare-lesungen-wanderungen-fuehrungen\\\/\",\"url\":\"http:\\\/\\\/www.darmbakterien-buch.de\\\/en\\\/2021-vortraege-seminare-lesungen-wanderungen-fuehrungen\\\/\",\"name\":\"2021 Vortr\u00e4ge, Seminare, Lesungen, Wanderungen und F\u00fchrungen - Darmbakterien als Schl\u00fcssel zur Gesundheit, Dr. Zschocke\",\"isPartOf\":{\"@id\":\"http:\\\/\\\/www.darmbakterien-buch.de\\\/en\\\/#website\"},\"datePublished\":\"2022-01-19T10:14:49+00:00\",\"dateModified\":\"2022-01-19T10:16:18+00:00\",\"breadcrumb\":{\"@id\":\"http:\\\/\\\/www.darmbakterien-buch.de\\\/en\\\/2021-vortraege-seminare-lesungen-wanderungen-fuehrungen\\\/#breadcrumb\"},\"inLanguage\":\"en-US\",\"potentialAction\":[{\"@type\":\"ReadAction\",\"target\":[\"http:\\\/\\\/www.darmbakterien-buch.de\\\/en\\\/2021-vortraege-seminare-lesungen-wanderungen-fuehrungen\\\/\"]}]},{\"@type\":\"BreadcrumbList\",\"@id\":\"http:\\\/\\\/www.darmbakterien-buch.de\\\/en\\\/2021-vortraege-seminare-lesungen-wanderungen-fuehrungen\\\/#breadcrumb\",\"itemListElement\":[{\"@type\":\"ListItem\",\"position\":1,\"name\":\"Home\",\"item\":\"http:\\\/\\\/www.darmbakterien-buch.de\\\/en\\\/\"},{\"@type\":\"ListItem\",\"position\":2,\"name\":\"2021 Vortr\u00e4ge, Seminare, Lesungen, Wanderungen und F\u00fchrungen\"}]},{\"@type\":\"WebSite\",\"@id\":\"http:\\\/\\\/www.darmbakterien-buch.de\\\/en\\\/#website\",\"url\":\"http:\\\/\\\/www.darmbakterien-buch.de\\\/en\\\/\",\"name\":\"Darmbakterien als Schl\u00fcssel zur Gesundheit\",\"description\":\"Buch von Dr. Anne Katharina Zschocke\",\"potentialAction\":[{\"@type\":\"SearchAction\",\"target\":{\"@type\":\"EntryPoint\",\"urlTemplate\":\"http:\\\/\\\/www.darmbakterien-buch.de\\\/en\\\/?s={search_term_string}\"},\"query-input\":{\"@type\":\"PropertyValueSpecification\",\"valueRequired\":true,\"valueName\":\"search_term_string\"}}],\"inLanguage\":\"en-US\"}]}<\/script>\n<!-- \/ Yoast SEO plugin. -->","yoast_head_json":{"title":"2021 Vortr\u00e4ge, Seminare, Lesungen, Wanderungen und F\u00fchrungen - Darmbakterien als Schl\u00fcssel zur Gesundheit, Dr. Zschocke","robots":{"index":"index","follow":"follow","max-snippet":"max-snippet:-1","max-image-preview":"max-image-preview:large","max-video-preview":"max-video-preview:-1"},"canonical":"http:\/\/www.darmbakterien-buch.de\/en\/2021-vortraege-seminare-lesungen-wanderungen-fuehrungen\/","og_locale":"en_US","og_type":"article","og_title":"2021 Vortr\u00e4ge, Seminare, Lesungen, Wanderungen und F\u00fchrungen - Darmbakterien als Schl\u00fcssel zur Gesundheit, Dr. Zschocke","og_description":"&nbsp; \u00dcbersicht 7.3.\u00a0Tagesseminar: Bakterielle Gesundheit des Mundraums und M\u00f6glichkeiten der Mikrobiomkorrektur 27.3. Vortrag: Bakterienkommunikation und [&hellip;]","og_url":"http:\/\/www.darmbakterien-buch.de\/en\/2021-vortraege-seminare-lesungen-wanderungen-fuehrungen\/","og_site_name":"Darmbakterien als Schl\u00fcssel zur Gesundheit","article_modified_time":"2022-01-19T10:16:18+00:00","twitter_misc":{"Est. reading time":"5 minutes"},"schema":{"@context":"https:\/\/schema.org","@graph":[{"@type":"WebPage","@id":"http:\/\/www.darmbakterien-buch.de\/en\/2021-vortraege-seminare-lesungen-wanderungen-fuehrungen\/","url":"http:\/\/www.darmbakterien-buch.de\/en\/2021-vortraege-seminare-lesungen-wanderungen-fuehrungen\/","name":"2021 Vortr\u00e4ge, Seminare, Lesungen, Wanderungen und F\u00fchrungen - Darmbakterien als Schl\u00fcssel zur Gesundheit, Dr. Zschocke","isPartOf":{"@id":"http:\/\/www.darmbakterien-buch.de\/en\/#website"},"datePublished":"2022-01-19T10:14:49+00:00","dateModified":"2022-01-19T10:16:18+00:00","breadcrumb":{"@id":"http:\/\/www.darmbakterien-buch.de\/en\/2021-vortraege-seminare-lesungen-wanderungen-fuehrungen\/#breadcrumb"},"inLanguage":"en-US","potentialAction":[{"@type":"ReadAction","target":["http:\/\/www.darmbakterien-buch.de\/en\/2021-vortraege-seminare-lesungen-wanderungen-fuehrungen\/"]}]},{"@type":"BreadcrumbList","@id":"http:\/\/www.darmbakterien-buch.de\/en\/2021-vortraege-seminare-lesungen-wanderungen-fuehrungen\/#breadcrumb","itemListElement":[{"@type":"ListItem","position":1,"name":"Home","item":"http:\/\/www.darmbakterien-buch.de\/en\/"},{"@type":"ListItem","position":2,"name":"2021 Vortr\u00e4ge, Seminare, Lesungen, Wanderungen und F\u00fchrungen"}]},{"@type":"WebSite","@id":"http:\/\/www.darmbakterien-buch.de\/en\/#website","url":"http:\/\/www.darmbakterien-buch.de\/en\/","name":"Darmbakterien als Schl\u00fcssel zur Gesundheit","description":"Buch von Dr. Anne Katharina Zschocke","potentialAction":[{"@type":"SearchAction","target":{"@type":"EntryPoint","urlTemplate":"http:\/\/www.darmbakterien-buch.de\/en\/?s={search_term_string}"},"query-input":{"@type":"PropertyValueSpecification","valueRequired":true,"valueName":"search_term_string"}}],"inLanguage":"en-US"}]}},"_links":{"self":[{"href":"http:\/\/www.darmbakterien-buch.de\/en\/wp-json\/wp\/v2\/pages\/2138","targetHints":{"allow":["GET"]}}],"collection":[{"href":"http:\/\/www.darmbakterien-buch.de\/en\/wp-json\/wp\/v2\/pages"}],"about":[{"href":"http:\/\/www.darmbakterien-buch.de\/en\/wp-json\/wp\/v2\/types\/page"}],"author":[{"embeddable":true,"href":"http:\/\/www.darmbakterien-buch.de\/en\/wp-json\/wp\/v2\/users\/2"}],"replies":[{"embeddable":true,"href":"http:\/\/www.darmbakterien-buch.de\/en\/wp-json\/wp\/v2\/comments?post=2138"}],"version-history":[{"count":3,"href":"http:\/\/www.darmbakterien-buch.de\/en\/wp-json\/wp\/v2\/pages\/2138\/revisions"}],"predecessor-version":[{"id":2144,"href":"http:\/\/www.darmbakterien-buch.de\/en\/wp-json\/wp\/v2\/pages\/2138\/revisions\/2144"}],"wp:attachment":[{"href":"http:\/\/www.darmbakterien-buch.de\/en\/wp-json\/wp\/v2\/media?parent=2138"}],"curies":[{"name":"wp","href":"https:\/\/api.w.org\/{rel}","templated":true}]}}