{"id":2508,"date":"2023-02-15T15:09:53","date_gmt":"2023-02-15T14:09:53","guid":{"rendered":"http:\/\/www.darmbakterien-buch.de\/?page_id=2508"},"modified":"2023-02-15T15:10:28","modified_gmt":"2023-02-15T14:10:28","slug":"tagesseminar-mit-bakterien-vorsorgen-und-heilen","status":"publish","type":"page","link":"http:\/\/www.darmbakterien-buch.de\/en\/tagesseminar-mit-bakterien-vorsorgen-und-heilen\/","title":{"rendered":"Mit Bakterien vorsorgen und heilen"},"content":{"rendered":"<h2>Effektive Mikroorganismen (EM) praktisch anwenden in Garten, Haushalt, Hygiene und f\u00fcr die Gesundheit<\/h2>\n<p><strong>Tagesseminar<\/strong> am Samstag, 1. April 2023 in Steffeln \/ Vulkaneifel<\/p>\n<p>Gesundheit f\u00e4ngt im Kleinen an: Mit den Bakterien. Es gibt auf der Erde kein Leben ohne Bakterien, aber es kommt ganz darauf an, welche es sind. In Boden, Pflanze, Tier und Mensch sorgt ein nat\u00fcrliches Gleichgewicht f\u00fcr gesundes Wachstum, Bl\u00fchfreudigkeit und reiche Ernte und verhindert Krankheit und Sch\u00e4dlingsbefall. Bakterien regulieren das Immunsystem und dienen dem Schutz vor Infektionen. Bis vor Kurzem galten sie als \u201eKrankheitserreger\u201c und wurden bek\u00e4mpft. Dieser Irrtum hat fast \u00fcberall zu einem Ungleichgewicht gef\u00fchrt, aus dem Krankheiten, Resistenzen, F\u00e4ulnis, Sch\u00e4dlingsbefall, und M\u00e4ngel folgen. Algen im Teich, Biotonne stinkt oder Tomaten haben Pilze: Mit Hilfe von Bakterien lassen sich viele Probleme l\u00f6sen.<br \/>\nBei Tieren und Menschen lassen sich viele Krankheiten erfolgreich mit Bakterien behandeln, insbesondere chronische und wiederkehrende Entz\u00fcndungen, z.B. von Blase, Darm, Haut und Z\u00e4hnen. Kennt man die Wege, auf denen sie entstehen, kann man mit bakterieller Hilfe auf erstaunliche Weise Heilung bewirken.<br \/>\nDenn heute wei\u00df man, dass Bakterien als Gemeinschaften leben, \u201eMikrobiome\u201c genannt, und sich \u00fcberall mit K\u00f6rper-, Wurzel- oder Pflanzenzellen verst\u00e4ndigen. Damit halten sie die gesunde Zellordnung der Lebewesen aufrecht und sch\u00fctzen sie. Diese Bakteriengemeinschaften kann man durch einfache Ma\u00dfnahmen unterst\u00fctzen.<\/p>\n<p>Effektive Mikroorganismen (EM) sind eine Mikrobengemeinschaft in fl\u00fcssiger L\u00f6sung, die seit Jahrzehnten weltweit eingesetzt wird, um Probleme zu l\u00f6sen. Zuletzt wurden sie in unserer Region bekannt, weil sie nach der Flutkatastrophe erfolgreich eingesetzt wurden, um den Gestank zu neutralisieren, Schimmel und Rost einzud\u00e4mmen, Seuchen vorzubeugen und B\u00f6den von Gift zu sanieren.<\/p>\n<h3>Seminarthemen<\/h3>\n<ul>\n<li>Die Bedeutung der Bakterien und ihre Rolle in Gesundheit und Krankheit in Boden, Pflanzen, Tier und Mensch<\/li>\n<li>Was ist ein bakterienfreundliches Leben im Alltag<\/li>\n<li>Was sind Effektive Mikroorganismen (EM)<\/li>\n<li>Wie kann man EM praktisch in Haushalt, Garten, Hygiene und f\u00fcr die Gesundheit einsetzen<\/li>\n<li>Antworten auf Ihre mitgebrachten Fragen<\/li>\n<\/ul>\n<p>Freuen Sie sich auf Heilung und darauf, Bakterien als Helfer im Alltag willkommen zu hei\u00dfen!<\/p>\n<p><strong>Datum<\/strong>: Samstag, 1. April 2023\u00a0 9:30 &#8211; 18 Uhr mit Pausen<br \/>\n<strong>Ort<\/strong>: Vulkanhotel, Hochstr. 7, 54579 Steffeln \/ Vulkaneifelkreis<br \/>\n<strong>Veranstalter<\/strong>: Katholische Erwachsenenbildung \u00dcxheim<br \/>\n<strong>Beitrag<\/strong>: 178 \u20ac (darin enthalten: 58 \u20ac f\u00fcr Raum, Getr\u00e4nke, Kaffeepausen und Mittagessen)<br \/>\n<strong>Anmeldungen<\/strong>\u00a0an und Details bei: Hanne Bernardy\u00a0<span lang=\"zxx\"><u><a class=\"mailto-link\" data-enc-email=\"RZ-XRO-RVSRY[at]jro.qr\" data-wpel-link=\"ignore\"><span id=\"eeb-710464-21058\">EM-KEB-EIFEL@web.de<\/span><\/a><\/u><\/span><\/p>\n<p>Sie erhalten per E-Mail eine Best\u00e4tigung mit der Kontoverbindung zur \u00dcberweisung f\u00fcr die Platzreservierung.<br \/>\nWenn Sie mit \u00f6ffentlichen Verkehrsmitteln anreisen wollen und keine L\u00f6sung finden, sprechen Sie uns an. Das Schienennetz ist seit der Flut noch in Reparatur.<\/p>\n","protected":false},"excerpt":{"rendered":"<p>Effektive Mikroorganismen (EM) praktisch anwenden in Garten, Haushalt, Hygiene und f\u00fcr die Gesundheit Tagesseminar am [&hellip;]<\/p>\n","protected":false},"author":2,"featured_media":0,"parent":0,"menu_order":0,"comment_status":"closed","ping_status":"closed","template":"","meta":{"footnotes":""},"class_list":["post-2508","page","type-page","status-publish","hentry"],"yoast_head":"<!-- This site is optimized with the Yoast SEO plugin v27.4 - https:\/\/yoast.com\/product\/yoast-seo-wordpress\/ -->\n<title>Mit Bakterien vorsorgen und heilen - Darmbakterien als Schl\u00fcssel zur Gesundheit, Dr. Zschocke<\/title>\n<meta name=\"robots\" content=\"index, follow, max-snippet:-1, max-image-preview:large, max-video-preview:-1\" \/>\n<link rel=\"canonical\" href=\"http:\/\/www.darmbakterien-buch.de\/en\/tagesseminar-mit-bakterien-vorsorgen-und-heilen\/\" \/>\n<meta property=\"og:locale\" content=\"en_US\" \/>\n<meta property=\"og:type\" content=\"article\" \/>\n<meta property=\"og:title\" content=\"Mit Bakterien vorsorgen und heilen - Darmbakterien als Schl\u00fcssel zur Gesundheit, Dr. Zschocke\" \/>\n<meta property=\"og:description\" content=\"Effektive Mikroorganismen (EM) praktisch anwenden in Garten, Haushalt, Hygiene und f\u00fcr die Gesundheit Tagesseminar am [&hellip;]\" \/>\n<meta property=\"og:url\" content=\"http:\/\/www.darmbakterien-buch.de\/en\/tagesseminar-mit-bakterien-vorsorgen-und-heilen\/\" \/>\n<meta property=\"og:site_name\" content=\"Darmbakterien als Schl\u00fcssel zur Gesundheit\" \/>\n<meta property=\"article:modified_time\" content=\"2023-02-15T14:10:28+00:00\" \/>\n<meta name=\"twitter:label1\" content=\"Est. reading time\" \/>\n\t<meta name=\"twitter:data1\" content=\"3 minutes\" \/>\n<script type=\"application\/ld+json\" class=\"yoast-schema-graph\">{\"@context\":\"https:\\\/\\\/schema.org\",\"@graph\":[{\"@type\":\"WebPage\",\"@id\":\"http:\\\/\\\/www.darmbakterien-buch.de\\\/en\\\/tagesseminar-mit-bakterien-vorsorgen-und-heilen\\\/\",\"url\":\"http:\\\/\\\/www.darmbakterien-buch.de\\\/en\\\/tagesseminar-mit-bakterien-vorsorgen-und-heilen\\\/\",\"name\":\"Mit Bakterien vorsorgen und heilen - Darmbakterien als Schl\u00fcssel zur Gesundheit, Dr. Zschocke\",\"isPartOf\":{\"@id\":\"http:\\\/\\\/www.darmbakterien-buch.de\\\/#website\"},\"datePublished\":\"2023-02-15T14:09:53+00:00\",\"dateModified\":\"2023-02-15T14:10:28+00:00\",\"breadcrumb\":{\"@id\":\"http:\\\/\\\/www.darmbakterien-buch.de\\\/en\\\/tagesseminar-mit-bakterien-vorsorgen-und-heilen\\\/#breadcrumb\"},\"inLanguage\":\"en-US\",\"potentialAction\":[{\"@type\":\"ReadAction\",\"target\":[\"http:\\\/\\\/www.darmbakterien-buch.de\\\/en\\\/tagesseminar-mit-bakterien-vorsorgen-und-heilen\\\/\"]}]},{\"@type\":\"BreadcrumbList\",\"@id\":\"http:\\\/\\\/www.darmbakterien-buch.de\\\/en\\\/tagesseminar-mit-bakterien-vorsorgen-und-heilen\\\/#breadcrumb\",\"itemListElement\":[{\"@type\":\"ListItem\",\"position\":1,\"name\":\"Home\",\"item\":\"https:\\\/\\\/www.darmbakterien-buch.de\\\/en\\\/\"},{\"@type\":\"ListItem\",\"position\":2,\"name\":\"Mit Bakterien vorsorgen und heilen\"}]},{\"@type\":\"WebSite\",\"@id\":\"http:\\\/\\\/www.darmbakterien-buch.de\\\/#website\",\"url\":\"http:\\\/\\\/www.darmbakterien-buch.de\\\/\",\"name\":\"Darmbakterien als Schl\u00fcssel zur Gesundheit\",\"description\":\"Buch von Dr. Anne Katharina Zschocke\",\"potentialAction\":[{\"@type\":\"SearchAction\",\"target\":{\"@type\":\"EntryPoint\",\"urlTemplate\":\"http:\\\/\\\/www.darmbakterien-buch.de\\\/?s={search_term_string}\"},\"query-input\":{\"@type\":\"PropertyValueSpecification\",\"valueRequired\":true,\"valueName\":\"search_term_string\"}}],\"inLanguage\":\"en-US\"}]}<\/script>\n<!-- \/ Yoast SEO plugin. -->","yoast_head_json":{"title":"Mit Bakterien vorsorgen und heilen - Darmbakterien als Schl\u00fcssel zur Gesundheit, Dr. Zschocke","robots":{"index":"index","follow":"follow","max-snippet":"max-snippet:-1","max-image-preview":"max-image-preview:large","max-video-preview":"max-video-preview:-1"},"canonical":"http:\/\/www.darmbakterien-buch.de\/en\/tagesseminar-mit-bakterien-vorsorgen-und-heilen\/","og_locale":"en_US","og_type":"article","og_title":"Mit Bakterien vorsorgen und heilen - Darmbakterien als Schl\u00fcssel zur Gesundheit, Dr. Zschocke","og_description":"Effektive Mikroorganismen (EM) praktisch anwenden in Garten, Haushalt, Hygiene und f\u00fcr die Gesundheit Tagesseminar am [&hellip;]","og_url":"http:\/\/www.darmbakterien-buch.de\/en\/tagesseminar-mit-bakterien-vorsorgen-und-heilen\/","og_site_name":"Darmbakterien als Schl\u00fcssel zur Gesundheit","article_modified_time":"2023-02-15T14:10:28+00:00","twitter_misc":{"Est. reading time":"3 minutes"},"schema":{"@context":"https:\/\/schema.org","@graph":[{"@type":"WebPage","@id":"http:\/\/www.darmbakterien-buch.de\/en\/tagesseminar-mit-bakterien-vorsorgen-und-heilen\/","url":"http:\/\/www.darmbakterien-buch.de\/en\/tagesseminar-mit-bakterien-vorsorgen-und-heilen\/","name":"Mit Bakterien vorsorgen und heilen - Darmbakterien als Schl\u00fcssel zur Gesundheit, Dr. Zschocke","isPartOf":{"@id":"http:\/\/www.darmbakterien-buch.de\/#website"},"datePublished":"2023-02-15T14:09:53+00:00","dateModified":"2023-02-15T14:10:28+00:00","breadcrumb":{"@id":"http:\/\/www.darmbakterien-buch.de\/en\/tagesseminar-mit-bakterien-vorsorgen-und-heilen\/#breadcrumb"},"inLanguage":"en-US","potentialAction":[{"@type":"ReadAction","target":["http:\/\/www.darmbakterien-buch.de\/en\/tagesseminar-mit-bakterien-vorsorgen-und-heilen\/"]}]},{"@type":"BreadcrumbList","@id":"http:\/\/www.darmbakterien-buch.de\/en\/tagesseminar-mit-bakterien-vorsorgen-und-heilen\/#breadcrumb","itemListElement":[{"@type":"ListItem","position":1,"name":"Home","item":"https:\/\/www.darmbakterien-buch.de\/en\/"},{"@type":"ListItem","position":2,"name":"Mit Bakterien vorsorgen und heilen"}]},{"@type":"WebSite","@id":"http:\/\/www.darmbakterien-buch.de\/#website","url":"http:\/\/www.darmbakterien-buch.de\/","name":"Darmbakterien als Schl\u00fcssel zur Gesundheit","description":"Buch von Dr. Anne Katharina Zschocke","potentialAction":[{"@type":"SearchAction","target":{"@type":"EntryPoint","urlTemplate":"http:\/\/www.darmbakterien-buch.de\/?s={search_term_string}"},"query-input":{"@type":"PropertyValueSpecification","valueRequired":true,"valueName":"search_term_string"}}],"inLanguage":"en-US"}]}},"_links":{"self":[{"href":"http:\/\/www.darmbakterien-buch.de\/en\/wp-json\/wp\/v2\/pages\/2508","targetHints":{"allow":["GET"]}}],"collection":[{"href":"http:\/\/www.darmbakterien-buch.de\/en\/wp-json\/wp\/v2\/pages"}],"about":[{"href":"http:\/\/www.darmbakterien-buch.de\/en\/wp-json\/wp\/v2\/types\/page"}],"author":[{"embeddable":true,"href":"http:\/\/www.darmbakterien-buch.de\/en\/wp-json\/wp\/v2\/users\/2"}],"replies":[{"embeddable":true,"href":"http:\/\/www.darmbakterien-buch.de\/en\/wp-json\/wp\/v2\/comments?post=2508"}],"version-history":[{"count":1,"href":"http:\/\/www.darmbakterien-buch.de\/en\/wp-json\/wp\/v2\/pages\/2508\/revisions"}],"predecessor-version":[{"id":2510,"href":"http:\/\/www.darmbakterien-buch.de\/en\/wp-json\/wp\/v2\/pages\/2508\/revisions\/2510"}],"wp:attachment":[{"href":"http:\/\/www.darmbakterien-buch.de\/en\/wp-json\/wp\/v2\/media?parent=2508"}],"curies":[{"name":"wp","href":"https:\/\/api.w.org\/{rel}","templated":true}]}}