{"id":2511,"date":"2023-02-15T15:15:45","date_gmt":"2023-02-15T14:15:45","guid":{"rendered":"http:\/\/www.darmbakterien-buch.de\/?page_id=2511"},"modified":"2023-02-15T15:15:45","modified_gmt":"2023-02-15T14:15:45","slug":"effektive-mikroorganismen-was-sie-koennen-und-wie-man-sie-anwendet","status":"publish","type":"page","link":"http:\/\/www.darmbakterien-buch.de\/en\/effektive-mikroorganismen-was-sie-koennen-und-wie-man-sie-anwendet\/","title":{"rendered":"Effektive Mikroorganismen: Was sie k\u00f6nnen und wie man sie anwendet"},"content":{"rendered":"<h2>Vortrag und Fragenbeantwortung<\/h2>\n<p><strong>Donnerstag, 13. April 2023 19 Uhr\u00a0 50374 Erftstadt-Friesheim<\/strong><\/p>\n<p><strong>Vortrag und Fragenbeantwortung: <\/strong>Im Garten sorgen sie f\u00fcr sch\u00e4dlingsfreies Wachstum, in der Hygiene, bei Mensch und Tier f\u00f6rdern sie die Gesundheit und nach der Flutkatastrophe wurden sie erfolgreich eingesetzt, um Gestank zu neutralisieren und Schimmel einzud\u00e4mmen: Effektive Mikroorganismen (EM) helfen immer da, wo es Probleme mit Bakterien, Pilzen oder Viren gibt. Wo es fault, stinkt oder k\u00fcmmert, wo Lebendigkeit fehlt und bei Krankheiten k\u00f6nnen EM den Lebensraum heilen und harmonisieren.<\/p>\n<p>Warum ist das m\u00f6glich? Und wie werden Effektive Mikroorganismen sinnvoll in Garten, Haushalt, bei Mensch und Tier angewendet ? Was ist zu beachten?<br \/>\nNach einem gut einst\u00fcndigen Vortrag gibt es Zeit, eigene mitgebrachte Fragen zu stellen.<\/p>\n<p><strong>Ort:<\/strong> Seminarraum im Umweltzentrum Friesheimer Busch <a href=\"https:\/\/www.umweltzentrum-erftstadt.de\/\">www.umweltzentrum-erftstadt.de<\/a><br \/>\n<strong>Veranstalter:<\/strong> Umweltnetzwerk Erftstadt. Kontakt und<br \/>\n<strong>Kontakt und Anmeldung:<\/strong> Dr. Wolfgang Mett, <a href=\"mailto:wolfgang.mett@outlook.de\">wolfgang.mett@outlook.de<\/a><br \/>\n<strong>Beitrag:<\/strong> 12 \u20ac<\/p>\n","protected":false},"excerpt":{"rendered":"<p>Vortrag und Fragenbeantwortung Donnerstag, 13. April 2023 19 Uhr\u00a0 50374 Erftstadt-Friesheim Vortrag und Fragenbeantwortung: Im [&hellip;]<\/p>\n","protected":false},"author":2,"featured_media":0,"parent":0,"menu_order":0,"comment_status":"closed","ping_status":"closed","template":"","meta":{"footnotes":""},"class_list":["post-2511","page","type-page","status-publish","hentry"],"yoast_head":"<!-- This site is optimized with the Yoast SEO plugin v27.5 - https:\/\/yoast.com\/product\/yoast-seo-wordpress\/ -->\n<title>Effektive Mikroorganismen: Was sie k\u00f6nnen und wie man sie anwendet - Darmbakterien als Schl\u00fcssel zur Gesundheit, Dr. Zschocke<\/title>\n<meta name=\"robots\" content=\"index, follow, max-snippet:-1, max-image-preview:large, max-video-preview:-1\" \/>\n<link rel=\"canonical\" href=\"http:\/\/www.darmbakterien-buch.de\/en\/effektive-mikroorganismen-was-sie-koennen-und-wie-man-sie-anwendet\/\" \/>\n<meta property=\"og:locale\" content=\"en_US\" \/>\n<meta property=\"og:type\" content=\"article\" \/>\n<meta property=\"og:title\" content=\"Effektive Mikroorganismen: Was sie k\u00f6nnen und wie man sie anwendet - Darmbakterien als Schl\u00fcssel zur Gesundheit, Dr. Zschocke\" \/>\n<meta property=\"og:description\" content=\"Vortrag und Fragenbeantwortung Donnerstag, 13. April 2023 19 Uhr\u00a0 50374 Erftstadt-Friesheim Vortrag und Fragenbeantwortung: Im [&hellip;]\" \/>\n<meta property=\"og:url\" content=\"http:\/\/www.darmbakterien-buch.de\/en\/effektive-mikroorganismen-was-sie-koennen-und-wie-man-sie-anwendet\/\" \/>\n<meta property=\"og:site_name\" content=\"Darmbakterien als Schl\u00fcssel zur Gesundheit\" \/>\n<meta name=\"twitter:label1\" content=\"Est. reading time\" \/>\n\t<meta name=\"twitter:data1\" content=\"1 minute\" \/>\n<script type=\"application\/ld+json\" class=\"yoast-schema-graph\">{\"@context\":\"https:\\\/\\\/schema.org\",\"@graph\":[{\"@type\":\"WebPage\",\"@id\":\"http:\\\/\\\/www.darmbakterien-buch.de\\\/en\\\/effektive-mikroorganismen-was-sie-koennen-und-wie-man-sie-anwendet\\\/\",\"url\":\"http:\\\/\\\/www.darmbakterien-buch.de\\\/en\\\/effektive-mikroorganismen-was-sie-koennen-und-wie-man-sie-anwendet\\\/\",\"name\":\"Effektive Mikroorganismen: Was sie k\u00f6nnen und wie man sie anwendet - Darmbakterien als Schl\u00fcssel zur Gesundheit, Dr. Zschocke\",\"isPartOf\":{\"@id\":\"http:\\\/\\\/www.darmbakterien-buch.de\\\/pl\\\/#website\"},\"datePublished\":\"2023-02-15T14:15:45+00:00\",\"breadcrumb\":{\"@id\":\"http:\\\/\\\/www.darmbakterien-buch.de\\\/en\\\/effektive-mikroorganismen-was-sie-koennen-und-wie-man-sie-anwendet\\\/#breadcrumb\"},\"inLanguage\":\"en-US\",\"potentialAction\":[{\"@type\":\"ReadAction\",\"target\":[\"http:\\\/\\\/www.darmbakterien-buch.de\\\/en\\\/effektive-mikroorganismen-was-sie-koennen-und-wie-man-sie-anwendet\\\/\"]}]},{\"@type\":\"BreadcrumbList\",\"@id\":\"http:\\\/\\\/www.darmbakterien-buch.de\\\/en\\\/effektive-mikroorganismen-was-sie-koennen-und-wie-man-sie-anwendet\\\/#breadcrumb\",\"itemListElement\":[{\"@type\":\"ListItem\",\"position\":1,\"name\":\"Home\",\"item\":\"http:\\\/\\\/www.darmbakterien-buch.de\\\/en\\\/\"},{\"@type\":\"ListItem\",\"position\":2,\"name\":\"Effektive Mikroorganismen: Was sie k\u00f6nnen und wie man sie anwendet\"}]},{\"@type\":\"WebSite\",\"@id\":\"http:\\\/\\\/www.darmbakterien-buch.de\\\/pl\\\/#website\",\"url\":\"http:\\\/\\\/www.darmbakterien-buch.de\\\/pl\\\/\",\"name\":\"Darmbakterien als Schl\u00fcssel zur Gesundheit\",\"description\":\"Buch von Dr. Anne Katharina Zschocke\",\"potentialAction\":[{\"@type\":\"SearchAction\",\"target\":{\"@type\":\"EntryPoint\",\"urlTemplate\":\"http:\\\/\\\/www.darmbakterien-buch.de\\\/pl\\\/?s={search_term_string}\"},\"query-input\":{\"@type\":\"PropertyValueSpecification\",\"valueRequired\":true,\"valueName\":\"search_term_string\"}}],\"inLanguage\":\"en-US\"}]}<\/script>\n<!-- \/ Yoast SEO plugin. -->","yoast_head_json":{"title":"Effektive Mikroorganismen: Was sie k\u00f6nnen und wie man sie anwendet - Darmbakterien als Schl\u00fcssel zur Gesundheit, Dr. Zschocke","robots":{"index":"index","follow":"follow","max-snippet":"max-snippet:-1","max-image-preview":"max-image-preview:large","max-video-preview":"max-video-preview:-1"},"canonical":"http:\/\/www.darmbakterien-buch.de\/en\/effektive-mikroorganismen-was-sie-koennen-und-wie-man-sie-anwendet\/","og_locale":"en_US","og_type":"article","og_title":"Effektive Mikroorganismen: Was sie k\u00f6nnen und wie man sie anwendet - Darmbakterien als Schl\u00fcssel zur Gesundheit, Dr. Zschocke","og_description":"Vortrag und Fragenbeantwortung Donnerstag, 13. April 2023 19 Uhr\u00a0 50374 Erftstadt-Friesheim Vortrag und Fragenbeantwortung: Im [&hellip;]","og_url":"http:\/\/www.darmbakterien-buch.de\/en\/effektive-mikroorganismen-was-sie-koennen-und-wie-man-sie-anwendet\/","og_site_name":"Darmbakterien als Schl\u00fcssel zur Gesundheit","twitter_misc":{"Est. reading time":"1 minute"},"schema":{"@context":"https:\/\/schema.org","@graph":[{"@type":"WebPage","@id":"http:\/\/www.darmbakterien-buch.de\/en\/effektive-mikroorganismen-was-sie-koennen-und-wie-man-sie-anwendet\/","url":"http:\/\/www.darmbakterien-buch.de\/en\/effektive-mikroorganismen-was-sie-koennen-und-wie-man-sie-anwendet\/","name":"Effektive Mikroorganismen: Was sie k\u00f6nnen und wie man sie anwendet - Darmbakterien als Schl\u00fcssel zur Gesundheit, Dr. Zschocke","isPartOf":{"@id":"http:\/\/www.darmbakterien-buch.de\/pl\/#website"},"datePublished":"2023-02-15T14:15:45+00:00","breadcrumb":{"@id":"http:\/\/www.darmbakterien-buch.de\/en\/effektive-mikroorganismen-was-sie-koennen-und-wie-man-sie-anwendet\/#breadcrumb"},"inLanguage":"en-US","potentialAction":[{"@type":"ReadAction","target":["http:\/\/www.darmbakterien-buch.de\/en\/effektive-mikroorganismen-was-sie-koennen-und-wie-man-sie-anwendet\/"]}]},{"@type":"BreadcrumbList","@id":"http:\/\/www.darmbakterien-buch.de\/en\/effektive-mikroorganismen-was-sie-koennen-und-wie-man-sie-anwendet\/#breadcrumb","itemListElement":[{"@type":"ListItem","position":1,"name":"Home","item":"http:\/\/www.darmbakterien-buch.de\/en\/"},{"@type":"ListItem","position":2,"name":"Effektive Mikroorganismen: Was sie k\u00f6nnen und wie man sie anwendet"}]},{"@type":"WebSite","@id":"http:\/\/www.darmbakterien-buch.de\/pl\/#website","url":"http:\/\/www.darmbakterien-buch.de\/pl\/","name":"Darmbakterien als Schl\u00fcssel zur Gesundheit","description":"Buch von Dr. Anne Katharina Zschocke","potentialAction":[{"@type":"SearchAction","target":{"@type":"EntryPoint","urlTemplate":"http:\/\/www.darmbakterien-buch.de\/pl\/?s={search_term_string}"},"query-input":{"@type":"PropertyValueSpecification","valueRequired":true,"valueName":"search_term_string"}}],"inLanguage":"en-US"}]}},"_links":{"self":[{"href":"http:\/\/www.darmbakterien-buch.de\/en\/wp-json\/wp\/v2\/pages\/2511","targetHints":{"allow":["GET"]}}],"collection":[{"href":"http:\/\/www.darmbakterien-buch.de\/en\/wp-json\/wp\/v2\/pages"}],"about":[{"href":"http:\/\/www.darmbakterien-buch.de\/en\/wp-json\/wp\/v2\/types\/page"}],"author":[{"embeddable":true,"href":"http:\/\/www.darmbakterien-buch.de\/en\/wp-json\/wp\/v2\/users\/2"}],"replies":[{"embeddable":true,"href":"http:\/\/www.darmbakterien-buch.de\/en\/wp-json\/wp\/v2\/comments?post=2511"}],"version-history":[{"count":1,"href":"http:\/\/www.darmbakterien-buch.de\/en\/wp-json\/wp\/v2\/pages\/2511\/revisions"}],"predecessor-version":[{"id":2512,"href":"http:\/\/www.darmbakterien-buch.de\/en\/wp-json\/wp\/v2\/pages\/2511\/revisions\/2512"}],"wp:attachment":[{"href":"http:\/\/www.darmbakterien-buch.de\/en\/wp-json\/wp\/v2\/media?parent=2511"}],"curies":[{"name":"wp","href":"https:\/\/api.w.org\/{rel}","templated":true}]}}