{"id":2722,"date":"2023-11-30T22:54:22","date_gmt":"2023-11-30T21:54:22","guid":{"rendered":"http:\/\/www.darmbakterien-buch.de\/?page_id=2722"},"modified":"2024-03-26T10:29:23","modified_gmt":"2024-03-26T09:29:23","slug":"seminar-natuerlich-heilen-mit-bakterien-2024","status":"publish","type":"page","link":"http:\/\/www.darmbakterien-buch.de\/en\/seminar-natuerlich-heilen-mit-bakterien-2024\/","title":{"rendered":"Seminar Nat\u00fcrlich heilen mit Bakterien"},"content":{"rendered":"<p><strong>Sa. 13. bis So. 14. April 2024<\/strong><\/p>\n<p><strong>Wochenendseminar<\/strong> mit Fallbeispielen und \u00dcbungen sowie Beantwortung pers\u00f6nlicher Fragen.<br \/>\nDieses Seminar ist sowohl f\u00fcr Laien als auch f\u00fcr Therapeuten gedacht.<\/p>\n<p><strong>Samstag<br \/>\n<\/strong>Seminar 9 bis circa 17 Uhr<br \/>\nmit zwei Kaffeepausen und einer Mittagspause (von circa eindreiviertel Stunde)<\/p>\n<p>Samstagabend: Begegnung und Beisammensein und sich austauschen \u00fcber EM (offen f\u00fcr G\u00e4ste)<\/p>\n<p><strong>Sonntag<\/strong><br \/>\nSeminar 9:30 bis circa 13 Uhr mit Kaffeepause<\/p>\n<h2>\u201eNat\u00fcrlich heilen mit Bakterien\u201c<\/h2>\n<p>Es gibt auf der Erde kein Leben ohne Bakterien, aber f\u00fcr die Gesundheit kommt es ganz darauf an, welche es sind. Mangel an ihnen oder ein Ungleichgewicht f\u00fchren zu St\u00f6rungen und Krankheiten, die oft bisher als nicht heilbar erschienen. Chronische Entz\u00fcndungen, Hauterkrankungen, Verdauungsst\u00f6rungen, Energiemangel, psychische Symptome und vieles mehr h\u00e4ngen damit zusammen. Bringt man die Bakteriengemeinschaft wieder ins Lot, stellt sich auch Gesundheit wieder ein. Dies gilt universell f\u00fcr alle Lebewesen.<\/p>\n<p>Durch neue Forschung ist das alte Konzept von Bakterien als \u201eKrankheitserreger\u201c inzwischen \u00fcberholt. Sie wirken vielmehr als Netzwerk und tragen universell die Sph\u00e4re des Lebendigen. Best\u00e4ndig kommunizieren Einzeller miteinander und in Wechselwirkungen mit K\u00f6rperzellen. Dies reguliert Immun-, Stoffwechsel- und Nervensystem und h\u00e4lt Energiehaushalt, Psyche und Zellbildung im Gleichgewicht. Kennt man die Wege, auf denen Bakterien kooperieren, kann man mit bakterieller Hilfe auf erstaunliche Weise Heilung bewirken. Diese ist f\u00fcr Laien wie Therapeuten m\u00f6glich.<\/p>\n<p>Wie die ganzheitliche Mikrobiomtherapie praktisch umgesetzt wird, wird im Seminar mit Grundlagen und \u00dcbungsbeispielen anhand der Effektiven Mikroorganismen erkl\u00e4rt.<\/p>\n<p>Dabei k\u00f6nnen auch pers\u00f6nliche Fallberichte besprochen werden.<\/p>\n<p><strong>Freuen Sie sich auf Heilung, und darauf, Bakterien als praktische Helfer f\u00fcr allerlei N\u00f6te im Alltag kennen- und lieben zu lernen!<\/strong><\/p>\n<h3>In diesem Seminar k\u00f6nnen Sie<\/h3>\n<ul>\n<li>verstehen, welche Rolle Bakterien auf der Erde spielen<\/li>\n<li>einen neuen Weg zur Heilung kennenlernen<\/li>\n<li>die Aufgaben von Bakterien im Kreislauf des Lebendigen entdecken<\/li>\n<li>erkennen, wie Bakterien die Gesundheit gestalten<\/li>\n<li>lernen, was das Mikrobiom ist und wie es sich bildet<\/li>\n<li>verstehen, wie sich das Immunsystem \u00fcber die Bakterien harmonisiert<\/li>\n<li>Wissen erlangen, wie die Darm-Bakterien auf alle Organe des K\u00f6rpers wirken<\/li>\n<li>lernen, mit Hilfe von Bakterien vorzusorgen und Heilungsprozesse anzuregen<\/li>\n<li>Effektive Mikroorganismen und ihre praktische Anwendung kennenlernen<\/li>\n<li>sich begeistern f\u00fcr die heilsame Welt der uns unsichtbaren Kleinstlebewesen<\/li>\n<\/ul>\n<h3>Ablauf<\/h3>\n<p><strong>Samstag<\/strong><\/p>\n<ul>\n<li>Das Menschenbild bei Krankheit und Gesundheit in der Medizin<\/li>\n<li>Wieso Bakterien bek\u00e4mpft wurden und warum es sinnlos ist<\/li>\n<li>Probiotika und Antibiotika und ihre Wirkungen<\/li>\n<li>Das Mikrobiom und seine Aufgaben im K\u00f6rper<\/li>\n<li>Der Kreislauf des Lebendigen in Boden-Pflanzen-Tier-Mensch<\/li>\n<li>Die Kommunikation der Mikroben untereinander und mit K\u00f6rperzellen<\/li>\n<li>Zusammenh\u00e4nge von Krankheitsentstehung und Mikrobiom-Eigenschaften<\/li>\n<li>Lebensfreundliche Alltagshygiene<\/li>\n<li>Darmbakterien und ihre Bez\u00fcge zum den verschiedenen Organen im K\u00f6rper<\/li>\n<li>Darmbakterienfreundliche Ern\u00e4hrung<\/li>\n<li>Effektive Mikroorganismen und ihre M\u00f6glichkeiten<\/li>\n<li>Die ganzheitliche Mikrobiom-Therapie und ihre Besonderheiten<\/li>\n<\/ul>\n<p><strong>Sonntag<\/strong><\/p>\n<ul>\n<li>\u00dcbungen zur praktischen Mikrobiomtherapie bei typischen Erkrankungen<\/li>\n<li>Fragenbeantwortung und Fallberichte<\/li>\n<\/ul>\n<p>&nbsp;<\/p>\n<p><strong>Ort<\/strong>: Campus Papenburg An-Institut der HS Anhalt<br \/>\n<strong>Beitrag<\/strong>: 255 \u20ac (inkl. Pausengetr\u00e4nke, Raummiete, Werbung, Honorar, Verwaltung und Eintritt in den Vortrag am 12.4.)<br \/>\n<strong>Kontakt<\/strong>: Ulrike Haseloh, 0173 &#8211; 3236797, Maren K\u00f6lling-Schmitz, 04962 &#8211; 2054006<br \/>\n<strong>Anmeldung: <\/strong>Gaby Krain, Tel. 02388 841727, <span style=\"color: #670c75;\"><a href=\"mailto:gaby.krain@web.de\">gaby.krain@web.de<\/a><\/span><\/p>\n","protected":false},"excerpt":{"rendered":"<p>Sa. 13. bis So. 14. April 2024 Wochenendseminar mit Fallbeispielen und \u00dcbungen sowie Beantwortung pers\u00f6nlicher [&hellip;]<\/p>\n","protected":false},"author":2,"featured_media":0,"parent":0,"menu_order":0,"comment_status":"closed","ping_status":"closed","template":"","meta":{"footnotes":""},"class_list":["post-2722","page","type-page","status-publish","hentry"],"yoast_head":"<!-- This site is optimized with the Yoast SEO plugin v27.5 - https:\/\/yoast.com\/product\/yoast-seo-wordpress\/ -->\n<title>Seminar Nat\u00fcrlich heilen mit Bakterien - Darmbakterien als Schl\u00fcssel zur Gesundheit, Dr. Zschocke<\/title>\n<meta name=\"robots\" content=\"index, follow, max-snippet:-1, max-image-preview:large, max-video-preview:-1\" \/>\n<link rel=\"canonical\" href=\"http:\/\/www.darmbakterien-buch.de\/seminar-natuerlich-heilen-mit-bakterien-2024\/\" \/>\n<meta property=\"og:locale\" content=\"en_US\" \/>\n<meta property=\"og:type\" content=\"article\" \/>\n<meta property=\"og:title\" content=\"Seminar Nat\u00fcrlich heilen mit Bakterien - Darmbakterien als Schl\u00fcssel zur Gesundheit, Dr. Zschocke\" \/>\n<meta property=\"og:description\" content=\"Sa. 13. bis So. 14. April 2024 Wochenendseminar mit Fallbeispielen und \u00dcbungen sowie Beantwortung pers\u00f6nlicher [&hellip;]\" \/>\n<meta property=\"og:url\" content=\"http:\/\/www.darmbakterien-buch.de\/seminar-natuerlich-heilen-mit-bakterien-2024\/\" \/>\n<meta property=\"og:site_name\" content=\"Darmbakterien als Schl\u00fcssel zur Gesundheit\" \/>\n<meta property=\"article:modified_time\" content=\"2024-03-26T09:29:23+00:00\" \/>\n<meta name=\"twitter:label1\" content=\"Est. reading time\" \/>\n\t<meta name=\"twitter:data1\" content=\"3 minutes\" \/>\n<script type=\"application\/ld+json\" class=\"yoast-schema-graph\">{\"@context\":\"https:\\\/\\\/schema.org\",\"@graph\":[{\"@type\":\"WebPage\",\"@id\":\"http:\\\/\\\/www.darmbakterien-buch.de\\\/seminar-natuerlich-heilen-mit-bakterien-2024\\\/\",\"url\":\"http:\\\/\\\/www.darmbakterien-buch.de\\\/seminar-natuerlich-heilen-mit-bakterien-2024\\\/\",\"name\":\"Seminar Nat\u00fcrlich heilen mit Bakterien - Darmbakterien als Schl\u00fcssel zur Gesundheit, Dr. Zschocke\",\"isPartOf\":{\"@id\":\"http:\\\/\\\/www.darmbakterien-buch.de\\\/pl\\\/#website\"},\"datePublished\":\"2023-11-30T21:54:22+00:00\",\"dateModified\":\"2024-03-26T09:29:23+00:00\",\"breadcrumb\":{\"@id\":\"http:\\\/\\\/www.darmbakterien-buch.de\\\/seminar-natuerlich-heilen-mit-bakterien-2024\\\/#breadcrumb\"},\"inLanguage\":\"en-US\",\"potentialAction\":[{\"@type\":\"ReadAction\",\"target\":[\"http:\\\/\\\/www.darmbakterien-buch.de\\\/seminar-natuerlich-heilen-mit-bakterien-2024\\\/\"]}]},{\"@type\":\"BreadcrumbList\",\"@id\":\"http:\\\/\\\/www.darmbakterien-buch.de\\\/seminar-natuerlich-heilen-mit-bakterien-2024\\\/#breadcrumb\",\"itemListElement\":[{\"@type\":\"ListItem\",\"position\":1,\"name\":\"Home\",\"item\":\"http:\\\/\\\/www.darmbakterien-buch.de\\\/en\\\/\"},{\"@type\":\"ListItem\",\"position\":2,\"name\":\"Seminar Nat\u00fcrlich heilen mit Bakterien\"}]},{\"@type\":\"WebSite\",\"@id\":\"http:\\\/\\\/www.darmbakterien-buch.de\\\/pl\\\/#website\",\"url\":\"http:\\\/\\\/www.darmbakterien-buch.de\\\/pl\\\/\",\"name\":\"Darmbakterien als Schl\u00fcssel zur Gesundheit\",\"description\":\"Buch von Dr. Anne Katharina Zschocke\",\"potentialAction\":[{\"@type\":\"SearchAction\",\"target\":{\"@type\":\"EntryPoint\",\"urlTemplate\":\"http:\\\/\\\/www.darmbakterien-buch.de\\\/pl\\\/?s={search_term_string}\"},\"query-input\":{\"@type\":\"PropertyValueSpecification\",\"valueRequired\":true,\"valueName\":\"search_term_string\"}}],\"inLanguage\":\"en-US\"}]}<\/script>\n<!-- \/ Yoast SEO plugin. -->","yoast_head_json":{"title":"Seminar Nat\u00fcrlich heilen mit Bakterien - Darmbakterien als Schl\u00fcssel zur Gesundheit, Dr. Zschocke","robots":{"index":"index","follow":"follow","max-snippet":"max-snippet:-1","max-image-preview":"max-image-preview:large","max-video-preview":"max-video-preview:-1"},"canonical":"http:\/\/www.darmbakterien-buch.de\/seminar-natuerlich-heilen-mit-bakterien-2024\/","og_locale":"en_US","og_type":"article","og_title":"Seminar Nat\u00fcrlich heilen mit Bakterien - Darmbakterien als Schl\u00fcssel zur Gesundheit, Dr. Zschocke","og_description":"Sa. 13. bis So. 14. April 2024 Wochenendseminar mit Fallbeispielen und \u00dcbungen sowie Beantwortung pers\u00f6nlicher [&hellip;]","og_url":"http:\/\/www.darmbakterien-buch.de\/seminar-natuerlich-heilen-mit-bakterien-2024\/","og_site_name":"Darmbakterien als Schl\u00fcssel zur Gesundheit","article_modified_time":"2024-03-26T09:29:23+00:00","twitter_misc":{"Est. reading time":"3 minutes"},"schema":{"@context":"https:\/\/schema.org","@graph":[{"@type":"WebPage","@id":"http:\/\/www.darmbakterien-buch.de\/seminar-natuerlich-heilen-mit-bakterien-2024\/","url":"http:\/\/www.darmbakterien-buch.de\/seminar-natuerlich-heilen-mit-bakterien-2024\/","name":"Seminar Nat\u00fcrlich heilen mit Bakterien - Darmbakterien als Schl\u00fcssel zur Gesundheit, Dr. Zschocke","isPartOf":{"@id":"http:\/\/www.darmbakterien-buch.de\/pl\/#website"},"datePublished":"2023-11-30T21:54:22+00:00","dateModified":"2024-03-26T09:29:23+00:00","breadcrumb":{"@id":"http:\/\/www.darmbakterien-buch.de\/seminar-natuerlich-heilen-mit-bakterien-2024\/#breadcrumb"},"inLanguage":"en-US","potentialAction":[{"@type":"ReadAction","target":["http:\/\/www.darmbakterien-buch.de\/seminar-natuerlich-heilen-mit-bakterien-2024\/"]}]},{"@type":"BreadcrumbList","@id":"http:\/\/www.darmbakterien-buch.de\/seminar-natuerlich-heilen-mit-bakterien-2024\/#breadcrumb","itemListElement":[{"@type":"ListItem","position":1,"name":"Home","item":"http:\/\/www.darmbakterien-buch.de\/en\/"},{"@type":"ListItem","position":2,"name":"Seminar Nat\u00fcrlich heilen mit Bakterien"}]},{"@type":"WebSite","@id":"http:\/\/www.darmbakterien-buch.de\/pl\/#website","url":"http:\/\/www.darmbakterien-buch.de\/pl\/","name":"Darmbakterien als Schl\u00fcssel zur Gesundheit","description":"Buch von Dr. Anne Katharina Zschocke","potentialAction":[{"@type":"SearchAction","target":{"@type":"EntryPoint","urlTemplate":"http:\/\/www.darmbakterien-buch.de\/pl\/?s={search_term_string}"},"query-input":{"@type":"PropertyValueSpecification","valueRequired":true,"valueName":"search_term_string"}}],"inLanguage":"en-US"}]}},"_links":{"self":[{"href":"http:\/\/www.darmbakterien-buch.de\/en\/wp-json\/wp\/v2\/pages\/2722","targetHints":{"allow":["GET"]}}],"collection":[{"href":"http:\/\/www.darmbakterien-buch.de\/en\/wp-json\/wp\/v2\/pages"}],"about":[{"href":"http:\/\/www.darmbakterien-buch.de\/en\/wp-json\/wp\/v2\/types\/page"}],"author":[{"embeddable":true,"href":"http:\/\/www.darmbakterien-buch.de\/en\/wp-json\/wp\/v2\/users\/2"}],"replies":[{"embeddable":true,"href":"http:\/\/www.darmbakterien-buch.de\/en\/wp-json\/wp\/v2\/comments?post=2722"}],"version-history":[{"count":5,"href":"http:\/\/www.darmbakterien-buch.de\/en\/wp-json\/wp\/v2\/pages\/2722\/revisions"}],"predecessor-version":[{"id":2900,"href":"http:\/\/www.darmbakterien-buch.de\/en\/wp-json\/wp\/v2\/pages\/2722\/revisions\/2900"}],"wp:attachment":[{"href":"http:\/\/www.darmbakterien-buch.de\/en\/wp-json\/wp\/v2\/media?parent=2722"}],"curies":[{"name":"wp","href":"https:\/\/api.w.org\/{rel}","templated":true}]}}