{"id":3484,"date":"2026-02-27T13:37:42","date_gmt":"2026-02-27T12:37:42","guid":{"rendered":"http:\/\/www.darmbakterien-buch.de\/?page_id=3484"},"modified":"2026-02-27T13:45:27","modified_gmt":"2026-02-27T12:45:27","slug":"sagenhafte-kakushoehle-20260322","status":"publish","type":"page","link":"http:\/\/www.darmbakterien-buch.de\/en\/sagenhafte-kakushoehle-20260322\/","title":{"rendered":"Sagenhafte Kakush\u00f6hle"},"content":{"rendered":"<p><strong>Sonntag, 22. M\u00e4rz 2026 14 Uhr 53894 Dreim\u00fchlen<\/strong><\/p>\n<p><strong>\u00d6ffentliche F\u00fchrung<\/strong> zu Entstehung, Geschichte und Sagenwelt der H\u00f6hle mit Dr. Anne Katharina Zschocke.<\/p>\n<p>Die Kakush\u00f6hle, bei Dreim\u00fchlen gelegen, ist ein stimmungsvoller Ort in malerischer Landschaft, Fundst\u00e4tte der \u00e4ltesten menschlichen Siedlungsspuren der Nordeifel und das \u00e4lteste Naturschutzgebiet der Region. Sie war zu allen Zeiten von Tieren und Menschen als Unterschlupf genutzt und als besonderer Platz geehrt, und fasziniert noch immer ihre Besucher. Heute ist sie ein bedeutendes Quartier f\u00fcr die vom Aussterben bedrohten Flederm\u00e4use.<\/p>\n<p><strong>Dauer:<\/strong> circa 1 1\/4 Stunden.<\/p>\n<p><strong>Treffpunkt:<\/strong> am Caf\u00e9 zur Kakush\u00f6hle (an der L 115 zwischen Mechernich-Eiserfey und Weyer). Festes Schuhwerk empfohlen.<\/p>\n<p><strong>Beitrag:<\/strong> 4,- \u20ac pro Person.<\/p>\n<p>Keine Anmeldung erforderlich.<\/p>\n<p><a href=\"http:\/\/www.darmbakterien-buch.de\/veranstaltungen-seminare\/\">&lt; zur\u00fcck zu allen Veranstaltungen<\/a><\/p>\n<h3><\/h3>\n","protected":false},"excerpt":{"rendered":"<p>Sonntag, 22. M\u00e4rz 2026 14 Uhr 53894 Dreim\u00fchlen \u00d6ffentliche F\u00fchrung zu Entstehung, Geschichte und Sagenwelt [&hellip;]<\/p>\n","protected":false},"author":4,"featured_media":0,"parent":0,"menu_order":0,"comment_status":"closed","ping_status":"closed","template":"","meta":{"footnotes":""},"class_list":["post-3484","page","type-page","status-publish","hentry"],"yoast_head":"<!-- This site is optimized with the Yoast SEO plugin v27.5 - https:\/\/yoast.com\/product\/yoast-seo-wordpress\/ -->\n<title>Sagenhafte Kakush\u00f6hle - Darmbakterien als Schl\u00fcssel zur Gesundheit, Dr. Zschocke<\/title>\n<meta name=\"robots\" content=\"index, follow, max-snippet:-1, max-image-preview:large, max-video-preview:-1\" \/>\n<link rel=\"canonical\" href=\"http:\/\/www.darmbakterien-buch.de\/en\/sagenhafte-kakushoehle-20260322\/\" \/>\n<meta property=\"og:locale\" content=\"en_US\" \/>\n<meta property=\"og:type\" content=\"article\" \/>\n<meta property=\"og:title\" content=\"Sagenhafte Kakush\u00f6hle - Darmbakterien als Schl\u00fcssel zur Gesundheit, Dr. Zschocke\" \/>\n<meta property=\"og:description\" content=\"Sonntag, 22. M\u00e4rz 2026 14 Uhr 53894 Dreim\u00fchlen \u00d6ffentliche F\u00fchrung zu Entstehung, Geschichte und Sagenwelt [&hellip;]\" \/>\n<meta property=\"og:url\" content=\"http:\/\/www.darmbakterien-buch.de\/en\/sagenhafte-kakushoehle-20260322\/\" \/>\n<meta property=\"og:site_name\" content=\"Darmbakterien als Schl\u00fcssel zur Gesundheit\" \/>\n<meta property=\"article:modified_time\" content=\"2026-02-27T12:45:27+00:00\" \/>\n<meta name=\"twitter:label1\" content=\"Est. reading time\" \/>\n\t<meta name=\"twitter:data1\" content=\"1 minute\" \/>\n<script type=\"application\/ld+json\" class=\"yoast-schema-graph\">{\"@context\":\"https:\\\/\\\/schema.org\",\"@graph\":[{\"@type\":\"WebPage\",\"@id\":\"http:\\\/\\\/www.darmbakterien-buch.de\\\/en\\\/sagenhafte-kakushoehle-20260322\\\/\",\"url\":\"http:\\\/\\\/www.darmbakterien-buch.de\\\/en\\\/sagenhafte-kakushoehle-20260322\\\/\",\"name\":\"Sagenhafte Kakush\u00f6hle - Darmbakterien als Schl\u00fcssel zur Gesundheit, Dr. Zschocke\",\"isPartOf\":{\"@id\":\"http:\\\/\\\/www.darmbakterien-buch.de\\\/pl\\\/#website\"},\"datePublished\":\"2026-02-27T12:37:42+00:00\",\"dateModified\":\"2026-02-27T12:45:27+00:00\",\"breadcrumb\":{\"@id\":\"http:\\\/\\\/www.darmbakterien-buch.de\\\/en\\\/sagenhafte-kakushoehle-20260322\\\/#breadcrumb\"},\"inLanguage\":\"en-US\",\"potentialAction\":[{\"@type\":\"ReadAction\",\"target\":[\"http:\\\/\\\/www.darmbakterien-buch.de\\\/en\\\/sagenhafte-kakushoehle-20260322\\\/\"]}]},{\"@type\":\"BreadcrumbList\",\"@id\":\"http:\\\/\\\/www.darmbakterien-buch.de\\\/en\\\/sagenhafte-kakushoehle-20260322\\\/#breadcrumb\",\"itemListElement\":[{\"@type\":\"ListItem\",\"position\":1,\"name\":\"Home\",\"item\":\"http:\\\/\\\/www.darmbakterien-buch.de\\\/en\\\/\"},{\"@type\":\"ListItem\",\"position\":2,\"name\":\"Sagenhafte Kakush\u00f6hle\"}]},{\"@type\":\"WebSite\",\"@id\":\"http:\\\/\\\/www.darmbakterien-buch.de\\\/pl\\\/#website\",\"url\":\"http:\\\/\\\/www.darmbakterien-buch.de\\\/pl\\\/\",\"name\":\"Darmbakterien als Schl\u00fcssel zur Gesundheit\",\"description\":\"Buch von Dr. Anne Katharina Zschocke\",\"potentialAction\":[{\"@type\":\"SearchAction\",\"target\":{\"@type\":\"EntryPoint\",\"urlTemplate\":\"http:\\\/\\\/www.darmbakterien-buch.de\\\/pl\\\/?s={search_term_string}\"},\"query-input\":{\"@type\":\"PropertyValueSpecification\",\"valueRequired\":true,\"valueName\":\"search_term_string\"}}],\"inLanguage\":\"en-US\"}]}<\/script>\n<!-- \/ Yoast SEO plugin. -->","yoast_head_json":{"title":"Sagenhafte Kakush\u00f6hle - Darmbakterien als Schl\u00fcssel zur Gesundheit, Dr. Zschocke","robots":{"index":"index","follow":"follow","max-snippet":"max-snippet:-1","max-image-preview":"max-image-preview:large","max-video-preview":"max-video-preview:-1"},"canonical":"http:\/\/www.darmbakterien-buch.de\/en\/sagenhafte-kakushoehle-20260322\/","og_locale":"en_US","og_type":"article","og_title":"Sagenhafte Kakush\u00f6hle - Darmbakterien als Schl\u00fcssel zur Gesundheit, Dr. Zschocke","og_description":"Sonntag, 22. M\u00e4rz 2026 14 Uhr 53894 Dreim\u00fchlen \u00d6ffentliche F\u00fchrung zu Entstehung, Geschichte und Sagenwelt [&hellip;]","og_url":"http:\/\/www.darmbakterien-buch.de\/en\/sagenhafte-kakushoehle-20260322\/","og_site_name":"Darmbakterien als Schl\u00fcssel zur Gesundheit","article_modified_time":"2026-02-27T12:45:27+00:00","twitter_misc":{"Est. reading time":"1 minute"},"schema":{"@context":"https:\/\/schema.org","@graph":[{"@type":"WebPage","@id":"http:\/\/www.darmbakterien-buch.de\/en\/sagenhafte-kakushoehle-20260322\/","url":"http:\/\/www.darmbakterien-buch.de\/en\/sagenhafte-kakushoehle-20260322\/","name":"Sagenhafte Kakush\u00f6hle - Darmbakterien als Schl\u00fcssel zur Gesundheit, Dr. Zschocke","isPartOf":{"@id":"http:\/\/www.darmbakterien-buch.de\/pl\/#website"},"datePublished":"2026-02-27T12:37:42+00:00","dateModified":"2026-02-27T12:45:27+00:00","breadcrumb":{"@id":"http:\/\/www.darmbakterien-buch.de\/en\/sagenhafte-kakushoehle-20260322\/#breadcrumb"},"inLanguage":"en-US","potentialAction":[{"@type":"ReadAction","target":["http:\/\/www.darmbakterien-buch.de\/en\/sagenhafte-kakushoehle-20260322\/"]}]},{"@type":"BreadcrumbList","@id":"http:\/\/www.darmbakterien-buch.de\/en\/sagenhafte-kakushoehle-20260322\/#breadcrumb","itemListElement":[{"@type":"ListItem","position":1,"name":"Home","item":"http:\/\/www.darmbakterien-buch.de\/en\/"},{"@type":"ListItem","position":2,"name":"Sagenhafte Kakush\u00f6hle"}]},{"@type":"WebSite","@id":"http:\/\/www.darmbakterien-buch.de\/pl\/#website","url":"http:\/\/www.darmbakterien-buch.de\/pl\/","name":"Darmbakterien als Schl\u00fcssel zur Gesundheit","description":"Buch von Dr. Anne Katharina Zschocke","potentialAction":[{"@type":"SearchAction","target":{"@type":"EntryPoint","urlTemplate":"http:\/\/www.darmbakterien-buch.de\/pl\/?s={search_term_string}"},"query-input":{"@type":"PropertyValueSpecification","valueRequired":true,"valueName":"search_term_string"}}],"inLanguage":"en-US"}]}},"_links":{"self":[{"href":"http:\/\/www.darmbakterien-buch.de\/en\/wp-json\/wp\/v2\/pages\/3484","targetHints":{"allow":["GET"]}}],"collection":[{"href":"http:\/\/www.darmbakterien-buch.de\/en\/wp-json\/wp\/v2\/pages"}],"about":[{"href":"http:\/\/www.darmbakterien-buch.de\/en\/wp-json\/wp\/v2\/types\/page"}],"author":[{"embeddable":true,"href":"http:\/\/www.darmbakterien-buch.de\/en\/wp-json\/wp\/v2\/users\/4"}],"replies":[{"embeddable":true,"href":"http:\/\/www.darmbakterien-buch.de\/en\/wp-json\/wp\/v2\/comments?post=3484"}],"version-history":[{"count":1,"href":"http:\/\/www.darmbakterien-buch.de\/en\/wp-json\/wp\/v2\/pages\/3484\/revisions"}],"predecessor-version":[{"id":3485,"href":"http:\/\/www.darmbakterien-buch.de\/en\/wp-json\/wp\/v2\/pages\/3484\/revisions\/3485"}],"wp:attachment":[{"href":"http:\/\/www.darmbakterien-buch.de\/en\/wp-json\/wp\/v2\/media?parent=3484"}],"curies":[{"name":"wp","href":"https:\/\/api.w.org\/{rel}","templated":true}]}}