{"id":38,"date":"2014-12-15T10:19:18","date_gmt":"2014-12-15T10:19:18","guid":{"rendered":"http:\/\/www.darmbakterien-buch.de\/?page_id=38"},"modified":"2025-07-24T13:57:05","modified_gmt":"2025-07-24T11:57:05","slug":"buch-2","status":"publish","type":"page","link":"http:\/\/www.darmbakterien-buch.de\/en\/buch-2\/","title":{"rendered":"Darmbakterien als Schl\u00fcssel zur Gesundheit"},"content":{"rendered":"<h2>Herzlich willkommen in der Welt der heilsamen Mikroben!<\/h2>\n<h2 class=\"present_normal\">Dr. Anne Katharina Zschocke<\/h2>\n<p>Diese Webseite ist zu einer Fundgrube f\u00fcr alle geworden, die sich f\u00fcr Bakterien, Bakterienheilkunde und Effektive Mikroorganismen interessieren, mit <a href=\"https:\/\/www.darmbakterien-buch.de\/videos-buchpremiere\/\">Videos<\/a>, meinen <a href=\"https:\/\/www.darmbakterien-buch.de\/buch-2\/weitere-buecher-dr-anne-katharina-zschocke\/\">B\u00fcchern<\/a>\u00a0und <a href=\"https:\/\/www.darmbakterien-buch.de\/veroeffentlichungen\/\">Ver\u00f6ffentlichungen<\/a>, <a href=\"https:\/\/www.darmbakterien-buch.de\/radio-interview\/\">Interviews<\/a>, meinen <a href=\"https:\/\/www.darmbakterien-buch.de\/veranstaltungen-seminare\/\">Veranstaltungen<\/a> und Vielem mehr.<\/p>\n<p><strong>Sie finden alles \u00fcber das Men\u00fc. Viel Freude beim Schm\u00f6kern!<\/strong><\/p>\n<p>Weitere Berichte, und Aktivit\u00e4ten zu meinen anderen Themen finden Sie unter <a href=\"http:\/\/dr-zschocke.de\/\">www.dr-zschocke.de<\/a>.<\/p>\n<p>&nbsp;<\/p>\n<div class=\"white-box\">\n<h3>Aktuell: Hier k\u00f6nnen Sie mich unterst\u00fctzen: Das M\u00e4rchenprojekt<\/h3>\n<div style=\"display: flex; gap: 50px; justify-content: center; text-align: center;\">\n<div><a href=\"http:\/\/www.darmbakterien-buch.de\/wp-content\/uploads\/2025\/06\/ein-maerchen-will-wirklichkeit-werden-empfehlung.pdf\" target=\"_blank\" rel=\"noopener\"><br \/>\n<img decoding=\"async\" style=\"width: auto; height: 200px;\" src=\"http:\/\/www.darmbakterien-buch.de\/wp-content\/uploads\/2025\/06\/ein-maerchen.jpg\" alt=\"Ein M\u00e4rchen: Wie Blankenheim zu seiner Quelle und zu seinem Namen kam - Empfehlung\" \/><br \/>\nSeite 1 und 2<br \/>\n<\/a><\/div>\n<div><a href=\"http:\/\/www.darmbakterien-buch.de\/wp-content\/uploads\/2025\/06\/ein-maerchen-will-wirklichkeit-werden.pdf\" target=\"_blank\" rel=\"noopener\"><br \/>\n<img decoding=\"async\" style=\"width: auto; height: 200px;\" src=\"http:\/\/www.darmbakterien-buch.de\/wp-content\/uploads\/2025\/06\/ein-maerchen.jpg\" alt=\"Empfehlung\" \/><br \/>\nSeite 1<br \/>\n<\/a><\/div>\n<div><a href=\"http:\/\/www.darmbakterien-buch.de\/wp-content\/uploads\/2025\/06\/empfehlung.pdf\" target=\"_blank\" rel=\"noopener\"><br \/>\n<img decoding=\"async\" style=\"width: auto; height: 200px;\" src=\"http:\/\/www.darmbakterien-buch.de\/wp-content\/uploads\/2025\/06\/empfehlung.jpg\" alt=\"Ein M\u00e4rchen: Wie Blankenheim zu seiner Quelle und zu seinem Namen kam\" \/><br \/>\nSeite 2<br \/>\n<\/a><\/div>\n<\/div>\n<div style=\"margin-top: 20px; text-align: center;\"><a href=\"\/aktueller-stand\">Aktueller Stand<\/a><\/div>\n<\/div>\n<p>&nbsp;<\/p>\n<p>Diese Seite wurde erstmals beim Erscheinen meines Buches Darmbakterien als Schl\u00fcssel zur Gesundheit eingerichtet:<\/p>\n<h2>Darmbakterien als Schl\u00fcssel zur Gesundheit<br \/>\nNeueste Erkenntnisse aus der Mikrobiom-Forschung<\/h2>\n<h2 class=\"present_normal\">Dr. Anne Katharina Zschocke<\/h2>\n<p>&nbsp;<\/p>\n<div class=\"white-box\">\n<h3>Bakterien dienen der Gesundheit<\/h3>\n<p><a title=\"Buch Cover in hoher Aufl\u00f6sung\" href=\"https:\/\/shop.autorenwelt.de\/products\/darmbakterien-als-schlussel-zur-gesundheit-neueste-erkenntnisse-aus-der-mikrobiom-forschung-von-anne-katharina-zschocke-1?variant=39424270434397\"><img loading=\"lazy\" decoding=\"async\" class=\"alignright wp-image-24 size-full\" src=\"http:\/\/www.darmbakterien-buch.de\/wp-content\/uploads\/2014\/12\/Darmbakterien-Buch-Dr-Zschocke.jpg\" alt=\"Darmbakterien Buch - Dr. Anne Katharina Zschocke \" width=\"200\" height=\"319\" srcset=\"http:\/\/www.darmbakterien-buch.de\/wp-content\/uploads\/2014\/12\/Darmbakterien-Buch-Dr-Zschocke.jpg 200w, http:\/\/www.darmbakterien-buch.de\/wp-content\/uploads\/2014\/12\/Darmbakterien-Buch-Dr-Zschocke-188x300.jpg 188w\" sizes=\"auto, (max-width: 200px) 100vw, 200px\" \/><\/a>Bisher hielten die meisten Menschen Bakterien f\u00fcr Krankheitserreger, doch seit Kurzem gibt es in der Forschung revolution\u00e4re Erkenntnisse: Bakterien haben eine gro\u00dfe Bedeutung f\u00fcr den gesunden Organismus \u2013 ohne sie werden wir tats\u00e4chlich krank. Damit \u00e4ndert sich das bisherige Verst\u00e4ndnis f\u00fcr die Zusammenh\u00e4nge im menschlichen K\u00f6rper v\u00f6llig. In zahlreichen Studien wurde wissenschaftlich exakt nachgewiesen, was zuvor h\u00f6chstens praktisch erfahrbar war: <a href=\"https:\/\/shop.autorenwelt.de\/products\/darmbakterien-als-schlussel-zur-gesundheit-neueste-erkenntnisse-aus-der-mikrobiom-forschung-von-anne-katharina-zschocke-1?variant=39424270434397\">Darmbakterien sind der Schl\u00fcssel zur Gesundheit<\/a>.<\/p>\n<p>Ein Buch, das jeden angeht, das vielen Menschen helfen kann und auch Fachleuten wertvolle neue Impulse gibt.<\/p>\n<p><a title=\"Weitere Infos zum Buch: Gesund durch Bakterienvielfalt\" href=\"http:\/\/www.darmbakterien-buch.de\/buch\/gesund-durch-bakterienvielfalt\/\">weiterlesen&#8230;<\/a><\/div>\n<p>&nbsp;<\/p>\n","protected":false},"excerpt":{"rendered":"<p>Herzlich willkommen in der Welt der heilsamen Mikroben! Dr. Anne Katharina Zschocke Diese Webseite ist [&hellip;]<\/p>\n","protected":false},"author":2,"featured_media":0,"parent":0,"menu_order":0,"comment_status":"closed","ping_status":"closed","template":"","meta":{"footnotes":""},"class_list":["post-38","page","type-page","status-publish","hentry"],"yoast_head":"<!-- This site is optimized with the Yoast SEO plugin v27.4 - https:\/\/yoast.com\/product\/yoast-seo-wordpress\/ -->\n<title>Buch: Darmbakterien als Schl\u00fcssel zur Gesundheit | Dr. Zschocke<\/title>\n<meta name=\"description\" content=\"Mehr zum Buch Darmbakterien als Schl\u00fcssel zur Gesundheit Neueste Erkenntnisse aus der Mikrobiom-Forschung, Dr. Zschocke. Bakterien dienen Ihrer Gesundheit\" \/>\n<meta name=\"robots\" content=\"index, follow, max-snippet:-1, max-image-preview:large, max-video-preview:-1\" \/>\n<link rel=\"canonical\" href=\"http:\/\/www.darmbakterien-buch.de\/en\/buch-2\/\" \/>\n<meta property=\"og:locale\" content=\"en_US\" \/>\n<meta property=\"og:type\" content=\"article\" \/>\n<meta property=\"og:title\" content=\"Buch: Darmbakterien als Schl\u00fcssel zur Gesundheit | Dr. Zschocke\" \/>\n<meta property=\"og:description\" content=\"Mehr zum Buch Darmbakterien als Schl\u00fcssel zur Gesundheit Neueste Erkenntnisse aus der Mikrobiom-Forschung, Dr. Zschocke. Bakterien dienen Ihrer Gesundheit\" \/>\n<meta property=\"og:url\" content=\"http:\/\/www.darmbakterien-buch.de\/en\/buch-2\/\" \/>\n<meta property=\"og:site_name\" content=\"Darmbakterien als Schl\u00fcssel zur Gesundheit\" \/>\n<meta property=\"article:modified_time\" content=\"2025-07-24T11:57:05+00:00\" \/>\n<meta property=\"og:image\" content=\"http:\/\/www.darmbakterien-buch.de\/wp-content\/uploads\/2025\/06\/ein-maerchen.jpg\" \/>\n<meta name=\"twitter:label1\" content=\"Est. reading time\" \/>\n\t<meta name=\"twitter:data1\" content=\"2 minutes\" \/>\n<script type=\"application\/ld+json\" class=\"yoast-schema-graph\">{\"@context\":\"https:\\\/\\\/schema.org\",\"@graph\":[{\"@type\":\"WebPage\",\"@id\":\"http:\\\/\\\/www.darmbakterien-buch.de\\\/en\\\/buch-2\\\/\",\"url\":\"http:\\\/\\\/www.darmbakterien-buch.de\\\/en\\\/buch-2\\\/\",\"name\":\"Buch: Darmbakterien als Schl\u00fcssel zur Gesundheit | Dr. Zschocke\",\"isPartOf\":{\"@id\":\"http:\\\/\\\/www.darmbakterien-buch.de\\\/en\\\/#website\"},\"primaryImageOfPage\":{\"@id\":\"http:\\\/\\\/www.darmbakterien-buch.de\\\/en\\\/buch-2\\\/#primaryimage\"},\"image\":{\"@id\":\"http:\\\/\\\/www.darmbakterien-buch.de\\\/en\\\/buch-2\\\/#primaryimage\"},\"thumbnailUrl\":\"http:\\\/\\\/www.darmbakterien-buch.de\\\/wp-content\\\/uploads\\\/2025\\\/06\\\/ein-maerchen.jpg\",\"datePublished\":\"2014-12-15T10:19:18+00:00\",\"dateModified\":\"2025-07-24T11:57:05+00:00\",\"description\":\"Mehr zum Buch Darmbakterien als Schl\u00fcssel zur Gesundheit Neueste Erkenntnisse aus der Mikrobiom-Forschung, Dr. Zschocke. Bakterien dienen Ihrer Gesundheit\",\"breadcrumb\":{\"@id\":\"http:\\\/\\\/www.darmbakterien-buch.de\\\/en\\\/buch-2\\\/#breadcrumb\"},\"inLanguage\":\"en-US\",\"potentialAction\":[{\"@type\":\"ReadAction\",\"target\":[\"http:\\\/\\\/www.darmbakterien-buch.de\\\/en\\\/buch-2\\\/\"]}]},{\"@type\":\"ImageObject\",\"inLanguage\":\"en-US\",\"@id\":\"http:\\\/\\\/www.darmbakterien-buch.de\\\/en\\\/buch-2\\\/#primaryimage\",\"url\":\"http:\\\/\\\/www.darmbakterien-buch.de\\\/wp-content\\\/uploads\\\/2025\\\/06\\\/ein-maerchen.jpg\",\"contentUrl\":\"http:\\\/\\\/www.darmbakterien-buch.de\\\/wp-content\\\/uploads\\\/2025\\\/06\\\/ein-maerchen.jpg\"},{\"@type\":\"BreadcrumbList\",\"@id\":\"http:\\\/\\\/www.darmbakterien-buch.de\\\/en\\\/buch-2\\\/#breadcrumb\",\"itemListElement\":[{\"@type\":\"ListItem\",\"position\":1,\"name\":\"Home\",\"item\":\"http:\\\/\\\/www.darmbakterien-buch.de\\\/en\\\/\"},{\"@type\":\"ListItem\",\"position\":2,\"name\":\"Darmbakterien als Schl\u00fcssel zur Gesundheit\"}]},{\"@type\":\"WebSite\",\"@id\":\"http:\\\/\\\/www.darmbakterien-buch.de\\\/en\\\/#website\",\"url\":\"http:\\\/\\\/www.darmbakterien-buch.de\\\/en\\\/\",\"name\":\"Darmbakterien als Schl\u00fcssel zur Gesundheit\",\"description\":\"Buch von Dr. Anne Katharina Zschocke\",\"potentialAction\":[{\"@type\":\"SearchAction\",\"target\":{\"@type\":\"EntryPoint\",\"urlTemplate\":\"http:\\\/\\\/www.darmbakterien-buch.de\\\/en\\\/?s={search_term_string}\"},\"query-input\":{\"@type\":\"PropertyValueSpecification\",\"valueRequired\":true,\"valueName\":\"search_term_string\"}}],\"inLanguage\":\"en-US\"}]}<\/script>\n<!-- \/ Yoast SEO plugin. -->","yoast_head_json":{"title":"Buch: Darmbakterien als Schl\u00fcssel zur Gesundheit | Dr. Zschocke","description":"Mehr zum Buch Darmbakterien als Schl\u00fcssel zur Gesundheit Neueste Erkenntnisse aus der Mikrobiom-Forschung, Dr. Zschocke. Bakterien dienen Ihrer Gesundheit","robots":{"index":"index","follow":"follow","max-snippet":"max-snippet:-1","max-image-preview":"max-image-preview:large","max-video-preview":"max-video-preview:-1"},"canonical":"http:\/\/www.darmbakterien-buch.de\/en\/buch-2\/","og_locale":"en_US","og_type":"article","og_title":"Buch: Darmbakterien als Schl\u00fcssel zur Gesundheit | Dr. Zschocke","og_description":"Mehr zum Buch Darmbakterien als Schl\u00fcssel zur Gesundheit Neueste Erkenntnisse aus der Mikrobiom-Forschung, Dr. Zschocke. Bakterien dienen Ihrer Gesundheit","og_url":"http:\/\/www.darmbakterien-buch.de\/en\/buch-2\/","og_site_name":"Darmbakterien als Schl\u00fcssel zur Gesundheit","article_modified_time":"2025-07-24T11:57:05+00:00","og_image":[{"url":"http:\/\/www.darmbakterien-buch.de\/wp-content\/uploads\/2025\/06\/ein-maerchen.jpg","type":"","width":"","height":""}],"twitter_misc":{"Est. reading time":"2 minutes"},"schema":{"@context":"https:\/\/schema.org","@graph":[{"@type":"WebPage","@id":"http:\/\/www.darmbakterien-buch.de\/en\/buch-2\/","url":"http:\/\/www.darmbakterien-buch.de\/en\/buch-2\/","name":"Buch: Darmbakterien als Schl\u00fcssel zur Gesundheit | Dr. Zschocke","isPartOf":{"@id":"http:\/\/www.darmbakterien-buch.de\/en\/#website"},"primaryImageOfPage":{"@id":"http:\/\/www.darmbakterien-buch.de\/en\/buch-2\/#primaryimage"},"image":{"@id":"http:\/\/www.darmbakterien-buch.de\/en\/buch-2\/#primaryimage"},"thumbnailUrl":"http:\/\/www.darmbakterien-buch.de\/wp-content\/uploads\/2025\/06\/ein-maerchen.jpg","datePublished":"2014-12-15T10:19:18+00:00","dateModified":"2025-07-24T11:57:05+00:00","description":"Mehr zum Buch Darmbakterien als Schl\u00fcssel zur Gesundheit Neueste Erkenntnisse aus der Mikrobiom-Forschung, Dr. Zschocke. Bakterien dienen Ihrer Gesundheit","breadcrumb":{"@id":"http:\/\/www.darmbakterien-buch.de\/en\/buch-2\/#breadcrumb"},"inLanguage":"en-US","potentialAction":[{"@type":"ReadAction","target":["http:\/\/www.darmbakterien-buch.de\/en\/buch-2\/"]}]},{"@type":"ImageObject","inLanguage":"en-US","@id":"http:\/\/www.darmbakterien-buch.de\/en\/buch-2\/#primaryimage","url":"http:\/\/www.darmbakterien-buch.de\/wp-content\/uploads\/2025\/06\/ein-maerchen.jpg","contentUrl":"http:\/\/www.darmbakterien-buch.de\/wp-content\/uploads\/2025\/06\/ein-maerchen.jpg"},{"@type":"BreadcrumbList","@id":"http:\/\/www.darmbakterien-buch.de\/en\/buch-2\/#breadcrumb","itemListElement":[{"@type":"ListItem","position":1,"name":"Home","item":"http:\/\/www.darmbakterien-buch.de\/en\/"},{"@type":"ListItem","position":2,"name":"Darmbakterien als Schl\u00fcssel zur Gesundheit"}]},{"@type":"WebSite","@id":"http:\/\/www.darmbakterien-buch.de\/en\/#website","url":"http:\/\/www.darmbakterien-buch.de\/en\/","name":"Darmbakterien als Schl\u00fcssel zur Gesundheit","description":"Buch von Dr. Anne Katharina Zschocke","potentialAction":[{"@type":"SearchAction","target":{"@type":"EntryPoint","urlTemplate":"http:\/\/www.darmbakterien-buch.de\/en\/?s={search_term_string}"},"query-input":{"@type":"PropertyValueSpecification","valueRequired":true,"valueName":"search_term_string"}}],"inLanguage":"en-US"}]}},"_links":{"self":[{"href":"http:\/\/www.darmbakterien-buch.de\/en\/wp-json\/wp\/v2\/pages\/38","targetHints":{"allow":["GET"]}}],"collection":[{"href":"http:\/\/www.darmbakterien-buch.de\/en\/wp-json\/wp\/v2\/pages"}],"about":[{"href":"http:\/\/www.darmbakterien-buch.de\/en\/wp-json\/wp\/v2\/types\/page"}],"author":[{"embeddable":true,"href":"http:\/\/www.darmbakterien-buch.de\/en\/wp-json\/wp\/v2\/users\/2"}],"replies":[{"embeddable":true,"href":"http:\/\/www.darmbakterien-buch.de\/en\/wp-json\/wp\/v2\/comments?post=38"}],"version-history":[{"count":40,"href":"http:\/\/www.darmbakterien-buch.de\/en\/wp-json\/wp\/v2\/pages\/38\/revisions"}],"predecessor-version":[{"id":3380,"href":"http:\/\/www.darmbakterien-buch.de\/en\/wp-json\/wp\/v2\/pages\/38\/revisions\/3380"}],"wp:attachment":[{"href":"http:\/\/www.darmbakterien-buch.de\/en\/wp-json\/wp\/v2\/media?parent=38"}],"curies":[{"name":"wp","href":"https:\/\/api.w.org\/{rel}","templated":true}]}}