{"id":65,"date":"2014-12-15T15:23:40","date_gmt":"2014-12-15T15:23:40","guid":{"rendered":"http:\/\/www.darmbakterien-buch.de\/?page_id=65"},"modified":"2022-01-12T13:33:25","modified_gmt":"2022-01-12T12:33:25","slug":"gesund-durch-bakterienvielfalt","status":"publish","type":"page","link":"http:\/\/www.darmbakterien-buch.de\/en\/buch-2\/gesund-durch-bakterienvielfalt\/","title":{"rendered":"Gesund durch Bakterienvielfalt"},"content":{"rendered":"<p>&nbsp;<\/p>\n<p>Bisher hielten die meisten Menschen Bakterien f\u00fcr Krankheitserreger, doch seit Kurzem gibt es in der Forschung die revolution\u00e4re Erkenntnis: Bakterien sind die Grundlage unseres Lebens. Ihre Zusammensetzung, Aktivit\u00e4t und ihr Dialog mit unseren K\u00f6rperzellen entscheiden \u00fcber Gesundheit und Krankheit.<\/p>\n<p>Seit dem 19. Jahrhundert glaubte man, man m\u00fcsse Bakterien bek\u00e4mpfen, jetzt entdeckt man: ohne sie werden wir tats\u00e4chlich krank. Damit \u00e4ndert sich das bisherige Verst\u00e4ndnis f\u00fcr die Zusammenh\u00e4nge im menschlichen K\u00f6rper v\u00f6llig.<\/p>\n<p>Eine gest\u00f6rte Bakterienbesiedelung entpuppt sich pl\u00f6tzlich als die Ursache zahlreicher bisher als unheilbar geltender Krankheiten. In zahlreichen Studien wurde wissenschaftlich exakt nachgewiesen, was zuvor h\u00f6chstens praktisch erfahrbar war: Darmbakterien sind der Schl\u00fcssel zur Gesundheit.<\/p>\n<p>Bakterien sind die Grundlage allen Lebens, des Miteinanders und der Gesundheit. An ihnen lassen sich sogar neue Wege des Miteinanders lernen. Sie sind die lebendige Br\u00fccke zwischen der sichtbaren und unsichtbaren Welt.<\/p>\n<p>Mit ihnen entwickelt die Medizin eine neue Hoffnung f\u00fcr die Zukunft.<br \/>\nWas bisher bereits Erfahrungwissen war, wird in diesem Grundlagenbuch anhand zahlreicher Studien wissenschaftlich in ein ganz neues Licht gestellt.<\/p>\n<p>Ein Buch, das jeden angeht, das vielen Menschen helfen kann und das auch Fachleuten wertvolle Hinweise und hilfreiche Impulse gibt.<\/p>\n<p>Es ist f\u00fcr jedermann gut lesbar und verst\u00e4ndlich, und enth\u00e4lt neben ausf\u00fchrlichen Erkl\u00e4rungen zahlreiche praktische Vorschl\u00e4ge und Anleitungen f\u00fcr eine F\u00f6rderung und Wiedererlangung der Darmgesundheit.<\/p>\n<p><a href=\"http:\/\/www.darmbakterien-buch.de\/wp-content\/uploads\/2014\/12\/Inhaltsverzeichnis-Darmbakterien-als-Schluessel-zur-Gesundheit.pdf\">Inhaltsverzeichnis: \u201eDarmbakterien als Schl\u00fcssel zur Gesundheit\u201d (PDF)<\/a><\/p>\n<p><strong>Mit Unterst\u00fctzung f\u00fcr die Autorin <a href=\"https:\/\/shop.autorenwelt.de\/products\/darmbakterien-als-schlussel-zur-gesundheit-neueste-erkenntnisse-aus-der-mikrobiom-forschung-von-anne-katharina-zschocke-1?variant=39424270434397\">Buch versandkostenfrei hier bestellen \u00bb<\/a><\/strong><\/p>\n","protected":false},"excerpt":{"rendered":"<p>&nbsp; Bisher hielten die meisten Menschen Bakterien f\u00fcr Krankheitserreger, doch seit Kurzem gibt es in [&hellip;]<\/p>\n","protected":false},"author":2,"featured_media":0,"parent":38,"menu_order":0,"comment_status":"closed","ping_status":"closed","template":"","meta":{"footnotes":""},"class_list":["post-65","page","type-page","status-publish","hentry"],"yoast_head":"<!-- This site is optimized with the Yoast SEO plugin v27.4 - https:\/\/yoast.com\/product\/yoast-seo-wordpress\/ -->\n<title>Gesund durch Bakterienvielfalt - Darmbakterien als Schl\u00fcssel zur Gesundheit, Dr. Zschocke<\/title>\n<meta name=\"robots\" content=\"index, follow, max-snippet:-1, max-image-preview:large, max-video-preview:-1\" \/>\n<link rel=\"canonical\" href=\"http:\/\/www.darmbakterien-buch.de\/es\/buch-2\/gesund-durch-bakterienvielfalt\/\" \/>\n<meta property=\"og:locale\" content=\"en_US\" \/>\n<meta property=\"og:type\" content=\"article\" \/>\n<meta property=\"og:title\" content=\"Gesund durch Bakterienvielfalt - Darmbakterien als Schl\u00fcssel zur Gesundheit, Dr. Zschocke\" \/>\n<meta property=\"og:description\" content=\"&nbsp; Bisher hielten die meisten Menschen Bakterien f\u00fcr Krankheitserreger, doch seit Kurzem gibt es in [&hellip;]\" \/>\n<meta property=\"og:url\" content=\"http:\/\/www.darmbakterien-buch.de\/es\/buch-2\/gesund-durch-bakterienvielfalt\/\" \/>\n<meta property=\"og:site_name\" content=\"Darmbakterien als Schl\u00fcssel zur Gesundheit\" \/>\n<meta property=\"article:modified_time\" content=\"2022-01-12T12:33:25+00:00\" \/>\n<meta name=\"twitter:label1\" content=\"Est. reading time\" \/>\n\t<meta name=\"twitter:data1\" content=\"1 minute\" \/>\n<script type=\"application\/ld+json\" class=\"yoast-schema-graph\">{\"@context\":\"https:\\\/\\\/schema.org\",\"@graph\":[{\"@type\":\"WebPage\",\"@id\":\"http:\\\/\\\/www.darmbakterien-buch.de\\\/es\\\/buch-2\\\/gesund-durch-bakterienvielfalt\\\/\",\"url\":\"http:\\\/\\\/www.darmbakterien-buch.de\\\/es\\\/buch-2\\\/gesund-durch-bakterienvielfalt\\\/\",\"name\":\"Gesund durch Bakterienvielfalt - Darmbakterien als Schl\u00fcssel zur Gesundheit, Dr. Zschocke\",\"isPartOf\":{\"@id\":\"http:\\\/\\\/www.darmbakterien-buch.de\\\/#website\"},\"datePublished\":\"2014-12-15T15:23:40+00:00\",\"dateModified\":\"2022-01-12T12:33:25+00:00\",\"breadcrumb\":{\"@id\":\"http:\\\/\\\/www.darmbakterien-buch.de\\\/es\\\/buch-2\\\/gesund-durch-bakterienvielfalt\\\/#breadcrumb\"},\"inLanguage\":\"en-US\",\"potentialAction\":[{\"@type\":\"ReadAction\",\"target\":[\"http:\\\/\\\/www.darmbakterien-buch.de\\\/es\\\/buch-2\\\/gesund-durch-bakterienvielfalt\\\/\"]}]},{\"@type\":\"BreadcrumbList\",\"@id\":\"http:\\\/\\\/www.darmbakterien-buch.de\\\/es\\\/buch-2\\\/gesund-durch-bakterienvielfalt\\\/#breadcrumb\",\"itemListElement\":[{\"@type\":\"ListItem\",\"position\":1,\"name\":\"Home\",\"item\":\"https:\\\/\\\/www.darmbakterien-buch.de\\\/en\\\/\"},{\"@type\":\"ListItem\",\"position\":2,\"name\":\"Darmbakterien als Schl\u00fcssel zur Gesundheit\",\"item\":\"http:\\\/\\\/www.darmbakterien-buch.de\\\/\"},{\"@type\":\"ListItem\",\"position\":3,\"name\":\"Gesund durch Bakterienvielfalt\"}]},{\"@type\":\"WebSite\",\"@id\":\"http:\\\/\\\/www.darmbakterien-buch.de\\\/#website\",\"url\":\"http:\\\/\\\/www.darmbakterien-buch.de\\\/\",\"name\":\"Darmbakterien als Schl\u00fcssel zur Gesundheit\",\"description\":\"Buch von Dr. Anne Katharina Zschocke\",\"potentialAction\":[{\"@type\":\"SearchAction\",\"target\":{\"@type\":\"EntryPoint\",\"urlTemplate\":\"http:\\\/\\\/www.darmbakterien-buch.de\\\/?s={search_term_string}\"},\"query-input\":{\"@type\":\"PropertyValueSpecification\",\"valueRequired\":true,\"valueName\":\"search_term_string\"}}],\"inLanguage\":\"en-US\"}]}<\/script>\n<!-- \/ Yoast SEO plugin. -->","yoast_head_json":{"title":"Gesund durch Bakterienvielfalt - Darmbakterien als Schl\u00fcssel zur Gesundheit, Dr. Zschocke","robots":{"index":"index","follow":"follow","max-snippet":"max-snippet:-1","max-image-preview":"max-image-preview:large","max-video-preview":"max-video-preview:-1"},"canonical":"http:\/\/www.darmbakterien-buch.de\/es\/buch-2\/gesund-durch-bakterienvielfalt\/","og_locale":"en_US","og_type":"article","og_title":"Gesund durch Bakterienvielfalt - Darmbakterien als Schl\u00fcssel zur Gesundheit, Dr. Zschocke","og_description":"&nbsp; Bisher hielten die meisten Menschen Bakterien f\u00fcr Krankheitserreger, doch seit Kurzem gibt es in [&hellip;]","og_url":"http:\/\/www.darmbakterien-buch.de\/es\/buch-2\/gesund-durch-bakterienvielfalt\/","og_site_name":"Darmbakterien als Schl\u00fcssel zur Gesundheit","article_modified_time":"2022-01-12T12:33:25+00:00","twitter_misc":{"Est. reading time":"1 minute"},"schema":{"@context":"https:\/\/schema.org","@graph":[{"@type":"WebPage","@id":"http:\/\/www.darmbakterien-buch.de\/es\/buch-2\/gesund-durch-bakterienvielfalt\/","url":"http:\/\/www.darmbakterien-buch.de\/es\/buch-2\/gesund-durch-bakterienvielfalt\/","name":"Gesund durch Bakterienvielfalt - Darmbakterien als Schl\u00fcssel zur Gesundheit, Dr. Zschocke","isPartOf":{"@id":"http:\/\/www.darmbakterien-buch.de\/#website"},"datePublished":"2014-12-15T15:23:40+00:00","dateModified":"2022-01-12T12:33:25+00:00","breadcrumb":{"@id":"http:\/\/www.darmbakterien-buch.de\/es\/buch-2\/gesund-durch-bakterienvielfalt\/#breadcrumb"},"inLanguage":"en-US","potentialAction":[{"@type":"ReadAction","target":["http:\/\/www.darmbakterien-buch.de\/es\/buch-2\/gesund-durch-bakterienvielfalt\/"]}]},{"@type":"BreadcrumbList","@id":"http:\/\/www.darmbakterien-buch.de\/es\/buch-2\/gesund-durch-bakterienvielfalt\/#breadcrumb","itemListElement":[{"@type":"ListItem","position":1,"name":"Home","item":"https:\/\/www.darmbakterien-buch.de\/en\/"},{"@type":"ListItem","position":2,"name":"Darmbakterien als Schl\u00fcssel zur Gesundheit","item":"http:\/\/www.darmbakterien-buch.de\/"},{"@type":"ListItem","position":3,"name":"Gesund durch Bakterienvielfalt"}]},{"@type":"WebSite","@id":"http:\/\/www.darmbakterien-buch.de\/#website","url":"http:\/\/www.darmbakterien-buch.de\/","name":"Darmbakterien als Schl\u00fcssel zur Gesundheit","description":"Buch von Dr. Anne Katharina Zschocke","potentialAction":[{"@type":"SearchAction","target":{"@type":"EntryPoint","urlTemplate":"http:\/\/www.darmbakterien-buch.de\/?s={search_term_string}"},"query-input":{"@type":"PropertyValueSpecification","valueRequired":true,"valueName":"search_term_string"}}],"inLanguage":"en-US"}]}},"_links":{"self":[{"href":"http:\/\/www.darmbakterien-buch.de\/en\/wp-json\/wp\/v2\/pages\/65","targetHints":{"allow":["GET"]}}],"collection":[{"href":"http:\/\/www.darmbakterien-buch.de\/en\/wp-json\/wp\/v2\/pages"}],"about":[{"href":"http:\/\/www.darmbakterien-buch.de\/en\/wp-json\/wp\/v2\/types\/page"}],"author":[{"embeddable":true,"href":"http:\/\/www.darmbakterien-buch.de\/en\/wp-json\/wp\/v2\/users\/2"}],"replies":[{"embeddable":true,"href":"http:\/\/www.darmbakterien-buch.de\/en\/wp-json\/wp\/v2\/comments?post=65"}],"version-history":[{"count":5,"href":"http:\/\/www.darmbakterien-buch.de\/en\/wp-json\/wp\/v2\/pages\/65\/revisions"}],"predecessor-version":[{"id":2129,"href":"http:\/\/www.darmbakterien-buch.de\/en\/wp-json\/wp\/v2\/pages\/65\/revisions\/2129"}],"up":[{"embeddable":true,"href":"http:\/\/www.darmbakterien-buch.de\/en\/wp-json\/wp\/v2\/pages\/38"}],"wp:attachment":[{"href":"http:\/\/www.darmbakterien-buch.de\/en\/wp-json\/wp\/v2\/media?parent=65"}],"curies":[{"name":"wp","href":"https:\/\/api.w.org\/{rel}","templated":true}]}}