{"id":3440,"date":"2025-12-17T16:37:31","date_gmt":"2025-12-17T15:37:31","guid":{"rendered":"http:\/\/www.darmbakterien-buch.de\/?page_id=3440"},"modified":"2025-12-18T08:51:42","modified_gmt":"2025-12-18T07:51:42","slug":"fruehlingsbesuch-bei-den-matronen-2026","status":"publish","type":"page","link":"http:\/\/www.darmbakterien-buch.de\/es\/fruehlingsbesuch-bei-den-matronen-2026\/","title":{"rendered":"Fr\u00fchlingsbesuch bei den Matronen 2026"},"content":{"rendered":"\r\n<p><strong>Sonntag, 26. April 2026 <\/strong> <strong>14 bis ca. 17 Uhr\u00a0 53947 Nettersheim<\/strong><\/p>\r\n\r\n\r\n\r\n<p><strong>Wanderung<\/strong>\u00a0rund um die Kultur- und Naturgeschichte der Matronenverehrung,<\/p>\r\n\r\n\r\n\r\n<p>Nach einer Einf\u00fchrung in der Ausstellung im Naturzentrum spazieren wir zum Matronentempel G\u00f6rresburg. Dabei erfahren wir Hintergr\u00fcnde der Matronenverehrung in keltischer und r\u00f6mischer Zeit und betrachten den geschichtlichen Werdegang und das Urbild der Mutter, wie es best\u00e4ndig in der Natur erfahren werden kann. Wir folgen wir den Spuren der dreifachen G\u00f6ttin bis ins heutige Christentum und entdecken dabei immer wieder spannende Bez\u00fcge zwischen der alten Kultur und den gro\u00dfen Fragen des heutigen Lebens. Dieser Blick \u00f6ffnet hoffnungsvolle Wege in die Zukunft. Auf dem rekonstruierten Tempelplatz mit Matronenweihesteinen l\u00e4sst sich die gegenw\u00e4rtige Qualit\u00e4t eines heiligen Ortes erleben, und wer m\u00f6chte, kann anschlie\u00dfend dort verweilen.<\/p>\r\n\r\n\r\n\r\n<p><strong>Treffpunkt<\/strong>:\u00a0<a href=\"http:\/\/www.naturzentrum-eifel.de\/\">Naturzentrum<\/a>, Urftstra\u00dfe 2, 53947 Nettersheim <br \/><strong>Dauer<\/strong>: circa 3 Stunden. Wegstrecke 5 km, stabiles Schuhprofil angeraten. <br \/><strong>Beitrag<\/strong>: 18,- \u20ac <br \/><strong>Anmeldung<\/strong>:\u00a0<a class=\"mailto-link\" data-enc-email=\"Anghemragehz[at]arggrefurvz.qr\" data-wpel-link=\"ignore\"><span id=\"eeb-489632-242046\">Naturzentrum@nettersheim.de<\/span><\/a>, Telefon 02486-1246<\/p>\r\n\r\n\r\n\r\n<p><a href=\"http:\/\/www.darmbakterien-buch.de\/veranstaltungen-seminare\/\">&lt; zur\u00fcck zu allen Veranstaltungen<\/a><\/p>\r\n","protected":false},"excerpt":{"rendered":"<p>Sonntag, 26. April 2026 14 bis ca. 17 Uhr\u00a0 53947 Nettersheim Wanderung\u00a0rund um die Kultur- [&hellip;]<\/p>\n","protected":false},"author":4,"featured_media":0,"parent":0,"menu_order":0,"comment_status":"closed","ping_status":"closed","template":"","meta":{"footnotes":""},"class_list":["post-3440","page","type-page","status-publish","hentry"],"yoast_head":"<!-- This site is optimized with the Yoast SEO plugin v27.4 - https:\/\/yoast.com\/product\/yoast-seo-wordpress\/ -->\n<title>Fr\u00fchlingsbesuch bei den Matronen 2026 - Darmbakterien als Schl\u00fcssel zur Gesundheit, Dr. Zschocke<\/title>\n<meta name=\"robots\" content=\"index, follow, max-snippet:-1, max-image-preview:large, max-video-preview:-1\" \/>\n<link rel=\"canonical\" href=\"http:\/\/www.darmbakterien-buch.de\/fruehlingsbesuch-bei-den-matronen-2026\/\" \/>\n<meta property=\"og:locale\" content=\"es_ES\" \/>\n<meta property=\"og:type\" content=\"article\" \/>\n<meta property=\"og:title\" content=\"Fr\u00fchlingsbesuch bei den Matronen 2026 - Darmbakterien als Schl\u00fcssel zur Gesundheit, Dr. Zschocke\" \/>\n<meta property=\"og:description\" content=\"Sonntag, 26. April 2026 14 bis ca. 17 Uhr\u00a0 53947 Nettersheim Wanderung\u00a0rund um die Kultur- [&hellip;]\" \/>\n<meta property=\"og:url\" content=\"http:\/\/www.darmbakterien-buch.de\/fruehlingsbesuch-bei-den-matronen-2026\/\" \/>\n<meta property=\"og:site_name\" content=\"Darmbakterien als Schl\u00fcssel zur Gesundheit\" \/>\n<meta property=\"article:modified_time\" content=\"2025-12-18T07:51:42+00:00\" \/>\n<meta name=\"twitter:label1\" content=\"Tiempo de lectura\" \/>\n\t<meta name=\"twitter:data1\" content=\"1 minuto\" \/>\n<script type=\"application\/ld+json\" class=\"yoast-schema-graph\">{\"@context\":\"https:\\\/\\\/schema.org\",\"@graph\":[{\"@type\":\"WebPage\",\"@id\":\"http:\\\/\\\/www.darmbakterien-buch.de\\\/fruehlingsbesuch-bei-den-matronen-2026\\\/\",\"url\":\"http:\\\/\\\/www.darmbakterien-buch.de\\\/fruehlingsbesuch-bei-den-matronen-2026\\\/\",\"name\":\"Fr\u00fchlingsbesuch bei den Matronen 2026 - Darmbakterien als Schl\u00fcssel zur Gesundheit, Dr. Zschocke\",\"isPartOf\":{\"@id\":\"http:\\\/\\\/www.darmbakterien-buch.de\\\/#website\"},\"datePublished\":\"2025-12-17T15:37:31+00:00\",\"dateModified\":\"2025-12-18T07:51:42+00:00\",\"breadcrumb\":{\"@id\":\"http:\\\/\\\/www.darmbakterien-buch.de\\\/fruehlingsbesuch-bei-den-matronen-2026\\\/#breadcrumb\"},\"inLanguage\":\"es\",\"potentialAction\":[{\"@type\":\"ReadAction\",\"target\":[\"http:\\\/\\\/www.darmbakterien-buch.de\\\/fruehlingsbesuch-bei-den-matronen-2026\\\/\"]}]},{\"@type\":\"BreadcrumbList\",\"@id\":\"http:\\\/\\\/www.darmbakterien-buch.de\\\/fruehlingsbesuch-bei-den-matronen-2026\\\/#breadcrumb\",\"itemListElement\":[{\"@type\":\"ListItem\",\"position\":1,\"name\":\"Home\",\"item\":\"http:\\\/\\\/www.darmbakterien-buch.de\\\/es\\\/\"},{\"@type\":\"ListItem\",\"position\":2,\"name\":\"Fr\u00fchlingsbesuch bei den Matronen 2026\"}]},{\"@type\":\"WebSite\",\"@id\":\"http:\\\/\\\/www.darmbakterien-buch.de\\\/#website\",\"url\":\"http:\\\/\\\/www.darmbakterien-buch.de\\\/\",\"name\":\"Darmbakterien als Schl\u00fcssel zur Gesundheit\",\"description\":\"Buch von Dr. Anne Katharina Zschocke\",\"potentialAction\":[{\"@type\":\"SearchAction\",\"target\":{\"@type\":\"EntryPoint\",\"urlTemplate\":\"http:\\\/\\\/www.darmbakterien-buch.de\\\/?s={search_term_string}\"},\"query-input\":{\"@type\":\"PropertyValueSpecification\",\"valueRequired\":true,\"valueName\":\"search_term_string\"}}],\"inLanguage\":\"es\"}]}<\/script>\n<!-- \/ Yoast SEO plugin. -->","yoast_head_json":{"title":"Fr\u00fchlingsbesuch bei den Matronen 2026 - Darmbakterien als Schl\u00fcssel zur Gesundheit, Dr. Zschocke","robots":{"index":"index","follow":"follow","max-snippet":"max-snippet:-1","max-image-preview":"max-image-preview:large","max-video-preview":"max-video-preview:-1"},"canonical":"http:\/\/www.darmbakterien-buch.de\/fruehlingsbesuch-bei-den-matronen-2026\/","og_locale":"es_ES","og_type":"article","og_title":"Fr\u00fchlingsbesuch bei den Matronen 2026 - Darmbakterien als Schl\u00fcssel zur Gesundheit, Dr. Zschocke","og_description":"Sonntag, 26. April 2026 14 bis ca. 17 Uhr\u00a0 53947 Nettersheim Wanderung\u00a0rund um die Kultur- [&hellip;]","og_url":"http:\/\/www.darmbakterien-buch.de\/fruehlingsbesuch-bei-den-matronen-2026\/","og_site_name":"Darmbakterien als Schl\u00fcssel zur Gesundheit","article_modified_time":"2025-12-18T07:51:42+00:00","twitter_misc":{"Tiempo de lectura":"1 minuto"},"schema":{"@context":"https:\/\/schema.org","@graph":[{"@type":"WebPage","@id":"http:\/\/www.darmbakterien-buch.de\/fruehlingsbesuch-bei-den-matronen-2026\/","url":"http:\/\/www.darmbakterien-buch.de\/fruehlingsbesuch-bei-den-matronen-2026\/","name":"Fr\u00fchlingsbesuch bei den Matronen 2026 - Darmbakterien als Schl\u00fcssel zur Gesundheit, Dr. Zschocke","isPartOf":{"@id":"http:\/\/www.darmbakterien-buch.de\/#website"},"datePublished":"2025-12-17T15:37:31+00:00","dateModified":"2025-12-18T07:51:42+00:00","breadcrumb":{"@id":"http:\/\/www.darmbakterien-buch.de\/fruehlingsbesuch-bei-den-matronen-2026\/#breadcrumb"},"inLanguage":"es","potentialAction":[{"@type":"ReadAction","target":["http:\/\/www.darmbakterien-buch.de\/fruehlingsbesuch-bei-den-matronen-2026\/"]}]},{"@type":"BreadcrumbList","@id":"http:\/\/www.darmbakterien-buch.de\/fruehlingsbesuch-bei-den-matronen-2026\/#breadcrumb","itemListElement":[{"@type":"ListItem","position":1,"name":"Home","item":"http:\/\/www.darmbakterien-buch.de\/es\/"},{"@type":"ListItem","position":2,"name":"Fr\u00fchlingsbesuch bei den Matronen 2026"}]},{"@type":"WebSite","@id":"http:\/\/www.darmbakterien-buch.de\/#website","url":"http:\/\/www.darmbakterien-buch.de\/","name":"Darmbakterien als Schl\u00fcssel zur Gesundheit","description":"Buch von Dr. Anne Katharina Zschocke","potentialAction":[{"@type":"SearchAction","target":{"@type":"EntryPoint","urlTemplate":"http:\/\/www.darmbakterien-buch.de\/?s={search_term_string}"},"query-input":{"@type":"PropertyValueSpecification","valueRequired":true,"valueName":"search_term_string"}}],"inLanguage":"es"}]}},"_links":{"self":[{"href":"http:\/\/www.darmbakterien-buch.de\/es\/wp-json\/wp\/v2\/pages\/3440","targetHints":{"allow":["GET"]}}],"collection":[{"href":"http:\/\/www.darmbakterien-buch.de\/es\/wp-json\/wp\/v2\/pages"}],"about":[{"href":"http:\/\/www.darmbakterien-buch.de\/es\/wp-json\/wp\/v2\/types\/page"}],"author":[{"embeddable":true,"href":"http:\/\/www.darmbakterien-buch.de\/es\/wp-json\/wp\/v2\/users\/4"}],"replies":[{"embeddable":true,"href":"http:\/\/www.darmbakterien-buch.de\/es\/wp-json\/wp\/v2\/comments?post=3440"}],"version-history":[{"count":4,"href":"http:\/\/www.darmbakterien-buch.de\/es\/wp-json\/wp\/v2\/pages\/3440\/revisions"}],"predecessor-version":[{"id":3458,"href":"http:\/\/www.darmbakterien-buch.de\/es\/wp-json\/wp\/v2\/pages\/3440\/revisions\/3458"}],"wp:attachment":[{"href":"http:\/\/www.darmbakterien-buch.de\/es\/wp-json\/wp\/v2\/media?parent=3440"}],"curies":[{"name":"wp","href":"https:\/\/api.w.org\/{rel}","templated":true}]}}