{"id":1397,"date":"2018-06-01T00:15:52","date_gmt":"2018-05-31T22:15:52","guid":{"rendered":"http:\/\/www.darmbakterien-buch.de\/book\/health-through-a-variety-of-bacteria\/"},"modified":"2019-05-13T13:05:50","modified_gmt":"2019-05-13T11:05:50","slug":"a-saude-a-traves-de-uma-variedade-de-bacterias","status":"publish","type":"page","link":"http:\/\/www.darmbakterien-buch.de\/pl\/book\/a-saude-a-traves-de-uma-variedade-de-bacterias\/","title":{"rendered":"A sa\u00fade a trav\u00e9s de uma variedade de bacterias"},"content":{"rendered":"<p>&nbsp;<\/p>\n<p>At\u00e9 recentemente a maioria das pessoas consideravam as bacteria como a causa de doen\u00e7a. No entanto, pesquisas recentes mostraram uma vis\u00e3o revolucion\u00e1ria sobre a importancia fundamental das bacterias para a vida humana.<\/p>\n<p>Desde o S\u00e9culo 19 a opini\u00e3o general era que as bacterias eram para ser combatidas. Hoje temos descoberto que sem elas a doen\u00e7a ser\u00eda iminente. Assim, a nossa compreens\u00e3o pr\u00e9via de conex\u00f5es no corpo humano tem mudado completamente.<br \/>\nUm assentamento desequilibrado de bacterias no nosso corpo pode se revelar de repente como a causa de in\u00fameras doen\u00e7as, que at\u00e9 agora eram consideradas imposs\u00edveis de curar. Muitos estudos cient\u00edficos provam sem duvida alguma, um facto que at\u00e9 a data, na melhor das hip\u00f3teses, s\u00f3 pod\u00eda ser experimentado na pr\u00e1tica: \u00e1s Bacterias do sistema digestivo s\u00e3o a chave para uma boa sa\u00fade.<\/p>\n<p>As Bact\u00e9rias formam a base de toda a sa\u00fade e uni\u00e3o da vida. Atrav\u00e9s delas, pode-se at\u00e9 aprender novas formas de uni\u00e3o. Elas fornecem conex\u00f5es vivas entre o mundo vis\u00edvel e o invis\u00edvel. Atrav\u00e9s da medicina com bact\u00e9rias, temos uma nova esperan\u00e7a de desenvolvimento para o futuro.<br \/>\nO que at\u00e9 a data j\u00e1 \u00e9 conhecimento atrav\u00e9s da experiencia, \u00e9 agora apresentado de uma forma completamente nova gra\u00e7as a numerosos estudos cient\u00edficos apresentados neste &#8222;primeiro livro&#8221; (volume b\u00e1sico).<\/p>\n<p>\u00c9 um livro que concerne a todos, que poder\u00e1 ajudar a muitos e que pode dar um valioso concelho e um impulso \u00fatil a especialistas. Pode ser lido com facilidade e entendido por todos e para al\u00e9m de ter explica\u00e7\u00f5es detalhadas, contem m\u00e9todos e sugest\u00f5es pr\u00e1ticas para promover e\/ou recuperar a sa\u00fade intestinal.<\/p>\n","protected":false},"excerpt":{"rendered":"<p>&nbsp; At\u00e9 recentemente a maioria das pessoas consideravam as bacteria como a causa de doen\u00e7a. [&hellip;]<\/p>\n","protected":false},"author":2,"featured_media":0,"parent":1394,"menu_order":0,"comment_status":"closed","ping_status":"closed","template":"","meta":{"footnotes":""},"class_list":["post-1397","page","type-page","status-publish","hentry"],"yoast_head":"<!-- This site is optimized with the Yoast SEO plugin v27.5 - https:\/\/yoast.com\/product\/yoast-seo-wordpress\/ -->\n<title>A sa\u00fade a trav\u00e9s de uma variedade de bacterias - Darmbakterien als Schl\u00fcssel zur Gesundheit, Dr. Zschocke<\/title>\n<meta name=\"robots\" content=\"index, follow, max-snippet:-1, max-image-preview:large, max-video-preview:-1\" \/>\n<link rel=\"canonical\" href=\"http:\/\/www.darmbakterien-buch.de\/en\/book\/a-saude-a-traves-de-uma-variedade-de-bacterias\/\" \/>\n<meta property=\"og:locale\" content=\"pl_PL\" \/>\n<meta property=\"og:type\" content=\"article\" \/>\n<meta property=\"og:title\" content=\"A sa\u00fade a trav\u00e9s de uma variedade de bacterias - Darmbakterien als Schl\u00fcssel zur Gesundheit, Dr. Zschocke\" \/>\n<meta property=\"og:description\" content=\"&nbsp; At\u00e9 recentemente a maioria das pessoas consideravam as bacteria como a causa de doen\u00e7a. [&hellip;]\" \/>\n<meta property=\"og:url\" content=\"http:\/\/www.darmbakterien-buch.de\/en\/book\/a-saude-a-traves-de-uma-variedade-de-bacterias\/\" \/>\n<meta property=\"og:site_name\" content=\"Darmbakterien als Schl\u00fcssel zur Gesundheit\" \/>\n<meta property=\"article:modified_time\" content=\"2019-05-13T11:05:50+00:00\" \/>\n<meta name=\"twitter:label1\" content=\"Szacowany czas czytania\" \/>\n\t<meta name=\"twitter:data1\" content=\"2 minuty\" \/>\n<script type=\"application\/ld+json\" class=\"yoast-schema-graph\">{\"@context\":\"https:\\\/\\\/schema.org\",\"@graph\":[{\"@type\":\"WebPage\",\"@id\":\"http:\\\/\\\/www.darmbakterien-buch.de\\\/en\\\/book\\\/a-saude-a-traves-de-uma-variedade-de-bacterias\\\/\",\"url\":\"http:\\\/\\\/www.darmbakterien-buch.de\\\/en\\\/book\\\/a-saude-a-traves-de-uma-variedade-de-bacterias\\\/\",\"name\":\"A sa\u00fade a trav\u00e9s de uma variedade de bacterias - Darmbakterien als Schl\u00fcssel zur Gesundheit, Dr. Zschocke\",\"isPartOf\":{\"@id\":\"http:\\\/\\\/www.darmbakterien-buch.de\\\/pl\\\/#website\"},\"datePublished\":\"2018-05-31T22:15:52+00:00\",\"dateModified\":\"2019-05-13T11:05:50+00:00\",\"breadcrumb\":{\"@id\":\"http:\\\/\\\/www.darmbakterien-buch.de\\\/en\\\/book\\\/a-saude-a-traves-de-uma-variedade-de-bacterias\\\/#breadcrumb\"},\"inLanguage\":\"pl-PL\",\"potentialAction\":[{\"@type\":\"ReadAction\",\"target\":[\"http:\\\/\\\/www.darmbakterien-buch.de\\\/en\\\/book\\\/a-saude-a-traves-de-uma-variedade-de-bacterias\\\/\"]}]},{\"@type\":\"BreadcrumbList\",\"@id\":\"http:\\\/\\\/www.darmbakterien-buch.de\\\/en\\\/book\\\/a-saude-a-traves-de-uma-variedade-de-bacterias\\\/#breadcrumb\",\"itemListElement\":[{\"@type\":\"ListItem\",\"position\":1,\"name\":\"Home\",\"item\":\"http:\\\/\\\/www.darmbakterien-buch.de\\\/pl\\\/\"},{\"@type\":\"ListItem\",\"position\":2,\"name\":\"Bacterias intestinais como a chave para a sa\u00fade\",\"item\":\"https:\\\/\\\/www.darmbakterien-buch.de\\\/pt-pt\\\/\"},{\"@type\":\"ListItem\",\"position\":3,\"name\":\"A sa\u00fade a trav\u00e9s de uma variedade de bacterias\"}]},{\"@type\":\"WebSite\",\"@id\":\"http:\\\/\\\/www.darmbakterien-buch.de\\\/pl\\\/#website\",\"url\":\"http:\\\/\\\/www.darmbakterien-buch.de\\\/pl\\\/\",\"name\":\"Darmbakterien als Schl\u00fcssel zur Gesundheit\",\"description\":\"Buch von Dr. Anne Katharina Zschocke\",\"potentialAction\":[{\"@type\":\"SearchAction\",\"target\":{\"@type\":\"EntryPoint\",\"urlTemplate\":\"http:\\\/\\\/www.darmbakterien-buch.de\\\/pl\\\/?s={search_term_string}\"},\"query-input\":{\"@type\":\"PropertyValueSpecification\",\"valueRequired\":true,\"valueName\":\"search_term_string\"}}],\"inLanguage\":\"pl-PL\"}]}<\/script>\n<!-- \/ Yoast SEO plugin. -->","yoast_head_json":{"title":"A sa\u00fade a trav\u00e9s de uma variedade de bacterias - Darmbakterien als Schl\u00fcssel zur Gesundheit, Dr. Zschocke","robots":{"index":"index","follow":"follow","max-snippet":"max-snippet:-1","max-image-preview":"max-image-preview:large","max-video-preview":"max-video-preview:-1"},"canonical":"http:\/\/www.darmbakterien-buch.de\/en\/book\/a-saude-a-traves-de-uma-variedade-de-bacterias\/","og_locale":"pl_PL","og_type":"article","og_title":"A sa\u00fade a trav\u00e9s de uma variedade de bacterias - Darmbakterien als Schl\u00fcssel zur Gesundheit, Dr. Zschocke","og_description":"&nbsp; At\u00e9 recentemente a maioria das pessoas consideravam as bacteria como a causa de doen\u00e7a. [&hellip;]","og_url":"http:\/\/www.darmbakterien-buch.de\/en\/book\/a-saude-a-traves-de-uma-variedade-de-bacterias\/","og_site_name":"Darmbakterien als Schl\u00fcssel zur Gesundheit","article_modified_time":"2019-05-13T11:05:50+00:00","twitter_misc":{"Szacowany czas czytania":"2 minuty"},"schema":{"@context":"https:\/\/schema.org","@graph":[{"@type":"WebPage","@id":"http:\/\/www.darmbakterien-buch.de\/en\/book\/a-saude-a-traves-de-uma-variedade-de-bacterias\/","url":"http:\/\/www.darmbakterien-buch.de\/en\/book\/a-saude-a-traves-de-uma-variedade-de-bacterias\/","name":"A sa\u00fade a trav\u00e9s de uma variedade de bacterias - Darmbakterien als Schl\u00fcssel zur Gesundheit, Dr. Zschocke","isPartOf":{"@id":"http:\/\/www.darmbakterien-buch.de\/pl\/#website"},"datePublished":"2018-05-31T22:15:52+00:00","dateModified":"2019-05-13T11:05:50+00:00","breadcrumb":{"@id":"http:\/\/www.darmbakterien-buch.de\/en\/book\/a-saude-a-traves-de-uma-variedade-de-bacterias\/#breadcrumb"},"inLanguage":"pl-PL","potentialAction":[{"@type":"ReadAction","target":["http:\/\/www.darmbakterien-buch.de\/en\/book\/a-saude-a-traves-de-uma-variedade-de-bacterias\/"]}]},{"@type":"BreadcrumbList","@id":"http:\/\/www.darmbakterien-buch.de\/en\/book\/a-saude-a-traves-de-uma-variedade-de-bacterias\/#breadcrumb","itemListElement":[{"@type":"ListItem","position":1,"name":"Home","item":"http:\/\/www.darmbakterien-buch.de\/pl\/"},{"@type":"ListItem","position":2,"name":"Bacterias intestinais como a chave para a sa\u00fade","item":"https:\/\/www.darmbakterien-buch.de\/pt-pt\/"},{"@type":"ListItem","position":3,"name":"A sa\u00fade a trav\u00e9s de uma variedade de bacterias"}]},{"@type":"WebSite","@id":"http:\/\/www.darmbakterien-buch.de\/pl\/#website","url":"http:\/\/www.darmbakterien-buch.de\/pl\/","name":"Darmbakterien als Schl\u00fcssel zur Gesundheit","description":"Buch von Dr. Anne Katharina Zschocke","potentialAction":[{"@type":"SearchAction","target":{"@type":"EntryPoint","urlTemplate":"http:\/\/www.darmbakterien-buch.de\/pl\/?s={search_term_string}"},"query-input":{"@type":"PropertyValueSpecification","valueRequired":true,"valueName":"search_term_string"}}],"inLanguage":"pl-PL"}]}},"_links":{"self":[{"href":"http:\/\/www.darmbakterien-buch.de\/pl\/wp-json\/wp\/v2\/pages\/1397","targetHints":{"allow":["GET"]}}],"collection":[{"href":"http:\/\/www.darmbakterien-buch.de\/pl\/wp-json\/wp\/v2\/pages"}],"about":[{"href":"http:\/\/www.darmbakterien-buch.de\/pl\/wp-json\/wp\/v2\/types\/page"}],"author":[{"embeddable":true,"href":"http:\/\/www.darmbakterien-buch.de\/pl\/wp-json\/wp\/v2\/users\/2"}],"replies":[{"embeddable":true,"href":"http:\/\/www.darmbakterien-buch.de\/pl\/wp-json\/wp\/v2\/comments?post=1397"}],"version-history":[{"count":3,"href":"http:\/\/www.darmbakterien-buch.de\/pl\/wp-json\/wp\/v2\/pages\/1397\/revisions"}],"predecessor-version":[{"id":1401,"href":"http:\/\/www.darmbakterien-buch.de\/pl\/wp-json\/wp\/v2\/pages\/1397\/revisions\/1401"}],"up":[{"embeddable":true,"href":"http:\/\/www.darmbakterien-buch.de\/pl\/wp-json\/wp\/v2\/pages\/1394"}],"wp:attachment":[{"href":"http:\/\/www.darmbakterien-buch.de\/pl\/wp-json\/wp\/v2\/media?parent=1397"}],"curies":[{"name":"wp","href":"https:\/\/api.w.org\/{rel}","templated":true}]}}