{"id":1472,"date":"2014-12-15T15:23:40","date_gmt":"2014-12-15T15:23:40","guid":{"rendered":"http:\/\/www.darmbakterien-buch.de\/buch\/gesund-durch-bakterienvielfalt\/"},"modified":"2019-06-26T12:03:19","modified_gmt":"2019-06-26T10:03:19","slug":"sano-grazie-alla-diversita-batterica","status":"publish","type":"page","link":"http:\/\/www.darmbakterien-buch.de\/pl\/buch\/sano-grazie-alla-diversita-batterica\/","title":{"rendered":"Sano grazie alla diversit\u00e0 batterica"},"content":{"rendered":"<p>&nbsp;<\/p>\n<p>Finora, la maggior parte delle persone consideravano i batteri come agenti patogeni, ma recentemente c&#8217;\u00e8 stata una scoperta rivoluzionaria nella ricerca: i batteri sono la base della nostra vita. La loro composizione, la loro attivit\u00e0 e il dialogo con le nostre cellule del corpo determinano la salute e la malattia.<\/p>\n<p>Dal XIX secolo, la gente credeva che dovevamo combattere i batteri, ma ora stanno scoprendo che senza di loro ci ammaliamo davvero. Questo cambia completamente la nostra precedente comprensione delle connessioni nel corpo umano.<\/p>\n<p>Una colonizzazione batterica disturbata si rivela improvvisamente essere la causa di numerose malattie precedentemente considerate incurabili. Numerosi studi hanno scientificamente provato esattamente ci\u00f2 che prima poteva essere sperimentato solo nella pratica: i batteri intestinali sono la chiave per la salute.<\/p>\n<p>I batteri sono alla base di tutta la vita, dell&#8217;unione e della salute. Possono anche essere usati per imparare nuovi modi di stare insieme. Sono il ponte vivente tra il mondo visibile e quello invisibile.<\/p>\n<p>Con loro, la medicina sviluppa una nuova speranza per il futuro.<br \/>\nCi\u00f2 che era gi\u00e0 conoscenza dell&#8217;esperienza, \u00e8 scientificamente messo sotto una luce completamente nuova in questo libro di base sulla base di numerosi studi.<\/p>\n<p>Un libro che riguarda tutti, che pu\u00f2 aiutare molte persone e che d\u00e0 anche preziosi suggerimenti e impulsi utili agli esperti.<\/p>\n<p>\u00c8 facile da leggere e comprendere per tutti e contiene spiegazioni dettagliate, oltre a numerosi suggerimenti pratici e istruzioni per la promozione e il recupero della salute intestinale.<\/p>\n","protected":false},"excerpt":{"rendered":"<p>&nbsp; Finora, la maggior parte delle persone consideravano i batteri come agenti patogeni, ma recentemente [&hellip;]<\/p>\n","protected":false},"author":2,"featured_media":0,"parent":1469,"menu_order":0,"comment_status":"closed","ping_status":"closed","template":"","meta":{"footnotes":""},"class_list":["post-1472","page","type-page","status-publish","hentry"],"yoast_head":"<!-- This site is optimized with the Yoast SEO plugin v27.5 - https:\/\/yoast.com\/product\/yoast-seo-wordpress\/ -->\n<title>Sano grazie alla diversit\u00e0 batterica - Darmbakterien als Schl\u00fcssel zur Gesundheit, Dr. Zschocke<\/title>\n<meta name=\"robots\" content=\"index, follow, max-snippet:-1, max-image-preview:large, max-video-preview:-1\" \/>\n<link rel=\"canonical\" href=\"https:\/\/www.darmbakterien-buch.de\/en\/buch\/sano-grazie-alla-diversita-batterica\/\" \/>\n<meta property=\"og:locale\" content=\"pl_PL\" \/>\n<meta property=\"og:type\" content=\"article\" \/>\n<meta property=\"og:title\" content=\"Sano grazie alla diversit\u00e0 batterica - Darmbakterien als Schl\u00fcssel zur Gesundheit, Dr. Zschocke\" \/>\n<meta property=\"og:description\" content=\"&nbsp; Finora, la maggior parte delle persone consideravano i batteri come agenti patogeni, ma recentemente [&hellip;]\" \/>\n<meta property=\"og:url\" content=\"https:\/\/www.darmbakterien-buch.de\/en\/buch\/sano-grazie-alla-diversita-batterica\/\" \/>\n<meta property=\"og:site_name\" content=\"Darmbakterien als Schl\u00fcssel zur Gesundheit\" \/>\n<meta property=\"article:modified_time\" content=\"2019-06-26T10:03:19+00:00\" \/>\n<meta name=\"twitter:label1\" content=\"Szacowany czas czytania\" \/>\n\t<meta name=\"twitter:data1\" content=\"1 minuta\" \/>\n<script type=\"application\/ld+json\" class=\"yoast-schema-graph\">{\"@context\":\"https:\\\/\\\/schema.org\",\"@graph\":[{\"@type\":\"WebPage\",\"@id\":\"https:\\\/\\\/www.darmbakterien-buch.de\\\/en\\\/buch\\\/sano-grazie-alla-diversita-batterica\\\/\",\"url\":\"https:\\\/\\\/www.darmbakterien-buch.de\\\/en\\\/buch\\\/sano-grazie-alla-diversita-batterica\\\/\",\"name\":\"Sano grazie alla diversit\u00e0 batterica - Darmbakterien als Schl\u00fcssel zur Gesundheit, Dr. Zschocke\",\"isPartOf\":{\"@id\":\"http:\\\/\\\/www.darmbakterien-buch.de\\\/pl\\\/#website\"},\"datePublished\":\"2014-12-15T15:23:40+00:00\",\"dateModified\":\"2019-06-26T10:03:19+00:00\",\"breadcrumb\":{\"@id\":\"https:\\\/\\\/www.darmbakterien-buch.de\\\/en\\\/buch\\\/sano-grazie-alla-diversita-batterica\\\/#breadcrumb\"},\"inLanguage\":\"pl-PL\",\"potentialAction\":[{\"@type\":\"ReadAction\",\"target\":[\"https:\\\/\\\/www.darmbakterien-buch.de\\\/en\\\/buch\\\/sano-grazie-alla-diversita-batterica\\\/\"]}]},{\"@type\":\"BreadcrumbList\",\"@id\":\"https:\\\/\\\/www.darmbakterien-buch.de\\\/en\\\/buch\\\/sano-grazie-alla-diversita-batterica\\\/#breadcrumb\",\"itemListElement\":[{\"@type\":\"ListItem\",\"position\":1,\"name\":\"Home\",\"item\":\"http:\\\/\\\/www.darmbakterien-buch.de\\\/pl\\\/\"},{\"@type\":\"ListItem\",\"position\":2,\"name\":\"I Batteri Intestinali\",\"item\":\"http:\\\/\\\/www.darmbakterien-buch.de\\\/it\\\/\"},{\"@type\":\"ListItem\",\"position\":3,\"name\":\"Sano grazie alla diversit\u00e0 batterica\"}]},{\"@type\":\"WebSite\",\"@id\":\"http:\\\/\\\/www.darmbakterien-buch.de\\\/pl\\\/#website\",\"url\":\"http:\\\/\\\/www.darmbakterien-buch.de\\\/pl\\\/\",\"name\":\"Darmbakterien als Schl\u00fcssel zur Gesundheit\",\"description\":\"Buch von Dr. Anne Katharina Zschocke\",\"potentialAction\":[{\"@type\":\"SearchAction\",\"target\":{\"@type\":\"EntryPoint\",\"urlTemplate\":\"http:\\\/\\\/www.darmbakterien-buch.de\\\/pl\\\/?s={search_term_string}\"},\"query-input\":{\"@type\":\"PropertyValueSpecification\",\"valueRequired\":true,\"valueName\":\"search_term_string\"}}],\"inLanguage\":\"pl-PL\"}]}<\/script>\n<!-- \/ Yoast SEO plugin. -->","yoast_head_json":{"title":"Sano grazie alla diversit\u00e0 batterica - Darmbakterien als Schl\u00fcssel zur Gesundheit, Dr. Zschocke","robots":{"index":"index","follow":"follow","max-snippet":"max-snippet:-1","max-image-preview":"max-image-preview:large","max-video-preview":"max-video-preview:-1"},"canonical":"https:\/\/www.darmbakterien-buch.de\/en\/buch\/sano-grazie-alla-diversita-batterica\/","og_locale":"pl_PL","og_type":"article","og_title":"Sano grazie alla diversit\u00e0 batterica - Darmbakterien als Schl\u00fcssel zur Gesundheit, Dr. Zschocke","og_description":"&nbsp; Finora, la maggior parte delle persone consideravano i batteri come agenti patogeni, ma recentemente [&hellip;]","og_url":"https:\/\/www.darmbakterien-buch.de\/en\/buch\/sano-grazie-alla-diversita-batterica\/","og_site_name":"Darmbakterien als Schl\u00fcssel zur Gesundheit","article_modified_time":"2019-06-26T10:03:19+00:00","twitter_misc":{"Szacowany czas czytania":"1 minuta"},"schema":{"@context":"https:\/\/schema.org","@graph":[{"@type":"WebPage","@id":"https:\/\/www.darmbakterien-buch.de\/en\/buch\/sano-grazie-alla-diversita-batterica\/","url":"https:\/\/www.darmbakterien-buch.de\/en\/buch\/sano-grazie-alla-diversita-batterica\/","name":"Sano grazie alla diversit\u00e0 batterica - Darmbakterien als Schl\u00fcssel zur Gesundheit, Dr. Zschocke","isPartOf":{"@id":"http:\/\/www.darmbakterien-buch.de\/pl\/#website"},"datePublished":"2014-12-15T15:23:40+00:00","dateModified":"2019-06-26T10:03:19+00:00","breadcrumb":{"@id":"https:\/\/www.darmbakterien-buch.de\/en\/buch\/sano-grazie-alla-diversita-batterica\/#breadcrumb"},"inLanguage":"pl-PL","potentialAction":[{"@type":"ReadAction","target":["https:\/\/www.darmbakterien-buch.de\/en\/buch\/sano-grazie-alla-diversita-batterica\/"]}]},{"@type":"BreadcrumbList","@id":"https:\/\/www.darmbakterien-buch.de\/en\/buch\/sano-grazie-alla-diversita-batterica\/#breadcrumb","itemListElement":[{"@type":"ListItem","position":1,"name":"Home","item":"http:\/\/www.darmbakterien-buch.de\/pl\/"},{"@type":"ListItem","position":2,"name":"I Batteri Intestinali","item":"http:\/\/www.darmbakterien-buch.de\/it\/"},{"@type":"ListItem","position":3,"name":"Sano grazie alla diversit\u00e0 batterica"}]},{"@type":"WebSite","@id":"http:\/\/www.darmbakterien-buch.de\/pl\/#website","url":"http:\/\/www.darmbakterien-buch.de\/pl\/","name":"Darmbakterien als Schl\u00fcssel zur Gesundheit","description":"Buch von Dr. Anne Katharina Zschocke","potentialAction":[{"@type":"SearchAction","target":{"@type":"EntryPoint","urlTemplate":"http:\/\/www.darmbakterien-buch.de\/pl\/?s={search_term_string}"},"query-input":{"@type":"PropertyValueSpecification","valueRequired":true,"valueName":"search_term_string"}}],"inLanguage":"pl-PL"}]}},"_links":{"self":[{"href":"http:\/\/www.darmbakterien-buch.de\/pl\/wp-json\/wp\/v2\/pages\/1472","targetHints":{"allow":["GET"]}}],"collection":[{"href":"http:\/\/www.darmbakterien-buch.de\/pl\/wp-json\/wp\/v2\/pages"}],"about":[{"href":"http:\/\/www.darmbakterien-buch.de\/pl\/wp-json\/wp\/v2\/types\/page"}],"author":[{"embeddable":true,"href":"http:\/\/www.darmbakterien-buch.de\/pl\/wp-json\/wp\/v2\/users\/2"}],"replies":[{"embeddable":true,"href":"http:\/\/www.darmbakterien-buch.de\/pl\/wp-json\/wp\/v2\/comments?post=1472"}],"version-history":[{"count":1,"href":"http:\/\/www.darmbakterien-buch.de\/pl\/wp-json\/wp\/v2\/pages\/1472\/revisions"}],"predecessor-version":[{"id":1473,"href":"http:\/\/www.darmbakterien-buch.de\/pl\/wp-json\/wp\/v2\/pages\/1472\/revisions\/1473"}],"up":[{"embeddable":true,"href":"http:\/\/www.darmbakterien-buch.de\/pl\/wp-json\/wp\/v2\/pages\/1469"}],"wp:attachment":[{"href":"http:\/\/www.darmbakterien-buch.de\/pl\/wp-json\/wp\/v2\/media?parent=1472"}],"curies":[{"name":"wp","href":"https:\/\/api.w.org\/{rel}","templated":true}]}}