{"id":1793,"date":"2020-05-05T21:09:26","date_gmt":"2020-05-05T19:09:26","guid":{"rendered":"http:\/\/www.darmbakterien-buch.de\/?page_id=1793"},"modified":"2021-03-06T17:10:17","modified_gmt":"2021-03-06T16:10:17","slug":"mikrobiom-sposob-na-pokonanie-chorob","status":"publish","type":"page","link":"http:\/\/www.darmbakterien-buch.de\/pl\/","title":{"rendered":"Mikrobiom"},"content":{"rendered":"<h2>Wywiad<\/h2>\n<p><a href=\"http:\/\/www.darmbakterien-buch.de\/wp-content\/uploads\/2020\/05\/Wywiad-Zschocke-epa-PL.pdf\">Koronawirus: \u201eBakterie s\u0105 \u0142owcami wirus\u00f3w\u201c.pdf<\/a><\/p>\n<h2>Mikrobiom \u2013 spos\u00f3b na pokonanie chor\u00f3b<\/h2>\n<h2>Zdrowe bakterie jako medycyna przysz\u0142o\u015bci<\/h2>\n<h2 class=\"present_normal\">dr Anne Katharina Zschocke<\/h2>\n<p><em>Polnische \u00dcbersetzung des Buches: \u201eNat\u00fcrlich heilen mit Bakterien\u201c<\/em><br \/>\n<div class=\"white-box\">\n<a href=\"https:\/\/wydawnictwovital.pl\/wydawnictwo\/ksiazki\/zdrowie\/choroby\/mikrobiom-sposob-pokonanie-chorob-zdrowe-bakterie-jako-medycyna-przyszlosci-anne-katharina-zschocke\/\"><img loading=\"lazy\" decoding=\"async\" class=\"alignright wp-image-1135 size-medium\" src=\"http:\/\/www.darmbakterien-buch.de\/wp-content\/uploads\/2018\/06\/wolumin-Mikrobiom-sposob-na-pokonanie-chorob-211x300.jpg\" sizes=\"auto, (max-width: 211px) 100vw, 211px\" srcset=\"http:\/\/www.darmbakterien-buch.de\/wp-content\/uploads\/2018\/06\/wolumin-Mikrobiom-sposob-na-pokonanie-chorob-211x300.jpg 211w, http:\/\/www.darmbakterien-buch.de\/wp-content\/uploads\/2018\/06\/wolumin-Mikrobiom-sposob-na-pokonanie-chorob.jpg 721w\" alt=\"Wolumin: Mikrobiom \u2013 spos\u00f3b na pokonanie chor\u00f3b. Zdrowe bakterie jako medycyna przysz\u0142o\u015bci\" width=\"211\" height=\"300\" \/><\/a><br \/>\n<strong>Jest to pierwsza ksi\u0105\u017cka na polskim rynku, kt\u00f3ra opisuje kompleksow\u0105 terapi\u0119 mikrobiomu. Poznasz jej zasady oraz dolegliwo\u015bci, kt\u00f3re jest w stanie pokona\u0107. Aby przywr\u00f3ci\u0107 r\u00f3wnowag\u0119 zaburzonej mikroflory i wyleczy\u0107 zwi\u0105zane z tym dolegliwo\u015bci, potrzebne jest mi\u0119dzy innymi dostarczenie bakterii oraz po\u017cywki dla nich. Zwalczaj choroby zdrowymi bakteriami.<\/strong><\/p>\n<h3>Nowe znaczenie bakterii<\/h3>\n<p>Rzadko znajdujemy si\u0119 w samym centrum takiej przemiany, jakiej do\u015bwiadczamy w\u0142a\u015bnie w odniesieniu do bakterii. Podczas gdy powszechnie spotykana odpowied\u017a na pytanie: jakie skojarzenia budzi w nas s\u0142owo \u201ebakterie\u201d? \u2013 brzmia\u0142a dot\u0105d: \u201echoroba\u201d, prawda jest wr\u0119cz odwrotna. W tej publikacji Autorka udowadnia, \u017ce bakterie s\u0105 niezb\u0119dne dla zdrowia i to zar\u00f3wno cia\u0142a, jak i psychiki.<\/p>\n<p><a href=\"http:\/\/www.darmbakterien-buch.de\/pl\/mikrobiom-sposob-na-pokonanie-chorob\/do-ksiazki\/\">czyta\u0107 dalej&#8230;<\/a><\/div><\/p>\n<p>&nbsp;<\/p>\n<h2>Bakterie jelitowe \u2013\u00a0kluczem do zdrowia!<\/h2>\n<h2>Najskuteczniejszy spos\u00f3b przywr\u00f3cenia i piel\u0119gnacji mikrobiomu potwierdzony najnowszymi badaniami naukowymi<\/h2>\n<h2 class=\"present_normal\">dr Anne Katharina Zschocke<\/h2>\n<p><em>Polnische \u00dcbersetzung des Buches: \u201eDarmbakterien als Schl\u00fcssel zur Gesundheit\u201c<\/em><br \/>\n<div class=\"white-box\">\n<p><a href=\"https:\/\/wydawnictwovital.pl\/wydawnictwo\/ksiazki\/zdrowie\/choroby\/bakterie-jelitowe-kluczem-do-zdrowia-najskuteczniejszy-sposob-przywrocenia-i-pielegnacji-mikrobiomu-potwierdzony-najnowszymi-badaniami-naukowymi\/\"><img loading=\"lazy\" decoding=\"async\" class=\"alignright wp-image-1952 size-medium\" src=\"http:\/\/www.darmbakterien-buch.de\/wp-content\/uploads\/2021\/03\/Bakterie-jelitowe-kluczem-do-zdrowia_dr-zschocke-212x300.jpg\" alt=\"Bakterie jelitowe kluczem do zdrowia! - dr Zschocke\" width=\"212\" height=\"300\" srcset=\"http:\/\/www.darmbakterien-buch.de\/wp-content\/uploads\/2021\/03\/Bakterie-jelitowe-kluczem-do-zdrowia_dr-zschocke-212x300.jpg 212w, http:\/\/www.darmbakterien-buch.de\/wp-content\/uploads\/2021\/03\/Bakterie-jelitowe-kluczem-do-zdrowia_dr-zschocke-723x1024.jpg 723w, http:\/\/www.darmbakterien-buch.de\/wp-content\/uploads\/2021\/03\/Bakterie-jelitowe-kluczem-do-zdrowia_dr-zschocke-768x1088.jpg 768w, http:\/\/www.darmbakterien-buch.de\/wp-content\/uploads\/2021\/03\/Bakterie-jelitowe-kluczem-do-zdrowia_dr-zschocke.jpg 875w\" sizes=\"auto, (max-width: 212px) 100vw, 212px\" \/><\/a> <a href=\"http:\/\/www.darmbakterien-buch.de\/pl\/\">\u201eBakterie jelitowe kluczem do zdrowia! Najskuteczniejszy spos\u00f3b przywr\u00f3cenia i piel\u0119gnacji mikrobiomu potwierdzony najnowszymi badaniami naukowymi\u201c<\/a><\/p>\n<p>Najnowsze badania naukowe potwierdzaj\u0105 istnienie chor\u00f3b mikrobiomowych! Udowodniono bowiem, \u017ce nieobecno\u015b\u0107 niekt\u00f3rych szczep\u00f3w bakterii w jelicie wywo\u0142uje chaos, kt\u00f3rego efektem mog\u0105 by\u0107 ADHD, choroba Alzheimera, stwardnienie rozsiane, zesp\u00f3\u0142 nieszczelnego jelita. W oparciu o najnowsze odkrycia dr Anne Katharina Zschocke, ekspert od leczenia bakteriami, przedstawia zwi\u0105zek mi\u0119dzy mikrobiomem jelitowym a dobrym stanem zdrowia. Dowiesz si\u0119, w jaki spos\u00f3b go odbudowa\u0107 i piel\u0119gnowa\u0107. Odkryjesz r\u00f3wnie\u017c, jak optymalnie zaopatrzy\u0107 jelita w drobnoustroje, jakich produkt\u00f3w unika\u0107 oraz w jakie wzbogaci\u0107 swoj\u0105 diet\u0119, tak aby Tw\u00f3j mikrobiom rozkwit\u0142. Klucz do zdrowia kryje si\u0119 w Twoich jelitach!<\/p>\n<p><a href=\"http:\/\/www.darmbakterien-buch.de\/wp-content\/uploads\/2021\/03\/ksiazka_Bakterie-jelitowe-kluczem-do-zdrowia-dr-Zschocke-EK-maly.pdf\">pobierz fragment ksi\u0105\u017cki wraz ze spisem tre\u015bci<\/a><\/p>\n<p>(Wydawca: <a href=\"https:\/\/wydawnictwovital.pl\/wydawnictwo\/ksiazki\/zdrowie\/choroby\/bakterie-jelitowe-kluczem-do-zdrowia-najskuteczniejszy-sposob-przywrocenia-i-pielegnacji-mikrobiomu-potwierdzony-najnowszymi-badaniami-naukowymi\/\">Vital<\/a>, 2021)<\/p>\n<p><span class=\"book__data-label\">Ilo\u015b\u0107 stron\u00a0<\/span>320<br \/>\nISBN <a href=\"https:\/\/wydawnictwovital.pl\/wydawnictwo\/ksiazki\/zdrowie\/choroby\/bakterie-jelitowe-kluczem-do-zdrowia-najskuteczniejszy-sposob-przywrocenia-i-pielegnacji-mikrobiomu-potwierdzony-najnowszymi-badaniami-naukowymi\/\">9788381685924<\/a><\/p>\n<p><a href=\"https:\/\/wydawnictwovital.pl\/wydawnictwo\/ksiazki\/zdrowie\/choroby\/bakterie-jelitowe-kluczem-do-zdrowia-najskuteczniejszy-sposob-przywrocenia-i-pielegnacji-mikrobiomu-potwierdzony-najnowszymi-badaniami-naukowymi\/\">Zobacz na stronie wydawcy &gt;&gt;<\/a><\/p>\n<\/div><\/p>\n","protected":false},"excerpt":{"rendered":"<p>Wywiad Koronawirus: \u201eBakterie s\u0105 \u0142owcami wirus\u00f3w\u201c.pdf Mikrobiom \u2013 spos\u00f3b na pokonanie chor\u00f3b Zdrowe bakterie jako [&hellip;]<\/p>\n","protected":false},"author":2,"featured_media":0,"parent":0,"menu_order":0,"comment_status":"closed","ping_status":"closed","template":"","meta":{"footnotes":""},"class_list":["post-1793","page","type-page","status-publish","hentry"],"yoast_head":"<!-- This site is optimized with the Yoast SEO plugin v27.5 - https:\/\/yoast.com\/product\/yoast-seo-wordpress\/ -->\n<title>Mikrobiom - Darmbakterien als Schl\u00fcssel zur Gesundheit, Dr. Zschocke<\/title>\n<meta name=\"robots\" content=\"index, follow, max-snippet:-1, max-image-preview:large, max-video-preview:-1\" \/>\n<link rel=\"canonical\" href=\"https:\/\/www.darmbakterien-buch.de\/pl\/\" \/>\n<meta property=\"og:locale\" content=\"pl_PL\" \/>\n<meta property=\"og:type\" content=\"article\" \/>\n<meta property=\"og:title\" content=\"Mikrobiom - Darmbakterien als Schl\u00fcssel zur Gesundheit, Dr. Zschocke\" \/>\n<meta property=\"og:description\" content=\"Wywiad Koronawirus: \u201eBakterie s\u0105 \u0142owcami wirus\u00f3w\u201c.pdf Mikrobiom \u2013 spos\u00f3b na pokonanie chor\u00f3b Zdrowe bakterie jako [&hellip;]\" \/>\n<meta property=\"og:url\" content=\"https:\/\/www.darmbakterien-buch.de\/pl\/\" \/>\n<meta property=\"og:site_name\" content=\"Darmbakterien als Schl\u00fcssel zur Gesundheit\" \/>\n<meta property=\"article:modified_time\" content=\"2021-03-06T16:10:17+00:00\" \/>\n<meta property=\"og:image\" content=\"http:\/\/www.darmbakterien-buch.de\/wp-content\/uploads\/2018\/06\/wolumin-Mikrobiom-sposob-na-pokonanie-chorob-211x300.jpg\" \/>\n<meta name=\"twitter:label1\" content=\"Szacowany czas czytania\" \/>\n\t<meta name=\"twitter:data1\" content=\"2 minuty\" \/>\n<script type=\"application\/ld+json\" class=\"yoast-schema-graph\">{\"@context\":\"https:\\\/\\\/schema.org\",\"@graph\":[{\"@type\":\"WebPage\",\"@id\":\"https:\\\/\\\/www.darmbakterien-buch.de\\\/pl\\\/\",\"url\":\"https:\\\/\\\/www.darmbakterien-buch.de\\\/pl\\\/\",\"name\":\"Mikrobiom - Darmbakterien als Schl\u00fcssel zur Gesundheit, Dr. Zschocke\",\"isPartOf\":{\"@id\":\"http:\\\/\\\/www.darmbakterien-buch.de\\\/#website\"},\"primaryImageOfPage\":{\"@id\":\"https:\\\/\\\/www.darmbakterien-buch.de\\\/pl\\\/#primaryimage\"},\"image\":{\"@id\":\"https:\\\/\\\/www.darmbakterien-buch.de\\\/pl\\\/#primaryimage\"},\"thumbnailUrl\":\"http:\\\/\\\/www.darmbakterien-buch.de\\\/wp-content\\\/uploads\\\/2018\\\/06\\\/wolumin-Mikrobiom-sposob-na-pokonanie-chorob-211x300.jpg\",\"datePublished\":\"2020-05-05T19:09:26+00:00\",\"dateModified\":\"2021-03-06T16:10:17+00:00\",\"breadcrumb\":{\"@id\":\"https:\\\/\\\/www.darmbakterien-buch.de\\\/pl\\\/#breadcrumb\"},\"inLanguage\":\"pl-PL\",\"potentialAction\":[{\"@type\":\"ReadAction\",\"target\":[\"https:\\\/\\\/www.darmbakterien-buch.de\\\/pl\\\/\"]}]},{\"@type\":\"ImageObject\",\"inLanguage\":\"pl-PL\",\"@id\":\"https:\\\/\\\/www.darmbakterien-buch.de\\\/pl\\\/#primaryimage\",\"url\":\"http:\\\/\\\/www.darmbakterien-buch.de\\\/wp-content\\\/uploads\\\/2018\\\/06\\\/wolumin-Mikrobiom-sposob-na-pokonanie-chorob-211x300.jpg\",\"contentUrl\":\"http:\\\/\\\/www.darmbakterien-buch.de\\\/wp-content\\\/uploads\\\/2018\\\/06\\\/wolumin-Mikrobiom-sposob-na-pokonanie-chorob-211x300.jpg\"},{\"@type\":\"BreadcrumbList\",\"@id\":\"https:\\\/\\\/www.darmbakterien-buch.de\\\/pl\\\/#breadcrumb\",\"itemListElement\":[{\"@type\":\"ListItem\",\"position\":1,\"name\":\"Home\",\"item\":\"https:\\\/\\\/www.darmbakterien-buch.de\\\/pl\\\/\"},{\"@type\":\"ListItem\",\"position\":2,\"name\":\"Mikrobiom\"}]},{\"@type\":\"WebSite\",\"@id\":\"http:\\\/\\\/www.darmbakterien-buch.de\\\/#website\",\"url\":\"http:\\\/\\\/www.darmbakterien-buch.de\\\/\",\"name\":\"Darmbakterien als Schl\u00fcssel zur Gesundheit\",\"description\":\"Buch von Dr. Anne Katharina Zschocke\",\"potentialAction\":[{\"@type\":\"SearchAction\",\"target\":{\"@type\":\"EntryPoint\",\"urlTemplate\":\"http:\\\/\\\/www.darmbakterien-buch.de\\\/?s={search_term_string}\"},\"query-input\":{\"@type\":\"PropertyValueSpecification\",\"valueRequired\":true,\"valueName\":\"search_term_string\"}}],\"inLanguage\":\"pl-PL\"}]}<\/script>\n<!-- \/ Yoast SEO plugin. -->","yoast_head_json":{"title":"Mikrobiom - Darmbakterien als Schl\u00fcssel zur Gesundheit, Dr. Zschocke","robots":{"index":"index","follow":"follow","max-snippet":"max-snippet:-1","max-image-preview":"max-image-preview:large","max-video-preview":"max-video-preview:-1"},"canonical":"https:\/\/www.darmbakterien-buch.de\/pl\/","og_locale":"pl_PL","og_type":"article","og_title":"Mikrobiom - Darmbakterien als Schl\u00fcssel zur Gesundheit, Dr. Zschocke","og_description":"Wywiad Koronawirus: \u201eBakterie s\u0105 \u0142owcami wirus\u00f3w\u201c.pdf Mikrobiom \u2013 spos\u00f3b na pokonanie chor\u00f3b Zdrowe bakterie jako [&hellip;]","og_url":"https:\/\/www.darmbakterien-buch.de\/pl\/","og_site_name":"Darmbakterien als Schl\u00fcssel zur Gesundheit","article_modified_time":"2021-03-06T16:10:17+00:00","og_image":[{"url":"http:\/\/www.darmbakterien-buch.de\/wp-content\/uploads\/2018\/06\/wolumin-Mikrobiom-sposob-na-pokonanie-chorob-211x300.jpg","type":"","width":"","height":""}],"twitter_misc":{"Szacowany czas czytania":"2 minuty"},"schema":{"@context":"https:\/\/schema.org","@graph":[{"@type":"WebPage","@id":"https:\/\/www.darmbakterien-buch.de\/pl\/","url":"https:\/\/www.darmbakterien-buch.de\/pl\/","name":"Mikrobiom - Darmbakterien als Schl\u00fcssel zur Gesundheit, Dr. Zschocke","isPartOf":{"@id":"http:\/\/www.darmbakterien-buch.de\/#website"},"primaryImageOfPage":{"@id":"https:\/\/www.darmbakterien-buch.de\/pl\/#primaryimage"},"image":{"@id":"https:\/\/www.darmbakterien-buch.de\/pl\/#primaryimage"},"thumbnailUrl":"http:\/\/www.darmbakterien-buch.de\/wp-content\/uploads\/2018\/06\/wolumin-Mikrobiom-sposob-na-pokonanie-chorob-211x300.jpg","datePublished":"2020-05-05T19:09:26+00:00","dateModified":"2021-03-06T16:10:17+00:00","breadcrumb":{"@id":"https:\/\/www.darmbakterien-buch.de\/pl\/#breadcrumb"},"inLanguage":"pl-PL","potentialAction":[{"@type":"ReadAction","target":["https:\/\/www.darmbakterien-buch.de\/pl\/"]}]},{"@type":"ImageObject","inLanguage":"pl-PL","@id":"https:\/\/www.darmbakterien-buch.de\/pl\/#primaryimage","url":"http:\/\/www.darmbakterien-buch.de\/wp-content\/uploads\/2018\/06\/wolumin-Mikrobiom-sposob-na-pokonanie-chorob-211x300.jpg","contentUrl":"http:\/\/www.darmbakterien-buch.de\/wp-content\/uploads\/2018\/06\/wolumin-Mikrobiom-sposob-na-pokonanie-chorob-211x300.jpg"},{"@type":"BreadcrumbList","@id":"https:\/\/www.darmbakterien-buch.de\/pl\/#breadcrumb","itemListElement":[{"@type":"ListItem","position":1,"name":"Home","item":"https:\/\/www.darmbakterien-buch.de\/pl\/"},{"@type":"ListItem","position":2,"name":"Mikrobiom"}]},{"@type":"WebSite","@id":"http:\/\/www.darmbakterien-buch.de\/#website","url":"http:\/\/www.darmbakterien-buch.de\/","name":"Darmbakterien als Schl\u00fcssel zur Gesundheit","description":"Buch von Dr. Anne Katharina Zschocke","potentialAction":[{"@type":"SearchAction","target":{"@type":"EntryPoint","urlTemplate":"http:\/\/www.darmbakterien-buch.de\/?s={search_term_string}"},"query-input":{"@type":"PropertyValueSpecification","valueRequired":true,"valueName":"search_term_string"}}],"inLanguage":"pl-PL"}]}},"_links":{"self":[{"href":"http:\/\/www.darmbakterien-buch.de\/pl\/wp-json\/wp\/v2\/pages\/1793","targetHints":{"allow":["GET"]}}],"collection":[{"href":"http:\/\/www.darmbakterien-buch.de\/pl\/wp-json\/wp\/v2\/pages"}],"about":[{"href":"http:\/\/www.darmbakterien-buch.de\/pl\/wp-json\/wp\/v2\/types\/page"}],"author":[{"embeddable":true,"href":"http:\/\/www.darmbakterien-buch.de\/pl\/wp-json\/wp\/v2\/users\/2"}],"replies":[{"embeddable":true,"href":"http:\/\/www.darmbakterien-buch.de\/pl\/wp-json\/wp\/v2\/comments?post=1793"}],"version-history":[{"count":5,"href":"http:\/\/www.darmbakterien-buch.de\/pl\/wp-json\/wp\/v2\/pages\/1793\/revisions"}],"predecessor-version":[{"id":1970,"href":"http:\/\/www.darmbakterien-buch.de\/pl\/wp-json\/wp\/v2\/pages\/1793\/revisions\/1970"}],"wp:attachment":[{"href":"http:\/\/www.darmbakterien-buch.de\/pl\/wp-json\/wp\/v2\/media?parent=1793"}],"curies":[{"name":"wp","href":"https:\/\/api.w.org\/{rel}","templated":true}]}}