{"id":1394,"date":"2014-12-15T10:19:18","date_gmt":"2014-12-15T09:19:18","guid":{"rendered":"http:\/\/www.darmbakterien-buch.de\/book\/"},"modified":"2019-06-26T12:47:15","modified_gmt":"2019-06-26T10:47:15","slug":"book","status":"publish","type":"page","link":"http:\/\/www.darmbakterien-buch.de\/pt-pt\/","title":{"rendered":"Bacterias intestinais como a chave para a sa\u00fade"},"content":{"rendered":"<h2>Pref\u00e1cio ao livro \u201cDarmbakterien als Schl\u00fcssel zur Gesundheit\u201c<\/h2>\n<h3 class=\"present_normal\">Dr. Anne Katharina Zschocke<\/h3>\n<p>&nbsp;<\/p>\n<div class=\"white-box\">\n<h3>Bacterias intestinais como a chave para a a sa\u00fade<\/h3>\n<p><a title=\"Buch Cover in hoher Aufl\u00f6sung\" href=\"http:\/\/www.darmbakterien-buch.de\/wp-content\/uploads\/2014\/12\/Buch-Darmbakterien-als-Schluessel-zur-Gesundheit-Dr-Zschocke.jpg\"><img loading=\"lazy\" decoding=\"async\" class=\"alignright size-full wp-image-24\" src=\"http:\/\/www.darmbakterien-buch.de\/wp-content\/uploads\/2014\/12\/Darmbakterien-Buch-Dr-Zschocke.jpg\" alt=\"Darmbakterien Buch - Dr. Anne Katharina Zschocke \" width=\"200\" height=\"319\" srcset=\"http:\/\/www.darmbakterien-buch.de\/wp-content\/uploads\/2014\/12\/Darmbakterien-Buch-Dr-Zschocke.jpg 200w, http:\/\/www.darmbakterien-buch.de\/wp-content\/uploads\/2014\/12\/Darmbakterien-Buch-Dr-Zschocke-188x300.jpg 188w\" sizes=\"auto, (max-width: 200px) 100vw, 200px\" \/><\/a><\/p>\n<p>Durante quase 15 anos, durante os quais tenho ensinado a aplica\u00e7\u00e3o pr\u00e1tica de Microorganismos Eficaces (EM), tenho vindo a evidenciar que a maioria dos participantes das palestras e semin\u00e1rios que se interessaram nestas bacterias deve-se ao facto de estar a sofrer de algum problema complicado com a sua sa\u00fade. A pergunta mais frequente guarda rela\u00e7\u00e3o com doen\u00e7as do foro intestinal e do sistema digestivo.<\/p>\n<p>Simultaneamente durante estes anos um desenvolvimento sorprendente ocorreu. A relevancia das bact\u00e9rias para um organismo humano saud\u00e1vel tornou-se claro. Essa descoberta mudou completamente o conceito existente do ser humano. Em numerosos estudos cient\u00edficos foi mostrada prova conclusiva deste facto que anteriormente s\u00f3 tinha sido percebido atrav\u00e9s de situa\u00e7\u00f5es pr\u00e1cticas, sendo que as bact\u00e9rias dos intestinos s\u00e3o chave da sa\u00fade.<\/p>\n<p>Nos livros que at\u00e9 agora escrevi sobre Micro-organismos Eficazes, n\u00e3o havia espa\u00e7o para esse conhecimento. No entanto, este livro foi escrito para disponibilizar ao maior n\u00famero poss\u00edvel de pessoas, estas novas descobertas.<\/p>\n<p>Espero que muitas pessoas possam obter ajuda, uma cura e alegria de viver atrav\u00e9s disto.<\/p>\n<p><a title=\"Weitere Infos zum Buch: Gesund durch Bakterienvielfalt\" href=\"http:\/\/www.darmbakterien-buch.de\/pt-pt\/book\/a-saude-a-traves-de-uma-variedade-de-bacterias\/\">mais&#8230;<\/a><\/div>\n<div class=\"white-box\">\n<h3>I Batteri Intestinali<\/h3>\n<h4>La chiave per guarire e vivere in salute<\/h4>\n<p>(<a title=\"Buch Cover in hoher Aufl\u00f6sung\" href=\"http:\/\/www.darmbakterien-buch.de\/libro-i-batteri-intestinali-dott-ssa-anne-katharina-zschocke\/\"><img loading=\"lazy\" decoding=\"async\" class=\"alignright wp-image-852 size-medium\" src=\"http:\/\/www.darmbakterien-buch.de\/wp-content\/uploads\/2014\/12\/libro-i-batteri-intestinali-Anne-Katharina-Zschocke-MACRO-Italia-202x300.jpg\" alt=\"I Batteri Intestinali - LIBRO La chiave per guarire e vivere in salute - Anne Katharina Zschocke MACRO, Italia\" width=\"202\" height=\"300\" srcset=\"http:\/\/www.darmbakterien-buch.de\/wp-content\/uploads\/2014\/12\/libro-i-batteri-intestinali-Anne-Katharina-Zschocke-MACRO-Italia-202x300.jpg 202w, http:\/\/www.darmbakterien-buch.de\/wp-content\/uploads\/2014\/12\/libro-i-batteri-intestinali-Anne-Katharina-Zschocke-MACRO-Italia.jpg 643w\" sizes=\"auto, (max-width: 202px) 100vw, 202px\" \/><\/a>tradu\u00e7\u00e3o italiana do livro)<\/p>\n<p><strong>Il nostro sistema immunitario si sviluppa solo in presenza di batteri!<\/strong><br \/>\nI batteri sono fondamentali per la nostra salute. Da loro dipendono non solo la nostra digestione, il nostro sistema di difesa e il nostro bilancio vitaminico, ma addirittura anche tutta la nostra evoluzione personale, i nostri sentimenti e il nostro comportamento.<\/p>\n<p><a title=\"Weitere Infos zum Buch: Il nostro sistema immunitario si sviluppa solo in presenza di batteri!\" href=\"http:\/\/www.darmbakterien-buch.de\/en\/i-batteri-intestinali\/\">more&#8230;<\/a><\/div>\n","protected":false},"excerpt":{"rendered":"<p>Pref\u00e1cio ao livro \u201cDarmbakterien als Schl\u00fcssel zur Gesundheit\u201c Dr. Anne Katharina Zschocke &nbsp;<\/p>\n","protected":false},"author":2,"featured_media":0,"parent":0,"menu_order":0,"comment_status":"closed","ping_status":"closed","template":"","meta":{"footnotes":""},"class_list":["post-1394","page","type-page","status-publish","hentry"],"yoast_head":"<!-- This site is optimized with the Yoast SEO plugin v27.5 - https:\/\/yoast.com\/product\/yoast-seo-wordpress\/ -->\n<title>Livro Bacterias intestinais como a chave para a sa\u00fade | Dr. Zschocke<\/title>\n<meta name=\"description\" content=\"Mais sobre o livro &quot;As bact\u00e9rias intestinais como chave para a sa\u00fade&quot;. \u00daltimas descobertas da pesquisa microbiol\u00f3gica, Dr. Zschocke. As bact\u00e9rias s\u00e3o boas para sua sa\u00fade\" \/>\n<meta name=\"robots\" content=\"index, follow, max-snippet:-1, max-image-preview:large, max-video-preview:-1\" \/>\n<link rel=\"canonical\" href=\"https:\/\/www.darmbakterien-buch.de\/pt-pt\/\" \/>\n<meta property=\"og:locale\" content=\"pt_PT\" \/>\n<meta property=\"og:type\" content=\"article\" \/>\n<meta property=\"og:title\" content=\"Livro Bacterias intestinais como a chave para a sa\u00fade | Dr. Zschocke\" \/>\n<meta property=\"og:description\" content=\"Mais sobre o livro &quot;As bact\u00e9rias intestinais como chave para a sa\u00fade&quot;. \u00daltimas descobertas da pesquisa microbiol\u00f3gica, Dr. Zschocke. As bact\u00e9rias s\u00e3o boas para sua sa\u00fade\" \/>\n<meta property=\"og:url\" content=\"https:\/\/www.darmbakterien-buch.de\/pt-pt\/\" \/>\n<meta property=\"og:site_name\" content=\"Darmbakterien als Schl\u00fcssel zur Gesundheit\" \/>\n<meta property=\"article:modified_time\" content=\"2019-06-26T10:47:15+00:00\" \/>\n<meta property=\"og:image\" content=\"http:\/\/www.darmbakterien-buch.de\/wp-content\/uploads\/2014\/12\/Darmbakterien-Buch-Dr-Zschocke.jpg\" \/>\n<meta name=\"twitter:label1\" content=\"Tempo estimado de leitura\" \/>\n\t<meta name=\"twitter:data1\" content=\"1 minuto\" \/>\n<script type=\"application\/ld+json\" class=\"yoast-schema-graph\">{\"@context\":\"https:\\\/\\\/schema.org\",\"@graph\":[{\"@type\":\"WebPage\",\"@id\":\"https:\\\/\\\/www.darmbakterien-buch.de\\\/pt-pt\\\/\",\"url\":\"https:\\\/\\\/www.darmbakterien-buch.de\\\/pt-pt\\\/\",\"name\":\"Livro Bacterias intestinais como a chave para a sa\u00fade | Dr. Zschocke\",\"isPartOf\":{\"@id\":\"http:\\\/\\\/www.darmbakterien-buch.de\\\/pl\\\/#website\"},\"primaryImageOfPage\":{\"@id\":\"https:\\\/\\\/www.darmbakterien-buch.de\\\/pt-pt\\\/#primaryimage\"},\"image\":{\"@id\":\"https:\\\/\\\/www.darmbakterien-buch.de\\\/pt-pt\\\/#primaryimage\"},\"thumbnailUrl\":\"http:\\\/\\\/www.darmbakterien-buch.de\\\/wp-content\\\/uploads\\\/2014\\\/12\\\/Darmbakterien-Buch-Dr-Zschocke.jpg\",\"datePublished\":\"2014-12-15T09:19:18+00:00\",\"dateModified\":\"2019-06-26T10:47:15+00:00\",\"description\":\"Mais sobre o livro \\\"As bact\u00e9rias intestinais como chave para a sa\u00fade\\\". \u00daltimas descobertas da pesquisa microbiol\u00f3gica, Dr. Zschocke. As bact\u00e9rias s\u00e3o boas para sua sa\u00fade\",\"breadcrumb\":{\"@id\":\"https:\\\/\\\/www.darmbakterien-buch.de\\\/pt-pt\\\/#breadcrumb\"},\"inLanguage\":\"pt-PT\",\"potentialAction\":[{\"@type\":\"ReadAction\",\"target\":[\"https:\\\/\\\/www.darmbakterien-buch.de\\\/pt-pt\\\/\"]}]},{\"@type\":\"ImageObject\",\"inLanguage\":\"pt-PT\",\"@id\":\"https:\\\/\\\/www.darmbakterien-buch.de\\\/pt-pt\\\/#primaryimage\",\"url\":\"http:\\\/\\\/www.darmbakterien-buch.de\\\/wp-content\\\/uploads\\\/2014\\\/12\\\/Darmbakterien-Buch-Dr-Zschocke.jpg\",\"contentUrl\":\"http:\\\/\\\/www.darmbakterien-buch.de\\\/wp-content\\\/uploads\\\/2014\\\/12\\\/Darmbakterien-Buch-Dr-Zschocke.jpg\"},{\"@type\":\"BreadcrumbList\",\"@id\":\"https:\\\/\\\/www.darmbakterien-buch.de\\\/pt-pt\\\/#breadcrumb\",\"itemListElement\":[{\"@type\":\"ListItem\",\"position\":1,\"name\":\"Home\",\"item\":\"https:\\\/\\\/www.darmbakterien-buch.de\\\/pt-pt\\\/\"},{\"@type\":\"ListItem\",\"position\":2,\"name\":\"Bacterias intestinais como a chave para a sa\u00fade\"}]},{\"@type\":\"WebSite\",\"@id\":\"http:\\\/\\\/www.darmbakterien-buch.de\\\/pl\\\/#website\",\"url\":\"http:\\\/\\\/www.darmbakterien-buch.de\\\/pl\\\/\",\"name\":\"Darmbakterien als Schl\u00fcssel zur Gesundheit\",\"description\":\"Buch von Dr. Anne Katharina Zschocke\",\"potentialAction\":[{\"@type\":\"SearchAction\",\"target\":{\"@type\":\"EntryPoint\",\"urlTemplate\":\"http:\\\/\\\/www.darmbakterien-buch.de\\\/pl\\\/?s={search_term_string}\"},\"query-input\":{\"@type\":\"PropertyValueSpecification\",\"valueRequired\":true,\"valueName\":\"search_term_string\"}}],\"inLanguage\":\"pt-PT\"}]}<\/script>\n<!-- \/ Yoast SEO plugin. -->","yoast_head_json":{"title":"Livro Bacterias intestinais como a chave para a sa\u00fade | Dr. Zschocke","description":"Mais sobre o livro \"As bact\u00e9rias intestinais como chave para a sa\u00fade\". \u00daltimas descobertas da pesquisa microbiol\u00f3gica, Dr. Zschocke. As bact\u00e9rias s\u00e3o boas para sua sa\u00fade","robots":{"index":"index","follow":"follow","max-snippet":"max-snippet:-1","max-image-preview":"max-image-preview:large","max-video-preview":"max-video-preview:-1"},"canonical":"https:\/\/www.darmbakterien-buch.de\/pt-pt\/","og_locale":"pt_PT","og_type":"article","og_title":"Livro Bacterias intestinais como a chave para a sa\u00fade | Dr. Zschocke","og_description":"Mais sobre o livro \"As bact\u00e9rias intestinais como chave para a sa\u00fade\". \u00daltimas descobertas da pesquisa microbiol\u00f3gica, Dr. Zschocke. As bact\u00e9rias s\u00e3o boas para sua sa\u00fade","og_url":"https:\/\/www.darmbakterien-buch.de\/pt-pt\/","og_site_name":"Darmbakterien als Schl\u00fcssel zur Gesundheit","article_modified_time":"2019-06-26T10:47:15+00:00","og_image":[{"url":"http:\/\/www.darmbakterien-buch.de\/wp-content\/uploads\/2014\/12\/Darmbakterien-Buch-Dr-Zschocke.jpg","type":"","width":"","height":""}],"twitter_misc":{"Tempo estimado de leitura":"1 minuto"},"schema":{"@context":"https:\/\/schema.org","@graph":[{"@type":"WebPage","@id":"https:\/\/www.darmbakterien-buch.de\/pt-pt\/","url":"https:\/\/www.darmbakterien-buch.de\/pt-pt\/","name":"Livro Bacterias intestinais como a chave para a sa\u00fade | Dr. Zschocke","isPartOf":{"@id":"http:\/\/www.darmbakterien-buch.de\/pl\/#website"},"primaryImageOfPage":{"@id":"https:\/\/www.darmbakterien-buch.de\/pt-pt\/#primaryimage"},"image":{"@id":"https:\/\/www.darmbakterien-buch.de\/pt-pt\/#primaryimage"},"thumbnailUrl":"http:\/\/www.darmbakterien-buch.de\/wp-content\/uploads\/2014\/12\/Darmbakterien-Buch-Dr-Zschocke.jpg","datePublished":"2014-12-15T09:19:18+00:00","dateModified":"2019-06-26T10:47:15+00:00","description":"Mais sobre o livro \"As bact\u00e9rias intestinais como chave para a sa\u00fade\". \u00daltimas descobertas da pesquisa microbiol\u00f3gica, Dr. Zschocke. As bact\u00e9rias s\u00e3o boas para sua sa\u00fade","breadcrumb":{"@id":"https:\/\/www.darmbakterien-buch.de\/pt-pt\/#breadcrumb"},"inLanguage":"pt-PT","potentialAction":[{"@type":"ReadAction","target":["https:\/\/www.darmbakterien-buch.de\/pt-pt\/"]}]},{"@type":"ImageObject","inLanguage":"pt-PT","@id":"https:\/\/www.darmbakterien-buch.de\/pt-pt\/#primaryimage","url":"http:\/\/www.darmbakterien-buch.de\/wp-content\/uploads\/2014\/12\/Darmbakterien-Buch-Dr-Zschocke.jpg","contentUrl":"http:\/\/www.darmbakterien-buch.de\/wp-content\/uploads\/2014\/12\/Darmbakterien-Buch-Dr-Zschocke.jpg"},{"@type":"BreadcrumbList","@id":"https:\/\/www.darmbakterien-buch.de\/pt-pt\/#breadcrumb","itemListElement":[{"@type":"ListItem","position":1,"name":"Home","item":"https:\/\/www.darmbakterien-buch.de\/pt-pt\/"},{"@type":"ListItem","position":2,"name":"Bacterias intestinais como a chave para a sa\u00fade"}]},{"@type":"WebSite","@id":"http:\/\/www.darmbakterien-buch.de\/pl\/#website","url":"http:\/\/www.darmbakterien-buch.de\/pl\/","name":"Darmbakterien als Schl\u00fcssel zur Gesundheit","description":"Buch von Dr. Anne Katharina Zschocke","potentialAction":[{"@type":"SearchAction","target":{"@type":"EntryPoint","urlTemplate":"http:\/\/www.darmbakterien-buch.de\/pl\/?s={search_term_string}"},"query-input":{"@type":"PropertyValueSpecification","valueRequired":true,"valueName":"search_term_string"}}],"inLanguage":"pt-PT"}]}},"_links":{"self":[{"href":"http:\/\/www.darmbakterien-buch.de\/pt-pt\/wp-json\/wp\/v2\/pages\/1394","targetHints":{"allow":["GET"]}}],"collection":[{"href":"http:\/\/www.darmbakterien-buch.de\/pt-pt\/wp-json\/wp\/v2\/pages"}],"about":[{"href":"http:\/\/www.darmbakterien-buch.de\/pt-pt\/wp-json\/wp\/v2\/types\/page"}],"author":[{"embeddable":true,"href":"http:\/\/www.darmbakterien-buch.de\/pt-pt\/wp-json\/wp\/v2\/users\/2"}],"replies":[{"embeddable":true,"href":"http:\/\/www.darmbakterien-buch.de\/pt-pt\/wp-json\/wp\/v2\/comments?post=1394"}],"version-history":[{"count":5,"href":"http:\/\/www.darmbakterien-buch.de\/pt-pt\/wp-json\/wp\/v2\/pages\/1394\/revisions"}],"predecessor-version":[{"id":1509,"href":"http:\/\/www.darmbakterien-buch.de\/pt-pt\/wp-json\/wp\/v2\/pages\/1394\/revisions\/1509"}],"wp:attachment":[{"href":"http:\/\/www.darmbakterien-buch.de\/pt-pt\/wp-json\/wp\/v2\/media?parent=1394"}],"curies":[{"name":"wp","href":"https:\/\/api.w.org\/{rel}","templated":true}]}}