{"id":1429,"date":"2014-12-15T10:19:18","date_gmt":"2014-12-15T10:19:18","guid":{"rendered":"http:\/\/www.darmbakterien-buch.de\/buch\/"},"modified":"2020-03-30T19:12:59","modified_gmt":"2020-03-30T17:12:59","slug":"buch","status":"publish","type":"page","link":"http:\/\/www.darmbakterien-buch.de\/pt-pt\/buch\/","title":{"rendered":"Nuestras Amigas las Bacterias"},"content":{"rendered":"<h2>Nuestras Amigas las Bacterias<br \/>\nC\u00farate de forma natural con la Terapia Microbiana<\/h2>\n<h3 class=\"present_normal\">Dra. Anne Katharina Zschocke<\/h3>\n<p>&nbsp;<\/p>\n<p><a href=\"http:\/\/www.darmbakterien-buch.de\/wp-content\/uploads\/2019\/12\/Entrevista-Las-bacterias-son-nuestras-compa\u00f1eras_Dra-Zschocke.pdf\"><strong>Entrevista<\/strong> con la Dra. Anne Katharina Zschocke sobre \u00abLas bacterias son nuestras compa\u00f1eras\u00bb<\/a><\/p>\n<p><a href=\"http:\/\/www.darmbakterien-buch.de\/wp-content\/uploads\/2020\/03\/2020-Entrevista-sobre-prevencion-de-virus-Macro.pdf\"><strong>Entrevista<\/strong> sobre la prevenci\u00f3n del virus de la corona. Para la editorial Macro, Febrero de 2020 (pdf)<\/a><\/p>\n<p>&nbsp;<\/p>\n<div class=\"white-box\">\n<h3>La comunidad bacteriana es vital para el ser humano: Es la base real de su salud.<\/h3>\n<p><a title=\"Buch Cover in hoher Aufl\u00f6sung\" href=\"http:\/\/www.darmbakterien-buch.de\/es\/buch\/gesund-durch-bakterienvielfalt\/\"><img loading=\"lazy\" decoding=\"async\" class=\"alignright wp-image-1432 size-medium\" src=\"http:\/\/www.darmbakterien-buch.de\/wp-content\/uploads\/2019\/06\/Libro-Zschocke-Nuestras-amigas-las-bacterias-198x300.jpg\" alt=\"LIBRO Nuestras Amigas las Bacterias - Anne Katharina Zschocke\" width=\"198\" height=\"300\" srcset=\"http:\/\/www.darmbakterien-buch.de\/wp-content\/uploads\/2019\/06\/Libro-Zschocke-Nuestras-amigas-las-bacterias-198x300.jpg 198w, http:\/\/www.darmbakterien-buch.de\/wp-content\/uploads\/2019\/06\/Libro-Zschocke-Nuestras-amigas-las-bacterias-768x1166.jpg 768w, http:\/\/www.darmbakterien-buch.de\/wp-content\/uploads\/2019\/06\/Libro-Zschocke-Nuestras-amigas-las-bacterias-674x1024.jpg 674w, http:\/\/www.darmbakterien-buch.de\/wp-content\/uploads\/2019\/06\/Libro-Zschocke-Nuestras-amigas-las-bacterias.jpg 1200w\" sizes=\"auto, (max-width: 198px) 100vw, 198px\" \/><\/a><\/p>\n<p>Hasta hoy hemos asociado las bacterias principalmente a la idea de enfermedad. Sin embargo, sin ellas es imposible estar en salud. Hoy en d\u00eda sabemos que\u00a0<strong>muchas enfermedades e intolerancias derivan de un desequilibrio en la relaci\u00f3n entre las bacterias y el organismo humano<\/strong>: restableciendo la interacci\u00f3n sutil que los une, es posible curar todas estas enfermedades.<\/p>\n<p>La\u00a0<strong>autora<\/strong>, famosa pionera en el campo de la medicina hol\u00edstica basada en las bacterias,\u00a0<strong>nos presenta la innovadora terapia microbiana<\/strong>\u00a0en todos sus aspectos:<\/p>\n<ul>\n<li>ilustra, de manera clara y comprensible,\u00a0<strong>qu\u00e9 es el microbioma humano<\/strong>;<\/li>\n<li>presenta una nueva y exhaustiva terapia microbiana;<\/li>\n<li>explica los supuestos y la evoluci\u00f3n de las terapiasbacterianas y antimicrobianas;<\/li>\n<li>describe los antiguos procedimientos de curaci\u00f3nmicrobiol\u00f3gica y las terapias microbiol\u00f3gicas modernas.<\/li>\n<\/ul>\n<p>(Abril 2019, <a href=\"https:\/\/www.macroediciones.com\/productos\/nuestras-amigas-las-bacterias\">ISBN 9788417080334<\/a>, Macro)<\/p>\n<div class=\"scheda_no_mobile clearfix\"><\/div>\n<p><a href=\"http:\/\/www.darmbakterien-buch.de\/es\/buch\/gesund-durch-bakterienvielfalt\/\">leer m\u00e1s&#8230;<\/a><\/div>\n<div class=\"white-box\"><a title=\"Buch Cover in hoher Aufl\u00f6sung\" href=\"http:\/\/www.darmbakterien-buch.de\/wp-content\/uploads\/2019\/06\/Libro-Nuestras-amigas-las-bacterias-Zschocke-.jpg\"><img loading=\"lazy\" decoding=\"async\" class=\"alignright wp-image-1442 size-medium\" src=\"http:\/\/www.darmbakterien-buch.de\/wp-content\/uploads\/2019\/06\/Libro-Nuestras-amigas-las-bacterias-Zschocke--198x300.jpg\" alt=\"Cubierta LIBRO Nuestras Amigas las Bacterias - Anne Katharina Zschocke\" width=\"198\" height=\"300\" srcset=\"http:\/\/www.darmbakterien-buch.de\/wp-content\/uploads\/2019\/06\/Libro-Nuestras-amigas-las-bacterias-Zschocke--198x300.jpg 198w, http:\/\/www.darmbakterien-buch.de\/wp-content\/uploads\/2019\/06\/Libro-Nuestras-amigas-las-bacterias-Zschocke--768x1167.jpg 768w, http:\/\/www.darmbakterien-buch.de\/wp-content\/uploads\/2019\/06\/Libro-Nuestras-amigas-las-bacterias-Zschocke--674x1024.jpg 674w, http:\/\/www.darmbakterien-buch.de\/wp-content\/uploads\/2019\/06\/Libro-Nuestras-amigas-las-bacterias-Zschocke-.jpg 790w\" sizes=\"auto, (max-width: 198px) 100vw, 198px\" \/><\/a><\/p>\n<p>La\u00a0<strong>Dra.<\/strong><span style=\"font-size: x-large;\"><b> Anne Katharina Zschocke <\/b><\/span>estudi\u00f3 medicina y naturopat\u00eda en Friburgo y Londres. Despu\u00e9s de una experiencia en el campo cl\u00ednico, cambi\u00f3 completamente su trabajo y dirigi\u00f3 su atenci\u00f3n a la jardiner\u00eda, un trabajo m\u00e1s pr\u00e1ctico, para luego dedicarse por completo a la ecolog\u00eda. Desde el 2000 ense\u00f1a la aplicaci\u00f3n pr\u00e1ctica de los microorganismos efectivos, un sector del cual es la figura de referencia en los pa\u00edses de habla alemana. Imparte conferencias y seminarios sobre microorganismos efectivos en todo el mundo.<\/p>\n<\/div>\n","protected":false},"excerpt":{"rendered":"<p>Nuestras Amigas las Bacterias C\u00farate de forma natural con la Terapia Microbiana Dra. Anne Katharina [&hellip;]<\/p>\n","protected":false},"author":2,"featured_media":0,"parent":0,"menu_order":0,"comment_status":"closed","ping_status":"closed","template":"","meta":{"footnotes":""},"class_list":["post-1429","page","type-page","status-publish","hentry"],"yoast_head":"<!-- This site is optimized with the Yoast SEO plugin v27.5 - https:\/\/yoast.com\/product\/yoast-seo-wordpress\/ -->\n<title>Libro Nuestras Amigas las Bacterias, Dra. Zschocke<\/title>\n<meta name=\"description\" content=\"M\u00e1s informaci\u00f3n sobre el libro Darmbakterien als Schl\u00fcssel zur Gesundheit \u00daltimos hallazgos de la investigaci\u00f3n microbiana, Dra. Zschocke. Las bacterias sirven para su salud\" \/>\n<meta name=\"robots\" content=\"index, follow, max-snippet:-1, max-image-preview:large, max-video-preview:-1\" \/>\n<link rel=\"canonical\" href=\"http:\/\/www.darmbakterien-buch.de\/es\/\" \/>\n<meta property=\"og:locale\" content=\"pt_PT\" \/>\n<meta property=\"og:type\" content=\"article\" \/>\n<meta property=\"og:title\" content=\"Libro Nuestras Amigas las Bacterias, Dra. Zschocke\" \/>\n<meta property=\"og:description\" content=\"M\u00e1s informaci\u00f3n sobre el libro Darmbakterien als Schl\u00fcssel zur Gesundheit \u00daltimos hallazgos de la investigaci\u00f3n microbiana, Dra. Zschocke. Las bacterias sirven para su salud\" \/>\n<meta property=\"og:url\" content=\"http:\/\/www.darmbakterien-buch.de\/es\/\" \/>\n<meta property=\"og:site_name\" content=\"Darmbakterien als Schl\u00fcssel zur Gesundheit\" \/>\n<meta property=\"article:modified_time\" content=\"2020-03-30T17:12:59+00:00\" \/>\n<meta property=\"og:image\" content=\"http:\/\/www.darmbakterien-buch.de\/wp-content\/uploads\/2019\/06\/Libro-Zschocke-Nuestras-amigas-las-bacterias-198x300.jpg\" \/>\n<meta name=\"twitter:label1\" content=\"Tempo estimado de leitura\" \/>\n\t<meta name=\"twitter:data1\" content=\"2 minutos\" \/>\n<script type=\"application\/ld+json\" class=\"yoast-schema-graph\">{\"@context\":\"https:\\\/\\\/schema.org\",\"@graph\":[{\"@type\":\"WebPage\",\"@id\":\"http:\\\/\\\/www.darmbakterien-buch.de\\\/es\\\/\",\"url\":\"http:\\\/\\\/www.darmbakterien-buch.de\\\/es\\\/\",\"name\":\"Libro Nuestras Amigas las Bacterias, Dra. Zschocke\",\"isPartOf\":{\"@id\":\"https:\\\/\\\/www.darmbakterien-buch.de\\\/#website\"},\"primaryImageOfPage\":{\"@id\":\"http:\\\/\\\/www.darmbakterien-buch.de\\\/es\\\/#primaryimage\"},\"image\":{\"@id\":\"http:\\\/\\\/www.darmbakterien-buch.de\\\/es\\\/#primaryimage\"},\"thumbnailUrl\":\"http:\\\/\\\/www.darmbakterien-buch.de\\\/wp-content\\\/uploads\\\/2019\\\/06\\\/Libro-Zschocke-Nuestras-amigas-las-bacterias-198x300.jpg\",\"datePublished\":\"2014-12-15T10:19:18+00:00\",\"dateModified\":\"2020-03-30T17:12:59+00:00\",\"description\":\"M\u00e1s informaci\u00f3n sobre el libro Darmbakterien als Schl\u00fcssel zur Gesundheit \u00daltimos hallazgos de la investigaci\u00f3n microbiana, Dra. Zschocke. Las bacterias sirven para su salud\",\"breadcrumb\":{\"@id\":\"http:\\\/\\\/www.darmbakterien-buch.de\\\/es\\\/#breadcrumb\"},\"inLanguage\":\"pt-PT\",\"potentialAction\":[{\"@type\":\"ReadAction\",\"target\":[\"http:\\\/\\\/www.darmbakterien-buch.de\\\/es\\\/\"]}]},{\"@type\":\"ImageObject\",\"inLanguage\":\"pt-PT\",\"@id\":\"http:\\\/\\\/www.darmbakterien-buch.de\\\/es\\\/#primaryimage\",\"url\":\"http:\\\/\\\/www.darmbakterien-buch.de\\\/wp-content\\\/uploads\\\/2019\\\/06\\\/Libro-Zschocke-Nuestras-amigas-las-bacterias-198x300.jpg\",\"contentUrl\":\"http:\\\/\\\/www.darmbakterien-buch.de\\\/wp-content\\\/uploads\\\/2019\\\/06\\\/Libro-Zschocke-Nuestras-amigas-las-bacterias-198x300.jpg\"},{\"@type\":\"BreadcrumbList\",\"@id\":\"http:\\\/\\\/www.darmbakterien-buch.de\\\/es\\\/#breadcrumb\",\"itemListElement\":[{\"@type\":\"ListItem\",\"position\":1,\"name\":\"Home\",\"item\":\"http:\\\/\\\/www.darmbakterien-buch.de\\\/pt-pt\\\/\"},{\"@type\":\"ListItem\",\"position\":2,\"name\":\"Nuestras Amigas las Bacterias\"}]},{\"@type\":\"WebSite\",\"@id\":\"https:\\\/\\\/www.darmbakterien-buch.de\\\/#website\",\"url\":\"https:\\\/\\\/www.darmbakterien-buch.de\\\/\",\"name\":\"Darmbakterien als Schl\u00fcssel zur Gesundheit\",\"description\":\"Buch von Dr. Anne Katharina Zschocke\",\"potentialAction\":[{\"@type\":\"SearchAction\",\"target\":{\"@type\":\"EntryPoint\",\"urlTemplate\":\"https:\\\/\\\/www.darmbakterien-buch.de\\\/?s={search_term_string}\"},\"query-input\":{\"@type\":\"PropertyValueSpecification\",\"valueRequired\":true,\"valueName\":\"search_term_string\"}}],\"inLanguage\":\"pt-PT\"}]}<\/script>\n<!-- \/ Yoast SEO plugin. -->","yoast_head_json":{"title":"Libro Nuestras Amigas las Bacterias, Dra. Zschocke","description":"M\u00e1s informaci\u00f3n sobre el libro Darmbakterien als Schl\u00fcssel zur Gesundheit \u00daltimos hallazgos de la investigaci\u00f3n microbiana, Dra. Zschocke. Las bacterias sirven para su salud","robots":{"index":"index","follow":"follow","max-snippet":"max-snippet:-1","max-image-preview":"max-image-preview:large","max-video-preview":"max-video-preview:-1"},"canonical":"http:\/\/www.darmbakterien-buch.de\/es\/","og_locale":"pt_PT","og_type":"article","og_title":"Libro Nuestras Amigas las Bacterias, Dra. Zschocke","og_description":"M\u00e1s informaci\u00f3n sobre el libro Darmbakterien als Schl\u00fcssel zur Gesundheit \u00daltimos hallazgos de la investigaci\u00f3n microbiana, Dra. Zschocke. Las bacterias sirven para su salud","og_url":"http:\/\/www.darmbakterien-buch.de\/es\/","og_site_name":"Darmbakterien als Schl\u00fcssel zur Gesundheit","article_modified_time":"2020-03-30T17:12:59+00:00","og_image":[{"url":"http:\/\/www.darmbakterien-buch.de\/wp-content\/uploads\/2019\/06\/Libro-Zschocke-Nuestras-amigas-las-bacterias-198x300.jpg","type":"","width":"","height":""}],"twitter_misc":{"Tempo estimado de leitura":"2 minutos"},"schema":{"@context":"https:\/\/schema.org","@graph":[{"@type":"WebPage","@id":"http:\/\/www.darmbakterien-buch.de\/es\/","url":"http:\/\/www.darmbakterien-buch.de\/es\/","name":"Libro Nuestras Amigas las Bacterias, Dra. Zschocke","isPartOf":{"@id":"https:\/\/www.darmbakterien-buch.de\/#website"},"primaryImageOfPage":{"@id":"http:\/\/www.darmbakterien-buch.de\/es\/#primaryimage"},"image":{"@id":"http:\/\/www.darmbakterien-buch.de\/es\/#primaryimage"},"thumbnailUrl":"http:\/\/www.darmbakterien-buch.de\/wp-content\/uploads\/2019\/06\/Libro-Zschocke-Nuestras-amigas-las-bacterias-198x300.jpg","datePublished":"2014-12-15T10:19:18+00:00","dateModified":"2020-03-30T17:12:59+00:00","description":"M\u00e1s informaci\u00f3n sobre el libro Darmbakterien als Schl\u00fcssel zur Gesundheit \u00daltimos hallazgos de la investigaci\u00f3n microbiana, Dra. Zschocke. Las bacterias sirven para su salud","breadcrumb":{"@id":"http:\/\/www.darmbakterien-buch.de\/es\/#breadcrumb"},"inLanguage":"pt-PT","potentialAction":[{"@type":"ReadAction","target":["http:\/\/www.darmbakterien-buch.de\/es\/"]}]},{"@type":"ImageObject","inLanguage":"pt-PT","@id":"http:\/\/www.darmbakterien-buch.de\/es\/#primaryimage","url":"http:\/\/www.darmbakterien-buch.de\/wp-content\/uploads\/2019\/06\/Libro-Zschocke-Nuestras-amigas-las-bacterias-198x300.jpg","contentUrl":"http:\/\/www.darmbakterien-buch.de\/wp-content\/uploads\/2019\/06\/Libro-Zschocke-Nuestras-amigas-las-bacterias-198x300.jpg"},{"@type":"BreadcrumbList","@id":"http:\/\/www.darmbakterien-buch.de\/es\/#breadcrumb","itemListElement":[{"@type":"ListItem","position":1,"name":"Home","item":"http:\/\/www.darmbakterien-buch.de\/pt-pt\/"},{"@type":"ListItem","position":2,"name":"Nuestras Amigas las Bacterias"}]},{"@type":"WebSite","@id":"https:\/\/www.darmbakterien-buch.de\/#website","url":"https:\/\/www.darmbakterien-buch.de\/","name":"Darmbakterien als Schl\u00fcssel zur Gesundheit","description":"Buch von Dr. Anne Katharina Zschocke","potentialAction":[{"@type":"SearchAction","target":{"@type":"EntryPoint","urlTemplate":"https:\/\/www.darmbakterien-buch.de\/?s={search_term_string}"},"query-input":{"@type":"PropertyValueSpecification","valueRequired":true,"valueName":"search_term_string"}}],"inLanguage":"pt-PT"}]}},"_links":{"self":[{"href":"http:\/\/www.darmbakterien-buch.de\/pt-pt\/wp-json\/wp\/v2\/pages\/1429","targetHints":{"allow":["GET"]}}],"collection":[{"href":"http:\/\/www.darmbakterien-buch.de\/pt-pt\/wp-json\/wp\/v2\/pages"}],"about":[{"href":"http:\/\/www.darmbakterien-buch.de\/pt-pt\/wp-json\/wp\/v2\/types\/page"}],"author":[{"embeddable":true,"href":"http:\/\/www.darmbakterien-buch.de\/pt-pt\/wp-json\/wp\/v2\/users\/2"}],"replies":[{"embeddable":true,"href":"http:\/\/www.darmbakterien-buch.de\/pt-pt\/wp-json\/wp\/v2\/comments?post=1429"}],"version-history":[{"count":5,"href":"http:\/\/www.darmbakterien-buch.de\/pt-pt\/wp-json\/wp\/v2\/pages\/1429\/revisions"}],"predecessor-version":[{"id":1720,"href":"http:\/\/www.darmbakterien-buch.de\/pt-pt\/wp-json\/wp\/v2\/pages\/1429\/revisions\/1720"}],"wp:attachment":[{"href":"http:\/\/www.darmbakterien-buch.de\/pt-pt\/wp-json\/wp\/v2\/media?parent=1429"}],"curies":[{"name":"wp","href":"https:\/\/api.w.org\/{rel}","templated":true}]}}