{"id":12,"date":"2014-12-12T23:41:44","date_gmt":"2014-12-12T23:41:44","guid":{"rendered":"http:\/\/www.darmbakterien-buch.de\/?page_id=12"},"modified":"2024-04-02T10:48:43","modified_gmt":"2024-04-02T08:48:43","slug":"dr-anne-katharina-zschocke-vita","status":"publish","type":"page","link":"https:\/\/www.darmbakterien-buch.de\/it\/dr-anne-katharina-zschocke-vita\/","title":{"rendered":"Die Autorin"},"content":{"rendered":"<h2>Vita<\/h2>\n<p>Dr. Anne Katharina Zschocke, Wiesbaum \/ Eifel, studierte Humanmedizin, Hom\u00f6opathie und Naturheilverfahren in Freiburg im Breisgau und London. Forschungspraktikum bei Prof. Roitt am Institute of Immunology, Middlesex Hospital London. Weiterbildung im \u00c4rzteseminar an der Filderklinik Stuttgart.<\/p>\n<p>Nach klinischer T\u00e4tigkeit ver\u00e4nderte sie, ihrer Berufung folgend ihren beruflichen Schwerpunkt, ging in den praktischen Gartenbau und widmete sich fortan Themen des Heilwissens, der Kulturgeschichte, der Naturkunde und des Paradigmenwechsels, darunter ab 1999 der Neuentwicklung einer friedlichen und ganzheitlichen Mikrobiologie.<\/p>\n<p><img loading=\"lazy\" decoding=\"async\" class=\"alignright size-medium wp-image-20\" src=\"http:\/\/www.darmbakterien-buch.de\/wp-content\/uploads\/2014\/12\/dr-zschocke-wasser-vortrag-225x300.jpg\" alt=\"Dr. Anne Katharina Zschocke - Freie Fachdozentin \" width=\"225\" height=\"300\" srcset=\"https:\/\/www.darmbakterien-buch.de\/wp-content\/uploads\/2014\/12\/dr-zschocke-wasser-vortrag-225x300.jpg 225w, https:\/\/www.darmbakterien-buch.de\/wp-content\/uploads\/2014\/12\/dr-zschocke-wasser-vortrag-768x1024.jpg 768w, https:\/\/www.darmbakterien-buch.de\/wp-content\/uploads\/2014\/12\/dr-zschocke-wasser-vortrag.jpg 1200w\" sizes=\"auto, (max-width: 225px) 100vw, 225px\" \/><\/p>\n<p>Sie ist seither international als freie Fachdozentin t\u00e4tig.<br \/>\nGemeinsam mit Landwirschaftsmeister Adolf Daenecke (\u20202013) gab sie im Jahr 2000 die ersten Seminare \u00fcber Effektive Mikroorganismen in Europa. Sie ist die renommierteste Referentin und Buchautorin zu Effektiven Mikroorganismen in Deutschland, Autorin der drei Standardwerke zum Thema, und war auch in S\u00fcdamerika und Afrika t\u00e4tig.<\/p>\n<p>In ihrem Buch \u201eEM-Die Effektiven Mikroorganismen. Bakterien als Ursprung und Wegweiser alles Lebendigen\u201c (AT-Verlag 2012) schrieb sie die Geschichte der Mikrobiologie neu und legte ein neues mikrobiologisch begr\u00fcndetes Menschenbild vor.<\/p>\n<p>&nbsp;<\/p>\n<p>Seit 2011 erschienen als weitere <a href=\"http:\/\/www.darmbakterien-buch.de\/buch\/weitere-buecher-dr-anne-katharina-zschocke\/\">B\u00fccher<\/a>: \u201eDie erstaunlichen Kr\u00e4fte der Effektiven Mikroorganismen\u201c (Knaur-Verlag), und\u00a0 \u201eEM kompakt. Effektive Mikroorganismen und ihre praktische Anwendung\u201c (Knaur-Verlag 2014), sowie \u201eDarmbakterien als Schl\u00fcssel zur Gesundheit\u201c. Mit dem Buch \u201eNat\u00fcrlich heilen mit Bakterien. Gesund mit Leib und Seele\u201c (AT-Verlag 2016) ver\u00f6ffentlichte sie die in langj\u00e4hriger Erfahrung entwickelten Wege zur Heilung mit Bakterien und ihre neue Mikrobiomtherapie.<\/p>\n<p>\u00dcbersetzungen der B\u00fccher erfolgten ins Polnische \u201e<a href=\"http:\/\/www.darmbakterien-buch.de\/wolumin-mikrobiom-sposob-na-pokonanie-chorob\/\">Mikrobiom sposob na pokonanie chorob\u201c<\/a> (Vital 2018), ins Italienische \u201eDarmbakterien als Schl\u00fcssel zur Gesundheit\u201c: \u201e<a href=\"http:\/\/www.darmbakterien-buch.de\/libro-i-batteri-intestinali-dott-ssa-anne-katharina-zschocke\/\">I Batteri Intestinali<\/a>\u201c (Gruppo Macro, Cesena, 2017), \u201eEM kompakt&#8221;: \u201e<a href=\"http:\/\/www.darmbakterien-buch.de\/libro-la-rivoluzione-dei-microrganismi-effettivi-anne-katharina-zschocke\/\">La Rivoluzione dei Microorganismi Effettivi<\/a>\u201c (Verlag Gruppo Macro, Cesena, 2018), \u201e<a href=\"http:\/\/www.darmbakterien-buch.de\/it\/\">I Nostri Amici Batteri<\/a>\u201c. (Gruppo Macro, Cesena, 2019) ins Spanische \u201e<a href=\"http:\/\/www.darmbakterien-buch.de\/es\/\">Nuestras Amigas las Bacterias<\/a>\u201c (Macro Ediciones, 2019), ins Franz\u00f6sische \u201e<a href=\"http:\/\/www.darmbakterien-buch.de\/livre-nos-incroyables-amies-les-bacteries\/\">Nos incroyables amies les bact\u00e9ries<\/a>\u201c. (Macro Editions, Paris, Montr\u00e9al 2019) und ins Polnische \u201e<a href=\"http:\/\/www.darmbakterien-buch.de\/pl\/\">Mikrobiom \u2013 spos\u00f3b na pokonanie chor\u00f3b<\/a>\u201c, (Vital, 2018), \u201e<a href=\"http:\/\/www.darmbakterien-buch.de\/pl\/\">Bakterie jelitowe kluczem do zdrowia!<\/a>\u201c (Vital, 2021).<\/p>\n<p>Zu ihren Vortragsthemen geh\u00f6ren dar\u00fcber hinaus Wasser, B\u00e4ume, Ern\u00e4hrung sowie Kultur- und Geistesgeschichte des Abendlandes. Sie entwickelte aus ganzheitlicher Sicht spirituelle naturkundliche Wanderungen und gibt F\u00fchrungen zu alten Kultorten keltischer und r\u00f6mischer Zeit, darunter zu den Matronentempeln in der Eifel und zur Kakush\u00f6hle.<\/p>\n<p>Bekannt wurde sie auch durch Radiosendungen in WDR, Saarl\u00e4ndischem Rundfunk und domradio K\u00f6ln, sowie durch WDR-Fernsehen und durch die Hauptrolle beim ARD-Fernsehfilm \u201eWildes Wasser Eifel\u201c. Podcast-Interviews mit ihr belegen Spitzenpl\u00e4tze im digitalen Ranking.<\/p>\n<p>In 2022 wurde sie f\u00fcr ihre Arbeit und ihren Einsatz f\u00fcr Frieden und Heilung mit den Bakterien als einzige Frau mit dem angesehenen QS24 Award f\u00fcr \u201eMut, Weisheit und Leidenschaft&#8221; des Schweizer Gesundheitsfernsehen ausgezeichnet.<\/p>\n<div id=\"attachment_2480\" style=\"width: 681px\" class=\"wp-caption alignnone\"><a href=\"http:\/\/www.darmbakterien-buch.de\/wp-content\/uploads\/2023\/01\/2022-Qs24-Auszeichung-Award-Dr-Zschocke.jpg\"><img loading=\"lazy\" decoding=\"async\" aria-describedby=\"caption-attachment-2480\" class=\"wp-image-2480 size-full\" src=\"http:\/\/www.darmbakterien-buch.de\/wp-content\/uploads\/2023\/01\/QS24tv-Award-2022-Preis-Verleihung-Dr-Zschocke.jpg\" alt=\"Preistr\u00e4ger QS24tv Kategorie \u201eNatur pur\u201c: Dr. med. Anne Katharina Zschocke\" width=\"671\" height=\"188\" srcset=\"https:\/\/www.darmbakterien-buch.de\/wp-content\/uploads\/2023\/01\/QS24tv-Award-2022-Preis-Verleihung-Dr-Zschocke.jpg 671w, https:\/\/www.darmbakterien-buch.de\/wp-content\/uploads\/2023\/01\/QS24tv-Award-2022-Preis-Verleihung-Dr-Zschocke-300x84.jpg 300w\" sizes=\"auto, (max-width: 671px) 100vw, 671px\" \/><\/a><p id=\"caption-attachment-2480\" class=\"wp-caption-text\">Von links: Prof. Dr. Urs Gruber, Prof. Dr. Elmar Wienecke, Prof. Dr. Thomas Rau, Dieter Broers, Dr. Anne Katharina Zschocke, Moderator Alexander Glogg<\/p><\/div>\n<p><img loading=\"lazy\" decoding=\"async\" class=\"alignright size-full wp-image-85\" src=\"http:\/\/www.darmbakterien-buch.de\/wp-content\/uploads\/2014\/12\/fridenstaube-welt.png\" alt=\"Friedenstaube\" width=\"239\" height=\"292\" \/><\/p>\n<p>Die in mehr als 20 Jahren Forschung zum menschlichen Mikrobiom und der praktischer Erfahrung mit den Effektiven Mikroorganismen gewonnenen Erkenntnisse erm\u00f6glichen Anne Katharina Zschocke einen einzigartigen Einblick in die tiefen Zusammenh\u00e4nge des Miteinanders von Mikrobe und Mensch. Sie sieht in dieser Gemeinsamkeit eine Friedensbotschaft, die der Heilung des Menschen und dem Leben der Erde dient.<br \/>\nAm meisten Freude bereitet es Dr. Anne Katharina Zschocke, ihrem Publikum in liebevoller Weise und humorvoll die Welt der Bakterien, ihre faszinierenden Beziehungen und ihre wunderbare Rolle f\u00fcr uns Menschen und f\u00fcr die Erde n\u00e4her zu bringen.<\/p>\n<p>Sie sind herzlich eingeladen! Kommen Sie oder buchen Sie mich f\u00fcr Ihre Veranstaltung<\/p>\n<p>Weitere Informationen finden Sie unter<br \/>\n<a title=\"Internetseite - Dr. Anne Katharina Zschocke\" href=\"http:\/\/www.Dr-Zschocke.de\">www.Dr-Zschocke.de<\/a><\/p>\n<p><a href=\"http:\/\/www.darmbakterien-buch.de\/wp-content\/uploads\/2024\/04\/Referenten_ICQ_2024-2.jpg\"><img loading=\"lazy\" decoding=\"async\" class=\"wp-image-2913 aligncenter\" src=\"http:\/\/www.darmbakterien-buch.de\/wp-content\/uploads\/2024\/04\/Referenten_ICQ_2024-2-300x160.jpg\" alt=\"\" width=\"715\" height=\"381\" srcset=\"https:\/\/www.darmbakterien-buch.de\/wp-content\/uploads\/2024\/04\/Referenten_ICQ_2024-2-300x160.jpg 300w, https:\/\/www.darmbakterien-buch.de\/wp-content\/uploads\/2024\/04\/Referenten_ICQ_2024-2-1024x545.jpg 1024w, https:\/\/www.darmbakterien-buch.de\/wp-content\/uploads\/2024\/04\/Referenten_ICQ_2024-2-768x409.jpg 768w, https:\/\/www.darmbakterien-buch.de\/wp-content\/uploads\/2024\/04\/Referenten_ICQ_2024-2-1536x818.jpg 1536w, https:\/\/www.darmbakterien-buch.de\/wp-content\/uploads\/2024\/04\/Referenten_ICQ_2024-2-scaled.jpg 2048w\" sizes=\"auto, (max-width: 715px) 100vw, 715px\" \/><\/a><\/p>\n<p>~<br \/>\n<img loading=\"lazy\" decoding=\"async\" src=\"https:\/\/vg07.met.vgwort.de\/na\/3bf408ffc1d34b579aad298ac0da9936\" alt=\"\" width=\"1\" height=\"1\" \/><\/p>\n","protected":false},"excerpt":{"rendered":"<p>Vita Dr. Anne Katharina Zschocke, Wiesbaum \/ Eifel, studierte Humanmedizin, Hom\u00f6opathie und Naturheilverfahren in Freiburg [&hellip;]<\/p>\n","protected":false},"author":2,"featured_media":0,"parent":0,"menu_order":0,"comment_status":"closed","ping_status":"closed","template":"","meta":{"footnotes":""},"class_list":["post-12","page","type-page","status-publish","hentry"],"yoast_head":"<!-- This site is optimized with the Yoast SEO plugin v27.4 - https:\/\/yoast.com\/product\/yoast-seo-wordpress\/ -->\n<title>Die Autorin - Darmbakterien als Schl\u00fcssel zur Gesundheit, Dr. Zschocke<\/title>\n<meta name=\"robots\" content=\"index, follow, max-snippet:-1, max-image-preview:large, max-video-preview:-1\" \/>\n<link rel=\"canonical\" href=\"https:\/\/www.darmbakterien-buch.de\/it\/dr-anne-katharina-zschocke-vita\/\" \/>\n<meta property=\"og:locale\" content=\"it_IT\" \/>\n<meta property=\"og:type\" content=\"article\" \/>\n<meta property=\"og:title\" content=\"Die Autorin - Darmbakterien als Schl\u00fcssel zur Gesundheit, Dr. Zschocke\" \/>\n<meta property=\"og:description\" content=\"Vita Dr. Anne Katharina Zschocke, Wiesbaum \/ Eifel, studierte Humanmedizin, Hom\u00f6opathie und Naturheilverfahren in Freiburg [&hellip;]\" \/>\n<meta property=\"og:url\" content=\"https:\/\/www.darmbakterien-buch.de\/it\/dr-anne-katharina-zschocke-vita\/\" \/>\n<meta property=\"og:site_name\" content=\"Darmbakterien als Schl\u00fcssel zur Gesundheit\" \/>\n<meta property=\"article:modified_time\" content=\"2024-04-02T08:48:43+00:00\" \/>\n<meta property=\"og:image\" content=\"http:\/\/www.darmbakterien-buch.de\/wp-content\/uploads\/2014\/12\/dr-zschocke-wasser-vortrag-225x300.jpg\" \/>\n<meta name=\"twitter:label1\" content=\"Tempo di lettura stimato\" \/>\n\t<meta name=\"twitter:data1\" content=\"5 minuti\" \/>\n<script type=\"application\/ld+json\" class=\"yoast-schema-graph\">{\"@context\":\"https:\\\/\\\/schema.org\",\"@graph\":[{\"@type\":\"WebPage\",\"@id\":\"https:\\\/\\\/www.darmbakterien-buch.de\\\/it\\\/dr-anne-katharina-zschocke-vita\\\/\",\"url\":\"https:\\\/\\\/www.darmbakterien-buch.de\\\/it\\\/dr-anne-katharina-zschocke-vita\\\/\",\"name\":\"Die Autorin - Darmbakterien als Schl\u00fcssel zur Gesundheit, Dr. Zschocke\",\"isPartOf\":{\"@id\":\"http:\\\/\\\/www.darmbakterien-buch.de\\\/#website\"},\"primaryImageOfPage\":{\"@id\":\"https:\\\/\\\/www.darmbakterien-buch.de\\\/it\\\/dr-anne-katharina-zschocke-vita\\\/#primaryimage\"},\"image\":{\"@id\":\"https:\\\/\\\/www.darmbakterien-buch.de\\\/it\\\/dr-anne-katharina-zschocke-vita\\\/#primaryimage\"},\"thumbnailUrl\":\"http:\\\/\\\/www.darmbakterien-buch.de\\\/wp-content\\\/uploads\\\/2014\\\/12\\\/dr-zschocke-wasser-vortrag-225x300.jpg\",\"datePublished\":\"2014-12-12T23:41:44+00:00\",\"dateModified\":\"2024-04-02T08:48:43+00:00\",\"breadcrumb\":{\"@id\":\"https:\\\/\\\/www.darmbakterien-buch.de\\\/it\\\/dr-anne-katharina-zschocke-vita\\\/#breadcrumb\"},\"inLanguage\":\"it-IT\",\"potentialAction\":[{\"@type\":\"ReadAction\",\"target\":[\"https:\\\/\\\/www.darmbakterien-buch.de\\\/it\\\/dr-anne-katharina-zschocke-vita\\\/\"]}]},{\"@type\":\"ImageObject\",\"inLanguage\":\"it-IT\",\"@id\":\"https:\\\/\\\/www.darmbakterien-buch.de\\\/it\\\/dr-anne-katharina-zschocke-vita\\\/#primaryimage\",\"url\":\"http:\\\/\\\/www.darmbakterien-buch.de\\\/wp-content\\\/uploads\\\/2014\\\/12\\\/dr-zschocke-wasser-vortrag-225x300.jpg\",\"contentUrl\":\"http:\\\/\\\/www.darmbakterien-buch.de\\\/wp-content\\\/uploads\\\/2014\\\/12\\\/dr-zschocke-wasser-vortrag-225x300.jpg\"},{\"@type\":\"BreadcrumbList\",\"@id\":\"https:\\\/\\\/www.darmbakterien-buch.de\\\/it\\\/dr-anne-katharina-zschocke-vita\\\/#breadcrumb\",\"itemListElement\":[{\"@type\":\"ListItem\",\"position\":1,\"name\":\"Home\",\"item\":\"https:\\\/\\\/www.darmbakterien-buch.de\\\/it\\\/\"},{\"@type\":\"ListItem\",\"position\":2,\"name\":\"Die Autorin\"}]},{\"@type\":\"WebSite\",\"@id\":\"http:\\\/\\\/www.darmbakterien-buch.de\\\/#website\",\"url\":\"http:\\\/\\\/www.darmbakterien-buch.de\\\/\",\"name\":\"Darmbakterien als Schl\u00fcssel zur Gesundheit\",\"description\":\"Buch von Dr. Anne Katharina Zschocke\",\"potentialAction\":[{\"@type\":\"SearchAction\",\"target\":{\"@type\":\"EntryPoint\",\"urlTemplate\":\"http:\\\/\\\/www.darmbakterien-buch.de\\\/?s={search_term_string}\"},\"query-input\":{\"@type\":\"PropertyValueSpecification\",\"valueRequired\":true,\"valueName\":\"search_term_string\"}}],\"inLanguage\":\"it-IT\"}]}<\/script>\n<!-- \/ Yoast SEO plugin. -->","yoast_head_json":{"title":"Die Autorin - Darmbakterien als Schl\u00fcssel zur Gesundheit, Dr. Zschocke","robots":{"index":"index","follow":"follow","max-snippet":"max-snippet:-1","max-image-preview":"max-image-preview:large","max-video-preview":"max-video-preview:-1"},"canonical":"https:\/\/www.darmbakterien-buch.de\/it\/dr-anne-katharina-zschocke-vita\/","og_locale":"it_IT","og_type":"article","og_title":"Die Autorin - Darmbakterien als Schl\u00fcssel zur Gesundheit, Dr. Zschocke","og_description":"Vita Dr. Anne Katharina Zschocke, Wiesbaum \/ Eifel, studierte Humanmedizin, Hom\u00f6opathie und Naturheilverfahren in Freiburg [&hellip;]","og_url":"https:\/\/www.darmbakterien-buch.de\/it\/dr-anne-katharina-zschocke-vita\/","og_site_name":"Darmbakterien als Schl\u00fcssel zur Gesundheit","article_modified_time":"2024-04-02T08:48:43+00:00","og_image":[{"url":"http:\/\/www.darmbakterien-buch.de\/wp-content\/uploads\/2014\/12\/dr-zschocke-wasser-vortrag-225x300.jpg","type":"","width":"","height":""}],"twitter_misc":{"Tempo di lettura stimato":"5 minuti"},"schema":{"@context":"https:\/\/schema.org","@graph":[{"@type":"WebPage","@id":"https:\/\/www.darmbakterien-buch.de\/it\/dr-anne-katharina-zschocke-vita\/","url":"https:\/\/www.darmbakterien-buch.de\/it\/dr-anne-katharina-zschocke-vita\/","name":"Die Autorin - Darmbakterien als Schl\u00fcssel zur Gesundheit, Dr. Zschocke","isPartOf":{"@id":"http:\/\/www.darmbakterien-buch.de\/#website"},"primaryImageOfPage":{"@id":"https:\/\/www.darmbakterien-buch.de\/it\/dr-anne-katharina-zschocke-vita\/#primaryimage"},"image":{"@id":"https:\/\/www.darmbakterien-buch.de\/it\/dr-anne-katharina-zschocke-vita\/#primaryimage"},"thumbnailUrl":"http:\/\/www.darmbakterien-buch.de\/wp-content\/uploads\/2014\/12\/dr-zschocke-wasser-vortrag-225x300.jpg","datePublished":"2014-12-12T23:41:44+00:00","dateModified":"2024-04-02T08:48:43+00:00","breadcrumb":{"@id":"https:\/\/www.darmbakterien-buch.de\/it\/dr-anne-katharina-zschocke-vita\/#breadcrumb"},"inLanguage":"it-IT","potentialAction":[{"@type":"ReadAction","target":["https:\/\/www.darmbakterien-buch.de\/it\/dr-anne-katharina-zschocke-vita\/"]}]},{"@type":"ImageObject","inLanguage":"it-IT","@id":"https:\/\/www.darmbakterien-buch.de\/it\/dr-anne-katharina-zschocke-vita\/#primaryimage","url":"http:\/\/www.darmbakterien-buch.de\/wp-content\/uploads\/2014\/12\/dr-zschocke-wasser-vortrag-225x300.jpg","contentUrl":"http:\/\/www.darmbakterien-buch.de\/wp-content\/uploads\/2014\/12\/dr-zschocke-wasser-vortrag-225x300.jpg"},{"@type":"BreadcrumbList","@id":"https:\/\/www.darmbakterien-buch.de\/it\/dr-anne-katharina-zschocke-vita\/#breadcrumb","itemListElement":[{"@type":"ListItem","position":1,"name":"Home","item":"https:\/\/www.darmbakterien-buch.de\/it\/"},{"@type":"ListItem","position":2,"name":"Die Autorin"}]},{"@type":"WebSite","@id":"http:\/\/www.darmbakterien-buch.de\/#website","url":"http:\/\/www.darmbakterien-buch.de\/","name":"Darmbakterien als Schl\u00fcssel zur Gesundheit","description":"Buch von Dr. Anne Katharina Zschocke","potentialAction":[{"@type":"SearchAction","target":{"@type":"EntryPoint","urlTemplate":"http:\/\/www.darmbakterien-buch.de\/?s={search_term_string}"},"query-input":{"@type":"PropertyValueSpecification","valueRequired":true,"valueName":"search_term_string"}}],"inLanguage":"it-IT"}]}},"_links":{"self":[{"href":"https:\/\/www.darmbakterien-buch.de\/it\/wp-json\/wp\/v2\/pages\/12","targetHints":{"allow":["GET"]}}],"collection":[{"href":"https:\/\/www.darmbakterien-buch.de\/it\/wp-json\/wp\/v2\/pages"}],"about":[{"href":"https:\/\/www.darmbakterien-buch.de\/it\/wp-json\/wp\/v2\/types\/page"}],"author":[{"embeddable":true,"href":"https:\/\/www.darmbakterien-buch.de\/it\/wp-json\/wp\/v2\/users\/2"}],"replies":[{"embeddable":true,"href":"https:\/\/www.darmbakterien-buch.de\/it\/wp-json\/wp\/v2\/comments?post=12"}],"version-history":[{"count":5,"href":"https:\/\/www.darmbakterien-buch.de\/it\/wp-json\/wp\/v2\/pages\/12\/revisions"}],"predecessor-version":[{"id":2919,"href":"https:\/\/www.darmbakterien-buch.de\/it\/wp-json\/wp\/v2\/pages\/12\/revisions\/2919"}],"wp:attachment":[{"href":"https:\/\/www.darmbakterien-buch.de\/it\/wp-json\/wp\/v2\/media?parent=12"}],"curies":[{"name":"wp","href":"https:\/\/api.w.org\/{rel}","templated":true}]}}