{"id":1901,"date":"2020-12-15T23:26:09","date_gmt":"2020-12-15T22:26:09","guid":{"rendered":"http:\/\/www.darmbakterien-buch.de\/?page_id=1901"},"modified":"2020-12-15T23:30:04","modified_gmt":"2020-12-15T22:30:04","slug":"2020-vortraege-seminare-lesungen-wanderungen-und-fuehrungen","status":"publish","type":"page","link":"https:\/\/www.darmbakterien-buch.de\/pl\/2020-vortraege-seminare-lesungen-wanderungen-und-fuehrungen\/","title":{"rendered":"2020 Vortr\u00e4ge, Seminare, Lesungen, Wanderungen und F\u00fchrungen"},"content":{"rendered":"<p><a href=\"http:\/\/www.darmbakterien-buch.de\/wp-content\/uploads\/2020\/03\/Veranstaltungen-Dr-Zschocke-2020-03.pdf\">Veranstaltungen Dr. Zschocke &#8211; Stand Fr\u00fchling 2020 (PDF)<\/a><\/p>\n<p><strong>\u00dcbersicht<\/strong><\/p>\n<ul>\n<li><a href=\"#2020-03-14_Bakterien-als-Virenfaenger\">14.3. Bakterien als\u00a0\u201eVirenf\u00e4nger\u201c<\/a><\/li>\n<li><a href=\"#2020-03-22_Bakterien-Gesundheit\">22.3.Tagesseminar: Bakterielle Gesundheit des Mundraums und M\u00f6glichkeiten der Mikrobiomkorrektur<\/a><\/li>\n<li><a href=\"#2020-03-26_Arm-in-Arm\">26.3. Lesung und Gespr\u00e4ch: Arm in Arm mit deinem Darm<\/a><\/li>\n<li><a href=\"#2020-04-02_Vortrag-Erfstadt\">2.4. Vortrag: Effektive Mikroorganismen &#8211; Wie Bakterien auf unser Klima und unsere Gesundheit wirken<\/a><\/li>\n<li><a href=\"#2020-04-05_Sagenhafte-Kakush\u00f6hle\">5.4. Sagenhafte Kakush\u00f6hle<\/a><\/li>\n<li><a href=\"#2020-04-21_Vortrag-Sangerhausen\">21.4. Vortrag: Effektive Mikroorganismen \u2013 Wie Bakterien auf unser Klima und unsere Gesundheit wirken<\/a><\/li>\n<li><a href=\"#2020-04-23_Seminar-in-Cottbus\">23-26.4. Vortrag: Seminar und Wanderung in Cottbus<\/a><\/li>\n<li><a href=\"#2020-05-10_Matronen\">10.5. Muttertag bei den Matronen<\/a><\/li>\n<li><a href=\"#2021-05_Healing-with-Bacteria\">5. Natural Healing with Bacteria. A New Therapy<\/a><\/li>\n<li><a href=\"#2020-10-30_Menschenbild\">30.10. Vortrag: Mikrobiom und Menschenbild<\/a><\/li>\n<li><a href=\"#2020-10-31_Heilung\">31.10. Vortrag: Heilung durch das Mikrobiom<\/a><\/li>\n<li><a href=\"#2020-10-31_Heilen-mit-Bakterien\">31.10. Seminar: Nat\u00fcrlich heilen mit Bakterien<\/a><\/li>\n<li><a href=\"#2020-11-07_Mikroben-Gesundheit\">7.11.\u00a0 Seminar: Mikroben und Gesundheit<\/a><\/li>\n<\/ul>\n<p><span id=\"2020-03-14_Bakterien-als-Virenfaenger\">\u00a0<\/span><\/p>\n<h3>Bakterien als\u00a0\u201eVirenf\u00e4nger\u201c<\/h3>\n<p><strong>Samstag, den 14. M\u00e4rz 2020, 10 Uhr, 53119 Bonn<\/strong><\/p>\n<p>Gespr\u00e4ch und Signierstunde zum Thema Bakterien und Mikrobiompflege als Virus-Vorsorge im Rahmen von UNSERE BUCHMESSE (10-17 Uhr)<\/p>\n<p><strong>Ort<\/strong>: UNSERE BUCHHANDLUNG am Paulusplatz, Paulusplatz 2, 53119 Bonn. Telefon: 0228-669816<br \/>\n<strong>Anmeldung<\/strong>: nicht erforderlich<\/p>\n<p><span id=\"2020-03-22_Bakterien-Gesundheit\">\u00a0<\/span><\/p>\n<h3>Tagesseminar:\u00a0Bakterielle Gesundheit des Mundraums und M\u00f6glichkeiten der Mikrobiomkorrektur<\/h3>\n<p class=\"h2-top\">Effektive Mikoorganismen (EM) im praktischem Einsatz<\/p>\n<p><strong><em>verschoben auf den 7. M\u00e4rz 2021<\/em>, 9 &#8211; 16 Uhr, 53332 Rheinbach\u00a0<\/strong><\/p>\n<p>Die Gemeinschaft aller Bakterien im Mundraum, sein sogenanntes Mundmikrobiom, wird inzwischen als funktionelles Organ betrachtet. Es erf\u00fcllt wichtige Aufgaben nicht nur f\u00fcr Z\u00e4hne, Zahnfleisch und Schleimh\u00e4ute, sondern auch f\u00fcr alle weiteren Verdauungsorgane und die Atemwege. Das Mikrobiom reguliert Entz\u00fcndungsprozesse.<br \/>\n<strong>Dies revolutioniert das Bild von Mensch und Mikrobe in der Medizin grundlegend.\u00a0<\/strong><a href=\"https:\/\/www.rrzf.de\/fortbildung.php\">mehr&#8230;<\/a><\/p>\n<p><strong> Ort<\/strong>: Waldhotel Rheinbach,\u00a0\u00d6lm\u00fchlenweg 98, 53359 Rheinbach<br \/>\n<strong>Anmeldungen bei<\/strong>: RRzF Tilman Fritz, <a href=\"mailto:info@rrzf.de\">info@rrzf.de<\/a>, <a href=\"https:\/\/www.rrzf.de\/fortbildung.php\">www.rrzf.de<\/a><\/p>\n<p><span id=\"2020-03-26_Arm-in-Arm\">\u00a0<\/span><\/p>\n<h3>Arm in Arm mit deinem Darm<\/h3>\n<p>Lesung und Gespr\u00e4ch<\/p>\n<p><strong><em>wird verschoben auf 2021<\/em> Donnerstag, 26. M\u00e4rz 2020 19.30 Uhr, 53947 Nettersheim<\/strong><\/p>\n<p>Warum leiden so viele Menschen an Darmkrankheiten? Und lassen sie sich heilen?<br \/>\nDr. Anne Katharina Zschocke aus Nettersheim ist Expertin f\u00fcr Bakterienheilkunde und befasst sich seit 20 Jahren mit der faszinierenden Partnerschaft zwischen Einzellern und<br \/>\nMensch. <a href=\"http:\/\/www.darmbakterien-buch.de\/arm-in-arm-mit-deinem-darm-2020\/\">mehr&#8230;<\/a><\/p>\n<p><span id=\"2020-04-02_Vortrag-Erfstadt\">\u00a0<\/span><\/p>\n<h3>Vortrag \u201eEffektive Mikroorganismen &#8211; Wie Bakterien auf unser Klima und unsere Gesundheit wirken.\u201c<\/h3>\n<p><strong><em>wird verschoben<\/em> 2. April 2020 19 Uhr, 50374 Erftstadt-Friesheim<\/strong><\/p>\n<p>Bakterien sind die fr\u00fchesten Lebewesen auf dem Planeten Erde und leben seither \u00fcberall. Sie sind tats\u00e4chlich die Voraussetzung f\u00fcr Leben in Boden, Luft und Wasser, und an fast allen<br \/>\nVorg\u00e4ngen beteiligt. Aus ihnen heraus entwickelten sich gr\u00f6\u00dfere Lebensformen wie Pflanzen, Tiere und Menschen.<br \/>\nDabei sind sie zu Gemeinschaften vernetzt, \u201eMikrobiome\u201c genannt, <a href=\"http:\/\/www.darmbakterien-buch.de\/vortrag-effektive-mikroorganismen-wie-bakterien-auf-unser-klima-und-unsere-gesundheit-wirken\/\">mehr&#8230;<\/a><\/p>\n<p><span id=\"2020-04-05_Sagenhafte-Kakush\u00f6hle\">\u00a0<\/span><\/p>\n<h3>Sagenhafte Kakush\u00f6hle<\/h3>\n<p><strong><em>wird verschoben<\/em> Sonntag den 5. April 2020 15 Uhr, 53894 Dreim\u00fchlen<\/strong><\/p>\n<p>\u00d6ffentliche F\u00fchrung zu Entstehung, Geschichte und Sagenwelt der H\u00f6hle.<br \/>\nDie Kakush\u00f6hle, bei Dreim\u00fchlen gelegen, ist ein stimmungsvoller Ort in malerischer Landschaft, Fundst\u00e4tte der \u00e4ltesten menschlichen Siedlungsspuren der Nordeifel und das \u00e4lteste Naturschutzgebiet der Region. Sie war zu allen Zeiten von Tieren und Menschen als Unterschlupf und Behausung genutzt, und fasziniert noch immer ihre Besucher. Heute ist sie ein bedeutendes Quartier f\u00fcr die vom Aussterben bedrohten Flederm\u00e4use.<\/p>\n<p><strong>Dauer<\/strong>: ca. 1 \u00bc Stunden<br \/>\n<strong>Treffpunkt<\/strong>: am Caf\u00e9 zur Kakush\u00f6hle (an der B 477 zwischen Mechernich-Eiserfey und Weyer)<br \/>\n<strong>Beitrag<\/strong>: 3,50 \u20ac pro Person<br \/>\n<strong>Anmeldung<\/strong>: nicht erforderlich,\u00a0stabiles\u00a0Schuhwerk empfohlen<\/p>\n<p><span id=\"2020-04-21_Vortrag-Sangerhausen\">\u00a0<\/span><\/p>\n<h3>Vortrag: Effektive Mikroorganismen \u2013 Wie Bakterien auf unser Klima und unsere Gesundheit wirken<\/h3>\n<p><strong><em>wird verschoben<\/em> Dienstag, 21. April 2020 18 Uhr, 06526 Sangerhausen<\/strong><br \/>\nBakterien sind die fr\u00fchesten Lebewesen auf dem Planeten Erde und leben seither \u00fcberall.<br \/>\nSie sind tats\u00e4chlich die Voraussetzung f\u00fcr Leben in Boden, Luft und Wasser, und an fast\u00a0allen Vorg\u00e4ngen beteiligt. Aus ihnen heraus entwickelten sich gr\u00f6\u00dfere Lebensformen wie<br \/>\nPflanzen, Tiere und Menschen. <a href=\"http:\/\/www.darmbakterien-buch.de\/vortrag-effektive-mikroorganismen-wie-bakterien-auf-unser-klima-und-unsere-gesundheit-wirken-2020\/\">mehr&#8230;<\/a><\/p>\n<p><span id=\"2020-04-23_Seminar-in-Cottbus\">\u00a0<\/span><\/p>\n<h3>Lesung und Seminar in Cottbus sowie eine naturkundliche Wanderung (am Sonntag)<\/h3>\n<p><strong><em>wird verschoben<\/em> 23. &#8211; 26. April 2020, 03046 Cottbus<\/strong><\/p>\n<p>durch den Park des F\u00fcrsten Hermann von P\u00fcckler-Muskau in Branitz. Im Rahmen des 28. Cottbuser B\u00fccherfr\u00fchling, zum Brandenburger Themenjahr \u201eWas ist Frieden?\u201c <a href=\"http:\/\/www.darmbakterien-buch.de\/lesung-und-seminar-in-cottbus-sowie-eine-naturkundliche-wanderung-am-sonntag\/\">mehr&#8230;<\/a><br \/>\n<strong>Info<\/strong>: Telefon 0355-38060-24 oder <a href=\"http:\/\/www.bibliothek-cottbus.de\">www.bibliothek-cottbus.de<\/a>, <a href=\"http:\/\/www.lernzentrum-cottbus.de\/de\/stadt-und-regionalbibliothek.html\">www.lernzentrum-cottbus.de\/de\/stadt-und-regionalbibliothek.html<\/a><\/p>\n<p><span id=\"2020-05-10_Matronen\">\u00a0<\/span><\/p>\n<h3>Muttertag bei den Matronen<\/h3>\n<p><strong>Sonntag, 10. Mai 2020 14 Uhr, 53947 Nettersheim<\/strong><\/p>\n<p><strong>Wanderung<\/strong> rund um die Kultur- und Naturgeschichte der Matronenverehrung mit Besuch der arch\u00e4ologischen Sammlung des Naturzentrums Nettersheim. <a href=\"http:\/\/www.darmbakterien-buch.de\/muttertag-bei-den-matronen\/\">mehr&#8230;<\/a><\/p>\n<p>&nbsp;<\/p>\n<h3>Natural Healing with Bacteria. A New Therapy<\/h3>\n<p><strong><em>vom<\/em> 28. Mai 2020 <em>verschoben auf Mai 2021<\/em><\/strong><\/p>\n<p><strong>Vortr\u00e4ge<\/strong> auf einer P\u00e4diatrischen Konferenz (in Englisch mit spanischer \u00dcbersetzung) im Instituto Privado del Ni\u00f1o, Asunci\u00f3n, Paraguay<\/p>\n<p>Kontakt: Prof. Ricardo Iramain<\/p>\n<p>&nbsp;<\/p>\n<h3>Vortrag: \u201eMikrobiom und Menschenbild\u201c<\/h3>\n<p><strong><em> verschoben<\/em> <em>auf 2021<\/em> Freitag, den 30. Oktober 2020, 16 Uhr, 76530 Baden-Baden<\/strong><\/p>\n<p>im Rahmen der Tagung F.X. Mayr\u00a0 <a href=\"http:\/\/www.darmbakterien-buch.de\/vortrag-mikrobiom-und-menschenbild-baden-baden-2020\/\">mehr&#8230;<\/a><\/p>\n<p><span id=\"2020-10-31_Heilung\">\u00a0<\/span><\/p>\n<h3>Vortrag: \u201eHeilung durch das Mikrobiom\u201c<\/h3>\n<p><strong><em>abgesagt<\/em> Samstag, den 31. Oktober, 9.30 Uhr, 76530 Baden-Baden<\/strong><\/p>\n<p>f\u00fcr die Internationale Gesellschaft f\u00fcr Ganzheitliche ZahnMedizin e.V<\/p>\n<p><span id=\"2020-10-31_Heilen-mit-Bakterien\">\u00a0<\/span><\/p>\n<h3>Seminar: Nat\u00fcrlich heilen mit Bakterien<\/h3>\n<p><strong><em>abgesagt<\/em> Samstag, 31. Oktober 2020, 14.30 &#8211; 18.30 Uhr, 76530 Baden-Baden<\/strong><\/p>\n<p>Das Mikrobiom des Menschen gibt dem ganzen K\u00f6rper Flexibilit\u00e4t, Stabilit\u00e4t und <a href=\"http:\/\/www.darmbakterien-buch.de\/seminar-natuerlich-heilen-mit-bakterien-baden-baden-2020\/\">mehr&#8230;<\/a><\/p>\n<p><strong>Ort:<\/strong> f\u00fcr alle drei Veranstaltungen\u00a0Kongresshaus Baden-Baden, Augustaplatz 10,\u00a0Im Rahmen der Medizinischen Woche\u00a02020\u00a0<a href=\"http:\/\/www.medwoche.de\/index.htm\">www.medwoche.de<\/a><br \/>\n<strong>Anmeldung erforderlich:<\/strong> z.B. unter\u00a0<a href=\"http:\/\/www.medwoche.de\/ticketbuchung.htm\">www.medwoche.de\/ticketbuchung.htm<\/a><\/p>\n<p><span id=\"2020-11-07_Mikroben-Gesundheit\">\u00a0<\/span><\/p>\n<div class=\"div_sold_out\">\n<p><img loading=\"lazy\" decoding=\"async\" class=\"alignleft sold_out size-full wp-image-811\" src=\"http:\/\/www.darmbakterien-buch.de\/wp-content\/uploads\/2014\/12\/ausgebucht-seminar.png\" alt=\"ausgebucht\" width=\"146\" height=\"87\" \/><\/p>\n<h3>Seminar: Mikroben und Gesundheit<\/h3>\n<p><strong>Samstag, 7. November 2020, 9 Uhr bis circa 17 Uhr, CH-8926 Kappel am Albis<\/strong><\/p>\n<p>Beim Verh\u00e4ltnis Mensch und Mikroben wird gew\u00f6hnlich davon ausgegangen, <a href=\"http:\/\/www.darmbakterien-buch.de\/seminar-mikroben-und-gesundheit-schweiz-2020\/\">mehr&#8230;<\/a><\/p>\n<p><strong>Ort<\/strong>: Kloster Kappel a. A., Kappelerhof 5, CH-8926 Kappel am Albis<br \/>\n<strong>Kontakt<\/strong>: EM-Verein Schweiz, Anmeldung bei Martina Schwegler, Telefon 0041 (0)52 620 22 31 <a href=\"mailto:martina.schwegler@bluewin.ch\">martina.schwegler@bluewin.ch<\/a><\/p>\n<\/div>\n<p>&nbsp;<\/p>\n<p><a href=\"https:\/\/natuerlich-heilen-mit-bakterien.de\">&lt; zur\u00fcck zu www.natuerlich-heilen-mit-Bakterien.de<\/a><\/p>\n<hr \/>\n<p>&nbsp;<\/p>\n<p><a href=\"http:\/\/www.darmbakterien-buch.de\/veranstaltungen-seminare\/\"><strong>&lt;&lt; Aktuelle Termine<\/strong><\/a><\/p>\n<ul>\n<li><strong><a href=\"http:\/\/www.darmbakterien-buch.de\/2019-vortraege-seminare-lesungen-wanderungen-fuehrungen\/\">Archiv Termine 2019<\/a><\/strong><\/li>\n<li><strong><a href=\"http:\/\/www.darmbakterien-buch.de\/2018-vortraege-seminare-lesungen-wanderungen-fuehrungen\/\">Archiv Termine 2018<\/a><\/strong><\/li>\n<li><strong><a href=\"http:\/\/www.darmbakterien-buch.de\/2017-vortraege-seminare-lesungen-wanderungen-und-fuehrungen\/\">Archiv Termine 2017<\/a><\/strong><\/li>\n<li><strong><a href=\"http:\/\/www.darmbakterien-buch.de\/2016-vortraege-seminare-lesungen-wanderungen-und-fuehrungen\/\">Archiv Termine 2016<\/a><\/strong><\/li>\n<li><strong><a href=\"http:\/\/www.Darmbakterien-Buch.de\/veranstaltungen-seminare-2015\/\">Archiv Termine 2015<\/a><\/strong><\/li>\n<\/ul>\n","protected":false},"excerpt":{"rendered":"<p>Veranstaltungen Dr. Zschocke &#8211; Stand Fr\u00fchling 2020 (PDF) \u00dcbersicht 14.3. Bakterien als\u00a0\u201eVirenf\u00e4nger\u201c 22.3.Tagesseminar: Bakterielle Gesundheit [&hellip;]<\/p>\n","protected":false},"author":2,"featured_media":0,"parent":0,"menu_order":0,"comment_status":"closed","ping_status":"closed","template":"","meta":{"footnotes":""},"class_list":["post-1901","page","type-page","status-publish","hentry"],"yoast_head":"<!-- This site is optimized with the Yoast SEO plugin v27.5 - https:\/\/yoast.com\/product\/yoast-seo-wordpress\/ -->\n<title>2020 Vortr\u00e4ge, Seminare, Lesungen, Wanderungen und F\u00fchrungen - Darmbakterien als Schl\u00fcssel zur Gesundheit, Dr. Zschocke<\/title>\n<meta name=\"robots\" content=\"index, follow, max-snippet:-1, max-image-preview:large, max-video-preview:-1\" \/>\n<link rel=\"canonical\" href=\"https:\/\/www.darmbakterien-buch.de\/pl\/2020-vortraege-seminare-lesungen-wanderungen-und-fuehrungen\/\" \/>\n<meta property=\"og:locale\" content=\"pl_PL\" \/>\n<meta property=\"og:type\" content=\"article\" \/>\n<meta property=\"og:title\" content=\"2020 Vortr\u00e4ge, Seminare, Lesungen, Wanderungen und F\u00fchrungen - Darmbakterien als Schl\u00fcssel zur Gesundheit, Dr. Zschocke\" \/>\n<meta property=\"og:description\" content=\"Veranstaltungen Dr. Zschocke &#8211; Stand Fr\u00fchling 2020 (PDF) \u00dcbersicht 14.3. Bakterien als\u00a0\u201eVirenf\u00e4nger\u201c 22.3.Tagesseminar: Bakterielle Gesundheit [&hellip;]\" \/>\n<meta property=\"og:url\" content=\"https:\/\/www.darmbakterien-buch.de\/pl\/2020-vortraege-seminare-lesungen-wanderungen-und-fuehrungen\/\" \/>\n<meta property=\"og:site_name\" content=\"Darmbakterien als Schl\u00fcssel zur Gesundheit\" \/>\n<meta property=\"article:modified_time\" content=\"2020-12-15T22:30:04+00:00\" \/>\n<meta property=\"og:image\" content=\"http:\/\/www.darmbakterien-buch.de\/wp-content\/uploads\/2014\/12\/ausgebucht-seminar.png\" \/>\n<meta name=\"twitter:label1\" content=\"Szacowany czas czytania\" \/>\n\t<meta name=\"twitter:data1\" content=\"4 minuty\" \/>\n<script type=\"application\/ld+json\" class=\"yoast-schema-graph\">{\"@context\":\"https:\\\/\\\/schema.org\",\"@graph\":[{\"@type\":\"WebPage\",\"@id\":\"https:\\\/\\\/www.darmbakterien-buch.de\\\/pl\\\/2020-vortraege-seminare-lesungen-wanderungen-und-fuehrungen\\\/\",\"url\":\"https:\\\/\\\/www.darmbakterien-buch.de\\\/pl\\\/2020-vortraege-seminare-lesungen-wanderungen-und-fuehrungen\\\/\",\"name\":\"2020 Vortr\u00e4ge, Seminare, Lesungen, Wanderungen und F\u00fchrungen - Darmbakterien als Schl\u00fcssel zur Gesundheit, Dr. Zschocke\",\"isPartOf\":{\"@id\":\"http:\\\/\\\/www.darmbakterien-buch.de\\\/pl\\\/#website\"},\"primaryImageOfPage\":{\"@id\":\"https:\\\/\\\/www.darmbakterien-buch.de\\\/pl\\\/2020-vortraege-seminare-lesungen-wanderungen-und-fuehrungen\\\/#primaryimage\"},\"image\":{\"@id\":\"https:\\\/\\\/www.darmbakterien-buch.de\\\/pl\\\/2020-vortraege-seminare-lesungen-wanderungen-und-fuehrungen\\\/#primaryimage\"},\"thumbnailUrl\":\"http:\\\/\\\/www.darmbakterien-buch.de\\\/wp-content\\\/uploads\\\/2014\\\/12\\\/ausgebucht-seminar.png\",\"datePublished\":\"2020-12-15T22:26:09+00:00\",\"dateModified\":\"2020-12-15T22:30:04+00:00\",\"breadcrumb\":{\"@id\":\"https:\\\/\\\/www.darmbakterien-buch.de\\\/pl\\\/2020-vortraege-seminare-lesungen-wanderungen-und-fuehrungen\\\/#breadcrumb\"},\"inLanguage\":\"pl-PL\",\"potentialAction\":[{\"@type\":\"ReadAction\",\"target\":[\"https:\\\/\\\/www.darmbakterien-buch.de\\\/pl\\\/2020-vortraege-seminare-lesungen-wanderungen-und-fuehrungen\\\/\"]}]},{\"@type\":\"ImageObject\",\"inLanguage\":\"pl-PL\",\"@id\":\"https:\\\/\\\/www.darmbakterien-buch.de\\\/pl\\\/2020-vortraege-seminare-lesungen-wanderungen-und-fuehrungen\\\/#primaryimage\",\"url\":\"http:\\\/\\\/www.darmbakterien-buch.de\\\/wp-content\\\/uploads\\\/2014\\\/12\\\/ausgebucht-seminar.png\",\"contentUrl\":\"http:\\\/\\\/www.darmbakterien-buch.de\\\/wp-content\\\/uploads\\\/2014\\\/12\\\/ausgebucht-seminar.png\"},{\"@type\":\"BreadcrumbList\",\"@id\":\"https:\\\/\\\/www.darmbakterien-buch.de\\\/pl\\\/2020-vortraege-seminare-lesungen-wanderungen-und-fuehrungen\\\/#breadcrumb\",\"itemListElement\":[{\"@type\":\"ListItem\",\"position\":1,\"name\":\"Home\",\"item\":\"http:\\\/\\\/www.darmbakterien-buch.de\\\/pl\\\/\"},{\"@type\":\"ListItem\",\"position\":2,\"name\":\"2020 Vortr\u00e4ge, Seminare, Lesungen, Wanderungen und F\u00fchrungen\"}]},{\"@type\":\"WebSite\",\"@id\":\"http:\\\/\\\/www.darmbakterien-buch.de\\\/pl\\\/#website\",\"url\":\"http:\\\/\\\/www.darmbakterien-buch.de\\\/pl\\\/\",\"name\":\"Darmbakterien als Schl\u00fcssel zur Gesundheit\",\"description\":\"Buch von Dr. Anne Katharina Zschocke\",\"potentialAction\":[{\"@type\":\"SearchAction\",\"target\":{\"@type\":\"EntryPoint\",\"urlTemplate\":\"http:\\\/\\\/www.darmbakterien-buch.de\\\/pl\\\/?s={search_term_string}\"},\"query-input\":{\"@type\":\"PropertyValueSpecification\",\"valueRequired\":true,\"valueName\":\"search_term_string\"}}],\"inLanguage\":\"pl-PL\"}]}<\/script>\n<!-- \/ Yoast SEO plugin. -->","yoast_head_json":{"title":"2020 Vortr\u00e4ge, Seminare, Lesungen, Wanderungen und F\u00fchrungen - Darmbakterien als Schl\u00fcssel zur Gesundheit, Dr. Zschocke","robots":{"index":"index","follow":"follow","max-snippet":"max-snippet:-1","max-image-preview":"max-image-preview:large","max-video-preview":"max-video-preview:-1"},"canonical":"https:\/\/www.darmbakterien-buch.de\/pl\/2020-vortraege-seminare-lesungen-wanderungen-und-fuehrungen\/","og_locale":"pl_PL","og_type":"article","og_title":"2020 Vortr\u00e4ge, Seminare, Lesungen, Wanderungen und F\u00fchrungen - Darmbakterien als Schl\u00fcssel zur Gesundheit, Dr. Zschocke","og_description":"Veranstaltungen Dr. Zschocke &#8211; Stand Fr\u00fchling 2020 (PDF) \u00dcbersicht 14.3. Bakterien als\u00a0\u201eVirenf\u00e4nger\u201c 22.3.Tagesseminar: Bakterielle Gesundheit [&hellip;]","og_url":"https:\/\/www.darmbakterien-buch.de\/pl\/2020-vortraege-seminare-lesungen-wanderungen-und-fuehrungen\/","og_site_name":"Darmbakterien als Schl\u00fcssel zur Gesundheit","article_modified_time":"2020-12-15T22:30:04+00:00","og_image":[{"url":"http:\/\/www.darmbakterien-buch.de\/wp-content\/uploads\/2014\/12\/ausgebucht-seminar.png","type":"","width":"","height":""}],"twitter_misc":{"Szacowany czas czytania":"4 minuty"},"schema":{"@context":"https:\/\/schema.org","@graph":[{"@type":"WebPage","@id":"https:\/\/www.darmbakterien-buch.de\/pl\/2020-vortraege-seminare-lesungen-wanderungen-und-fuehrungen\/","url":"https:\/\/www.darmbakterien-buch.de\/pl\/2020-vortraege-seminare-lesungen-wanderungen-und-fuehrungen\/","name":"2020 Vortr\u00e4ge, Seminare, Lesungen, Wanderungen und F\u00fchrungen - Darmbakterien als Schl\u00fcssel zur Gesundheit, Dr. Zschocke","isPartOf":{"@id":"http:\/\/www.darmbakterien-buch.de\/pl\/#website"},"primaryImageOfPage":{"@id":"https:\/\/www.darmbakterien-buch.de\/pl\/2020-vortraege-seminare-lesungen-wanderungen-und-fuehrungen\/#primaryimage"},"image":{"@id":"https:\/\/www.darmbakterien-buch.de\/pl\/2020-vortraege-seminare-lesungen-wanderungen-und-fuehrungen\/#primaryimage"},"thumbnailUrl":"http:\/\/www.darmbakterien-buch.de\/wp-content\/uploads\/2014\/12\/ausgebucht-seminar.png","datePublished":"2020-12-15T22:26:09+00:00","dateModified":"2020-12-15T22:30:04+00:00","breadcrumb":{"@id":"https:\/\/www.darmbakterien-buch.de\/pl\/2020-vortraege-seminare-lesungen-wanderungen-und-fuehrungen\/#breadcrumb"},"inLanguage":"pl-PL","potentialAction":[{"@type":"ReadAction","target":["https:\/\/www.darmbakterien-buch.de\/pl\/2020-vortraege-seminare-lesungen-wanderungen-und-fuehrungen\/"]}]},{"@type":"ImageObject","inLanguage":"pl-PL","@id":"https:\/\/www.darmbakterien-buch.de\/pl\/2020-vortraege-seminare-lesungen-wanderungen-und-fuehrungen\/#primaryimage","url":"http:\/\/www.darmbakterien-buch.de\/wp-content\/uploads\/2014\/12\/ausgebucht-seminar.png","contentUrl":"http:\/\/www.darmbakterien-buch.de\/wp-content\/uploads\/2014\/12\/ausgebucht-seminar.png"},{"@type":"BreadcrumbList","@id":"https:\/\/www.darmbakterien-buch.de\/pl\/2020-vortraege-seminare-lesungen-wanderungen-und-fuehrungen\/#breadcrumb","itemListElement":[{"@type":"ListItem","position":1,"name":"Home","item":"http:\/\/www.darmbakterien-buch.de\/pl\/"},{"@type":"ListItem","position":2,"name":"2020 Vortr\u00e4ge, Seminare, Lesungen, Wanderungen und F\u00fchrungen"}]},{"@type":"WebSite","@id":"http:\/\/www.darmbakterien-buch.de\/pl\/#website","url":"http:\/\/www.darmbakterien-buch.de\/pl\/","name":"Darmbakterien als Schl\u00fcssel zur Gesundheit","description":"Buch von Dr. Anne Katharina Zschocke","potentialAction":[{"@type":"SearchAction","target":{"@type":"EntryPoint","urlTemplate":"http:\/\/www.darmbakterien-buch.de\/pl\/?s={search_term_string}"},"query-input":{"@type":"PropertyValueSpecification","valueRequired":true,"valueName":"search_term_string"}}],"inLanguage":"pl-PL"}]}},"_links":{"self":[{"href":"https:\/\/www.darmbakterien-buch.de\/pl\/wp-json\/wp\/v2\/pages\/1901","targetHints":{"allow":["GET"]}}],"collection":[{"href":"https:\/\/www.darmbakterien-buch.de\/pl\/wp-json\/wp\/v2\/pages"}],"about":[{"href":"https:\/\/www.darmbakterien-buch.de\/pl\/wp-json\/wp\/v2\/types\/page"}],"author":[{"embeddable":true,"href":"https:\/\/www.darmbakterien-buch.de\/pl\/wp-json\/wp\/v2\/users\/2"}],"replies":[{"embeddable":true,"href":"https:\/\/www.darmbakterien-buch.de\/pl\/wp-json\/wp\/v2\/comments?post=1901"}],"version-history":[{"count":3,"href":"https:\/\/www.darmbakterien-buch.de\/pl\/wp-json\/wp\/v2\/pages\/1901\/revisions"}],"predecessor-version":[{"id":1904,"href":"https:\/\/www.darmbakterien-buch.de\/pl\/wp-json\/wp\/v2\/pages\/1901\/revisions\/1904"}],"wp:attachment":[{"href":"https:\/\/www.darmbakterien-buch.de\/pl\/wp-json\/wp\/v2\/media?parent=1901"}],"curies":[{"name":"wp","href":"https:\/\/api.w.org\/{rel}","templated":true}]}}